{"id":9387,"date":"2015-07-08T14:31:57","date_gmt":"2015-07-08T12:31:57","guid":{"rendered":"https:\/\/www.mates.it\/prodotti\/resinas-adhesivos-quimicos\/"},"modified":"2023-10-14T14:41:58","modified_gmt":"2023-10-14T12:41:58","slug":"resinas-adhesivos-quimicos","status":"publish","type":"page","link":"https:\/\/www.mates.it\/es\/productos\/resinas-adhesivos-quimicos\/","title":{"rendered":"Matrices"},"content":{"rendered":"<\/p>\n\n<style type=\"text\/css\" data-created_by=\"avia_inline_auto\" id=\"style-css-av-ljbkrntx-0f450bd11e9dd334e7dbd7f671137165\">\n#top .av-special-heading.av-ljbkrntx-0f450bd11e9dd334e7dbd7f671137165{\npadding-bottom:10px;\n}\nbody .av-special-heading.av-ljbkrntx-0f450bd11e9dd334e7dbd7f671137165 .av-special-heading-tag .heading-char{\nfont-size:25px;\n}\n.av-special-heading.av-ljbkrntx-0f450bd11e9dd334e7dbd7f671137165 .av-subheading{\nfont-size:15px;\n}\n<\/style>\n<div  class='av-special-heading av-ljbkrntx-0f450bd11e9dd334e7dbd7f671137165 av-special-heading-h1  avia-builder-el-0  el_before_av_textblock  avia-builder-el-first  custom-h1-title'><h1 class='av-special-heading-tag '  >Matrices<\/h1><div class=\"special-heading-border\"><div class=\"special-heading-inner-border\"><\/div><\/div><\/div>\n<section  class='av_textblock_section av-ljbkrcio-0c7396fbb990181a862d2dc20e32a89a '  ><div class='avia_textblock' ><p>Las resinas se utilizan para la impregnaci\u00f3n manual de fibras de refuerzo, para infusi\u00f3n o inyecci\u00f3n y para relleno o colado. Se utilizan como matrices en la fabricaci\u00f3n de modelos, moldes y productos acabados.<br \/>\nLos gelcoats proceden de las mismas bases qu\u00edmicas que las resinas. Se componen de una resina mezclada con cargas inertes y eventualmente pigmentos que dan color y consistencia, y un agente que confiere la tixotrop\u00eda necesaria; los skincoats, basecoats, topcoats e imprimaciones normalmente derivan siempre de las mismas bases, pero se reajustan seg\u00fan el uso final y las caracter\u00edsticas que debe tener el producto.<br \/>\nLos adhesivos se consideran fundamentales para la mayor\u00eda de los procesos industriales, tanto en el campo de los materiales compuestos como en diferentes \u00e1mbitos (metales, construcci\u00f3n, industria) y pueden dividirse en diferentes categor\u00edas, como adhesivos estructurales, en spray y en pel\u00edcula.<\/p>\n<\/div><\/section>\n<div  class='hr av-av_hr-91d7ccd583a503147498e120fee2ff9b hr-default  avia-builder-el-2  el_after_av_textblock  el_before_av_textblock '><span class='hr-inner '><span class=\"hr-inner-style\"><\/span><\/span><\/div>\n<section  class='av_textblock_section av-av_textblock-7a1af7d8f9790576b1769c0a9f0449ed '  ><div class='avia_textblock' ><div class=\"flex-container container-align-start\"><div class=\"flex-cell cell-1of3 medium-cell-1of2 small-cell-1of1\">\n<article class=\"post-entry slide-entry-overview slide-loop-1 slide-parity-odd real-thumbnail post-format-standard\"\n   itemscope=\"itemscope\" itemtype=\"https:\/\/schema.org\/CreativeWork\">\n   <a href=\"https:\/\/www.mates.it\/es\/productos\/resinas-adhesivos-quimicos\/resinas\/\" title=\"https:\/\/www.mates.it\/es\/productos\/resinas-adhesivos-quimicos\/resinas\/\" class=\"attachment-portfolio wp-post-image\"\n      alt=\"Resinas\"><img decoding=\"async\" src=\"https:\/\/www.mates.it\/wp-content\/uploads\/2016\/06\/Impregnazione.jpg\" class=\" attachment-portfolio size-portfolio wp-post-image\" alt=\"Resinas\" title=\"\"><\/a>\n   <div class=\"slide-content\">\n      <header class=\"entry-content-header\">\n         <h6 class=\"slide-entry-title entry-title\" itemprop=\"headline\"><a\n            href=\"https:\/\/www.mates.it\/es\/productos\/resinas-adhesivos-quimicos\/resinas\/\"\n            title=\"New electric cars are getting really fast\">Resinas<\/a><\/h6>\n         <span class=\"av-vertical-delimiter\"><\/span>\n      <\/header>\n      <div class=\"slide-entry-excerpt entry-content\" itemprop=\"text\">\n\t\t  <p>Se selecciona una amplia gama de resinas dentro de un mercado que evoluciona constantemente de acuerdo con normas de calidad cada vez m\u00e1s exigentes. Las resinas se utilizan para la impregnaci\u00f3n de las fibras de refuerzo.<\/p>\n \n\t\t  <a href=\"https:\/\/www.mates.it\/es\/productos\/resinas-adhesivos-quimicos\/resinas\/\" class=\"avia-button avia-icon_select-yes-left-icon avia-size-small avia-position-left avia-color-theme-color-subtle\">\n\t\t\t  M\u00e1s informaci\u00f3n &raquo;\n\t\t  <\/a> \n      <\/div>\n   <\/div>\n   <footer class=\"entry-footer\"><\/footer>\n<\/article>\n\n<\/div><div class=\"flex-cell cell-1of3 medium-cell-1of2 small-cell-1of1\">\n<article class=\"post-entry slide-entry-overview slide-loop-1 slide-parity-odd real-thumbnail post-format-standard\"\n   itemscope=\"itemscope\" itemtype=\"https:\/\/schema.org\/CreativeWork\">\n   <a href=\"https:\/\/www.mates.it\/es\/productos\/resinas-adhesivos-quimicos\/adhesivos\/\" title=\"https:\/\/www.mates.it\/es\/productos\/resinas-adhesivos-quimicos\/adhesivos\/\" class=\"attachment-portfolio wp-post-image\"\n      alt=\"Adhesivos\"><img decoding=\"async\" src=\"https:\/\/www.mates.it\/wp-content\/uploads\/2016\/06\/Adesivi-collanti.jpg\" class=\" attachment-portfolio size-portfolio wp-post-image\" alt=\"Adhesivos\" title=\"\"><\/a>\n   <div class=\"slide-content\">\n      <header class=\"entry-content-header\">\n         <h6 class=\"slide-entry-title entry-title\" itemprop=\"headline\"><a\n            href=\"https:\/\/www.mates.it\/es\/productos\/resinas-adhesivos-quimicos\/adhesivos\/\"\n            title=\"New electric cars are getting really fast\">Adhesivos<\/a><\/h6>\n         <span class=\"av-vertical-delimiter\"><\/span>\n      <\/header>\n      <div class=\"slide-entry-excerpt entry-content\" itemprop=\"text\">\n\t\t  <p>La gama de adhesivos abarca desde las cl\u00e1sicas colas y masillas epoxi hasta los innovadores adhesivos estructurales a base de metacrilato (MMA). Los adhesivos estructurales son capaces de soportar grandes esfuerzos mec\u00e1nicos.<\/p>\n \n\t\t  <a href=\"https:\/\/www.mates.it\/es\/productos\/resinas-adhesivos-quimicos\/adhesivos\/\" class=\"avia-button avia-icon_select-yes-left-icon avia-size-small avia-position-left avia-color-theme-color-subtle\">\n\t\t\t  M\u00e1s informaci\u00f3n &raquo;\n\t\t  <\/a> \n      <\/div>\n   <\/div>\n   <footer class=\"entry-footer\"><\/footer>\n<\/article>\n\n<\/div><div class=\"flex-cell cell-1of3 medium-cell-1of2 small-cell-1of1\">\n<article class=\"post-entry slide-entry-overview slide-loop-1 slide-parity-odd real-thumbnail post-format-standard\"\n   itemscope=\"itemscope\" itemtype=\"https:\/\/schema.org\/CreativeWork\">\n   <a href=\"https:\/\/www.mates.it\/es\/productos\/resinas-adhesivos-quimicos\/gelcoat-fondos\/\" title=\"https:\/\/www.mates.it\/es\/productos\/resinas-adhesivos-quimicos\/gelcoat-fondos\/\" class=\"attachment-portfolio wp-post-image\"\n      alt=\"Gelcoat \/ Primers\"><img decoding=\"async\" src=\"https:\/\/www.mates.it\/wp-content\/uploads\/2016\/06\/Gel-coat.jpg\" class=\" attachment-portfolio size-portfolio wp-post-image\" alt=\"Gelcoat \/ Primers\" title=\"\"><\/a>\n   <div class=\"slide-content\">\n      <header class=\"entry-content-header\">\n         <h6 class=\"slide-entry-title entry-title\" itemprop=\"headline\"><a\n            href=\"https:\/\/www.mates.it\/es\/productos\/resinas-adhesivos-quimicos\/gelcoat-fondos\/\"\n            title=\"New electric cars are getting really fast\">Gelcoat \/ Primers<\/a><\/h6>\n         <span class=\"av-vertical-delimiter\"><\/span>\n      <\/header>\n      <div class=\"slide-entry-excerpt entry-content\" itemprop=\"text\">\n\t\t  <p>Los gelcoats y las imprimaciones se componen de una resina, que determina la base, de cargas inertes y pigmentos, que dan color y consistencia, y tambi\u00e9n de un agente que aporta la tixotrop\u00eda necesaria.<\/p>\n \n\t\t  <a href=\"https:\/\/www.mates.it\/es\/productos\/resinas-adhesivos-quimicos\/gelcoat-fondos\/\" class=\"avia-button avia-icon_select-yes-left-icon avia-size-small avia-position-left avia-color-theme-color-subtle\">\n\t\t\t  M\u00e1s informaci\u00f3n &raquo;\n\t\t  <\/a> \n      <\/div>\n   <\/div>\n   <footer class=\"entry-footer\"><\/footer>\n<\/article>\n\n<\/div><div class=\"flex-cell cell-1of3 medium-cell-1of2 small-cell-1of1\">\n<article class=\"post-entry slide-entry-overview slide-loop-1 slide-parity-odd real-thumbnail post-format-standard\"\n   itemscope=\"itemscope\" itemtype=\"https:\/\/schema.org\/CreativeWork\">\n   <a href=\"https:\/\/www.mates.it\/es\/productos\/resinas-adhesivos-quimicos\/quimicos-inertes\/\" title=\"https:\/\/www.mates.it\/es\/productos\/resinas-adhesivos-quimicos\/quimicos-inertes\/\" class=\"attachment-portfolio wp-post-image\"\n      alt=\"Qu\u00edmicos \/ Inertes\"><img decoding=\"async\" src=\"https:\/\/www.mates.it\/wp-content\/uploads\/2016\/06\/Chimici.jpg\" class=\" attachment-portfolio size-portfolio wp-post-image\" alt=\"Qu\u00edmicos \/ Inertes\" title=\"\"><\/a>\n   <div class=\"slide-content\">\n      <header class=\"entry-content-header\">\n         <h6 class=\"slide-entry-title entry-title\" itemprop=\"headline\"><a\n            href=\"https:\/\/www.mates.it\/es\/productos\/resinas-adhesivos-quimicos\/quimicos-inertes\/\"\n            title=\"New electric cars are getting really fast\">Qu\u00edmicos \/ Inertes<\/a><\/h6>\n         <span class=\"av-vertical-delimiter\"><\/span>\n      <\/header>\n      <div class=\"slide-entry-excerpt entry-content\" itemprop=\"text\">\n\t\t  <p>Podemos ofrecer una amplia gama de cargas inertes y productos qu\u00edmicos, incluidos disolventes y diluyentes \u00fatiles para cada proceso, as\u00ed como espesantes y aceleradores.<\/p>\n \n\t\t  <a href=\"https:\/\/www.mates.it\/es\/productos\/resinas-adhesivos-quimicos\/quimicos-inertes\/\" class=\"avia-button avia-icon_select-yes-left-icon avia-size-small avia-position-left avia-color-theme-color-subtle\">\n\t\t\t  M\u00e1s informaci\u00f3n &raquo;\n\t\t  <\/a> \n      <\/div>\n   <\/div>\n   <footer class=\"entry-footer\"><\/footer>\n<\/article>\n\n<\/div><div class=\"flex-cell cell-1of3 medium-cell-1of2 small-cell-1of1\">\n<article class=\"post-entry slide-entry-overview slide-loop-1 slide-parity-odd real-thumbnail post-format-standard\"\n   itemscope=\"itemscope\" itemtype=\"https:\/\/schema.org\/CreativeWork\">\n   <a href=\"https:\/\/www.mates.it\/es\/productos\/resinas-adhesivos-quimicos\/auxiliares-resinas-e\/\" title=\"https:\/\/www.mates.it\/es\/productos\/resinas-adhesivos-quimicos\/auxiliares-resinas-e\/\" class=\"attachment-portfolio wp-post-image\"\n      alt=\"Auxiliares &#8211; Resinas\"><img decoding=\"async\" src=\"https:\/\/www.mates.it\/wp-content\/uploads\/2016\/09\/Lay-up-manuale.jpg\" class=\" attachment-portfolio size-portfolio wp-post-image\" alt=\"Auxiliares &#8211; Resinas\" title=\"\"><\/a>\n   <div class=\"slide-content\">\n      <header class=\"entry-content-header\">\n         <h6 class=\"slide-entry-title entry-title\" itemprop=\"headline\"><a\n            href=\"https:\/\/www.mates.it\/es\/productos\/resinas-adhesivos-quimicos\/auxiliares-resinas-e\/\"\n            title=\"New electric cars are getting really fast\">Auxiliares &#8211; Resinas<\/a><\/h6>\n         <span class=\"av-vertical-delimiter\"><\/span>\n      <\/header>\n      <div class=\"slide-entry-excerpt entry-content\" itemprop=\"text\">\n\t\t  <p>Una completa gama de herramientas seleccionadas para la impregnaci\u00f3n de tejidos t\u00e9cnicos de bajo, medio o alto gramaje como esp\u00e1tulas, brochas, rodillos y rompeburbujas.<\/p>\n \n\t\t  <a href=\"https:\/\/www.mates.it\/es\/productos\/resinas-adhesivos-quimicos\/auxiliares-resinas-e\/\" class=\"avia-button avia-icon_select-yes-left-icon avia-size-small avia-position-left avia-color-theme-color-subtle\">\n\t\t\t  M\u00e1s informaci\u00f3n &raquo;\n\t\t  <\/a> \n      <\/div>\n   <\/div>\n   <footer class=\"entry-footer\"><\/footer>\n<\/article>\n\n<\/div><\/div\">\n<\/div><\/section>\n","protected":false},"excerpt":{"rendered":"<p>Las resinas se utilizan para la impregnaci\u00f3n manual de fibras de refuerzo, para infusi\u00f3n o inyecci\u00f3n y para relleno o colado. Se utilizan como matrices en la fabricaci\u00f3n de modelos, moldes y productos acabados.<\/p>\n","protected":false},"author":1,"featured_media":7255,"parent":9401,"menu_order":2,"comment_status":"closed","ping_status":"closed","template":"","meta":{"footnotes":""},"class_list":["post-9387","page","type-page","status-publish","has-post-thumbnail","hentry"],"_links":{"self":[{"href":"https:\/\/www.mates.it\/es\/wp-json\/wp\/v2\/pages\/9387","targetHints":{"allow":["GET"]}}],"collection":[{"href":"https:\/\/www.mates.it\/es\/wp-json\/wp\/v2\/pages"}],"about":[{"href":"https:\/\/www.mates.it\/es\/wp-json\/wp\/v2\/types\/page"}],"author":[{"embeddable":true,"href":"https:\/\/www.mates.it\/es\/wp-json\/wp\/v2\/users\/1"}],"replies":[{"embeddable":true,"href":"https:\/\/www.mates.it\/es\/wp-json\/wp\/v2\/comments?post=9387"}],"version-history":[{"count":0,"href":"https:\/\/www.mates.it\/es\/wp-json\/wp\/v2\/pages\/9387\/revisions"}],"up":[{"embeddable":true,"href":"https:\/\/www.mates.it\/es\/wp-json\/wp\/v2\/pages\/9401"}],"wp:featuredmedia":[{"embeddable":true,"href":"https:\/\/www.mates.it\/es\/wp-json\/wp\/v2\/media\/7255"}],"wp:attachment":[{"href":"https:\/\/www.mates.it\/es\/wp-json\/wp\/v2\/media?parent=9387"}],"curies":[{"name":"wp","href":"https:\/\/api.w.org\/{rel}","templated":true}]}}