{"id":9391,"date":"2015-07-08T14:33:34","date_gmt":"2015-07-08T12:33:34","guid":{"rendered":"https:\/\/www.mates.it\/prodotti\/nucleos-estructurales\/"},"modified":"2023-06-26T21:53:37","modified_gmt":"2023-06-26T19:53:37","slug":"nucleos-estructurales","status":"publish","type":"page","link":"https:\/\/www.mates.it\/es\/productos\/nucleos-estructurales\/","title":{"rendered":"N\u00facleos estructurales"},"content":{"rendered":"\n<style type=\"text\/css\" data-created_by=\"avia_inline_auto\" id=\"style-css-av-ljda10gq-43817804cbc5f6e75dfb8e6aff1380bf\">\n#top .av-special-heading.av-ljda10gq-43817804cbc5f6e75dfb8e6aff1380bf{\npadding-bottom:10px;\n}\nbody .av-special-heading.av-ljda10gq-43817804cbc5f6e75dfb8e6aff1380bf .av-special-heading-tag .heading-char{\nfont-size:25px;\n}\n.av-special-heading.av-ljda10gq-43817804cbc5f6e75dfb8e6aff1380bf .av-subheading{\nfont-size:15px;\n}\n<\/style>\n<div  class='av-special-heading av-ljda10gq-43817804cbc5f6e75dfb8e6aff1380bf av-special-heading-h1  avia-builder-el-0  el_before_av_textblock  avia-builder-el-first  custom-h1-title'><h1 class='av-special-heading-tag '  >N\u00facleos estructurales<\/h1><div class=\"special-heading-border\"><div class=\"special-heading-inner-border\"><\/div><\/div><\/div>\n<section  class='av_textblock_section av-ljda0n1x-cded1e41f6cb6bb4adca8ed41aafdd68 '  ><div class='avia_textblock' ><p>Los n\u00facleos estructurales para el procesamiento de s\u00e1ndwiches son cada vez m\u00e1s importantes en el mercado de materiales compuestos. Mates siempre ha ofrecido una gama completa de n\u00facleos con diferentes caracter\u00edsticas t\u00e9cnicas (resistencia al fuego, temperatura, impacto y presi\u00f3n) capaces de satisfacer plenamente las necesidades de sus clientes de referencia. Gracias a este tipo de producto, es posible crear productos de alto rendimiento con mayor espesor (por lo tanto, mayor resistencia a la flexi\u00f3n), sin comprometer el peso final del laminado.<br \/>\nLos n\u00facleos estructurales se pueden dividir principalmente en cuatro macrocategor\u00edas: expandido, panal, natural y punzonado. Seg\u00fan las necesidades y el tipo de laminaci\u00f3n (vac\u00edo, laminaci\u00f3n manual, infusi\u00f3n, etc.), recomendamos el uso de diferentes productos, cuyas formas de uso se explican detalladamente en las categor\u00edas individuales.<\/p>\n<\/div><\/section>\n<div  class='hr av-av_hr-91d7ccd583a503147498e120fee2ff9b hr-default  avia-builder-el-2  el_after_av_textblock  el_before_av_textblock '><span class='hr-inner '><span class=\"hr-inner-style\"><\/span><\/span><\/div>\n<section  class='av_textblock_section av-av_textblock-7a1af7d8f9790576b1769c0a9f0449ed '  ><div class='avia_textblock' ><div class=\"flex-container container-align-start\"><div class=\"flex-cell cell-1of3 medium-cell-1of2 small-cell-1of1\">\n<article class=\"post-entry slide-entry-overview slide-loop-1 slide-parity-odd real-thumbnail post-format-standard\"\n   itemscope=\"itemscope\" itemtype=\"https:\/\/schema.org\/CreativeWork\">\n   <a href=\"https:\/\/www.mates.it\/es\/productos\/nucleos-estructurales\/espumas\/\" title=\"https:\/\/www.mates.it\/es\/productos\/nucleos-estructurales\/espumas\/\" class=\"attachment-portfolio wp-post-image\"\n      alt=\"Espumas\"><img decoding=\"async\" src=\"https:\/\/www.mates.it\/wp-content\/uploads\/2016\/06\/Cellula-chiusa.jpg\" class=\" attachment-portfolio size-portfolio wp-post-image\" alt=\"Espumas\" title=\"\"><\/a>\n   <div class=\"slide-content\">\n      <header class=\"entry-content-header\">\n         <h6 class=\"slide-entry-title entry-title\" itemprop=\"headline\"><a\n            href=\"https:\/\/www.mates.it\/es\/productos\/nucleos-estructurales\/espumas\/\"\n            title=\"New electric cars are getting really fast\">Espumas<\/a><\/h6>\n         <span class=\"av-vertical-delimiter\"><\/span>\n      <\/header>\n      <div class=\"slide-entry-excerpt entry-content\" itemprop=\"text\">\n\t\t  <p>Las espumas se utilizan generalmente como estructura interna en la creaci\u00f3n de productos compuestos que requieren un rendimiento estructural m\u00e1ximo con una absorci\u00f3n de resina m\u00ednima.<\/p>\n \n\t\t  <a href=\"https:\/\/www.mates.it\/es\/productos\/nucleos-estructurales\/espumas\/\" class=\"avia-button avia-icon_select-yes-left-icon avia-size-small avia-position-left avia-color-theme-color-subtle\">\n\t\t\t  M\u00e1s informaci\u00f3n &raquo;\n\t\t  <\/a> \n      <\/div>\n   <\/div>\n   <footer class=\"entry-footer\"><\/footer>\n<\/article>\n\n<\/div><div class=\"flex-cell cell-1of3 medium-cell-1of2 small-cell-1of1\">\n<article class=\"post-entry slide-entry-overview slide-loop-1 slide-parity-odd real-thumbnail post-format-standard\"\n   itemscope=\"itemscope\" itemtype=\"https:\/\/schema.org\/CreativeWork\">\n   <a href=\"https:\/\/www.mates.it\/es\/productos\/nucleos-estructurales\/alveolares\/\" title=\"https:\/\/www.mates.it\/es\/productos\/nucleos-estructurales\/alveolares\/\" class=\"attachment-portfolio wp-post-image\"\n      alt=\"Alveolares\"><img decoding=\"async\" src=\"https:\/\/www.mates.it\/wp-content\/uploads\/2016\/06\/Cellula-aperta.jpg\" class=\" attachment-portfolio size-portfolio wp-post-image\" alt=\"Alveolares\" title=\"\"><\/a>\n   <div class=\"slide-content\">\n      <header class=\"entry-content-header\">\n         <h6 class=\"slide-entry-title entry-title\" itemprop=\"headline\"><a\n            href=\"https:\/\/www.mates.it\/es\/productos\/nucleos-estructurales\/alveolares\/\"\n            title=\"New electric cars are getting really fast\">Alveolares<\/a><\/h6>\n         <span class=\"av-vertical-delimiter\"><\/span>\n      <\/header>\n      <div class=\"slide-entry-excerpt entry-content\" itemprop=\"text\">\n\t\t  <p>Los n\u00facleos estructurales alveolares se suelen utilizar como estructura interna en la construcci\u00f3n de productos compuestos donde la m\u00e1xima contenci\u00f3n del peso final es un factor de fundamental importancia.<\/p>\n \n\t\t  <a href=\"https:\/\/www.mates.it\/es\/productos\/nucleos-estructurales\/alveolares\/\" class=\"avia-button avia-icon_select-yes-left-icon avia-size-small avia-position-left avia-color-theme-color-subtle\">\n\t\t\t  M\u00e1s informaci\u00f3n &raquo;\n\t\t  <\/a> \n      <\/div>\n   <\/div>\n   <footer class=\"entry-footer\"><\/footer>\n<\/article>\n\n<\/div><div class=\"flex-cell cell-1of3 medium-cell-1of2 small-cell-1of1\">\n<article class=\"post-entry slide-entry-overview slide-loop-1 slide-parity-odd real-thumbnail post-format-standard\"\n   itemscope=\"itemscope\" itemtype=\"https:\/\/schema.org\/CreativeWork\">\n   <a href=\"https:\/\/www.mates.it\/es\/productos\/nucleos-estructurales\/naturales\/\" title=\"https:\/\/www.mates.it\/es\/productos\/nucleos-estructurales\/naturales\/\" class=\"attachment-portfolio wp-post-image\"\n      alt=\"Naturales\"><img decoding=\"async\" src=\"https:\/\/www.mates.it\/wp-content\/uploads\/Naturali.jpg\" class=\" attachment-portfolio size-portfolio wp-post-image\" alt=\"Naturales\" title=\"\"><\/a>\n   <div class=\"slide-content\">\n      <header class=\"entry-content-header\">\n         <h6 class=\"slide-entry-title entry-title\" itemprop=\"headline\"><a\n            href=\"https:\/\/www.mates.it\/es\/productos\/nucleos-estructurales\/naturales\/\"\n            title=\"New electric cars are getting really fast\">Naturales<\/a><\/h6>\n         <span class=\"av-vertical-delimiter\"><\/span>\n      <\/header>\n      <div class=\"slide-entry-excerpt entry-content\" itemprop=\"text\">\n\t\t  <p>Los n\u00facleos estructurales naturales se obtienen a partir de maderas espec\u00edficas de alta resistencia mec\u00e1nica y bajo peso espec\u00edfico, como el corcho y la madera de balsa.<\/p>\n \n\t\t  <a href=\"https:\/\/www.mates.it\/es\/productos\/nucleos-estructurales\/naturales\/\" class=\"avia-button avia-icon_select-yes-left-icon avia-size-small avia-position-left avia-color-theme-color-subtle\">\n\t\t\t  M\u00e1s informaci\u00f3n &raquo;\n\t\t  <\/a> \n      <\/div>\n   <\/div>\n   <footer class=\"entry-footer\"><\/footer>\n<\/article>\n\n<\/div><div class=\"flex-cell cell-1of3 medium-cell-1of2 small-cell-1of1\">\n<article class=\"post-entry slide-entry-overview slide-loop-1 slide-parity-odd real-thumbnail post-format-standard\"\n   itemscope=\"itemscope\" itemtype=\"https:\/\/schema.org\/CreativeWork\">\n   <a href=\"https:\/\/www.mates.it\/es\/productos\/nucleos-estructurales\/agujado\/\" title=\"https:\/\/www.mates.it\/es\/productos\/nucleos-estructurales\/agujado\/\" class=\"attachment-portfolio wp-post-image\"\n      alt=\"Agujado\"><img decoding=\"async\" src=\"https:\/\/www.mates.it\/wp-content\/uploads\/2016\/06\/Coremat.jpg\" class=\" attachment-portfolio size-portfolio wp-post-image\" alt=\"Agujado\" title=\"\"><\/a>\n   <div class=\"slide-content\">\n      <header class=\"entry-content-header\">\n         <h6 class=\"slide-entry-title entry-title\" itemprop=\"headline\"><a\n            href=\"https:\/\/www.mates.it\/es\/productos\/nucleos-estructurales\/agujado\/\"\n            title=\"New electric cars are getting really fast\">Agujado<\/a><\/h6>\n         <span class=\"av-vertical-delimiter\"><\/span>\n      <\/header>\n      <div class=\"slide-entry-excerpt entry-content\" itemprop=\"text\">\n\t\t  <p>Los n\u00facleos estructurales agujado suelen utilizarse como estructura interna en la fabricaci\u00f3n de productos compuestos de dimensiones reducidas o formas complejas.<\/p>\n \n\t\t  <a href=\"https:\/\/www.mates.it\/es\/productos\/nucleos-estructurales\/agujado\/\" class=\"avia-button avia-icon_select-yes-left-icon avia-size-small avia-position-left avia-color-theme-color-subtle\">\n\t\t\t  M\u00e1s informaci\u00f3n &raquo;\n\t\t  <\/a> \n      <\/div>\n   <\/div>\n   <footer class=\"entry-footer\"><\/footer>\n<\/article>\n\n<\/div><\/div\">\n<\/div><\/section>\n","protected":false},"excerpt":{"rendered":"<p>Los n\u00facleos estructurales para el procesamiento de s\u00e1ndwiches son cada vez m\u00e1s importantes en el mercado de los materiales compuestos, son capaces de satisfacer todas las necesidades.<\/p>\n","protected":false},"author":1,"featured_media":7279,"parent":9401,"menu_order":4,"comment_status":"closed","ping_status":"closed","template":"","meta":{"footnotes":""},"class_list":["post-9391","page","type-page","status-publish","has-post-thumbnail","hentry"],"_links":{"self":[{"href":"https:\/\/www.mates.it\/es\/wp-json\/wp\/v2\/pages\/9391","targetHints":{"allow":["GET"]}}],"collection":[{"href":"https:\/\/www.mates.it\/es\/wp-json\/wp\/v2\/pages"}],"about":[{"href":"https:\/\/www.mates.it\/es\/wp-json\/wp\/v2\/types\/page"}],"author":[{"embeddable":true,"href":"https:\/\/www.mates.it\/es\/wp-json\/wp\/v2\/users\/1"}],"replies":[{"embeddable":true,"href":"https:\/\/www.mates.it\/es\/wp-json\/wp\/v2\/comments?post=9391"}],"version-history":[{"count":0,"href":"https:\/\/www.mates.it\/es\/wp-json\/wp\/v2\/pages\/9391\/revisions"}],"up":[{"embeddable":true,"href":"https:\/\/www.mates.it\/es\/wp-json\/wp\/v2\/pages\/9401"}],"wp:featuredmedia":[{"embeddable":true,"href":"https:\/\/www.mates.it\/es\/wp-json\/wp\/v2\/media\/7279"}],"wp:attachment":[{"href":"https:\/\/www.mates.it\/es\/wp-json\/wp\/v2\/media?parent=9391"}],"curies":[{"name":"wp","href":"https:\/\/api.w.org\/{rel}","templated":true}]}}