{"id":9393,"date":"2015-07-08T14:33:38","date_gmt":"2015-07-08T12:33:38","guid":{"rendered":"https:\/\/www.mates.it\/prodotti\/consumibles-vacio\/"},"modified":"2023-06-28T00:27:12","modified_gmt":"2023-06-27T22:27:12","slug":"materiales-de_proceso","status":"publish","type":"page","link":"https:\/\/www.mates.it\/es\/productos\/materiales-de_proceso\/","title":{"rendered":"Materiales de proceso"},"content":{"rendered":"\n<style type=\"text\/css\" data-created_by=\"avia_inline_auto\" id=\"style-css-av-ljehdnjx-d0a350016060bb95846ff4b4ecec7dae\">\n#top .av-special-heading.av-ljehdnjx-d0a350016060bb95846ff4b4ecec7dae{\npadding-bottom:10px;\n}\nbody .av-special-heading.av-ljehdnjx-d0a350016060bb95846ff4b4ecec7dae .av-special-heading-tag .heading-char{\nfont-size:25px;\n}\n.av-special-heading.av-ljehdnjx-d0a350016060bb95846ff4b4ecec7dae .av-subheading{\nfont-size:15px;\n}\n<\/style>\n<div  class='av-special-heading av-ljehdnjx-d0a350016060bb95846ff4b4ecec7dae av-special-heading-h1  avia-builder-el-0  el_before_av_textblock  avia-builder-el-first  custom-h1-title'><h1 class='av-special-heading-tag '  >Materiales de proceso<\/h1><div class=\"special-heading-border\"><div class=\"special-heading-inner-border\"><\/div><\/div><\/div>\n<section  class='av_textblock_section av-ljehcp3k-d4c4a851100439a973c3df1f855f462e '  ><div class='avia_textblock' ><p>Una amplia gama de consumibles auxiliares dise\u00f1ados para la producci\u00f3n de composites avanzados. Utilizables en procesos de producci\u00f3n de moldeo a alta, media y baja temperatura, son aplicables e indispensables para el \u00e9xito de todo tipo de procesamiento. Esto incluye bolsas de vac\u00edo, pel\u00edculas desmoldeantes, tejidos pelables, selladores de butilo y todo lo que se desecha despu\u00e9s de su uso.<br \/>\nMates ha logrado seleccionar los mejores productos disponibles en el mercado, a precios extremadamente competitivos. Cada uno de nuestros productos tiene un uso espec\u00edfico, por lo que podemos cubrir todos los diversos procesos de compuestos, como RTM, autoclave e infusi\u00f3n. Le recordamos que ofrecemos productos perfectamente compatibles entre s\u00ed, probados a fondo y sometidos a continuos y elevados esfuerzos, en el laboratorio y en algunos de nuestros principales clientes.<\/p>\n<\/div><\/section>\n<div  class='hr av-av_hr-91d7ccd583a503147498e120fee2ff9b hr-default  avia-builder-el-2  el_after_av_textblock  el_before_av_textblock '><span class='hr-inner '><span class=\"hr-inner-style\"><\/span><\/span><\/div>\n<section  class='av_textblock_section av-av_textblock-7a1af7d8f9790576b1769c0a9f0449ed '  ><div class='avia_textblock' ><div class=\"flex-container container-align-start\"><div class=\"flex-cell cell-1of3 medium-cell-1of2 small-cell-1of1\">\n<article class=\"post-entry slide-entry-overview slide-loop-1 slide-parity-odd real-thumbnail post-format-standard\"\n   itemscope=\"itemscope\" itemtype=\"https:\/\/schema.org\/CreativeWork\">\n   <a href=\"https:\/\/www.mates.it\/es\/productos\/materiales-de_proceso\/bolsas-de-vacio\/\" title=\"https:\/\/www.mates.it\/es\/productos\/materiales-de_proceso\/bolsas-de-vacio\/\" class=\"attachment-portfolio wp-post-image\"\n      alt=\"Bolsas de vac\u00edo\"><img decoding=\"async\" src=\"https:\/\/www.mates.it\/wp-content\/uploads\/2016\/06\/Sacchi-da-vuoto.jpg\" class=\" attachment-portfolio size-portfolio wp-post-image\" alt=\"Bolsas de vac\u00edo\" title=\"\"><\/a>\n   <div class=\"slide-content\">\n      <header class=\"entry-content-header\">\n         <h6 class=\"slide-entry-title entry-title\" itemprop=\"headline\"><a\n            href=\"https:\/\/www.mates.it\/es\/productos\/materiales-de_proceso\/bolsas-de-vacio\/\"\n            title=\"New electric cars are getting really fast\">Bolsas de vac\u00edo<\/a><\/h6>\n         <span class=\"av-vertical-delimiter\"><\/span>\n      <\/header>\n      <div class=\"slide-entry-excerpt entry-content\" itemprop=\"text\">\n\t\t  <p>La conformaci\u00f3n al vac\u00edo del laminado es muy importante para la producci\u00f3n de componentes con elevadas prestaciones mec\u00e1nicas, alta resistencia a la tracci\u00f3n y el mejor efecto est\u00e9tico.<\/p>\n \n\t\t  <a href=\"https:\/\/www.mates.it\/es\/productos\/materiales-de_proceso\/bolsas-de-vacio\/\" class=\"avia-button avia-icon_select-yes-left-icon avia-size-small avia-position-left avia-color-theme-color-subtle\">\n\t\t\t  M\u00e1s informaci\u00f3n &raquo;\n\t\t  <\/a> \n      <\/div>\n   <\/div>\n   <footer class=\"entry-footer\"><\/footer>\n<\/article>\n\n<\/div><div class=\"flex-cell cell-1of3 medium-cell-1of2 small-cell-1of1\">\n<article class=\"post-entry slide-entry-overview slide-loop-1 slide-parity-odd real-thumbnail post-format-standard\"\n   itemscope=\"itemscope\" itemtype=\"https:\/\/schema.org\/CreativeWork\">\n   <a href=\"https:\/\/www.mates.it\/es\/productos\/materiales-de_proceso\/films-separadores\/\" title=\"https:\/\/www.mates.it\/es\/productos\/materiales-de_proceso\/films-separadores\/\" class=\"attachment-portfolio wp-post-image\"\n      alt=\"Films separadores\"><img decoding=\"async\" src=\"https:\/\/www.mates.it\/wp-content\/uploads\/2016\/06\/Film-distaccanti.jpg\" class=\" attachment-portfolio size-portfolio wp-post-image\" alt=\"Films separadores\" title=\"\"><\/a>\n   <div class=\"slide-content\">\n      <header class=\"entry-content-header\">\n         <h6 class=\"slide-entry-title entry-title\" itemprop=\"headline\"><a\n            href=\"https:\/\/www.mates.it\/es\/productos\/materiales-de_proceso\/films-separadores\/\"\n            title=\"New electric cars are getting really fast\">Films separadores<\/a><\/h6>\n         <span class=\"av-vertical-delimiter\"><\/span>\n      <\/header>\n      <div class=\"slide-entry-excerpt entry-content\" itemprop=\"text\">\n\t\t  <p>Amplia gama de films fabricados con materiales pretratados y por tanto aptos para el desprendimiento de resina, espec\u00edficos para el procesado a bajas, medias o altas temperaturas, m\u00e1xima fiabilidad.<\/p>\n \n\t\t  <a href=\"https:\/\/www.mates.it\/es\/productos\/materiales-de_proceso\/films-separadores\/\" class=\"avia-button avia-icon_select-yes-left-icon avia-size-small avia-position-left avia-color-theme-color-subtle\">\n\t\t\t  M\u00e1s informaci\u00f3n &raquo;\n\t\t  <\/a> \n      <\/div>\n   <\/div>\n   <footer class=\"entry-footer\"><\/footer>\n<\/article>\n\n<\/div><div class=\"flex-cell cell-1of3 medium-cell-1of2 small-cell-1of1\">\n<article class=\"post-entry slide-entry-overview slide-loop-1 slide-parity-odd real-thumbnail post-format-standard\"\n   itemscope=\"itemscope\" itemtype=\"https:\/\/schema.org\/CreativeWork\">\n   <a href=\"https:\/\/www.mates.it\/es\/productos\/materiales-de_proceso\/telas-peelply\/\" title=\"https:\/\/www.mates.it\/es\/productos\/materiales-de_proceso\/telas-peelply\/\" class=\"attachment-portfolio wp-post-image\"\n      alt=\"Telas peelply\"><img decoding=\"async\" src=\"https:\/\/www.mates.it\/wp-content\/uploads\/2016\/06\/Peelply.jpg\" class=\" attachment-portfolio size-portfolio wp-post-image\" alt=\"Telas peelply\" title=\"\"><\/a>\n   <div class=\"slide-content\">\n      <header class=\"entry-content-header\">\n         <h6 class=\"slide-entry-title entry-title\" itemprop=\"headline\"><a\n            href=\"https:\/\/www.mates.it\/es\/productos\/materiales-de_proceso\/telas-peelply\/\"\n            title=\"New electric cars are getting really fast\">Telas peelply<\/a><\/h6>\n         <span class=\"av-vertical-delimiter\"><\/span>\n      <\/header>\n      <div class=\"slide-entry-excerpt entry-content\" itemprop=\"text\">\n\t\t  <p>Este tipo de tejido a base de fibras de nailon es capaz de eliminar el exceso de resina del laminado, mejorando as\u00ed los valores mec\u00e1nicos del componente acabado.<\/p>\n \n\t\t  <a href=\"https:\/\/www.mates.it\/es\/productos\/materiales-de_proceso\/telas-peelply\/\" class=\"avia-button avia-icon_select-yes-left-icon avia-size-small avia-position-left avia-color-theme-color-subtle\">\n\t\t\t  M\u00e1s informaci\u00f3n &raquo;\n\t\t  <\/a> \n      <\/div>\n   <\/div>\n   <footer class=\"entry-footer\"><\/footer>\n<\/article>\n\n<\/div><div class=\"flex-cell cell-1of3 medium-cell-1of2 small-cell-1of1\">\n<article class=\"post-entry slide-entry-overview slide-loop-1 slide-parity-odd real-thumbnail post-format-standard\"\n   itemscope=\"itemscope\" itemtype=\"https:\/\/schema.org\/CreativeWork\">\n   <a href=\"https:\/\/www.mates.it\/es\/productos\/materiales-de_proceso\/mantas-absorcion\/\" title=\"https:\/\/www.mates.it\/es\/productos\/materiales-de_proceso\/mantas-absorcion\/\" class=\"attachment-portfolio wp-post-image\"\n      alt=\"Mantas absorci\u00f3n\"><img decoding=\"async\" src=\"https:\/\/www.mates.it\/wp-content\/uploads\/2016\/06\/Feltri-aeratori.jpg\" class=\" attachment-portfolio size-portfolio wp-post-image\" alt=\"Mantas absorci\u00f3n\" title=\"\"><\/a>\n   <div class=\"slide-content\">\n      <header class=\"entry-content-header\">\n         <h6 class=\"slide-entry-title entry-title\" itemprop=\"headline\"><a\n            href=\"https:\/\/www.mates.it\/es\/productos\/materiales-de_proceso\/mantas-absorcion\/\"\n            title=\"New electric cars are getting really fast\">Mantas absorci\u00f3n<\/a><\/h6>\n         <span class=\"av-vertical-delimiter\"><\/span>\n      <\/header>\n      <div class=\"slide-entry-excerpt entry-content\" itemprop=\"text\">\n\t\t  <p>Las mantas de absorci\u00f3n es un producto utilizado por la mayor\u00eda de nuestros clientes, imprescindible para un correcto procesado al vac\u00edo a presi\u00f3n ambiente o en autoclave.<\/p>\n \n\t\t  <a href=\"https:\/\/www.mates.it\/es\/productos\/materiales-de_proceso\/mantas-absorcion\/\" class=\"avia-button avia-icon_select-yes-left-icon avia-size-small avia-position-left avia-color-theme-color-subtle\">\n\t\t\t  M\u00e1s informaci\u00f3n &raquo;\n\t\t  <\/a> \n      <\/div>\n   <\/div>\n   <footer class=\"entry-footer\"><\/footer>\n<\/article>\n\n<\/div><div class=\"flex-cell cell-1of3 medium-cell-1of2 small-cell-1of1\">\n<article class=\"post-entry slide-entry-overview slide-loop-1 slide-parity-odd real-thumbnail post-format-standard\"\n   itemscope=\"itemscope\" itemtype=\"https:\/\/schema.org\/CreativeWork\">\n   <a href=\"https:\/\/www.mates.it\/es\/productos\/materiales-de_proceso\/medios-de-flujo\/\" title=\"https:\/\/www.mates.it\/es\/productos\/materiales-de_proceso\/medios-de-flujo\/\" class=\"attachment-portfolio wp-post-image\"\n      alt=\"Medios de flujo\"><img decoding=\"async\" src=\"https:\/\/www.mates.it\/wp-content\/uploads\/2016\/06\/Mezzi-di-flusso.jpg\" class=\" attachment-portfolio size-portfolio wp-post-image\" alt=\"Medios de flujo\" title=\"\"><\/a>\n   <div class=\"slide-content\">\n      <header class=\"entry-content-header\">\n         <h6 class=\"slide-entry-title entry-title\" itemprop=\"headline\"><a\n            href=\"https:\/\/www.mates.it\/es\/productos\/materiales-de_proceso\/medios-de-flujo\/\"\n            title=\"New electric cars are getting really fast\">Medios de flujo<\/a><\/h6>\n         <span class=\"av-vertical-delimiter\"><\/span>\n      <\/header>\n      <div class=\"slide-entry-excerpt entry-content\" itemprop=\"text\">\n\t\t  <p>Selecci\u00f3n de productos espec\u00edficos para la propagaci\u00f3n de fluidos de viscosidad variable en moldes cerrados, ayudando a obtener una correcta y completa impregnaci\u00f3n del laminado.<\/p>\n \n\t\t  <a href=\"https:\/\/www.mates.it\/es\/productos\/materiales-de_proceso\/medios-de-flujo\/\" class=\"avia-button avia-icon_select-yes-left-icon avia-size-small avia-position-left avia-color-theme-color-subtle\">\n\t\t\t  M\u00e1s informaci\u00f3n &raquo;\n\t\t  <\/a> \n      <\/div>\n   <\/div>\n   <footer class=\"entry-footer\"><\/footer>\n<\/article>\n\n<\/div><div class=\"flex-cell cell-1of3 medium-cell-1of2 small-cell-1of1\">\n<article class=\"post-entry slide-entry-overview slide-loop-1 slide-parity-odd real-thumbnail post-format-standard\"\n   itemscope=\"itemscope\" itemtype=\"https:\/\/schema.org\/CreativeWork\">\n   <a href=\"https:\/\/www.mates.it\/es\/productos\/materiales-de_proceso\/selladores-cintas\/\" title=\"https:\/\/www.mates.it\/es\/productos\/materiales-de_proceso\/selladores-cintas\/\" class=\"attachment-portfolio wp-post-image\"\n      alt=\"Selladores \/ Cintas\"><img decoding=\"async\" src=\"https:\/\/www.mates.it\/wp-content\/uploads\/2016\/06\/Sigillanti-Nastri.jpg\" class=\" attachment-portfolio size-portfolio wp-post-image\" alt=\"Selladores \/ Cintas\" title=\"\"><\/a>\n   <div class=\"slide-content\">\n      <header class=\"entry-content-header\">\n         <h6 class=\"slide-entry-title entry-title\" itemprop=\"headline\"><a\n            href=\"https:\/\/www.mates.it\/es\/productos\/materiales-de_proceso\/selladores-cintas\/\"\n            title=\"New electric cars are getting really fast\">Selladores \/ Cintas<\/a><\/h6>\n         <span class=\"av-vertical-delimiter\"><\/span>\n      <\/header>\n      <div class=\"slide-entry-excerpt entry-content\" itemprop=\"text\">\n\t\t  <p>Para crear productos con un alto contenido tecnol\u00f3gico hemos seleccionado una l\u00ednea de masillas de cierre de butilo, testadas c\u00edclicamente para asegurar la m\u00e1xima fiabilidad.<\/p>\n \n\t\t  <a href=\"https:\/\/www.mates.it\/es\/productos\/materiales-de_proceso\/selladores-cintas\/\" class=\"avia-button avia-icon_select-yes-left-icon avia-size-small avia-position-left avia-color-theme-color-subtle\">\n\t\t\t  M\u00e1s informaci\u00f3n &raquo;\n\t\t  <\/a> \n      <\/div>\n   <\/div>\n   <footer class=\"entry-footer\"><\/footer>\n<\/article>\n\n<\/div><\/div\">\n<\/div><\/section>\n<div  class='hr av-av_hr-91d7ccd583a503147498e120fee2ff9b hr-default'><span class='hr-inner '><span class=\"hr-inner-style\"><\/span><\/span><\/div>\n<div  class='avia-button-wrap av-av_button-e366634b7efee8c9d18f92a033b95735-wrap avia-button-left '><a href=\"https:\/\/fileserver.mates.it\/Prodotti\/5_Ausiliari\/Brochure\/ausiliari_mates_low.pdf\" class=\"avia-button av-av_button-e366634b7efee8c9d18f92a033b95735 av-link-btn avia-icon_select-yes-left-icon avia-size-small avia-position-left avia-color-theme-color\" target=\"_blank\" rel=\"noopener noreferrer\" aria-label=\"  Mates \u00ae Products catalogue\"><span class='avia_button_icon avia_button_icon_left avia-iconfont avia-font-entypo-fontello' data-av_icon='\ue82d' data-av_iconfont='entypo-fontello' ><\/span><span class='avia_iconbox_title' >  Mates \u00ae Products catalogue<\/span><\/a><\/div>\n","protected":false},"excerpt":{"rendered":"<p>Una amplia gama de consumibles dise\u00f1ados para la producci\u00f3n de composites avanzados. Pueden utilizarse en procesos de producci\u00f3n de moldeo a alta, media y baja temperatura.<\/p>\n","protected":false},"author":1,"featured_media":7291,"parent":9401,"menu_order":5,"comment_status":"closed","ping_status":"closed","template":"","meta":{"footnotes":""},"class_list":["post-9393","page","type-page","status-publish","has-post-thumbnail","hentry"],"_links":{"self":[{"href":"https:\/\/www.mates.it\/es\/wp-json\/wp\/v2\/pages\/9393","targetHints":{"allow":["GET"]}}],"collection":[{"href":"https:\/\/www.mates.it\/es\/wp-json\/wp\/v2\/pages"}],"about":[{"href":"https:\/\/www.mates.it\/es\/wp-json\/wp\/v2\/types\/page"}],"author":[{"embeddable":true,"href":"https:\/\/www.mates.it\/es\/wp-json\/wp\/v2\/users\/1"}],"replies":[{"embeddable":true,"href":"https:\/\/www.mates.it\/es\/wp-json\/wp\/v2\/comments?post=9393"}],"version-history":[{"count":0,"href":"https:\/\/www.mates.it\/es\/wp-json\/wp\/v2\/pages\/9393\/revisions"}],"up":[{"embeddable":true,"href":"https:\/\/www.mates.it\/es\/wp-json\/wp\/v2\/pages\/9401"}],"wp:featuredmedia":[{"embeddable":true,"href":"https:\/\/www.mates.it\/es\/wp-json\/wp\/v2\/media\/7291"}],"wp:attachment":[{"href":"https:\/\/www.mates.it\/es\/wp-json\/wp\/v2\/media?parent=9393"}],"curies":[{"name":"wp","href":"https:\/\/api.w.org\/{rel}","templated":true}]}}