{"id":9395,"date":"2015-07-08T15:33:41","date_gmt":"2015-07-08T13:33:41","guid":{"rendered":"https:\/\/www.mates.it\/prodotti\/herramientas-equipos\/"},"modified":"2023-06-29T21:48:23","modified_gmt":"2023-06-29T19:48:23","slug":"herramientas-utensilios","status":"publish","type":"page","link":"https:\/\/www.mates.it\/es\/productos\/herramientas-utensilios\/","title":{"rendered":"Herramientas \/ Utensilios"},"content":{"rendered":"\n<style type=\"text\/css\" data-created_by=\"avia_inline_auto\" id=\"style-css-av-ljhk54or-ab96c8527d37b8d568b427729b103f43\">\n#top .av-special-heading.av-ljhk54or-ab96c8527d37b8d568b427729b103f43{\npadding-bottom:10px;\n}\nbody .av-special-heading.av-ljhk54or-ab96c8527d37b8d568b427729b103f43 .av-special-heading-tag .heading-char{\nfont-size:25px;\n}\n.av-special-heading.av-ljhk54or-ab96c8527d37b8d568b427729b103f43 .av-subheading{\nfont-size:15px;\n}\n<\/style>\n<div  class='av-special-heading av-ljhk54or-ab96c8527d37b8d568b427729b103f43 av-special-heading-h1  avia-builder-el-0  el_before_av_textblock  avia-builder-el-first  custom-h1-title'><h1 class='av-special-heading-tag '  >Herramientas \/ Utensilios<\/h1><div class=\"special-heading-border\"><div class=\"special-heading-inner-border\"><\/div><\/div><\/div>\n<section  class='av_textblock_section av-ljhk5qdx-b03037fdb94264955c2da5ef1c4029fd '  ><div class='avia_textblock' ><p>Para obtener el mejor resultado final, es necesario trabajar con equipos y auxiliares espec\u00edficos que sean correctos y adecuados para el trabajo que se va a realizar. Nuestra empresa se esfuerza constantemente por sacar al mercado una gama de herramientas y equipos cuidadosamente seleccionados por su calidad, fiabilidad y valor intr\u00ednseco del producto. Un resultado final excelente tambi\u00e9n se consigue utilizando las herramientas adecuadas para el trabajo.<br \/>\nTodos los productos de esta categor\u00eda se someten a controles peri\u00f3dicos y constantes en nuestro laboratorio para verificar que cumplen las caracter\u00edsticas t\u00e9cnicas garantizadas por el fabricante. S\u00f3lo as\u00ed podemos mantener nuestros actuales niveles de fiabilidad, en beneficio del usuario final.<\/p>\n<\/div><\/section>\n<div  class='hr av-av_hr-91d7ccd583a503147498e120fee2ff9b hr-default  avia-builder-el-2  el_after_av_textblock  el_before_av_textblock '><span class='hr-inner '><span class=\"hr-inner-style\"><\/span><\/span><\/div>\n<section  class='av_textblock_section av-av_textblock-7a1af7d8f9790576b1769c0a9f0449ed '  ><div class='avia_textblock' ><div class=\"flex-container container-align-start\"><div class=\"flex-cell cell-1of3 medium-cell-1of2 small-cell-1of1\">\n<article class=\"post-entry slide-entry-overview slide-loop-1 slide-parity-odd real-thumbnail post-format-standard\"\n   itemscope=\"itemscope\" itemtype=\"https:\/\/schema.org\/CreativeWork\">\n   <a href=\"https:\/\/www.mates.it\/es\/productos\/herramientas-utensilios\/medicion-control\/\" title=\"https:\/\/www.mates.it\/es\/productos\/herramientas-utensilios\/medicion-control\/\" class=\"attachment-portfolio wp-post-image\"\n      alt=\"Medici\u00f3n \/ Control\"><img decoding=\"async\" src=\"https:\/\/www.mates.it\/wp-content\/uploads\/2016\/06\/Misura-Controllo.jpg\" class=\" attachment-portfolio size-portfolio wp-post-image\" alt=\"Medici\u00f3n \/ Control\" title=\"\"><\/a>\n   <div class=\"slide-content\">\n      <header class=\"entry-content-header\">\n         <h6 class=\"slide-entry-title entry-title\" itemprop=\"headline\"><a\n            href=\"https:\/\/www.mates.it\/es\/productos\/herramientas-utensilios\/medicion-control\/\"\n            title=\"New electric cars are getting really fast\">Medici\u00f3n \/ Control<\/a><\/h6>\n         <span class=\"av-vertical-delimiter\"><\/span>\n      <\/header>\n      <div class=\"slide-entry-excerpt entry-content\" itemprop=\"text\">\n\t\t  <p>En el procesamiento de alta tecnolog\u00eda, es esencial vigilar de cerca ciertos par\u00e1metros, que pueden variar desde la proporci\u00f3n de mezcla hasta la temperatura.<\/p>\n \n\t\t  <a href=\"https:\/\/www.mates.it\/es\/productos\/herramientas-utensilios\/medicion-control\/\" class=\"avia-button avia-icon_select-yes-left-icon avia-size-small avia-position-left avia-color-theme-color-subtle\">\n\t\t\t  M\u00e1s informaci\u00f3n &raquo;\n\t\t  <\/a> \n      <\/div>\n   <\/div>\n   <footer class=\"entry-footer\"><\/footer>\n<\/article>\n\n<\/div><div class=\"flex-cell cell-1of3 medium-cell-1of2 small-cell-1of1\">\n<article class=\"post-entry slide-entry-overview slide-loop-1 slide-parity-odd real-thumbnail post-format-standard\"\n   itemscope=\"itemscope\" itemtype=\"https:\/\/schema.org\/CreativeWork\">\n   <a href=\"https:\/\/www.mates.it\/es\/productos\/herramientas-utensilios\/tubos-ataques\/\" title=\"https:\/\/www.mates.it\/es\/productos\/herramientas-utensilios\/tubos-ataques\/\" class=\"attachment-portfolio wp-post-image\"\n      alt=\"Tubos \/ Ataques\"><img decoding=\"async\" src=\"https:\/\/www.mates.it\/wp-content\/uploads\/2016\/06\/Tubi-Raccordi-Attacchi.jpg\" class=\" attachment-portfolio size-portfolio wp-post-image\" alt=\"Tubos \/ Ataques\" title=\"\"><\/a>\n   <div class=\"slide-content\">\n      <header class=\"entry-content-header\">\n         <h6 class=\"slide-entry-title entry-title\" itemprop=\"headline\"><a\n            href=\"https:\/\/www.mates.it\/es\/productos\/herramientas-utensilios\/tubos-ataques\/\"\n            title=\"New electric cars are getting really fast\">Tubos \/ Ataques<\/a><\/h6>\n         <span class=\"av-vertical-delimiter\"><\/span>\n      <\/header>\n      <div class=\"slide-entry-excerpt entry-content\" itemprop=\"text\">\n\t\t  <p>Una amplia gama de tubos \u00fatiles para crear un circuito de vac\u00edo o para la propagaci\u00f3n de fluidos, que se pueden utilizar en los procesos m\u00e1s comunes para la producci\u00f3n de compuestos avanzados.<\/p>\n \n\t\t  <a href=\"https:\/\/www.mates.it\/es\/productos\/herramientas-utensilios\/tubos-ataques\/\" class=\"avia-button avia-icon_select-yes-left-icon avia-size-small avia-position-left avia-color-theme-color-subtle\">\n\t\t\t  M\u00e1s informaci\u00f3n &raquo;\n\t\t  <\/a> \n      <\/div>\n   <\/div>\n   <footer class=\"entry-footer\"><\/footer>\n<\/article>\n\n<\/div><div class=\"flex-cell cell-1of3 medium-cell-1of2 small-cell-1of1\">\n<article class=\"post-entry slide-entry-overview slide-loop-1 slide-parity-odd real-thumbnail post-format-standard\"\n   itemscope=\"itemscope\" itemtype=\"https:\/\/schema.org\/CreativeWork\">\n   <a href=\"https:\/\/www.mates.it\/es\/productos\/herramientas-utensilios\/maquinaria-instalaciones\/\" title=\"https:\/\/www.mates.it\/es\/productos\/herramientas-utensilios\/maquinaria-instalaciones\/\" class=\"attachment-portfolio wp-post-image\"\n      alt=\"Maquinaria \/ Instalaciones\"><img decoding=\"async\" src=\"https:\/\/www.mates.it\/wp-content\/uploads\/Macchinari-Impianti.jpg\" class=\" attachment-portfolio size-portfolio wp-post-image\" alt=\"Maquinaria \/ Instalaciones\" title=\"\"><\/a>\n   <div class=\"slide-content\">\n      <header class=\"entry-content-header\">\n         <h6 class=\"slide-entry-title entry-title\" itemprop=\"headline\"><a\n            href=\"https:\/\/www.mates.it\/es\/productos\/herramientas-utensilios\/maquinaria-instalaciones\/\"\n            title=\"New electric cars are getting really fast\">Maquinaria \/ Instalaciones<\/a><\/h6>\n         <span class=\"av-vertical-delimiter\"><\/span>\n      <\/header>\n      <div class=\"slide-entry-excerpt entry-content\" itemprop=\"text\">\n\t\t  <p>Nuestra principal ambici\u00f3n no es ser un proveedor gen\u00e9rico, sino un socio fiable capaz de ofrecer el mejor servicio antes, durante y despu\u00e9s de la entrega.<\/p>\n \n\t\t  <a href=\"https:\/\/www.mates.it\/es\/productos\/herramientas-utensilios\/maquinaria-instalaciones\/\" class=\"avia-button avia-icon_select-yes-left-icon avia-size-small avia-position-left avia-color-theme-color-subtle\">\n\t\t\t  M\u00e1s informaci\u00f3n &raquo;\n\t\t  <\/a> \n      <\/div>\n   <\/div>\n   <footer class=\"entry-footer\"><\/footer>\n<\/article>\n\n<\/div><div class=\"flex-cell cell-1of3 medium-cell-1of2 small-cell-1of1\">\n<article class=\"post-entry slide-entry-overview slide-loop-1 slide-parity-odd real-thumbnail post-format-standard\"\n   itemscope=\"itemscope\" itemtype=\"https:\/\/schema.org\/CreativeWork\">\n   <a href=\"https:\/\/www.mates.it\/es\/productos\/herramientas-utensilios\/equipos-de-proteccion\/\" title=\"https:\/\/www.mates.it\/es\/productos\/herramientas-utensilios\/equipos-de-proteccion\/\" class=\"attachment-portfolio wp-post-image\"\n      alt=\"Equipos de protecci\u00f3n\"><img decoding=\"async\" src=\"https:\/\/www.mates.it\/wp-content\/uploads\/2016\/06\/Dispositivi-di-sicurezza.jpg\" class=\" attachment-portfolio size-portfolio wp-post-image\" alt=\"Equipos de protecci\u00f3n\" title=\"\"><\/a>\n   <div class=\"slide-content\">\n      <header class=\"entry-content-header\">\n         <h6 class=\"slide-entry-title entry-title\" itemprop=\"headline\"><a\n            href=\"https:\/\/www.mates.it\/es\/productos\/herramientas-utensilios\/equipos-de-proteccion\/\"\n            title=\"New electric cars are getting really fast\">Equipos de protecci\u00f3n<\/a><\/h6>\n         <span class=\"av-vertical-delimiter\"><\/span>\n      <\/header>\n      <div class=\"slide-entry-excerpt entry-content\" itemprop=\"text\">\n\t\t  <p>Los equipos de protecci\u00f3n personal (EPI) son productos que tienen la funci\u00f3n de salvaguardar a la persona que los usa o en todo caso los lleva consigo de riesgos para la salud y la seguridad.<\/p>\n \n\t\t  <a href=\"https:\/\/www.mates.it\/es\/productos\/herramientas-utensilios\/equipos-de-proteccion\/\" class=\"avia-button avia-icon_select-yes-left-icon avia-size-small avia-position-left avia-color-theme-color-subtle\">\n\t\t\t  M\u00e1s informaci\u00f3n &raquo;\n\t\t  <\/a> \n      <\/div>\n   <\/div>\n   <footer class=\"entry-footer\"><\/footer>\n<\/article>\n\n<\/div><div class=\"flex-cell cell-1of3 medium-cell-1of2 small-cell-1of1\">\n<article class=\"post-entry slide-entry-overview slide-loop-1 slide-parity-odd real-thumbnail post-format-standard\"\n   itemscope=\"itemscope\" itemtype=\"https:\/\/schema.org\/CreativeWork\">\n   <a href=\"https:\/\/www.mates.it\/es\/productos\/herramientas-utensilios\/sistemas-de-moldeado\/\" title=\"https:\/\/www.mates.it\/es\/productos\/herramientas-utensilios\/sistemas-de-moldeado\/\" class=\"attachment-portfolio wp-post-image\"\n      alt=\"Sistemas de moldeado\"><img decoding=\"async\" src=\"https:\/\/www.mates.it\/wp-content\/uploads\/2016\/09\/Tooling-systems.jpg\" class=\" attachment-portfolio size-portfolio wp-post-image\" alt=\"Sistemas de moldeado\" title=\"\"><\/a>\n   <div class=\"slide-content\">\n      <header class=\"entry-content-header\">\n         <h6 class=\"slide-entry-title entry-title\" itemprop=\"headline\"><a\n            href=\"https:\/\/www.mates.it\/es\/productos\/herramientas-utensilios\/sistemas-de-moldeado\/\"\n            title=\"New electric cars are getting really fast\">Sistemas de moldeado<\/a><\/h6>\n         <span class=\"av-vertical-delimiter\"><\/span>\n      <\/header>\n      <div class=\"slide-entry-excerpt entry-content\" itemprop=\"text\">\n\t\t  <p>Mates dispone de una amplia gama de placas para la fabricaci\u00f3n de moldes y modelos caracterizadas por diferentes densidades, que permiten satisfacer las m\u00e1s variadas exigencias de elaboraci\u00f3n.<\/p>\n \n\t\t  <a href=\"https:\/\/www.mates.it\/es\/productos\/herramientas-utensilios\/sistemas-de-moldeado\/\" class=\"avia-button avia-icon_select-yes-left-icon avia-size-small avia-position-left avia-color-theme-color-subtle\">\n\t\t\t  M\u00e1s informaci\u00f3n &raquo;\n\t\t  <\/a> \n      <\/div>\n   <\/div>\n   <footer class=\"entry-footer\"><\/footer>\n<\/article>\n\n<\/div><\/div\">\n<\/div><\/section>\n","protected":false},"excerpt":{"rendered":"<p>Un resultado final excelente tambi\u00e9n lo proporciona el uso de los equipos adecuados para el trabajo, cuidadosamente seleccionados por su calidad, fiabilidad y valor intr\u00ednseco del producto.<\/p>\n","protected":false},"author":1,"featured_media":7359,"parent":9401,"menu_order":7,"comment_status":"open","ping_status":"open","template":"","meta":{"footnotes":""},"class_list":["post-9395","page","type-page","status-publish","has-post-thumbnail","hentry"],"_links":{"self":[{"href":"https:\/\/www.mates.it\/es\/wp-json\/wp\/v2\/pages\/9395","targetHints":{"allow":["GET"]}}],"collection":[{"href":"https:\/\/www.mates.it\/es\/wp-json\/wp\/v2\/pages"}],"about":[{"href":"https:\/\/www.mates.it\/es\/wp-json\/wp\/v2\/types\/page"}],"author":[{"embeddable":true,"href":"https:\/\/www.mates.it\/es\/wp-json\/wp\/v2\/users\/1"}],"replies":[{"embeddable":true,"href":"https:\/\/www.mates.it\/es\/wp-json\/wp\/v2\/comments?post=9395"}],"version-history":[{"count":0,"href":"https:\/\/www.mates.it\/es\/wp-json\/wp\/v2\/pages\/9395\/revisions"}],"up":[{"embeddable":true,"href":"https:\/\/www.mates.it\/es\/wp-json\/wp\/v2\/pages\/9401"}],"wp:featuredmedia":[{"embeddable":true,"href":"https:\/\/www.mates.it\/es\/wp-json\/wp\/v2\/media\/7359"}],"wp:attachment":[{"href":"https:\/\/www.mates.it\/es\/wp-json\/wp\/v2\/media?parent=9395"}],"curies":[{"name":"wp","href":"https:\/\/api.w.org\/{rel}","templated":true}]}}