{"id":9399,"date":"2015-09-16T10:43:08","date_gmt":"2015-09-16T08:43:08","guid":{"rendered":"https:\/\/www.mates.it\/prodotti\/insertos-de-fijacion\/"},"modified":"2024-02-15T21:42:07","modified_gmt":"2024-02-15T20:42:07","slug":"fijaciones","status":"publish","type":"page","link":"https:\/\/www.mates.it\/es\/productos\/fijaciones\/","title":{"rendered":"Fijaciones"},"content":{"rendered":"\n<style type=\"text\/css\" data-created_by=\"avia_inline_auto\" id=\"style-css-av-ljhf8y7j-45e1aa9b4427f785dfc27fa39c0648df\">\n#top .av-special-heading.av-ljhf8y7j-45e1aa9b4427f785dfc27fa39c0648df{\npadding-bottom:10px;\n}\nbody .av-special-heading.av-ljhf8y7j-45e1aa9b4427f785dfc27fa39c0648df .av-special-heading-tag .heading-char{\nfont-size:25px;\n}\n.av-special-heading.av-ljhf8y7j-45e1aa9b4427f785dfc27fa39c0648df .av-subheading{\nfont-size:15px;\n}\n<\/style>\n<div  class='av-special-heading av-ljhf8y7j-45e1aa9b4427f785dfc27fa39c0648df av-special-heading-h1  avia-builder-el-0  el_before_av_textblock  avia-builder-el-first  custom-h1-title'><h1 class='av-special-heading-tag '  >Fijaciones<\/h1><div class=\"special-heading-border\"><div class=\"special-heading-inner-border\"><\/div><\/div><\/div>\n<section  class='av_textblock_section av-ljhf8rp4-e6564e9788062ebbdebbbc7c3916af94 '  ><div class='avia_textblock' ><p>Los sistemas tradicionales utilizados para ensamblar componentes, como remaches, tornillos y grapas, suelen ser incompatibles con los materiales compuestos o requieren demasiados compromisos para trabajar con fatiga, lo que provoca un debilitamiento de la pieza acabada o un aumento de su grosor y, por tanto, de su peso final. Perforar un panel reforzado con carbono da\u00f1a las fibras destinadas a proporcionar el refuerzo y la integridad estructural, lo que provoca el fallo del panel. Adhiriendo un elemento de fijaci\u00f3n directamente sobre la superficie, utilizando el adhesivo adecuado, o integr\u00e1ndolo en el laminado, se puede lograr una fijaci\u00f3n segura sin perforar ni da\u00f1ar el panel compuesto.<br \/>\nLa innovaci\u00f3n y el progreso tecnol\u00f3gico han llevado a la creaci\u00f3n de fijaciones espec\u00edficas para el mercado de los compuestos reforzados con fibra. Gracias a su gran flexibilidad de dise\u00f1o y seguridad frente a la fatiga, se han convertido en elementos consolidados a lo largo de los a\u00f1os y se aplican en una amplia gama de sectores. La calidad de las soluciones BigHead \u00ae ha sido probada a fondo por empresas l\u00edderes mundiales de los sectores de la automoci\u00f3n, la construcci\u00f3n naval, la construcci\u00f3n, la energ\u00eda y la fabricaci\u00f3n en general.<\/p>\n<\/div><\/section>\n<div  class='hr av-cmu34n-873607d1b7df812dcd99fbebf349f1f8 hr-default  avia-builder-el-2  el_after_av_textblock  el_before_av_textblock '><span class='hr-inner '><span class=\"hr-inner-style\"><\/span><\/span><\/div>\n<section  class='av_textblock_section av-a9gb9j-a0ef29a138f4c5eb0533d44c3d956690 '  ><div class='avia_textblock' ><div class=\"flex-container container-align-start\"><div class=\"flex-cell cell-1of3 medium-cell-1of2 small-cell-1of1\">\n<article class=\"post-entry slide-entry-overview slide-loop-1 slide-parity-odd real-thumbnail post-format-standard\"\n   itemscope=\"itemscope\" itemtype=\"https:\/\/schema.org\/CreativeWork\">\n   <a href=\"https:\/\/www.mates.it\/es\/productos\/fijaciones\/pernos-clavos\/\" title=\"https:\/\/www.mates.it\/es\/productos\/fijaciones\/pernos-clavos\/\" class=\"attachment-portfolio wp-post-image\"\n      alt=\"Pernos \/ Clavos\"><img decoding=\"async\" src=\"https:\/\/www.mates.it\/wp-content\/uploads\/2016\/06\/Perni-Chiodi.jpg\" class=\" attachment-portfolio size-portfolio wp-post-image\" alt=\"Pernos \/ Clavos\" title=\"\"><\/a>\n   <div class=\"slide-content\">\n      <header class=\"entry-content-header\">\n         <h6 class=\"slide-entry-title entry-title\" itemprop=\"headline\"><a\n            href=\"https:\/\/www.mates.it\/es\/productos\/fijaciones\/pernos-clavos\/\"\n            title=\"New electric cars are getting really fast\">Pernos \/ Clavos<\/a><\/h6>\n         <span class=\"av-vertical-delimiter\"><\/span>\n      <\/header>\n      <div class=\"slide-entry-excerpt entry-content\" itemprop=\"text\">\n\t\t  <p>Gama de pernos y clavos macho roscados o sin roscar, disponibles en diferentes combinaciones de di\u00e1metro y longitud de perno, tama\u00f1o de placa y grado de acero.<\/p>\n \n\t\t  <a href=\"https:\/\/www.mates.it\/es\/productos\/fijaciones\/pernos-clavos\/\" class=\"avia-button avia-icon_select-yes-left-icon avia-size-small avia-position-left avia-color-theme-color-subtle\">\n\t\t\t  M\u00e1s informaci\u00f3n &raquo;\n\t\t  <\/a> \n      <\/div>\n   <\/div>\n   <footer class=\"entry-footer\"><\/footer>\n<\/article>\n\n<\/div><div class=\"flex-cell cell-1of3 medium-cell-1of2 small-cell-1of1\">\n<article class=\"post-entry slide-entry-overview slide-loop-1 slide-parity-odd real-thumbnail post-format-standard\"\n   itemscope=\"itemscope\" itemtype=\"https:\/\/schema.org\/CreativeWork\">\n   <a href=\"https:\/\/www.mates.it\/es\/productos\/fijaciones\/tuercas-collares\/\" title=\"https:\/\/www.mates.it\/es\/productos\/fijaciones\/tuercas-collares\/\" class=\"attachment-portfolio wp-post-image\"\n      alt=\"Tuercas \/ Collares\"><img decoding=\"async\" src=\"https:\/\/www.mates.it\/wp-content\/uploads\/2016\/06\/Dadi-Collari.jpg\" class=\" attachment-portfolio size-portfolio wp-post-image\" alt=\"Tuercas \/ Collares\" title=\"\"><\/a>\n   <div class=\"slide-content\">\n      <header class=\"entry-content-header\">\n         <h6 class=\"slide-entry-title entry-title\" itemprop=\"headline\"><a\n            href=\"https:\/\/www.mates.it\/es\/productos\/fijaciones\/tuercas-collares\/\"\n            title=\"New electric cars are getting really fast\">Tuercas \/ Collares<\/a><\/h6>\n         <span class=\"av-vertical-delimiter\"><\/span>\n      <\/header>\n      <div class=\"slide-entry-excerpt entry-content\" itemprop=\"text\">\n\t\t  <p>Est\u00e1n disponibles en diferentes combinaciones de di\u00e1metro de casquillo\/tuerca, longitud de casquillo\/tuerca, tama\u00f1o de placa y grado de acero.<\/p>\n \n\t\t  <a href=\"https:\/\/www.mates.it\/es\/productos\/fijaciones\/tuercas-collares\/\" class=\"avia-button avia-icon_select-yes-left-icon avia-size-small avia-position-left avia-color-theme-color-subtle\">\n\t\t\t  M\u00e1s informaci\u00f3n &raquo;\n\t\t  <\/a> \n      <\/div>\n   <\/div>\n   <footer class=\"entry-footer\"><\/footer>\n<\/article>\n\n<\/div><div class=\"flex-cell cell-1of3 medium-cell-1of2 small-cell-1of1\">\n<article class=\"post-entry slide-entry-overview slide-loop-1 slide-parity-odd real-thumbnail post-format-standard\"\n   itemscope=\"itemscope\" itemtype=\"https:\/\/schema.org\/CreativeWork\">\n   <a href=\"https:\/\/www.mates.it\/es\/productos\/fijaciones\/bridas-anillas\/\" title=\"https:\/\/www.mates.it\/es\/productos\/fijaciones\/bridas-anillas\/\" class=\"attachment-portfolio wp-post-image\"\n      alt=\"Bridas \/ Anillas\"><img decoding=\"async\" src=\"https:\/\/www.mates.it\/wp-content\/uploads\/Passacavi-Occhielli.jpg\" class=\" attachment-portfolio size-portfolio wp-post-image\" alt=\"Bridas \/ Anillas\" title=\"\"><\/a>\n   <div class=\"slide-content\">\n      <header class=\"entry-content-header\">\n         <h6 class=\"slide-entry-title entry-title\" itemprop=\"headline\"><a\n            href=\"https:\/\/www.mates.it\/es\/productos\/fijaciones\/bridas-anillas\/\"\n            title=\"New electric cars are getting really fast\">Bridas \/ Anillas<\/a><\/h6>\n         <span class=\"av-vertical-delimiter\"><\/span>\n      <\/header>\n      <div class=\"slide-entry-excerpt entry-content\" itemprop=\"text\">\n\t\t  <p>Las bridas \/ anillas est\u00e1n disponibles en diferentes combinaciones, en funci\u00f3n del grosor y la inclinaci\u00f3n del ojal, el di\u00e1metro y la longitud del paso y el tipo de acero.<\/p>\n \n\t\t  <a href=\"https:\/\/www.mates.it\/es\/productos\/fijaciones\/bridas-anillas\/\" class=\"avia-button avia-icon_select-yes-left-icon avia-size-small avia-position-left avia-color-theme-color-subtle\">\n\t\t\t  M\u00e1s informaci\u00f3n &raquo;\n\t\t  <\/a> \n      <\/div>\n   <\/div>\n   <footer class=\"entry-footer\"><\/footer>\n<\/article>\n\n<\/div><div class=\"flex-cell cell-1of3 medium-cell-1of2 small-cell-1of1\">\n<article class=\"post-entry slide-entry-overview slide-loop-1 slide-parity-odd real-thumbnail post-format-standard\"\n   itemscope=\"itemscope\" itemtype=\"https:\/\/schema.org\/CreativeWork\">\n   <a href=\"https:\/\/www.mates.it\/es\/productos\/fijaciones\/poppit-twindisk-e\/\" title=\"https:\/\/www.mates.it\/es\/productos\/fijaciones\/poppit-twindisk-e\/\" class=\"attachment-portfolio wp-post-image\"\n      alt=\"TwinDisk\u00ae\"><img decoding=\"async\" src=\"https:\/\/www.mates.it\/wp-content\/uploads\/2016\/06\/Poppit-TwinDisk.jpg\" class=\" attachment-portfolio size-portfolio wp-post-image\" alt=\"TwinDisk\u00ae\" title=\"\"><\/a>\n   <div class=\"slide-content\">\n      <header class=\"entry-content-header\">\n         <h6 class=\"slide-entry-title entry-title\" itemprop=\"headline\"><a\n            href=\"https:\/\/www.mates.it\/es\/productos\/fijaciones\/poppit-twindisk-e\/\"\n            title=\"New electric cars are getting really fast\">TwinDisk\u00ae<\/a><\/h6>\n         <span class=\"av-vertical-delimiter\"><\/span>\n      <\/header>\n      <div class=\"slide-entry-excerpt entry-content\" itemprop=\"text\">\n\t\t  <p>Espec\u00edficamente dise\u00f1ados para la fijaci\u00f3n en paneles compuestos con estructura de nido de abeja, los TwinDisks\u00ae constan de dos discos soldados a ambos extremos de un collar de acero inoxidable.<\/p>\n \n\t\t  <a href=\"https:\/\/www.mates.it\/es\/productos\/fijaciones\/poppit-twindisk-e\/\" class=\"avia-button avia-icon_select-yes-left-icon avia-size-small avia-position-left avia-color-theme-color-subtle\">\n\t\t\t  M\u00e1s informaci\u00f3n &raquo;\n\t\t  <\/a> \n      <\/div>\n   <\/div>\n   <footer class=\"entry-footer\"><\/footer>\n<\/article>\n\n<\/div><div class=\"flex-cell cell-1of3 medium-cell-1of2 small-cell-1of1\">\n<article class=\"post-entry slide-entry-overview slide-loop-1 slide-parity-odd real-thumbnail post-format-standard\"\n   itemscope=\"itemscope\" itemtype=\"https:\/\/schema.org\/CreativeWork\">\n   <a href=\"https:\/\/www.mates.it\/es\/productos\/fijaciones\/productos-especiales\/\" title=\"https:\/\/www.mates.it\/es\/productos\/fijaciones\/productos-especiales\/\" class=\"attachment-portfolio wp-post-image\"\n      alt=\"Productos especiales\"><img decoding=\"async\" src=\"https:\/\/www.mates.it\/wp-content\/uploads\/2016\/06\/Prodotti-speciali.jpg\" class=\" attachment-portfolio size-portfolio wp-post-image\" alt=\"Productos especiales\" title=\"\"><\/a>\n   <div class=\"slide-content\">\n      <header class=\"entry-content-header\">\n         <h6 class=\"slide-entry-title entry-title\" itemprop=\"headline\"><a\n            href=\"https:\/\/www.mates.it\/es\/productos\/fijaciones\/productos-especiales\/\"\n            title=\"New electric cars are getting really fast\">Productos especiales<\/a><\/h6>\n         <span class=\"av-vertical-delimiter\"><\/span>\n      <\/header>\n      <div class=\"slide-entry-excerpt entry-content\" itemprop=\"text\">\n\t\t  <p>Cree la mejor soluci\u00f3n para cada reto con la certeza de que la fijaci\u00f3n no ser\u00e1 un problema. Cuando se trabaja con nuevos materiales compuestos, cada detalle debe ser el mejor.<\/p>\n \n\t\t  <a href=\"https:\/\/www.mates.it\/es\/productos\/fijaciones\/productos-especiales\/\" class=\"avia-button avia-icon_select-yes-left-icon avia-size-small avia-position-left avia-color-theme-color-subtle\">\n\t\t\t  M\u00e1s informaci\u00f3n &raquo;\n\t\t  <\/a> \n      <\/div>\n   <\/div>\n   <footer class=\"entry-footer\"><\/footer>\n<\/article>\n\n<\/div><\/div\">\n<\/div><\/section>\n<div  class='hr av-966chj-128a3b2b52cb5b7ed8f24cc61db4a4b8 hr-default'><span class='hr-inner '><span class=\"hr-inner-style\"><\/span><\/span><\/div>\n<div  class='flex_column av-86jjxj-acbbc28807391a0e984acd485fcf33ca av_one_full first flex_column_div  '     ><p><div  class='avia-button-wrap av-6kaptj-1526a1d44c7e6e180adec6ccb8247141-wrap avia-button-left '><a href=\"https:\/\/fileserver.mates.it\/Prodotti\/6_Inserti\/Brochure\/bigHead-application-examples.pdf\" class=\"avia-button av-6kaptj-1526a1d44c7e6e180adec6ccb8247141 av-link-btn avia-icon_select-yes-left-icon avia-size-small avia-position-left avia-color-theme-color\" target=\"_blank\" rel=\"noopener noreferrer\" aria-label=\"  BigHead \u00ae Introduction\"><span class='avia_button_icon avia_button_icon_left avia-iconfont avia-font-entypo-fontello' data-av_icon='\ue82d' data-av_iconfont='entypo-fontello' ><\/span><span class='avia_iconbox_title' >  BigHead \u00ae Introduction<\/span><\/a><\/div><br \/>\n<div  class='avia-button-wrap av-2clolj-2011603c409ce73b9f13b397c1a67712-wrap avia-button-left '><a href=\"https:\/\/www.bighead.co.uk\/the-techub\/\" class=\"avia-button av-2clolj-2011603c409ce73b9f13b397c1a67712 av-link-btn avia-icon_select-yes-left-icon avia-size-small avia-position-left avia-color-theme-color\" target=\"_blank\" rel=\"noopener noreferrer\" aria-label=\"   BigHead \u00ae tecHub\"><span class='avia_button_icon avia_button_icon_left avia-iconfont avia-font-entypo-fontello' data-av_icon='\ue8ab' data-av_iconfont='entypo-fontello' ><\/span><span class='avia_iconbox_title' >   BigHead \u00ae tecHub<\/span><\/a><\/div><\/p><\/div>\n","protected":false},"excerpt":{"rendered":"<p>Elementos de fijaci\u00f3n espec\u00edficos para el mercado de los compuestos, gran flexibilidad de dise\u00f1o y seguridad frente a la fatiga utilizados por empresas l\u00edderes.<\/p>\n","protected":false},"author":1,"featured_media":7319,"parent":9401,"menu_order":6,"comment_status":"open","ping_status":"open","template":"","meta":{"footnotes":""},"class_list":["post-9399","page","type-page","status-publish","has-post-thumbnail","hentry"],"_links":{"self":[{"href":"https:\/\/www.mates.it\/es\/wp-json\/wp\/v2\/pages\/9399","targetHints":{"allow":["GET"]}}],"collection":[{"href":"https:\/\/www.mates.it\/es\/wp-json\/wp\/v2\/pages"}],"about":[{"href":"https:\/\/www.mates.it\/es\/wp-json\/wp\/v2\/types\/page"}],"author":[{"embeddable":true,"href":"https:\/\/www.mates.it\/es\/wp-json\/wp\/v2\/users\/1"}],"replies":[{"embeddable":true,"href":"https:\/\/www.mates.it\/es\/wp-json\/wp\/v2\/comments?post=9399"}],"version-history":[{"count":0,"href":"https:\/\/www.mates.it\/es\/wp-json\/wp\/v2\/pages\/9399\/revisions"}],"up":[{"embeddable":true,"href":"https:\/\/www.mates.it\/es\/wp-json\/wp\/v2\/pages\/9401"}],"wp:featuredmedia":[{"embeddable":true,"href":"https:\/\/www.mates.it\/es\/wp-json\/wp\/v2\/media\/7319"}],"wp:attachment":[{"href":"https:\/\/www.mates.it\/es\/wp-json\/wp\/v2\/media?parent=9399"}],"curies":[{"name":"wp","href":"https:\/\/api.w.org\/{rel}","templated":true}]}}