{"id":9405,"date":"2015-09-16T12:50:52","date_gmt":"2015-09-16T10:50:52","guid":{"rendered":"https:\/\/www.mates.it\/los-procesos\/"},"modified":"2023-10-14T14:52:34","modified_gmt":"2023-10-14T12:52:34","slug":"procesos","status":"publish","type":"page","link":"https:\/\/www.mates.it\/es\/procesos\/","title":{"rendered":"PROCESOS"},"content":{"rendered":"<\/p>\n\n<style type=\"text\/css\" data-created_by=\"avia_inline_auto\" id=\"style-css-av-lka5yns0-ed4e2dcebda4c7aa2c29c4040dc1918b\">\n#top .av-special-heading.av-lka5yns0-ed4e2dcebda4c7aa2c29c4040dc1918b{\npadding-bottom:10px;\n}\nbody .av-special-heading.av-lka5yns0-ed4e2dcebda4c7aa2c29c4040dc1918b .av-special-heading-tag .heading-char{\nfont-size:25px;\n}\n.av-special-heading.av-lka5yns0-ed4e2dcebda4c7aa2c29c4040dc1918b .av-subheading{\nfont-size:15px;\n}\n<\/style>\n<div  class='av-special-heading av-lka5yns0-ed4e2dcebda4c7aa2c29c4040dc1918b av-special-heading-h1  avia-builder-el-0  el_before_av_textblock  avia-builder-el-first  custom-h1-title'><h1 class='av-special-heading-tag '  >Procesos<\/h1><div class=\"special-heading-border\"><div class=\"special-heading-inner-border\"><\/div><\/div><\/div>\n<section  class='av_textblock_section av-lka5ygon-e3ae12a9ba770be42ce60cb57578e6b7 '  ><div class='avia_textblock' ><p>Para la fabricaci\u00f3n de piezas de materiales compuestos pueden utilizarse numerosos procesos de producci\u00f3n: es posible obtener piezas con propiedades f\u00edsico-mec\u00e1nicas muy elevadas y un alto porcentaje volum\u00e9trico de fibras, del mismo modo que es posible obtener piezas con propiedades inferiores pero costes de producci\u00f3n significativamente reducidos.<\/p>\n<p>Las tecnolog\u00edas de producci\u00f3n de componentes compuestos var\u00edan en funci\u00f3n de la forma, las dimensiones y las propiedades requeridas del componente acabado. En funci\u00f3n de las propiedades que se deseen obtener de una pieza de material compuesto, de si es necesario reproducirla o no o de si se requiere una producci\u00f3n continua, las tecnolog\u00edas pueden distinguirse en las que utilizan moldes cerrados o moldes abiertos. Tambi\u00e9n pueden distinguirse en continuas o discontinuas, manuales o automatizadas. Mates siempre ha sido capaz de ayudar a sus clientes a desarrollar e implantar dichos procesos de producci\u00f3n, garantizando que el proceso sea racionalizado y adecuado a su finalidad.<\/p>\n<\/div><\/section>\n<div  class='hr av-av_hr-91d7ccd583a503147498e120fee2ff9b hr-default  avia-builder-el-2  el_after_av_textblock  el_before_av_textblock '><span class='hr-inner '><span class=\"hr-inner-style\"><\/span><\/span><\/div>\n<section  class='av_textblock_section av-av_textblock-7a1af7d8f9790576b1769c0a9f0449ed '  ><div class='avia_textblock' ><div class=\"flex-container container-align-start\"><div class=\"flex-cell cell-1of3 medium-cell-1of2 small-cell-1of1\">\n<article class=\"post-entry slide-entry-overview slide-loop-1 slide-parity-odd real-thumbnail post-format-standard\"\n   itemscope=\"itemscope\" itemtype=\"https:\/\/schema.org\/CreativeWork\">\n   <a href=\"https:\/\/www.mates.it\/es\/procesos\/laminacion-manual\/\" title=\"https:\/\/www.mates.it\/es\/procesos\/laminacion-manual\/\" class=\"attachment-portfolio wp-post-image\"\n      alt=\"Laminaci\u00f3n manual\"><img decoding=\"async\" src=\"https:\/\/www.mates.it\/wp-content\/uploads\/2016\/09\/Lay-up-manuale.jpg\" class=\" attachment-portfolio size-portfolio wp-post-image\" alt=\"Laminaci\u00f3n manual\" title=\"\"><\/a>\n   <div class=\"slide-content\">\n      <header class=\"entry-content-header\">\n         <h6 class=\"slide-entry-title entry-title\" itemprop=\"headline\"><a\n            href=\"https:\/\/www.mates.it\/es\/procesos\/laminacion-manual\/\"\n            title=\"New electric cars are getting really fast\">Laminaci\u00f3n manual<\/a><\/h6>\n         <span class=\"av-vertical-delimiter\"><\/span>\n      <\/header>\n      <div class=\"slide-entry-excerpt entry-content\" itemprop=\"text\">\n\t\t  <p>El laminado a mano es la t\u00e9cnica de moldeado m\u00e1s sencilla en la producci\u00f3n de art\u00edculos compuestos, y consiste en aplicar capas de resina y tejido.<\/p>\n \n\t\t  <a href=\"https:\/\/www.mates.it\/es\/procesos\/laminacion-manual\/\" class=\"avia-button avia-icon_select-yes-left-icon avia-size-small avia-position-left avia-color-theme-color-subtle\">\n\t\t\t  M\u00e1s informaci\u00f3n &raquo;\n\t\t  <\/a> \n      <\/div>\n   <\/div>\n   <footer class=\"entry-footer\"><\/footer>\n<\/article>\n\n<\/div><div class=\"flex-cell cell-1of3 medium-cell-1of2 small-cell-1of1\">\n<article class=\"post-entry slide-entry-overview slide-loop-1 slide-parity-odd real-thumbnail post-format-standard\"\n   itemscope=\"itemscope\" itemtype=\"https:\/\/schema.org\/CreativeWork\">\n   <a href=\"https:\/\/www.mates.it\/es\/procesos\/tecnica-de-vacio\/\" title=\"https:\/\/www.mates.it\/es\/procesos\/tecnica-de-vacio\/\" class=\"attachment-portfolio wp-post-image\"\n      alt=\"T\u00e9cnica de vac\u00edo\"><img decoding=\"async\" src=\"https:\/\/www.mates.it\/wp-content\/uploads\/2016\/09\/Tecnica-del-vuoto.jpg\" class=\" attachment-portfolio size-portfolio wp-post-image\" alt=\"T\u00e9cnica de vac\u00edo\" title=\"\"><\/a>\n   <div class=\"slide-content\">\n      <header class=\"entry-content-header\">\n         <h6 class=\"slide-entry-title entry-title\" itemprop=\"headline\"><a\n            href=\"https:\/\/www.mates.it\/es\/procesos\/tecnica-de-vacio\/\"\n            title=\"New electric cars are getting really fast\">T\u00e9cnica de vac\u00edo<\/a><\/h6>\n         <span class=\"av-vertical-delimiter\"><\/span>\n      <\/header>\n      <div class=\"slide-entry-excerpt entry-content\" itemprop=\"text\">\n\t\t  <p>El proceso de vac\u00edo de las piezas requiere el uso de bolsas, pel\u00edculas o membranas conectadas a una bomba de vac\u00edo que compacta la capa inferior por vac\u00edo.<\/p>\n \n\t\t  <a href=\"https:\/\/www.mates.it\/es\/procesos\/tecnica-de-vacio\/\" class=\"avia-button avia-icon_select-yes-left-icon avia-size-small avia-position-left avia-color-theme-color-subtle\">\n\t\t\t  M\u00e1s informaci\u00f3n &raquo;\n\t\t  <\/a> \n      <\/div>\n   <\/div>\n   <footer class=\"entry-footer\"><\/footer>\n<\/article>\n\n<\/div><div class=\"flex-cell cell-1of3 medium-cell-1of2 small-cell-1of1\">\n<article class=\"post-entry slide-entry-overview slide-loop-1 slide-parity-odd real-thumbnail post-format-standard\"\n   itemscope=\"itemscope\" itemtype=\"https:\/\/schema.org\/CreativeWork\">\n   <a href=\"https:\/\/www.mates.it\/es\/procesos\/infusion-rfi\/\" title=\"https:\/\/www.mates.it\/es\/procesos\/infusion-rfi\/\" class=\"attachment-portfolio wp-post-image\"\n      alt=\"Infusi\u00f3n \/ RFI\"><img decoding=\"async\" src=\"https:\/\/www.mates.it\/wp-content\/uploads\/2016\/09\/Infusione-classica-I-RFI.jpg\" class=\" attachment-portfolio size-portfolio wp-post-image\" alt=\"Infusi\u00f3n \/ RFI\" title=\"\"><\/a>\n   <div class=\"slide-content\">\n      <header class=\"entry-content-header\">\n         <h6 class=\"slide-entry-title entry-title\" itemprop=\"headline\"><a\n            href=\"https:\/\/www.mates.it\/es\/procesos\/infusion-rfi\/\"\n            title=\"New electric cars are getting really fast\">Infusi\u00f3n \/ RFI<\/a><\/h6>\n         <span class=\"av-vertical-delimiter\"><\/span>\n      <\/header>\n      <div class=\"slide-entry-excerpt entry-content\" itemprop=\"text\">\n\t\t  <p>El proceso de infusi\u00f3n al vac\u00edo (VIP) es un proceso de producci\u00f3n cada vez m\u00e1s utilizado para mejorar la calidad est\u00e9tica de las piezas compuestas y reducir los costes de mano de obra.<\/p>\n \n\t\t  <a href=\"https:\/\/www.mates.it\/es\/procesos\/infusion-rfi\/\" class=\"avia-button avia-icon_select-yes-left-icon avia-size-small avia-position-left avia-color-theme-color-subtle\">\n\t\t\t  M\u00e1s informaci\u00f3n &raquo;\n\t\t  <\/a> \n      <\/div>\n   <\/div>\n   <footer class=\"entry-footer\"><\/footer>\n<\/article>\n\n<\/div><div class=\"flex-cell cell-1of3 medium-cell-1of2 small-cell-1of1\">\n<article class=\"post-entry slide-entry-overview slide-loop-1 slide-parity-odd real-thumbnail post-format-standard\"\n   itemscope=\"itemscope\" itemtype=\"https:\/\/schema.org\/CreativeWork\">\n   <a href=\"https:\/\/www.mates.it\/es\/procesos\/rtm-es\/\" title=\"https:\/\/www.mates.it\/es\/procesos\/rtm-es\/\" class=\"attachment-portfolio wp-post-image\"\n      alt=\"Transferencia de resina \/ RTM\"><img decoding=\"async\" src=\"https:\/\/www.mates.it\/wp-content\/uploads\/2016\/09\/RTM-I-RTM-Light.jpg\" class=\" attachment-portfolio size-portfolio wp-post-image\" alt=\"Transferencia de resina \/ RTM\" title=\"\"><\/a>\n   <div class=\"slide-content\">\n      <header class=\"entry-content-header\">\n         <h6 class=\"slide-entry-title entry-title\" itemprop=\"headline\"><a\n            href=\"https:\/\/www.mates.it\/es\/procesos\/rtm-es\/\"\n            title=\"New electric cars are getting really fast\">Transferencia de resina \/ RTM<\/a><\/h6>\n         <span class=\"av-vertical-delimiter\"><\/span>\n      <\/header>\n      <div class=\"slide-entry-excerpt entry-content\" itemprop=\"text\">\n\t\t  <p>El proceso RTM permite la producci\u00f3n de componentes compuestos avanzados con un grosor constante, buenas capacidades mec\u00e1nicas y tiempos de producci\u00f3n reducidos.<\/p>\n \n\t\t  <a href=\"https:\/\/www.mates.it\/es\/procesos\/rtm-es\/\" class=\"avia-button avia-icon_select-yes-left-icon avia-size-small avia-position-left avia-color-theme-color-subtle\">\n\t\t\t  M\u00e1s informaci\u00f3n &raquo;\n\t\t  <\/a> \n      <\/div>\n   <\/div>\n   <footer class=\"entry-footer\"><\/footer>\n<\/article>\n\n<\/div><div class=\"flex-cell cell-1of3 medium-cell-1of2 small-cell-1of1\">\n<article class=\"post-entry slide-entry-overview slide-loop-1 slide-parity-odd real-thumbnail post-format-standard\"\n   itemscope=\"itemscope\" itemtype=\"https:\/\/schema.org\/CreativeWork\">\n   <a href=\"https:\/\/www.mates.it\/es\/procesos\/moldeo-por-compresion\/\" title=\"https:\/\/www.mates.it\/es\/procesos\/moldeo-por-compresion\/\" class=\"attachment-portfolio wp-post-image\"\n      alt=\"Moldeo por compresi\u00f3n\"><img decoding=\"async\" src=\"https:\/\/www.mates.it\/wp-content\/uploads\/2016\/09\/Compression-Molding.jpg\" class=\" attachment-portfolio size-portfolio wp-post-image\" alt=\"Moldeo por compresi\u00f3n\" title=\"\"><\/a>\n   <div class=\"slide-content\">\n      <header class=\"entry-content-header\">\n         <h6 class=\"slide-entry-title entry-title\" itemprop=\"headline\"><a\n            href=\"https:\/\/www.mates.it\/es\/procesos\/moldeo-por-compresion\/\"\n            title=\"New electric cars are getting really fast\">Moldeo por compresi\u00f3n<\/a><\/h6>\n         <span class=\"av-vertical-delimiter\"><\/span>\n      <\/header>\n      <div class=\"slide-entry-excerpt entry-content\" itemprop=\"text\">\n\t\t  <p>El moldeo por compresi\u00f3n consiste en utilizar la fuerza mec\u00e1nica ejercida por una prensa industrial para producir componentes compuestos.<\/p>\n \n\t\t  <a href=\"https:\/\/www.mates.it\/es\/procesos\/moldeo-por-compresion\/\" class=\"avia-button avia-icon_select-yes-left-icon avia-size-small avia-position-left avia-color-theme-color-subtle\">\n\t\t\t  M\u00e1s informaci\u00f3n &raquo;\n\t\t  <\/a> \n      <\/div>\n   <\/div>\n   <footer class=\"entry-footer\"><\/footer>\n<\/article>\n\n<\/div><div class=\"flex-cell cell-1of3 medium-cell-1of2 small-cell-1of1\">\n<article class=\"post-entry slide-entry-overview slide-loop-1 slide-parity-odd real-thumbnail post-format-standard\"\n   itemscope=\"itemscope\" itemtype=\"https:\/\/schema.org\/CreativeWork\">\n   <a href=\"https:\/\/www.mates.it\/es\/procesos\/autoclave-s\/\" title=\"https:\/\/www.mates.it\/es\/procesos\/autoclave-s\/\" class=\"attachment-portfolio wp-post-image\"\n      alt=\"Autoclave\"><img decoding=\"async\" src=\"https:\/\/www.mates.it\/wp-content\/uploads\/2016\/09\/Prepreg-in-out-autoclave.jpg\" class=\" attachment-portfolio size-portfolio wp-post-image\" alt=\"Autoclave\" title=\"\"><\/a>\n   <div class=\"slide-content\">\n      <header class=\"entry-content-header\">\n         <h6 class=\"slide-entry-title entry-title\" itemprop=\"headline\"><a\n            href=\"https:\/\/www.mates.it\/es\/procesos\/autoclave-s\/\"\n            title=\"New electric cars are getting really fast\">Autoclave<\/a><\/h6>\n         <span class=\"av-vertical-delimiter\"><\/span>\n      <\/header>\n      <div class=\"slide-entry-excerpt entry-content\" itemprop=\"text\">\n\t\t  <p>El m\u00e9todo de procesado en autoclave implica el uso de preimpregnados y garantiza la m\u00e1xima precisi\u00f3n y repetibilidad en el proceso y una mayor homogeneidad estructural del composite.<\/p>\n \n\t\t  <a href=\"https:\/\/www.mates.it\/es\/procesos\/autoclave-s\/\" class=\"avia-button avia-icon_select-yes-left-icon avia-size-small avia-position-left avia-color-theme-color-subtle\">\n\t\t\t  M\u00e1s informaci\u00f3n &raquo;\n\t\t  <\/a> \n      <\/div>\n   <\/div>\n   <footer class=\"entry-footer\"><\/footer>\n<\/article>\n\n<\/div><div class=\"flex-cell cell-1of3 medium-cell-1of2 small-cell-1of1\">\n<article class=\"post-entry slide-entry-overview slide-loop-1 slide-parity-odd real-thumbnail post-format-standard\"\n   itemscope=\"itemscope\" itemtype=\"https:\/\/schema.org\/CreativeWork\">\n   <a href=\"https:\/\/www.mates.it\/es\/procesos\/pultrusion-es\/\" title=\"https:\/\/www.mates.it\/es\/procesos\/pultrusion-es\/\" class=\"attachment-portfolio wp-post-image\"\n      alt=\"Pultrusi\u00f3n\"><img decoding=\"async\" src=\"https:\/\/www.mates.it\/wp-content\/uploads\/2016\/09\/Pultrusione.jpg\" class=\" attachment-portfolio size-portfolio wp-post-image\" alt=\"Pultrusi\u00f3n\" title=\"\"><\/a>\n   <div class=\"slide-content\">\n      <header class=\"entry-content-header\">\n         <h6 class=\"slide-entry-title entry-title\" itemprop=\"headline\"><a\n            href=\"https:\/\/www.mates.it\/es\/procesos\/pultrusion-es\/\"\n            title=\"New electric cars are getting really fast\">Pultrusi\u00f3n<\/a><\/h6>\n         <span class=\"av-vertical-delimiter\"><\/span>\n      <\/header>\n      <div class=\"slide-entry-excerpt entry-content\" itemprop=\"text\">\n\t\t  <p>La pultrusi\u00f3n es una t\u00e9cnica muy utilizada en la producci\u00f3n de composites debido al bajo coste de todo el proceso de producci\u00f3n y a la reproducibilidad garantizada de la pieza.<\/p>\n \n\t\t  <a href=\"https:\/\/www.mates.it\/es\/procesos\/pultrusion-es\/\" class=\"avia-button avia-icon_select-yes-left-icon avia-size-small avia-position-left avia-color-theme-color-subtle\">\n\t\t\t  M\u00e1s informaci\u00f3n &raquo;\n\t\t  <\/a> \n      <\/div>\n   <\/div>\n   <footer class=\"entry-footer\"><\/footer>\n<\/article>\n\n<\/div><div class=\"flex-cell cell-1of3 medium-cell-1of2 small-cell-1of1\">\n<article class=\"post-entry slide-entry-overview slide-loop-1 slide-parity-odd real-thumbnail post-format-standard\"\n   itemscope=\"itemscope\" itemtype=\"https:\/\/schema.org\/CreativeWork\">\n   <a href=\"https:\/\/www.mates.it\/es\/procesos\/proyeccion-simultanea\/\" title=\"https:\/\/www.mates.it\/es\/procesos\/proyeccion-simultanea\/\" class=\"attachment-portfolio wp-post-image\"\n      alt=\"Proyecci\u00f3n simult\u00e1nea\"><img decoding=\"async\" src=\"https:\/\/www.mates.it\/wp-content\/uploads\/2016\/09\/Spray-up.jpg\" class=\" attachment-portfolio size-portfolio wp-post-image\" alt=\"Proyecci\u00f3n simult\u00e1nea\" title=\"\"><\/a>\n   <div class=\"slide-content\">\n      <header class=\"entry-content-header\">\n         <h6 class=\"slide-entry-title entry-title\" itemprop=\"headline\"><a\n            href=\"https:\/\/www.mates.it\/es\/procesos\/proyeccion-simultanea\/\"\n            title=\"New electric cars are getting really fast\">Proyecci\u00f3n simult\u00e1nea<\/a><\/h6>\n         <span class=\"av-vertical-delimiter\"><\/span>\n      <\/header>\n      <div class=\"slide-entry-excerpt entry-content\" itemprop=\"text\">\n\t\t  <p>El proceso de producci\u00f3n por proyecci\u00f3n simult\u00e1nea es uno de los m\u00e1s r\u00e1pidos y econ\u00f3micos del sector de los composites para la producci\u00f3n de componentes de gran tama\u00f1o.<\/p>\n \n\t\t  <a href=\"https:\/\/www.mates.it\/es\/procesos\/proyeccion-simultanea\/\" class=\"avia-button avia-icon_select-yes-left-icon avia-size-small avia-position-left avia-color-theme-color-subtle\">\n\t\t\t  M\u00e1s informaci\u00f3n &raquo;\n\t\t  <\/a> \n      <\/div>\n   <\/div>\n   <footer class=\"entry-footer\"><\/footer>\n<\/article>\n\n<\/div><div class=\"flex-cell cell-1of3 medium-cell-1of2 small-cell-1of1\">\n<article class=\"post-entry slide-entry-overview slide-loop-1 slide-parity-odd real-thumbnail post-format-standard\"\n   itemscope=\"itemscope\" itemtype=\"https:\/\/schema.org\/CreativeWork\">\n   <a href=\"https:\/\/www.mates.it\/es\/procesos\/enrollado\/\" title=\"https:\/\/www.mates.it\/es\/procesos\/enrollado\/\" class=\"attachment-portfolio wp-post-image\"\n      alt=\"Enrollado\"><img decoding=\"async\" src=\"https:\/\/www.mates.it\/wp-content\/uploads\/2016\/09\/Wrapping.jpg\" class=\" attachment-portfolio size-portfolio wp-post-image\" alt=\"Enrollado\" title=\"\"><\/a>\n   <div class=\"slide-content\">\n      <header class=\"entry-content-header\">\n         <h6 class=\"slide-entry-title entry-title\" itemprop=\"headline\"><a\n            href=\"https:\/\/www.mates.it\/es\/procesos\/enrollado\/\"\n            title=\"New electric cars are getting really fast\">Enrollado<\/a><\/h6>\n         <span class=\"av-vertical-delimiter\"><\/span>\n      <\/header>\n      <div class=\"slide-entry-excerpt entry-content\" itemprop=\"text\">\n\t\t  <p>La tecnolog\u00eda de enrollado permite fabricar componentes mediante la superposici\u00f3n de refuerzos preimpregnados sobre un mandril de forma cil\u00edndrica o c\u00f3nica.<\/p>\n \n\t\t  <a href=\"https:\/\/www.mates.it\/es\/procesos\/enrollado\/\" class=\"avia-button avia-icon_select-yes-left-icon avia-size-small avia-position-left avia-color-theme-color-subtle\">\n\t\t\t  M\u00e1s informaci\u00f3n &raquo;\n\t\t  <\/a> \n      <\/div>\n   <\/div>\n   <footer class=\"entry-footer\"><\/footer>\n<\/article>\n\n<\/div><div class=\"flex-cell cell-1of3 medium-cell-1of2 small-cell-1of1\">\n<article class=\"post-entry slide-entry-overview slide-loop-1 slide-parity-odd real-thumbnail post-format-standard\"\n   itemscope=\"itemscope\" itemtype=\"https:\/\/schema.org\/CreativeWork\">\n   <a href=\"https:\/\/www.mates.it\/es\/procesos\/bobinado-de-filamentos\/\" title=\"https:\/\/www.mates.it\/es\/procesos\/bobinado-de-filamentos\/\" class=\"attachment-portfolio wp-post-image\"\n      alt=\"Bobinado de filamentos\"><img decoding=\"async\" src=\"https:\/\/www.mates.it\/wp-content\/uploads\/2016\/09\/Filament-winding.jpg\" class=\" attachment-portfolio size-portfolio wp-post-image\" alt=\"Bobinado de filamentos\" title=\"\"><\/a>\n   <div class=\"slide-content\">\n      <header class=\"entry-content-header\">\n         <h6 class=\"slide-entry-title entry-title\" itemprop=\"headline\"><a\n            href=\"https:\/\/www.mates.it\/es\/procesos\/bobinado-de-filamentos\/\"\n            title=\"New electric cars are getting really fast\">Bobinado de filamentos<\/a><\/h6>\n         <span class=\"av-vertical-delimiter\"><\/span>\n      <\/header>\n      <div class=\"slide-entry-excerpt entry-content\" itemprop=\"text\">\n\t\t  <p>El proceso de bobinado de filamentos tiene lugar mediante el bobinado continuo de filamentos y se utiliza principalmente en la producci\u00f3n de productos compuestos huecos con secci\u00f3n transversal circular.<\/p>\n \n\t\t  <a href=\"https:\/\/www.mates.it\/es\/procesos\/bobinado-de-filamentos\/\" class=\"avia-button avia-icon_select-yes-left-icon avia-size-small avia-position-left avia-color-theme-color-subtle\">\n\t\t\t  M\u00e1s informaci\u00f3n &raquo;\n\t\t  <\/a> \n      <\/div>\n   <\/div>\n   <footer class=\"entry-footer\"><\/footer>\n<\/article>\n\n<\/div><\/div\">\n<\/div><\/section>\n","protected":false},"excerpt":{"rendered":"<p>Los procesos de fabricaci\u00f3n de componentes compuestos var\u00edan en funci\u00f3n de la forma, el tama\u00f1o y las propiedades requeridas del componente acabado.<\/p>\n","protected":false},"author":1,"featured_media":7839,"parent":0,"menu_order":4,"comment_status":"closed","ping_status":"closed","template":"","meta":{"footnotes":""},"class_list":["post-9405","page","type-page","status-publish","has-post-thumbnail","hentry"],"_links":{"self":[{"href":"https:\/\/www.mates.it\/es\/wp-json\/wp\/v2\/pages\/9405","targetHints":{"allow":["GET"]}}],"collection":[{"href":"https:\/\/www.mates.it\/es\/wp-json\/wp\/v2\/pages"}],"about":[{"href":"https:\/\/www.mates.it\/es\/wp-json\/wp\/v2\/types\/page"}],"author":[{"embeddable":true,"href":"https:\/\/www.mates.it\/es\/wp-json\/wp\/v2\/users\/1"}],"replies":[{"embeddable":true,"href":"https:\/\/www.mates.it\/es\/wp-json\/wp\/v2\/comments?post=9405"}],"version-history":[{"count":0,"href":"https:\/\/www.mates.it\/es\/wp-json\/wp\/v2\/pages\/9405\/revisions"}],"wp:featuredmedia":[{"embeddable":true,"href":"https:\/\/www.mates.it\/es\/wp-json\/wp\/v2\/media\/7839"}],"wp:attachment":[{"href":"https:\/\/www.mates.it\/es\/wp-json\/wp\/v2\/media?parent=9405"}],"curies":[{"name":"wp","href":"https:\/\/api.w.org\/{rel}","templated":true}]}}