{"id":9407,"date":"2015-09-16T10:50:50","date_gmt":"2015-09-16T08:50:50","guid":{"rendered":"https:\/\/www.mates.it\/supporto\/servicios-ofrecidos\/"},"modified":"2026-03-08T17:25:29","modified_gmt":"2026-03-08T16:25:29","slug":"servicios-ofrecidos","status":"publish","type":"page","link":"https:\/\/www.mates.it\/es\/quienes-somos\/servicios-ofrecidos\/","title":{"rendered":"Servicios ofrecidos"},"content":{"rendered":"<div  class='flex_column av-av_one_full-7714eba142aeda1f8b5272a3c372b279 av_one_full  avia-builder-el-0  el_before_av_hr  avia-builder-el-first  first flex_column_div  '     ><p>\n<style type=\"text\/css\" data-created_by=\"avia_inline_auto\" id=\"style-css-av-lm14cjoa-b6f6866e91f8aabd8696b0e1062fcf9d\">\n#top .av-special-heading.av-lm14cjoa-b6f6866e91f8aabd8696b0e1062fcf9d{\npadding-bottom:10px;\n}\nbody .av-special-heading.av-lm14cjoa-b6f6866e91f8aabd8696b0e1062fcf9d .av-special-heading-tag .heading-char{\nfont-size:25px;\n}\n.av-special-heading.av-lm14cjoa-b6f6866e91f8aabd8696b0e1062fcf9d .av-subheading{\nfont-size:15px;\n}\n<\/style>\n<div  class='av-special-heading av-lm14cjoa-b6f6866e91f8aabd8696b0e1062fcf9d av-special-heading-h1  avia-builder-el-1  el_before_av_textblock  avia-builder-el-first  custom-h1-title'><h1 class='av-special-heading-tag '  >Servicios ofrecidos<\/h1><div class=\"special-heading-border\"><div class=\"special-heading-inner-border\"><\/div><\/div><\/div><br \/>\n<section  class='av_textblock_section av-lm14ceck-7cc5a175dc1fc55cdc646d48bab39b98 '  ><div class='avia_textblock' ><p>Para garantizar una total transparencia, asistencia t\u00e9cnica y un servicio al cliente de alta calidad, Mates siempre ha ofrecido una amplia gama de servicios cuidadosamente dise\u00f1ados para satisfacer todas las necesidades individuales. Nuestras garant\u00edas y certificaciones de producto no s\u00f3lo aportan claridad sobre el origen de los art\u00edculos de nuestro cat\u00e1logo, sino que tambi\u00e9n confirman el cumplimiento de los requisitos normativos internacionales.<\/p>\n<p>El soporte t\u00e9cnico se proporciona mediante una serie de pruebas espec\u00edficas aplicadas a los productos, as\u00ed como una estrecha colaboraci\u00f3n a lo largo de los principales procesos de producci\u00f3n o durante la personalizaci\u00f3n. Adem\u00e1s, podemos ofrecer asistencia altamente especializada a los clientes tanto durante la fase de dise\u00f1o como en las fases de preventa y posventa.<\/p>\n<\/div><\/section><\/p><\/div>\n<div  class='hr av-av_hr-91d7ccd583a503147498e120fee2ff9b hr-default  avia-builder-el-3  el_after_av_one_full  el_before_av_progress '><span class='hr-inner '><span class=\"hr-inner-style\"><\/span><\/span><\/div>\n\n<style type=\"text\/css\" data-created_by=\"avia_inline_auto\" id=\"style-css-sub-av-lm14d64r-05fa31b04c9d0431e48d5cf7d7422e08\">\n#top .avia-progress-bar-container .avia-progress-bar.av-lm14crg9-572e800f861adee5507a9f10d8636bf9 .bar{\nwidth:95%;\n}\n#top .avia-progress-bar-container .avia-progress-bar.av-lm14d0yn-3563caef2a5ba8a87c7d4ff0510c4b8b .bar{\nwidth:70%;\n}\n#top .avia-progress-bar-container .avia-progress-bar.av-lm14d5a9-3c471826a8690870f40b296fe8feca0e .bar{\nwidth:80%;\n}\n<\/style>\n<div  class='avia-progress-bar-container av-lm14d64r-05fa31b04c9d0431e48d5cf7d7422e08 av-striped-bar av-animated-bar avia_animate_when_almost_visible  avia-builder-el-4  el_after_av_hr  el_before_av_hr '><div class='avia-progress-bar av-lm14crg9-572e800f861adee5507a9f10d8636bf9 icon-bar-no theme-color-bar theme-color-bar icon-bar-no'><div class=\"progressbar-title-wrap\"><div class=\"progressbar-icon\"><span class='progressbar-char avia-iconfont avia-font-entypo-fontello' data-av_icon='' data-av_iconfont='entypo-fontello' ><\/span><\/div><div class='progressbar-title'>Soporte<\/div><\/div><div class=\"progress\"><div class=\"bar-outer\"><div class='bar' data-progress='95'><\/div><\/div><\/div><\/div><div class='avia-progress-bar av-lm14d0yn-3563caef2a5ba8a87c7d4ff0510c4b8b icon-bar-no theme-color-bar theme-color-bar icon-bar-no'><div class=\"progressbar-title-wrap\"><div class=\"progressbar-icon\"><span class='progressbar-char avia-iconfont avia-font-entypo-fontello' data-av_icon='\ue800' data-av_iconfont='entypo-fontello' ><\/span><\/div><div class='progressbar-title'>Ingenier\u00eda<\/div><\/div><div class=\"progress\"><div class=\"bar-outer\"><div class='bar' data-progress='70'><\/div><\/div><\/div><\/div><div class='avia-progress-bar av-lm14d5a9-3c471826a8690870f40b296fe8feca0e icon-bar-no theme-color-bar theme-color-bar icon-bar-no'><div class=\"progressbar-title-wrap\"><div class=\"progressbar-icon\"><span class='progressbar-char avia-iconfont avia-font-entypo-fontello' data-av_icon='\ue800' data-av_iconfont='entypo-fontello' ><\/span><\/div><div class='progressbar-title'>Personalizaciones<\/div><\/div><div class=\"progress\"><div class=\"bar-outer\"><div class='bar' data-progress='80'><\/div><\/div><\/div><\/div><\/div>\n<div  class='hr av-av_hr-91d7ccd583a503147498e120fee2ff9b hr-default  avia-builder-el-5  el_after_av_progress  el_before_av_textblock '><span class='hr-inner '><span class=\"hr-inner-style\"><\/span><\/span><\/div>\n<section  class='av_textblock_section av-av_textblock-7a1af7d8f9790576b1769c0a9f0449ed '  ><div class='avia_textblock' ><div class=\"flex-container container-align-start\"><div class=\"flex-cell cell-1of3 medium-cell-1of2 small-cell-1of1\">\n<article class=\"post-entry slide-entry-overview slide-loop-1 slide-parity-odd real-thumbnail post-format-standard\"\n   itemscope=\"itemscope\" itemtype=\"https:\/\/schema.org\/CreativeWork\">\n   <a href=\"https:\/\/www.mates.it\/es\/quienes-somos\/servicios-ofrecidos\/soporte\/\" title=\"https:\/\/www.mates.it\/es\/quienes-somos\/servicios-ofrecidos\/soporte\/\" class=\"attachment-portfolio wp-post-image\"\n      alt=\"Soporte\"><img decoding=\"async\" src=\"https:\/\/www.mates.it\/wp-content\/uploads\/supporto_servizi.jpg\" class=\" attachment-portfolio size-portfolio wp-post-image\" alt=\"Soporte\" title=\"\"><\/a>\n   <div class=\"slide-content\">\n      <header class=\"entry-content-header\">\n         <h6 class=\"slide-entry-title entry-title\" itemprop=\"headline\"><a\n            href=\"https:\/\/www.mates.it\/es\/quienes-somos\/servicios-ofrecidos\/soporte\/\"\n            title=\"New electric cars are getting really fast\">Soporte<\/a><\/h6>\n         <span class=\"av-vertical-delimiter\"><\/span>\n      <\/header>\n      <div class=\"slide-entry-excerpt entry-content\" itemprop=\"text\">\n\t\t  <p>Con una red establecida de agentes y consultores distribuidos nacional e internacionalmente, Mates garantiza un apoyo \u00f3ptimo que supera las expectativas del cliente.<\/p>\n \n\t\t  <a href=\"https:\/\/www.mates.it\/es\/quienes-somos\/servicios-ofrecidos\/soporte\/\" class=\"avia-button avia-icon_select-yes-left-icon avia-size-small avia-position-left avia-color-theme-color-subtle\">\n\t\t\t  M\u00e1s informaci\u00f3n &raquo;\n\t\t  <\/a> \n      <\/div>\n   <\/div>\n   <footer class=\"entry-footer\"><\/footer>\n<\/article>\n\n<\/div><div class=\"flex-cell cell-1of3 medium-cell-1of2 small-cell-1of1\">\n<article class=\"post-entry slide-entry-overview slide-loop-1 slide-parity-odd real-thumbnail post-format-standard\"\n   itemscope=\"itemscope\" itemtype=\"https:\/\/schema.org\/CreativeWork\">\n   <a href=\"https:\/\/www.mates.it\/es\/quienes-somos\/servicios-ofrecidos\/ingenieria\/\" title=\"https:\/\/www.mates.it\/es\/quienes-somos\/servicios-ofrecidos\/ingenieria\/\" class=\"attachment-portfolio wp-post-image\"\n      alt=\"Ingenier\u00eda\"><img decoding=\"async\" src=\"https:\/\/www.mates.it\/wp-content\/uploads\/supporto_progettazione.png\" class=\" attachment-portfolio size-portfolio wp-post-image\" alt=\"Ingenier\u00eda\" title=\"\"><\/a>\n   <div class=\"slide-content\">\n      <header class=\"entry-content-header\">\n         <h6 class=\"slide-entry-title entry-title\" itemprop=\"headline\"><a\n            href=\"https:\/\/www.mates.it\/es\/quienes-somos\/servicios-ofrecidos\/ingenieria\/\"\n            title=\"New electric cars are getting really fast\">Ingenier\u00eda<\/a><\/h6>\n         <span class=\"av-vertical-delimiter\"><\/span>\n      <\/header>\n      <div class=\"slide-entry-excerpt entry-content\" itemprop=\"text\">\n\t\t  <p>Nuestro compromiso siempre ha sido ofrecer a los clientes no s\u00f3lo productos de alta calidad, sino tambi\u00e9n asesoramiento t\u00e9cnico experto a lo largo de todo el ciclo de realizaci\u00f3n del componente acabado.<\/p>\n \n\t\t  <a href=\"https:\/\/www.mates.it\/es\/quienes-somos\/servicios-ofrecidos\/ingenieria\/\" class=\"avia-button avia-icon_select-yes-left-icon avia-size-small avia-position-left avia-color-theme-color-subtle\">\n\t\t\t  M\u00e1s informaci\u00f3n &raquo;\n\t\t  <\/a> \n      <\/div>\n   <\/div>\n   <footer class=\"entry-footer\"><\/footer>\n<\/article>\n\n<\/div><div class=\"flex-cell cell-1of3 medium-cell-1of2 small-cell-1of1\">\n<article class=\"post-entry slide-entry-overview slide-loop-1 slide-parity-odd real-thumbnail post-format-standard\"\n   itemscope=\"itemscope\" itemtype=\"https:\/\/schema.org\/CreativeWork\">\n   <a href=\"https:\/\/www.mates.it\/es\/quienes-somos\/servicios-ofrecidos\/personalizaciones\/\" title=\"https:\/\/www.mates.it\/es\/quienes-somos\/servicios-ofrecidos\/personalizaciones\/\" class=\"attachment-portfolio wp-post-image\"\n      alt=\"Personalizaciones\"><img decoding=\"async\" src=\"https:\/\/www.mates.it\/wp-content\/uploads\/supporto_personalizzazioni.svg.png\" class=\" attachment-portfolio size-portfolio wp-post-image\" alt=\"Personalizaciones\" title=\"\"><\/a>\n   <div class=\"slide-content\">\n      <header class=\"entry-content-header\">\n         <h6 class=\"slide-entry-title entry-title\" itemprop=\"headline\"><a\n            href=\"https:\/\/www.mates.it\/es\/quienes-somos\/servicios-ofrecidos\/personalizaciones\/\"\n            title=\"New electric cars are getting really fast\">Personalizaciones<\/a><\/h6>\n         <span class=\"av-vertical-delimiter\"><\/span>\n      <\/header>\n      <div class=\"slide-entry-excerpt entry-content\" itemprop=\"text\">\n\t\t  <p>Nuestra empresa puede ofrecer asistencia espec\u00edfica tanto para iniciar un nuevo proyecto como para optimizar un proceso ya iniciado y encontrar soluciones personalizadas a problemas importantes.<\/p>\n \n\t\t  <a href=\"https:\/\/www.mates.it\/es\/quienes-somos\/servicios-ofrecidos\/personalizaciones\/\" class=\"avia-button avia-icon_select-yes-left-icon avia-size-small avia-position-left avia-color-theme-color-subtle\">\n\t\t\t  M\u00e1s informaci\u00f3n &raquo;\n\t\t  <\/a> \n      <\/div>\n   <\/div>\n   <footer class=\"entry-footer\"><\/footer>\n<\/article>\n\n<\/div><\/div\">\n<\/div><\/section>\n","protected":false},"excerpt":{"rendered":"<p>Para garantizar una total transparencia, una asistencia t\u00e9cnica y un servicio al cliente de alta calidad, Mates siempre ha ofrecido una completa gama de servicios cuidadosamente dise\u00f1ados para satisfacer todas las necesidades individuales.<\/p>\n","protected":false},"author":1,"featured_media":7443,"parent":9592,"menu_order":2,"comment_status":"open","ping_status":"closed","template":"","meta":{"footnotes":""},"class_list":["post-9407","page","type-page","status-publish","has-post-thumbnail","hentry"],"_links":{"self":[{"href":"https:\/\/www.mates.it\/es\/wp-json\/wp\/v2\/pages\/9407","targetHints":{"allow":["GET"]}}],"collection":[{"href":"https:\/\/www.mates.it\/es\/wp-json\/wp\/v2\/pages"}],"about":[{"href":"https:\/\/www.mates.it\/es\/wp-json\/wp\/v2\/types\/page"}],"author":[{"embeddable":true,"href":"https:\/\/www.mates.it\/es\/wp-json\/wp\/v2\/users\/1"}],"replies":[{"embeddable":true,"href":"https:\/\/www.mates.it\/es\/wp-json\/wp\/v2\/comments?post=9407"}],"version-history":[{"count":1,"href":"https:\/\/www.mates.it\/es\/wp-json\/wp\/v2\/pages\/9407\/revisions"}],"predecessor-version":[{"id":21229,"href":"https:\/\/www.mates.it\/es\/wp-json\/wp\/v2\/pages\/9407\/revisions\/21229"}],"up":[{"embeddable":true,"href":"https:\/\/www.mates.it\/es\/wp-json\/wp\/v2\/pages\/9592"}],"wp:featuredmedia":[{"embeddable":true,"href":"https:\/\/www.mates.it\/es\/wp-json\/wp\/v2\/media\/7443"}],"wp:attachment":[{"href":"https:\/\/www.mates.it\/es\/wp-json\/wp\/v2\/media?parent=9407"}],"curies":[{"name":"wp","href":"https:\/\/api.w.org\/{rel}","templated":true}]}}