{"id":9409,"date":"2015-09-16T10:50:47","date_gmt":"2015-09-16T08:50:47","guid":{"rendered":"https:\/\/www.mates.it\/supporto\/fai-business-con-noi\/contactos\/"},"modified":"2024-05-28T18:39:07","modified_gmt":"2024-05-28T16:39:07","slug":"contacto","status":"publish","type":"page","link":"https:\/\/www.mates.it\/es\/quienes-somos\/contacto\/","title":{"rendered":"Contacto"},"content":{"rendered":"<div  class='av_gmaps_sc_main_wrap av_gmaps_main_wrap '><div id='av_gmap_0' class='avia-google-map-container avia-google-map-sc av_gmaps_show_unconditionally av-no-fallback-img ' data-mapid='av_gmap_0'  style='height: 300px;'><a class=\"av_gmaps_browser_disabled av_text_confirm_link av_text_confirm_link_visible\" href=\"https:\/\/www.google.com\/maps\/search\/?api=1&#038;query=via%20Pacinotti,%204%2020054%20Segrate%20Italia%20Italia\" target=\"_blank\" rel=\"noopener\">Maps were disabled by the visitor on this site. Click to open the map in a new window.<\/a><\/div><\/div>\n<div  class='flex_column av-9iainl-7cf5a9d5fb5b0db42d53cbd6c7aedea7 av_one_full  avia-builder-el-1  el_after_av_google_map  el_before_av_hr  avia-builder-el-first  first flex_column_div  '     ><p>\n<style type=\"text\/css\" data-created_by=\"avia_inline_auto\" id=\"style-css-av-lm15zmt4-c756b59c4d7ece1c2e9990e90cf2dae7\">\n#top .av-special-heading.av-lm15zmt4-c756b59c4d7ece1c2e9990e90cf2dae7{\npadding-bottom:10px;\n}\nbody .av-special-heading.av-lm15zmt4-c756b59c4d7ece1c2e9990e90cf2dae7 .av-special-heading-tag .heading-char{\nfont-size:25px;\n}\n.av-special-heading.av-lm15zmt4-c756b59c4d7ece1c2e9990e90cf2dae7 .av-subheading{\nfont-size:15px;\n}\n<\/style>\n<div  class='av-special-heading av-lm15zmt4-c756b59c4d7ece1c2e9990e90cf2dae7 av-special-heading-h1  avia-builder-el-2  el_before_av_textblock  avia-builder-el-first  custom-h1-title'><h1 class='av-special-heading-tag '  >Contacto<\/h1><div class=\"special-heading-border\"><div class=\"special-heading-inner-border\"><\/div><\/div><\/div><br \/>\n<section  class='av_textblock_section av-lm160hlt-88f2c342ec6ee274b8fd3cbc0790e91b '  ><div class='avia_textblock' ><div>\n<p>Esta secci\u00f3n contiene los datos de contacto. No dude en ponerse en contacto con nuestro personal para cualquier problema t\u00e9cnico, log\u00edstico o de informaci\u00f3n general. Nuestras oficinas s\u00f3lo est\u00e1n disponibles en horario de apertura al p\u00fablico. Para cualquier consulta general, presupuestos personalizados, colaboraciones o para trabajar con nosotros, utilice los formatos facilitados.<\/p>\n<\/div>\n<div><\/div>\n<div><\/div>\n<div>Sede y operaciones:<\/div>\n<div><\/div>\n<div><\/div>\n<div><\/div>\n<div>\n<div><a href=\"https:\/\/www.google.it\/maps\/place\/Mates+Italiana\/@45.4981154,9.2804888,15z\/data=%214m5%213m4%211s0x0:0xe16e24d9fe303487%218m2%213d45.4981154%214d9.2804888\" target=\"_blank\" rel=\"noopener noreferrer\">via Pacinotti, 4 &#8211; 20054 Segrate (MI) Italia<\/a><\/div>\n<div>Tel: <a href=\"tel:00390292160357%22\">+39 0292160357<\/a> &#8211; Fax: <a href=\"tel:00390292160231\">+39 0292160231<\/a> Correo electr\u00f3nico: <a href=\"mailto:info@mates.it?subject=Richiesta%20informazioni%20-%20Information%20request&#038;body=%0ANome%20%2F%20Name%3A%20%0ACognome%20%2F%20Surname%3A%0ACitt%C3%A0%20%2F%20City%3A%20%0AAzienda%20%2F%20Company%3A%20%0ARuolo%20%2F%20Role%3A%20%0A%0AMessaggio%20%2F%20Message%3A%0A\">info@mates.it<\/a><\/div>\n<div>Horario de log\u00edstica 9.00-12.00 \/ 14.00-17.00<\/div>\n<div><\/div>\n<div><\/div>\n<\/div>\n<div><\/div>\n<div><\/div>\n<div>\n<div>\n<div><br class=\"avia-permanent-lb\" \/>Almac\u00e9n secundario:<br \/>\n<a href=\"https:\/\/www.google.com\/maps\/place\/Via+Galileo+Galilei,+36,+20096+Pioltello+MI\/@45.4929693,9.324056,3a,90y,94.56h,100.35t\/data=!3m6!1e1!3m4!1sPcxdA7o9foaSAcwsbwZPTA!2e0!7i16384!8i8192!4m5!3m4!1s0x4786c8504c5c0ddd:0x4c33d2618d9c6c22!8m2!3d45.4929865!4d9.3241412\" target=\"_blank\" rel=\"noopener noreferrer\">via Galilei, 36 &#8211; 20096 Pioltello (MI) Italia<\/a><\/div>\n<\/div>\n<div><\/div>\n<\/div>\n<div><\/div>\n<\/div><\/section><\/p><\/div>\n<div  class='hr av-79ekep-f23180946832f48e05201e9159910d8c hr-default  avia-builder-el-4  el_after_av_one_full  el_before_av_one_half '><span class='hr-inner '><span class=\"hr-inner-style\"><\/span><\/span><\/div>\n<div  class='flex_column av-5xa3kx-b4693a8cb9bb181532dab97e34fa4bdc av_one_half  avia-builder-el-5  el_after_av_hr  el_before_av_one_half  first flex_column_div  '     ><section  class='av_textblock_section av-lm16488m-09f3670ed6a31b61964dcea1b3522041 '  ><div class='avia_textblock' ><h6>CONTACTO<\/h6>\n<p>Por favor, rellene los campos de nuestro formulario de contacto, nuestro equipo est\u00e1 listo para ayudarle y responder\u00e1 con prontitud a sus solicitudes.<\/p>\n<\/div><\/section><br \/>\n<\/p><\/div>\n<div  class='flex_column av-3miuht-293dfa1d7b59337b9ed623b9faee37e0 av_one_half  avia-builder-el-8  el_after_av_one_half  el_before_av_hr  flex_column_div  '     ><section  class='av_textblock_section av-lm164edb-761790351a3b3bd58e69c4a2f221bedd '  ><div class='avia_textblock' ><h6>MANT\u00c9NGASE AL D\u00cdA<\/h6>\n<p>Suscr\u00edbase a nuestro bolet\u00edn trimestral y mant\u00e9ngase al d\u00eda de todo lo que hay que saber sobre nuevos productos, eventos, promociones y lanzamientos.<\/p>\n<\/div><\/section><br \/>\n<\/p><\/div>\n<div  class='hr av-278zvl-ebe37c0d487e0b738a8cb21c2576a7e3 hr-default  avia-builder-el-11  el_after_av_one_half  avia-builder-el-last '><span class='hr-inner '><span class=\"hr-inner-style\"><\/span><\/span><\/div>\n","protected":false},"excerpt":{"rendered":"<p>En esta secci\u00f3n encontrar\u00e1 los datos de contacto. No dude en ponerse en contacto con nuestro personal para cualquier problema t\u00e9cnico o log\u00edstico o para obtener informaci\u00f3n general sobre productos y procesos.<\/p>\n","protected":false},"author":1,"featured_media":17529,"parent":9592,"menu_order":3,"comment_status":"open","ping_status":"closed","template":"","meta":{"footnotes":""},"class_list":["post-9409","page","type-page","status-publish","has-post-thumbnail","hentry"],"_links":{"self":[{"href":"https:\/\/www.mates.it\/es\/wp-json\/wp\/v2\/pages\/9409","targetHints":{"allow":["GET"]}}],"collection":[{"href":"https:\/\/www.mates.it\/es\/wp-json\/wp\/v2\/pages"}],"about":[{"href":"https:\/\/www.mates.it\/es\/wp-json\/wp\/v2\/types\/page"}],"author":[{"embeddable":true,"href":"https:\/\/www.mates.it\/es\/wp-json\/wp\/v2\/users\/1"}],"replies":[{"embeddable":true,"href":"https:\/\/www.mates.it\/es\/wp-json\/wp\/v2\/comments?post=9409"}],"version-history":[{"count":0,"href":"https:\/\/www.mates.it\/es\/wp-json\/wp\/v2\/pages\/9409\/revisions"}],"up":[{"embeddable":true,"href":"https:\/\/www.mates.it\/es\/wp-json\/wp\/v2\/pages\/9592"}],"wp:featuredmedia":[{"embeddable":true,"href":"https:\/\/www.mates.it\/es\/wp-json\/wp\/v2\/media\/17529"}],"wp:attachment":[{"href":"https:\/\/www.mates.it\/es\/wp-json\/wp\/v2\/media?parent=9409"}],"curies":[{"name":"wp","href":"https:\/\/api.w.org\/{rel}","templated":true}]}}