{"id":9410,"date":"2015-09-16T10:53:05","date_gmt":"2015-09-16T08:53:05","guid":{"rendered":"https:\/\/www.mates.it\/settori\/automocion\/"},"modified":"2023-10-14T14:52:45","modified_gmt":"2023-10-14T12:52:45","slug":"automocion","status":"publish","type":"page","link":"https:\/\/www.mates.it\/es\/mercados\/automocion\/","title":{"rendered":"Automoci\u00f3n"},"content":{"rendered":"<\/p>\n<div  class='flex_column av-av_one_full-7714eba142aeda1f8b5272a3c372b279 av_one_full  avia-builder-el-0  el_before_av_one_full  avia-builder-el-first  first flex_column_div  '     ><p>\n<style type=\"text\/css\" data-created_by=\"avia_inline_auto\" id=\"style-css-av-lk8owh1m-d9d06e0dba8c35f955e4ec739c432ae9\">\n#top .av-special-heading.av-lk8owh1m-d9d06e0dba8c35f955e4ec739c432ae9{\npadding-bottom:10px;\n}\nbody .av-special-heading.av-lk8owh1m-d9d06e0dba8c35f955e4ec739c432ae9 .av-special-heading-tag .heading-char{\nfont-size:25px;\n}\n.av-special-heading.av-lk8owh1m-d9d06e0dba8c35f955e4ec739c432ae9 .av-subheading{\nfont-size:15px;\n}\n<\/style>\n<div  class='av-special-heading av-lk8owh1m-d9d06e0dba8c35f955e4ec739c432ae9 av-special-heading-h1  avia-builder-el-1  el_before_av_textblock  avia-builder-el-first  custom-h1-title'><h1 class='av-special-heading-tag '  >Automoci\u00f3n<\/h1><div class=\"special-heading-border\"><div class=\"special-heading-inner-border\"><\/div><\/div><\/div><br \/>\n<section  class='av_textblock_section av-lk8owp8m-ef752f04d1aa43d8e5c1dd4f39dd8a72 '  ><div class='avia_textblock' ><p>La industria de la automoci\u00f3n se caracteriza por la demanda de materiales ligeros y resistentes que garanticen altos niveles de eficiencia y rendimiento en los veh\u00edculos comerciales, de uso diario, equipamientos especiales y departamentos de competici\u00f3n. La demanda del mercado automovil\u00edstico se centra en la reducci\u00f3n del peso de los coches mediante el uso de materiales de \u00faltima generaci\u00f3n derivados de la aeron\u00e1utica, como el preimpregnado en autoclave y fuera de autoclave o el film adhesivo, aptos tanto para la producci\u00f3n en serie como para prototipos. De este modo, se consigue una considerable reducci\u00f3n del consumo al tiempo que se garantiza una mayor eficiencia en la generaci\u00f3n de fuerza motriz.<\/p>\n<p>Mates apuesta por la satisfacci\u00f3n del cliente con materias primas y consumibles de primera calidad procedentes de los mejores fabricantes del mundo. Estos productos, que se utilizan para la producci\u00f3n de componentes de fibra de carbono, gracias a su ductilidad hacen que el material sea apto para el uso decidido por el comprador y garantizan la preservaci\u00f3n de la integridad estructural durante todo el ciclo de vida del veh\u00edculo.<\/p>\n<\/div><\/section><br \/>\n<div  class='hr av-av_hr-91d7ccd583a503147498e120fee2ff9b hr-default  avia-builder-el-3  el_after_av_textblock  el_before_av_image_hotspot  avia-builder-el-last '><span class='hr-inner '><span class=\"hr-inner-style\"><\/span><\/span><\/div><br \/>\n\n<style type=\"text\/css\" data-created_by=\"avia_inline_auto\" id=\"style-css-sub-av-lk8oz7d0-7517e0dcac65c2bea57f50e89cab21c1\">\n.av-hotspot-image-container .av-image-hotspot.av-lk8ox3lx-1e6a3c9f2196a3d5c9bb503d99a07f7c{\ntop:75%;\nleft:79.1%;\n}\n.av-hotspot-image-container .av-image-hotspot.av-lk8oxch6-477c14088a9b9976fd5c22bd4aa4094a{\ntop:41.6%;\nleft:43.1%;\n}\n.av-hotspot-image-container .av-image-hotspot.av-lk8oyn0s-bda28bc34c7c7cb6ade05dc107ccb391{\ntop:80.6%;\nleft:29.4%;\n}\n.av-hotspot-image-container .av-image-hotspot.av-av_image_spot-7d2c4b8b31d58c8108c68325c8bffbfc{\ntop:47.1%;\nleft:21.4%;\n}\n.av-hotspot-image-container .av-image-hotspot.av-lk8oz6xo-31d54aa982413a54f45eceb3f0d2da6e{\ntop:77.7%;\nleft:56.3%;\n}\n.av-hotspot-image-container .av-image-hotspot.av-lk8oz6xo-5708dc78425d4e383e991e6aa2ad93dc{\ntop:16.5%;\nleft:54.2%;\n}\n<\/style>\n<div  class='av-hotspot-image-container av-lk8oz7d0-7517e0dcac65c2bea57f50e89cab21c1  avia-builder-el-4  el_after_av_hr  avia-builder-el-last  av-hotspot-numbered av-mobile-fallback-active  av-non-fullwidth-hotspot-image' ><div class='av-hotspot-container'><div class='av-hotspot-container-inner-cell'><div class='av-hotspot-container-inner-wrap'><div class='av-image-hotspot av-lk8ox3lx-1e6a3c9f2196a3d5c9bb503d99a07f7c av-image-hotspot-1 ' data-avia-tooltip-position='left' data-avia-tooltip-alignment='top' data-avia-tooltip-class='av-tt-default-width av-tt-pos-left av-tt-align-top  av-mobile-fallback-active  main_color av-tt-hotspot' data-avia-tooltip='&lt;p&gt;Refuerzos&lt;\/p&gt;\n'><a href=https:\/\/www.mates.it\/es\/productos\/tejidos-refuerzos\/  target=\"_blank\"  rel=\"noopener noreferrer\" class='av-image-hotspot_inner'>1<\/a><div class='av-image-hotspot-pulse'><\/div><\/div><div class='av-image-hotspot av-lk8oxch6-477c14088a9b9976fd5c22bd4aa4094a av-image-hotspot-2 ' data-avia-tooltip-position='left' data-avia-tooltip-alignment='top' data-avia-tooltip-class='av-tt-default-width av-tt-pos-left av-tt-align-top  av-mobile-fallback-active  main_color av-tt-hotspot' data-avia-tooltip='&lt;p&gt;Agentes desmoldeantes&lt;\/p&gt;\n'><a href=https:\/\/www.mates.it\/es\/productos\/agentes-desmoldantes\/  target=\"_blank\"  rel=\"noopener noreferrer\" class='av-image-hotspot_inner'>2<\/a><div class='av-image-hotspot-pulse'><\/div><\/div><div class='av-image-hotspot av-lk8oyn0s-bda28bc34c7c7cb6ade05dc107ccb391 av-image-hotspot-3 ' data-avia-tooltip-position='left' data-avia-tooltip-alignment='top' data-avia-tooltip-class='av-tt-default-width av-tt-pos-left av-tt-align-top  av-mobile-fallback-active  main_color av-tt-hotspot' data-avia-tooltip='&lt;p&gt;N\u00facleos estructurales&lt;\/p&gt;\n'><a href=https:\/\/www.mates.it\/es\/productos\/nucleos-estructurales\/  target=\"_blank\"  rel=\"noopener noreferrer\" class='av-image-hotspot_inner'>3<\/a><div class='av-image-hotspot-pulse'><\/div><\/div><div class='av-image-hotspot av-av_image_spot-7d2c4b8b31d58c8108c68325c8bffbfc av-image-hotspot-4 ' data-avia-tooltip-position='left' data-avia-tooltip-alignment='top' data-avia-tooltip-class='av-tt-default-width av-tt-pos-left av-tt-align-top  av-mobile-fallback-active  main_color av-tt-hotspot' data-avia-tooltip='&lt;p&gt;Adesivi \/ Collanti&lt;\/p&gt;\n'><a href=https:\/\/www.mates.it\/prodotti\/resine-adesivi-chimici\/adesivi-collanti\/  target=\"_blank\"  rel=\"noopener noreferrer\" class='av-image-hotspot_inner'>4<\/a><div class='av-image-hotspot-pulse'><\/div><\/div><div class='av-image-hotspot av-lk8oz6xo-31d54aa982413a54f45eceb3f0d2da6e av-image-hotspot-5 ' data-avia-tooltip-position='left' data-avia-tooltip-alignment='top' data-avia-tooltip-class='av-tt-default-width av-tt-pos-left av-tt-align-top  av-mobile-fallback-active  main_color av-tt-hotspot' data-avia-tooltip='&lt;p&gt;Bolsas de vac\u00edo&lt;\/p&gt;\n'><a href=https:\/\/www.mates.it\/es\/productos\/materiales-de_proceso\/bolsas-de-vacio\/  target=\"_blank\"  rel=\"noopener noreferrer\" class='av-image-hotspot_inner'>5<\/a><div class='av-image-hotspot-pulse'><\/div><\/div><div class='av-image-hotspot av-lk8oz6xo-5708dc78425d4e383e991e6aa2ad93dc av-image-hotspot-6 ' data-avia-tooltip-position='left' data-avia-tooltip-alignment='top' data-avia-tooltip-class='av-tt-default-width av-tt-pos-left av-tt-align-top  av-mobile-fallback-active  main_color av-tt-hotspot' data-avia-tooltip='&lt;p&gt;Fijaciones&lt;\/p&gt;\n'><a href=https:\/\/www.mates.it\/es\/productos\/fijaciones\/  target=\"_blank\"  rel=\"noopener noreferrer\" class='av-image-hotspot_inner'>6<\/a><div class='av-image-hotspot-pulse'><\/div><\/div><img decoding=\"async\" fetchpriority=\"high\" class=\"wp-image-7367 avia-img-lazy-loading-not-7367 avia_image\" src=\"https:\/\/www.mates.it\/wp-content\/uploads\/2016\/09\/Automotive.jpg\" alt=\"\" title=\"automotive\" height=\"190\" width=\"1000\" srcset=\"https:\/\/www.mates.it\/wp-content\/uploads\/2016\/09\/Automotive.jpg 1000w, https:\/\/www.mates.it\/wp-content\/uploads\/2016\/09\/Automotive-300x57.jpg 300w, https:\/\/www.mates.it\/wp-content\/uploads\/2016\/09\/Automotive-768x146.jpg 768w\" sizes=\"(max-width: 1000px) 100vw, 1000px\"><\/div><\/div><\/div><div class='av-hotspot-fallback-tooltip av-image-hotspot-1 '><div class=\"av-hotspot-fallback-tooltip-count\">1<div class=\"avia-arrow\"><\/div><\/div><div class=\"av-hotspot-fallback-tooltip-inner clearfix\"><p>\nRefuerzos<\/p>\n<\/div><\/div><div class='av-hotspot-fallback-tooltip av-image-hotspot-2 '><div class=\"av-hotspot-fallback-tooltip-count\">2<div class=\"avia-arrow\"><\/div><\/div><div class=\"av-hotspot-fallback-tooltip-inner clearfix\"><p>\nAgentes desmoldeantes<\/p>\n<\/div><\/div><div class='av-hotspot-fallback-tooltip av-image-hotspot-3 '><div class=\"av-hotspot-fallback-tooltip-count\">3<div class=\"avia-arrow\"><\/div><\/div><div class=\"av-hotspot-fallback-tooltip-inner clearfix\"><p>\nN\u00facleos estructurales<\/p>\n<\/div><\/div><div class='av-hotspot-fallback-tooltip av-image-hotspot-4 '><div class=\"av-hotspot-fallback-tooltip-count\">4<div class=\"avia-arrow\"><\/div><\/div><div class=\"av-hotspot-fallback-tooltip-inner clearfix\"><p>\nAdesivi \/ Collanti<\/p>\n<\/div><\/div><div class='av-hotspot-fallback-tooltip av-image-hotspot-5 '><div class=\"av-hotspot-fallback-tooltip-count\">5<div class=\"avia-arrow\"><\/div><\/div><div class=\"av-hotspot-fallback-tooltip-inner clearfix\"><p>\nBolsas de vac\u00edo<\/p>\n<\/div><\/div><div class='av-hotspot-fallback-tooltip av-image-hotspot-6 '><div class=\"av-hotspot-fallback-tooltip-count\">6<div class=\"avia-arrow\"><\/div><\/div><div class=\"av-hotspot-fallback-tooltip-inner clearfix\"><p>\nFijaciones<\/p>\n<\/div><\/div><\/div><\/p><\/div>\n<div  class='flex_column av-av_one_full-7714eba142aeda1f8b5272a3c372b279 av_one_full  avia-builder-el-5  el_after_av_one_full  el_before_av_hr  first flex_column_div  column-top-margin'     ><div  class='av_promobox av-lk90apw0-a9557d93356fe8f34e79afa1a98e8685 avia-button-yes  avia-builder-el-6  avia-builder-el-no-sibling '><div class='avia-promocontent'><p>\nHaga clic en los n\u00fameros de la imagen y compare los productos m\u00e1s adecuados para su sector o haga clic en el bot\u00f3n de esta pesta\u00f1a para ver todos nuestros productos.<\/p>\n<\/div><div  class='avia-button-wrap av-lk90apw0-ebaf90468b15dab3fab2c0a5b58f458f-wrap avia-button-right '><a href='https:\/\/www.mates.it\/es\/productos\/'  class='avia-button av-lk90apw0-ebaf90468b15dab3fab2c0a5b58f458f av-link-btn avia-icon_select-yes-left-icon avia-size-medium avia-position-right avia-color-theme-color'  target=\"_blank\"  rel=\"noopener noreferrer\"  aria-label=\"      Productos\"><span class='avia_button_icon avia_button_icon_left avia-iconfont avia-font-entypo-fontello' data-av_icon='\ue85c' data-av_iconfont='entypo-fontello' ><\/span><span class='avia_iconbox_title' >      Productos<\/span><\/a><\/div><\/div><\/div><div  class='hr av-av_hr-91d7ccd583a503147498e120fee2ff9b hr-default  avia-builder-el-7  el_after_av_one_full  avia-builder-el-last '><span class='hr-inner '><span class=\"hr-inner-style\"><\/span><\/span><\/div><\/p>\n","protected":false},"excerpt":{"rendered":"<p>La industria del autom\u00f3vil se caracteriza por la demanda de materiales ligeros y resistentes que garanticen altos niveles de eficiencia y rendimiento durante todo el ciclo de vida del producto.<\/p>\n","protected":false},"author":1,"featured_media":7367,"parent":9403,"menu_order":1,"comment_status":"closed","ping_status":"closed","template":"","meta":{"footnotes":""},"class_list":["post-9410","page","type-page","status-publish","has-post-thumbnail","hentry"],"_links":{"self":[{"href":"https:\/\/www.mates.it\/es\/wp-json\/wp\/v2\/pages\/9410","targetHints":{"allow":["GET"]}}],"collection":[{"href":"https:\/\/www.mates.it\/es\/wp-json\/wp\/v2\/pages"}],"about":[{"href":"https:\/\/www.mates.it\/es\/wp-json\/wp\/v2\/types\/page"}],"author":[{"embeddable":true,"href":"https:\/\/www.mates.it\/es\/wp-json\/wp\/v2\/users\/1"}],"replies":[{"embeddable":true,"href":"https:\/\/www.mates.it\/es\/wp-json\/wp\/v2\/comments?post=9410"}],"version-history":[{"count":0,"href":"https:\/\/www.mates.it\/es\/wp-json\/wp\/v2\/pages\/9410\/revisions"}],"up":[{"embeddable":true,"href":"https:\/\/www.mates.it\/es\/wp-json\/wp\/v2\/pages\/9403"}],"wp:featuredmedia":[{"embeddable":true,"href":"https:\/\/www.mates.it\/es\/wp-json\/wp\/v2\/media\/7367"}],"wp:attachment":[{"href":"https:\/\/www.mates.it\/es\/wp-json\/wp\/v2\/media?parent=9410"}],"curies":[{"name":"wp","href":"https:\/\/api.w.org\/{rel}","templated":true}]}}