{"id":9412,"date":"2015-09-16T10:54:04","date_gmt":"2015-09-16T08:54:04","guid":{"rendered":"https:\/\/www.mates.it\/settori\/vidrio-marmol\/"},"modified":"2023-07-19T04:05:56","modified_gmt":"2023-07-19T02:05:56","slug":"vidrio-marmol","status":"publish","type":"page","link":"https:\/\/www.mates.it\/es\/mercados\/vidrio-marmol\/","title":{"rendered":"Vidrio \/ M\u00e1rmol"},"content":{"rendered":"<div  class='flex_column av-av_one_full-7714eba142aeda1f8b5272a3c372b279 av_one_full  avia-builder-el-0  el_before_av_one_full  avia-builder-el-first  first flex_column_div  '     ><p>\n<style type=\"text\/css\" data-created_by=\"avia_inline_auto\" id=\"style-css-av-lk907fxf-577e0934d69bf6d21f1f3972d5c476d3\">\n#top .av-special-heading.av-lk907fxf-577e0934d69bf6d21f1f3972d5c476d3{\npadding-bottom:10px;\n}\nbody .av-special-heading.av-lk907fxf-577e0934d69bf6d21f1f3972d5c476d3 .av-special-heading-tag .heading-char{\nfont-size:25px;\n}\n.av-special-heading.av-lk907fxf-577e0934d69bf6d21f1f3972d5c476d3 .av-subheading{\nfont-size:15px;\n}\n<\/style>\n<div  class='av-special-heading av-lk907fxf-577e0934d69bf6d21f1f3972d5c476d3 av-special-heading-h1  avia-builder-el-1  el_before_av_textblock  avia-builder-el-first  custom-h1-title'><h1 class='av-special-heading-tag '  >Vidrio \/ M\u00e1rmol<\/h1><div class=\"special-heading-border\"><div class=\"special-heading-inner-border\"><\/div><\/div><\/div><br \/>\n<section  class='av_textblock_section av-lk907sbt-d6d824fd917780803a1dd1acd5ac95bb '  ><div class='avia_textblock' ><p><span class=\"HwtZe\" lang=\"es\"><span class=\"jCAhz ChMk0b\"><span class=\"ryNqvb\">El sector de la industria del vidrio involucra principalmente empresas especializadas en la producci\u00f3n de vidrio laminado y su uso en un contexto industrial.<\/span><\/span> <span class=\"jCAhz ChMk0b\"><span class=\"ryNqvb\">La mayor parte de la demanda de este campo se refiere a productos \u00fatiles para el proceso de pegado de vidrios de igual o diferente espesor, con el fin de crear otros m\u00e1s gruesos que los anteriores, para los m\u00e1s variados usos.<\/span><\/span> <span class=\"jCAhz ChMk0b\"><span class=\"ryNqvb\">Mates puede suministrar resinas epoxi espec\u00edficas adecuadas para la producci\u00f3n industrial de multicapas de vidrio, as\u00ed como art\u00edculos \u00fatiles para su creaci\u00f3n y procesamiento, como bolsas de vac\u00edo.<\/span><\/span> <span class=\"jCAhz ChMk0b\"><span class=\"ryNqvb\">Gracias a su elasticidad se adaptan a cualquier superficie durante el proceso de envasado al vac\u00edo.<\/span><\/span> <\/span><\/p>\n<p><span class=\"HwtZe\" lang=\"es\"><span class=\"jCAhz ChMk0b\"><span class=\"ryNqvb\">Otro sector industrial influenciado por el uso de materiales compuestos es el del m\u00e1rmol.<\/span><\/span> <span class=\"jCAhz ChMk0b\"><span class=\"ryNqvb\">El mercado de este sector se refiere principalmente a la reparaci\u00f3n de bloques de m\u00e1rmol puro da\u00f1ados durante los procesos de extracci\u00f3n y transporte dentro de las canteras.<\/span><\/span> <span class=\"jCAhz ChMk0b\"><span class=\"ryNqvb\">Nuestra empresa dispone en su cat\u00e1logo de resinas epoxi bicomponentes, refuerzos y auxiliares de proceso \u00fatiles para mejorar cualquier proceso.<\/span><\/span><\/span><\/p>\n<\/div><\/section><br \/>\n<div  class='hr av-av_hr-91d7ccd583a503147498e120fee2ff9b hr-default  avia-builder-el-3  el_after_av_textblock  el_before_av_image_hotspot  avia-builder-el-last '><span class='hr-inner '><span class=\"hr-inner-style\"><\/span><\/span><\/div><br \/>\n\n<style type=\"text\/css\" data-created_by=\"avia_inline_auto\" id=\"style-css-sub-av-lk9094ls-9a5004b664c6323aae381580c02da5ae\">\n.av-hotspot-image-container .av-image-hotspot.av-lk90842w-3101fa956051dc1f814739136db32f2f{\ntop:47.1%;\nleft:65.4%;\n}\n.av-hotspot-image-container .av-image-hotspot.av-lk908byd-9f24478fc7dc16a1c75aea7af48eb9e4{\ntop:44.1%;\nleft:53.6%;\n}\n.av-hotspot-image-container .av-image-hotspot.av-lk908lgd-8f373f7d3df857813ad8c4930b8c3f5d{\ntop:77.4%;\nleft:45.7%;\n}\n.av-hotspot-image-container .av-image-hotspot.av-lk908vet-98a9dd28d492eb6bfcd15cd134f1d754{\ntop:32.9%;\nleft:36.2%;\n}\n.av-hotspot-image-container .av-image-hotspot.av-lk90940j-1ff4653a24965f0f35793fde5382ebb6{\ntop:74.7%;\nleft:25.1%;\n}\n<\/style>\n<div  class='av-hotspot-image-container av-lk9094ls-9a5004b664c6323aae381580c02da5ae  avia-builder-el-4  el_after_av_hr  avia-builder-el-last  av-hotspot-numbered av-mobile-fallback-active  av-non-fullwidth-hotspot-image' ><div class='av-hotspot-container'><div class='av-hotspot-container-inner-cell'><div class='av-hotspot-container-inner-wrap'><div class='av-image-hotspot av-lk90842w-3101fa956051dc1f814739136db32f2f av-image-hotspot-1 ' data-avia-tooltip-position='left' data-avia-tooltip-alignment='top' data-avia-tooltip-class='av-tt-default-width av-tt-pos-left av-tt-align-top  av-mobile-fallback-active  main_color av-tt-hotspot' data-avia-tooltip='&lt;p&gt;Refuerzos&lt;\/p&gt;\n'><a href=https:\/\/www.mates.it\/es\/productos\/tejidos-refuerzos\/  target=\"_blank\"  rel=\"noopener noreferrer\" class='av-image-hotspot_inner'>1<\/a><div class='av-image-hotspot-pulse'><\/div><\/div><div class='av-image-hotspot av-lk908byd-9f24478fc7dc16a1c75aea7af48eb9e4 av-image-hotspot-2 ' data-avia-tooltip-position='left' data-avia-tooltip-alignment='top' data-avia-tooltip-class='av-tt-default-width av-tt-pos-left av-tt-align-top  av-mobile-fallback-active  main_color av-tt-hotspot' data-avia-tooltip='&lt;p&gt;Resinas&lt;\/p&gt;\n'><a href=https:\/\/www.mates.it\/es\/productos\/resinas-adhesivos-quimicos\/resinas\/  target=\"_blank\"  rel=\"noopener noreferrer\" class='av-image-hotspot_inner'>2<\/a><div class='av-image-hotspot-pulse'><\/div><\/div><div class='av-image-hotspot av-lk908lgd-8f373f7d3df857813ad8c4930b8c3f5d av-image-hotspot-3 ' data-avia-tooltip-position='left' data-avia-tooltip-alignment='top' data-avia-tooltip-class='av-tt-default-width av-tt-pos-left av-tt-align-top  av-mobile-fallback-active  main_color av-tt-hotspot' data-avia-tooltip='&lt;p&gt;Materiales de proceso&lt;\/p&gt;\n'><a href=https:\/\/www.mates.it\/es\/productos\/materiales-de_proceso\/  target=\"_blank\"  rel=\"noopener noreferrer\" class='av-image-hotspot_inner'>3<\/a><div class='av-image-hotspot-pulse'><\/div><\/div><div class='av-image-hotspot av-lk908vet-98a9dd28d492eb6bfcd15cd134f1d754 av-image-hotspot-4 ' data-avia-tooltip-position='left' data-avia-tooltip-alignment='top' data-avia-tooltip-class='av-tt-default-width av-tt-pos-left av-tt-align-top  av-mobile-fallback-active  main_color av-tt-hotspot' data-avia-tooltip='&lt;p&gt;Bolsas de vac\u00edo&lt;\/p&gt;\n'><a href=https:\/\/www.mates.it\/es\/productos\/materiales-de_proceso\/bolsas-de-vacio\/  target=\"_blank\"  rel=\"noopener noreferrer\" class='av-image-hotspot_inner'>4<\/a><div class='av-image-hotspot-pulse'><\/div><\/div><div class='av-image-hotspot av-lk90940j-1ff4653a24965f0f35793fde5382ebb6 av-image-hotspot-5 ' data-avia-tooltip-position='left' data-avia-tooltip-alignment='top' data-avia-tooltip-class='av-tt-default-width av-tt-pos-left av-tt-align-top  av-mobile-fallback-active  main_color av-tt-hotspot' data-avia-tooltip='&lt;p&gt;Adhesivos&lt;\/p&gt;\n'><a href=https:\/\/www.mates.it\/es\/productos\/resinas-adhesivos-quimicos\/adhesivos\/  target=\"_blank\"  rel=\"noopener noreferrer\" class='av-image-hotspot_inner'>5<\/a><div class='av-image-hotspot-pulse'><\/div><\/div><img decoding=\"async\" fetchpriority=\"high\" class=\"wp-image-0 avia-img-lazy-loading-not-0 avia_image\" src=\"https:\/\/www.mates.it\/wp-content\/uploads\/2016\/09\/Vetro-Marmo.jpg\" alt=\"\" title=\"\"><\/div><\/div><\/div><div class='av-hotspot-fallback-tooltip av-image-hotspot-1 '><div class=\"av-hotspot-fallback-tooltip-count\">1<div class=\"avia-arrow\"><\/div><\/div><div class=\"av-hotspot-fallback-tooltip-inner clearfix\"><p>\nRefuerzos<\/p>\n<\/div><\/div><div class='av-hotspot-fallback-tooltip av-image-hotspot-2 '><div class=\"av-hotspot-fallback-tooltip-count\">2<div class=\"avia-arrow\"><\/div><\/div><div class=\"av-hotspot-fallback-tooltip-inner clearfix\"><p>\nResinas<\/p>\n<\/div><\/div><div class='av-hotspot-fallback-tooltip av-image-hotspot-3 '><div class=\"av-hotspot-fallback-tooltip-count\">3<div class=\"avia-arrow\"><\/div><\/div><div class=\"av-hotspot-fallback-tooltip-inner clearfix\"><p>\nMateriales de proceso<\/p>\n<\/div><\/div><div class='av-hotspot-fallback-tooltip av-image-hotspot-4 '><div class=\"av-hotspot-fallback-tooltip-count\">4<div class=\"avia-arrow\"><\/div><\/div><div class=\"av-hotspot-fallback-tooltip-inner clearfix\"><p>\nBolsas de vac\u00edo<\/p>\n<\/div><\/div><div class='av-hotspot-fallback-tooltip av-image-hotspot-5 '><div class=\"av-hotspot-fallback-tooltip-count\">5<div class=\"avia-arrow\"><\/div><\/div><div class=\"av-hotspot-fallback-tooltip-inner clearfix\"><p>\nAdhesivos<\/p>\n<\/div><\/div><\/div><\/p><\/div>\n<div  class='flex_column av-av_one_full-7714eba142aeda1f8b5272a3c372b279 av_one_full  avia-builder-el-5  el_after_av_one_full  el_before_av_hr  first flex_column_div  column-top-margin'     ><div  class='av_promobox av-lk90bjy9-060d4eb6dfaa1aedf33e4227fcdef457 avia-button-yes  avia-builder-el-6  avia-builder-el-no-sibling '><div class='avia-promocontent'><p>\nHaga clic en los n\u00fameros de la imagen y compare los productos m\u00e1s adecuados para su sector o haga clic en el bot\u00f3n de esta pesta\u00f1a para ver todos nuestros productos.<\/p>\n<\/div><div  class='avia-button-wrap av-lk90bjy9-d4f8bfeaa9dd2d5479643782d8ddb580-wrap avia-button-right '><a href='https:\/\/www.mates.it\/es\/productos\/'  class='avia-button av-lk90bjy9-d4f8bfeaa9dd2d5479643782d8ddb580 av-link-btn avia-icon_select-yes-left-icon avia-size-medium avia-position-right avia-color-theme-color'  target=\"_blank\"  rel=\"noopener noreferrer\"  aria-label=\"      Productos\"><span class='avia_button_icon avia_button_icon_left avia-iconfont avia-font-entypo-fontello' data-av_icon='\ue85c' data-av_iconfont='entypo-fontello' ><\/span><span class='avia_iconbox_title' >      Productos<\/span><\/a><\/div><\/div><\/div><div  class='hr av-av_hr-91d7ccd583a503147498e120fee2ff9b hr-default  avia-builder-el-7  el_after_av_one_full  avia-builder-el-last '><span class='hr-inner '><span class=\"hr-inner-style\"><\/span><\/span><\/div><\/p>\n","protected":false},"excerpt":{"rendered":"<p>La industria del vidrio requiere productos \u00fatiles para unir vidrios que tienen el mismo o diferente espesor entre s\u00ed para aumentar su estructura.<\/p>\n","protected":false},"author":1,"featured_media":7439,"parent":9403,"menu_order":7,"comment_status":"open","ping_status":"open","template":"","meta":{"footnotes":""},"class_list":["post-9412","page","type-page","status-publish","has-post-thumbnail","hentry"],"_links":{"self":[{"href":"https:\/\/www.mates.it\/es\/wp-json\/wp\/v2\/pages\/9412","targetHints":{"allow":["GET"]}}],"collection":[{"href":"https:\/\/www.mates.it\/es\/wp-json\/wp\/v2\/pages"}],"about":[{"href":"https:\/\/www.mates.it\/es\/wp-json\/wp\/v2\/types\/page"}],"author":[{"embeddable":true,"href":"https:\/\/www.mates.it\/es\/wp-json\/wp\/v2\/users\/1"}],"replies":[{"embeddable":true,"href":"https:\/\/www.mates.it\/es\/wp-json\/wp\/v2\/comments?post=9412"}],"version-history":[{"count":0,"href":"https:\/\/www.mates.it\/es\/wp-json\/wp\/v2\/pages\/9412\/revisions"}],"up":[{"embeddable":true,"href":"https:\/\/www.mates.it\/es\/wp-json\/wp\/v2\/pages\/9403"}],"wp:featuredmedia":[{"embeddable":true,"href":"https:\/\/www.mates.it\/es\/wp-json\/wp\/v2\/media\/7439"}],"wp:attachment":[{"href":"https:\/\/www.mates.it\/es\/wp-json\/wp\/v2\/media?parent=9412"}],"curies":[{"name":"wp","href":"https:\/\/api.w.org\/{rel}","templated":true}]}}