{"id":9416,"date":"2015-09-16T10:53:13","date_gmt":"2015-09-16T08:53:13","guid":{"rendered":"https:\/\/www.mates.it\/settori\/aeronautica-defensa\/"},"modified":"2023-07-19T04:06:16","modified_gmt":"2023-07-19T02:06:16","slug":"aeronautica-defensa","status":"publish","type":"page","link":"https:\/\/www.mates.it\/es\/mercados\/aeronautica-defensa\/","title":{"rendered":"Aeron\u00e1utica \/ Defensa"},"content":{"rendered":"<div  class='flex_column av-av_one_full-7714eba142aeda1f8b5272a3c372b279 av_one_full  avia-builder-el-0  el_before_av_one_full  avia-builder-el-first  first flex_column_div  '     ><p>\n<style type=\"text\/css\" data-created_by=\"avia_inline_auto\" id=\"style-css-av-lk8q4pe6-432a0f4a891b754908a7d8da4538ebfd\">\n#top .av-special-heading.av-lk8q4pe6-432a0f4a891b754908a7d8da4538ebfd{\npadding-bottom:10px;\n}\nbody .av-special-heading.av-lk8q4pe6-432a0f4a891b754908a7d8da4538ebfd .av-special-heading-tag .heading-char{\nfont-size:25px;\n}\n.av-special-heading.av-lk8q4pe6-432a0f4a891b754908a7d8da4538ebfd .av-subheading{\nfont-size:15px;\n}\n<\/style>\n<div  class='av-special-heading av-lk8q4pe6-432a0f4a891b754908a7d8da4538ebfd av-special-heading-h1  avia-builder-el-1  el_before_av_textblock  avia-builder-el-first  custom-h1-title'><h1 class='av-special-heading-tag '  >Aeron\u00e1utica \/ Defensa<\/h1><div class=\"special-heading-border\"><div class=\"special-heading-inner-border\"><\/div><\/div><\/div><br \/>\n<section  class='av_textblock_section av-lk8q561g-fd88d96ecaf70d7f8e840274953efb3a '  ><div class='avia_textblock' ><p>El mercado aeron\u00e1utico es uno de los mayores y m\u00e1s importantes de la industria de los compuestos avanzados. La necesidad del mercado de materiales certificados, resistentes y ligeros permite el uso de compuestos avanzados en todas sus aplicaciones para la construcci\u00f3n de aeronaves civiles y militares.<\/p>\n<p>Los elementos m\u00e1s utilizados en este sector son las fibras de carbono impregnadas con matrices polim\u00e9ricas (CFRP), as\u00ed como las fibras de vidrio C y los paneles s\u00e1ndwich de composite\/nomex, ya que aportan una reducci\u00f3n significativa del peso de la estructura sin comprometer las caracter\u00edsticas finales del laminado. Al mismo tiempo, los mismos materiales se utilizan para la fabricaci\u00f3n de productos destinados a uso militar, ya que su ligereza y rigidez garantizan una protecci\u00f3n total en todas las situaciones. Mates, gracias a un cat\u00e1logo en constante evoluci\u00f3n, es capaz de desarrollar y suministrar a sus clientes una amplia gama de productos espec\u00edficos para el sector aeroespacial civil y de defensa.<\/p>\n<\/div><\/section><br \/>\n<div  class='hr av-av_hr-91d7ccd583a503147498e120fee2ff9b hr-default  avia-builder-el-3  el_after_av_textblock  el_before_av_image_hotspot  avia-builder-el-last '><span class='hr-inner '><span class=\"hr-inner-style\"><\/span><\/span><\/div><br \/>\n\n<style type=\"text\/css\" data-created_by=\"avia_inline_auto\" id=\"style-css-sub-av-lk8q8wbr-42a6eab95abf5d0a2871c4953eca5846\">\n.av-hotspot-image-container .av-image-hotspot.av-av_image_spot-6107a337c348c0ac00288699bb247363{\ntop:30.5%;\nleft:34.2%;\n}\n.av-hotspot-image-container .av-image-hotspot.av-lk8q69cb-7106156e52089769fd3410deda65832a{\ntop:38.8%;\nleft:61.6%;\n}\n.av-hotspot-image-container .av-image-hotspot.av-lk8q6l6q-605a0f4be70fa3d4388d17a728bf40e9{\ntop:69.4%;\nleft:67.5%;\n}\n.av-hotspot-image-container .av-image-hotspot.av-av_image_spot-de5911b35d1be205bb1db7bd2fee8714{\ntop:74.9%;\nleft:33.6%;\n}\n.av-hotspot-image-container .av-image-hotspot.av-lk8q7m2g-8061d5ec4f17733ff66f9761af7e0801{\ntop:58.2%;\nleft:17.7%;\n}\n<\/style>\n<div  class='av-hotspot-image-container av-lk8q8wbr-42a6eab95abf5d0a2871c4953eca5846  avia-builder-el-4  el_after_av_hr  avia-builder-el-last  av-hotspot-numbered av-mobile-fallback-active  av-non-fullwidth-hotspot-image' ><div class='av-hotspot-container'><div class='av-hotspot-container-inner-cell'><div class='av-hotspot-container-inner-wrap'><div class='av-image-hotspot av-av_image_spot-6107a337c348c0ac00288699bb247363 av-image-hotspot-1 ' data-avia-tooltip-position='left' data-avia-tooltip-alignment='top' data-avia-tooltip-class='av-tt-default-width av-tt-pos-left av-tt-align-top  av-mobile-fallback-active  main_color av-tt-hotspot' data-avia-tooltip='&lt;p&gt;Refuerzos&lt;\/p&gt;\n'><a href=https:\/\/www.mates.it\/es\/productos\/tejidos-refuerzos\/  target=\"_blank\"  rel=\"noopener noreferrer\" class='av-image-hotspot_inner'>1<\/a><div class='av-image-hotspot-pulse'><\/div><\/div><div class='av-image-hotspot av-lk8q69cb-7106156e52089769fd3410deda65832a av-image-hotspot-2 ' data-avia-tooltip-position='left' data-avia-tooltip-alignment='top' data-avia-tooltip-class='av-tt-default-width av-tt-pos-left av-tt-align-top  av-mobile-fallback-active  main_color av-tt-hotspot' data-avia-tooltip='&lt;p&gt;Agentes desmoldeantes&lt;\/p&gt;\n'><a href=https:\/\/www.mates.it\/es\/productos\/agentes-desmoldantes\/semi-permanente\/  target=\"_blank\"  rel=\"noopener noreferrer\" class='av-image-hotspot_inner'>2<\/a><div class='av-image-hotspot-pulse'><\/div><\/div><div class='av-image-hotspot av-lk8q6l6q-605a0f4be70fa3d4388d17a728bf40e9 av-image-hotspot-3 ' data-avia-tooltip-position='left' data-avia-tooltip-alignment='top' data-avia-tooltip-class='av-tt-default-width av-tt-pos-left av-tt-align-top  av-mobile-fallback-active  main_color av-tt-hotspot' data-avia-tooltip='&lt;p&gt;N\u00facleos estructurales&lt;\/p&gt;\n'><a href=https:\/\/www.mates.it\/es\/productos\/nucleos-estructurales\/alveolares\/  target=\"_blank\"  rel=\"noopener noreferrer\" class='av-image-hotspot_inner'>3<\/a><div class='av-image-hotspot-pulse'><\/div><\/div><div class='av-image-hotspot av-av_image_spot-de5911b35d1be205bb1db7bd2fee8714 av-image-hotspot-4 ' data-avia-tooltip-position='left' data-avia-tooltip-alignment='top' data-avia-tooltip-class='av-tt-default-width av-tt-pos-left av-tt-align-top  av-mobile-fallback-active  main_color av-tt-hotspot' data-avia-tooltip='&lt;p&gt;Adesivi \/ Collanti&lt;\/p&gt;\n'><a href=https:\/\/www.mates.it\/prodotti\/resine-adesivi-chimici\/adesivi-collanti\/  target=\"_blank\"  rel=\"noopener noreferrer\" class='av-image-hotspot_inner'>4<\/a><div class='av-image-hotspot-pulse'><\/div><\/div><div class='av-image-hotspot av-lk8q7m2g-8061d5ec4f17733ff66f9761af7e0801 av-image-hotspot-5 ' data-avia-tooltip-position='left' data-avia-tooltip-alignment='top' data-avia-tooltip-class='av-tt-default-width av-tt-pos-left av-tt-align-top  av-mobile-fallback-active  main_color av-tt-hotspot' data-avia-tooltip='&lt;p&gt;Materiales de proceso&lt;\/p&gt;\n'><a href=https:\/\/www.mates.it\/es\/productos\/materiales-de_proceso\/  target=\"_blank\"  rel=\"noopener noreferrer\" class='av-image-hotspot_inner'>5<\/a><div class='av-image-hotspot-pulse'><\/div><\/div><img decoding=\"async\" fetchpriority=\"high\" class=\"wp-image-7371 avia-img-lazy-loading-not-7371 avia_image\" src=\"https:\/\/www.mates.it\/wp-content\/uploads\/2016\/09\/Aerospace-Difesa.jpg\" alt=\"\" title=\"aerospace-difesa\" height=\"190\" width=\"1000\" srcset=\"https:\/\/www.mates.it\/wp-content\/uploads\/2016\/09\/Aerospace-Difesa.jpg 1000w, https:\/\/www.mates.it\/wp-content\/uploads\/2016\/09\/Aerospace-Difesa-300x57.jpg 300w, https:\/\/www.mates.it\/wp-content\/uploads\/2016\/09\/Aerospace-Difesa-768x146.jpg 768w\" sizes=\"(max-width: 1000px) 100vw, 1000px\"><\/div><\/div><\/div><div class='av-hotspot-fallback-tooltip av-image-hotspot-1 '><div class=\"av-hotspot-fallback-tooltip-count\">1<div class=\"avia-arrow\"><\/div><\/div><div class=\"av-hotspot-fallback-tooltip-inner clearfix\"><p>\nRefuerzos<\/p>\n<\/div><\/div><div class='av-hotspot-fallback-tooltip av-image-hotspot-2 '><div class=\"av-hotspot-fallback-tooltip-count\">2<div class=\"avia-arrow\"><\/div><\/div><div class=\"av-hotspot-fallback-tooltip-inner clearfix\"><p>\nAgentes desmoldeantes<\/p>\n<\/div><\/div><div class='av-hotspot-fallback-tooltip av-image-hotspot-3 '><div class=\"av-hotspot-fallback-tooltip-count\">3<div class=\"avia-arrow\"><\/div><\/div><div class=\"av-hotspot-fallback-tooltip-inner clearfix\"><p>\nN\u00facleos estructurales<\/p>\n<\/div><\/div><div class='av-hotspot-fallback-tooltip av-image-hotspot-4 '><div class=\"av-hotspot-fallback-tooltip-count\">4<div class=\"avia-arrow\"><\/div><\/div><div class=\"av-hotspot-fallback-tooltip-inner clearfix\"><p>\nAdesivi \/ Collanti<\/p>\n<\/div><\/div><div class='av-hotspot-fallback-tooltip av-image-hotspot-5 '><div class=\"av-hotspot-fallback-tooltip-count\">5<div class=\"avia-arrow\"><\/div><\/div><div class=\"av-hotspot-fallback-tooltip-inner clearfix\"><p>\nMateriales de proceso<\/p>\n<\/div><\/div><\/div><\/p><\/div>\n<div  class='flex_column av-av_one_full-7714eba142aeda1f8b5272a3c372b279 av_one_full  avia-builder-el-5  el_after_av_one_full  el_before_av_hr  first flex_column_div  column-top-margin'     ><div  class='av_promobox av-lk8q99z9-e13051fd70393c2b79f41f93ef55c055 avia-button-yes  avia-builder-el-6  avia-builder-el-no-sibling '><div class='avia-promocontent'><p>\nHaga clic en los n\u00fameros de la imagen y compare los productos m\u00e1s adecuados para su sector o haga clic en el bot\u00f3n de esta pesta\u00f1a para ver todos nuestros productos.<\/p>\n<\/div><div  class='avia-button-wrap av-lk8q99z9-ef9901354d581f9306646c2e7d29f27d-wrap avia-button-right '><a href='https:\/\/www.mates.it\/es\/productos\/'  class='avia-button av-lk8q99z9-ef9901354d581f9306646c2e7d29f27d av-link-btn avia-icon_select-yes-left-icon avia-size-medium avia-position-right avia-color-theme-color'  target=\"_blank\"  rel=\"noopener noreferrer\"  aria-label=\"      Productos\"><span class='avia_button_icon avia_button_icon_left avia-iconfont avia-font-entypo-fontello' data-av_icon='\ue85c' data-av_iconfont='entypo-fontello' ><\/span><span class='avia_iconbox_title' >      Productos<\/span><\/a><\/div><\/div><\/div><div  class='hr av-av_hr-91d7ccd583a503147498e120fee2ff9b hr-default  avia-builder-el-7  el_after_av_one_full  avia-builder-el-last '><span class='hr-inner '><span class=\"hr-inner-style\"><\/span><\/span><\/div><\/p>\n","protected":false},"excerpt":{"rendered":"<p>La necesidad del mercado aeron\u00e1utico de materiales certificados, resistentes y ligeros permite el uso de composites avanzados en todas sus aplicaciones.<\/p>\n","protected":false},"author":1,"featured_media":7371,"parent":9403,"menu_order":2,"comment_status":"closed","ping_status":"closed","template":"","meta":{"footnotes":""},"class_list":["post-9416","page","type-page","status-publish","has-post-thumbnail","hentry"],"_links":{"self":[{"href":"https:\/\/www.mates.it\/es\/wp-json\/wp\/v2\/pages\/9416","targetHints":{"allow":["GET"]}}],"collection":[{"href":"https:\/\/www.mates.it\/es\/wp-json\/wp\/v2\/pages"}],"about":[{"href":"https:\/\/www.mates.it\/es\/wp-json\/wp\/v2\/types\/page"}],"author":[{"embeddable":true,"href":"https:\/\/www.mates.it\/es\/wp-json\/wp\/v2\/users\/1"}],"replies":[{"embeddable":true,"href":"https:\/\/www.mates.it\/es\/wp-json\/wp\/v2\/comments?post=9416"}],"version-history":[{"count":0,"href":"https:\/\/www.mates.it\/es\/wp-json\/wp\/v2\/pages\/9416\/revisions"}],"up":[{"embeddable":true,"href":"https:\/\/www.mates.it\/es\/wp-json\/wp\/v2\/pages\/9403"}],"wp:featuredmedia":[{"embeddable":true,"href":"https:\/\/www.mates.it\/es\/wp-json\/wp\/v2\/media\/7371"}],"wp:attachment":[{"href":"https:\/\/www.mates.it\/es\/wp-json\/wp\/v2\/media?parent=9416"}],"curies":[{"name":"wp","href":"https:\/\/api.w.org\/{rel}","templated":true}]}}