{"id":9418,"date":"2015-09-16T10:53:58","date_gmt":"2015-09-16T08:53:58","guid":{"rendered":"https:\/\/www.mates.it\/settori\/infraestructura-edificio\/"},"modified":"2023-07-19T04:05:49","modified_gmt":"2023-07-19T02:05:49","slug":"edificacion-infraestructuras","status":"publish","type":"page","link":"https:\/\/www.mates.it\/es\/mercados\/edificacion-infraestructuras\/","title":{"rendered":"Edificaci\u00f3n \/ Infraestructuras"},"content":{"rendered":"<div  class='flex_column av-av_one_full-7714eba142aeda1f8b5272a3c372b279 av_one_full  avia-builder-el-0  el_before_av_one_full  avia-builder-el-first  first flex_column_div  '     ><p>\n<style type=\"text\/css\" data-created_by=\"avia_inline_auto\" id=\"style-css-av-lk8z72kx-9f5c4cd22e8ba18b73fd7a0a2e1f2c96\">\n#top .av-special-heading.av-lk8z72kx-9f5c4cd22e8ba18b73fd7a0a2e1f2c96{\npadding-bottom:10px;\n}\nbody .av-special-heading.av-lk8z72kx-9f5c4cd22e8ba18b73fd7a0a2e1f2c96 .av-special-heading-tag .heading-char{\nfont-size:25px;\n}\n.av-special-heading.av-lk8z72kx-9f5c4cd22e8ba18b73fd7a0a2e1f2c96 .av-subheading{\nfont-size:15px;\n}\n<\/style>\n<div  class='av-special-heading av-lk8z72kx-9f5c4cd22e8ba18b73fd7a0a2e1f2c96 av-special-heading-h1  avia-builder-el-1  el_before_av_textblock  avia-builder-el-first  custom-h1-title'><h1 class='av-special-heading-tag '  >Edificaci\u00f3n \/ Infraestructuras<\/h1><div class=\"special-heading-border\"><div class=\"special-heading-inner-border\"><\/div><\/div><\/div><br \/>\n<section  class='av_textblock_section av-lk8z6wtk-85b523b8d31ee3668dd76b4951cffc7d '  ><div class='avia_textblock' ><p>Las infraestructuras de la construcci\u00f3n entran en el campo de los materiales compuestos avanzados ya que, en comparaci\u00f3n con los materiales est\u00e1ndar utilizados, los compuestos reforzados con fibras poseen una ventaja estructural a un coste competitivo. Este sector de productos incluye proyectos arquitect\u00f3nicos que utilizan materiales compuestos para la construcci\u00f3n, refuerzo y rehabilitaci\u00f3n de edificios, c\u00fapulas, tuber\u00edas y puentes. La necesidad en este mercado es encontrar los materiales adecuados que garanticen resistencia, ligereza y la flexibilidad adecuada, para permitir a los dise\u00f1adores una considerable libertad en el dise\u00f1o de las infraestructuras, as\u00ed como una r\u00e1pida instalaci\u00f3n.<\/p>\n<p>Nuestra empresa se establece en el mercado ofreciendo art\u00edculos como multiaxiales de vidrio o carbono de alto gramaje, fibras unidireccionales y adhesivos de colocaci\u00f3n. Adem\u00e1s, ofrecemos resinas de impregnaci\u00f3n a base de vinil\u00e9ster y poli\u00e9ster para una mayor resistencia del esqueleto. Mates ofrece un amplio cat\u00e1logo de productos para satisfacer las demandas de las empresas tanto para la producci\u00f3n en serie como para la realizaci\u00f3n de proyectos espec\u00edficos.<\/p>\n<\/div><\/section><br \/>\n<div  class='hr av-av_hr-91d7ccd583a503147498e120fee2ff9b hr-default  avia-builder-el-3  el_after_av_textblock  el_before_av_image_hotspot  avia-builder-el-last '><span class='hr-inner '><span class=\"hr-inner-style\"><\/span><\/span><\/div><br \/>\n\n<style type=\"text\/css\" data-created_by=\"avia_inline_auto\" id=\"style-css-sub-av-lk8z9riw-e322481f9611ee7938dbb06fcdc7ea79\">\n.av-hotspot-image-container .av-image-hotspot.av-lk8z7glw-8ab2bdad886cc80f85dbdf665bb72f61{\ntop:58.2%;\nleft:74.4%;\n}\n.av-hotspot-image-container .av-image-hotspot.av-lk8z8mh2-f4a28b0323d687c2d458c08f01e62b27{\ntop:35.8%;\nleft:43.6%;\n}\n.av-hotspot-image-container .av-image-hotspot.av-lk8z91ot-8ec26158c9ff30b19bab87d6a1acb591{\ntop:74.7%;\nleft:34.6%;\n}\n.av-hotspot-image-container .av-image-hotspot.av-lk8z9qa5-33d1fb3e3cdeaf33577cc4092e5c16e6{\ntop:41.3%;\nleft:26.7%;\n}\n<\/style>\n<div  class='av-hotspot-image-container av-lk8z9riw-e322481f9611ee7938dbb06fcdc7ea79  avia-builder-el-4  el_after_av_hr  avia-builder-el-last  av-hotspot-numbered av-mobile-fallback-active  av-non-fullwidth-hotspot-image' ><div class='av-hotspot-container'><div class='av-hotspot-container-inner-cell'><div class='av-hotspot-container-inner-wrap'><div class='av-image-hotspot av-lk8z7glw-8ab2bdad886cc80f85dbdf665bb72f61 av-image-hotspot-1 ' data-avia-tooltip-position='left' data-avia-tooltip-alignment='top' data-avia-tooltip-class='av-tt-default-width av-tt-pos-left av-tt-align-top  av-mobile-fallback-active  main_color av-tt-hotspot' data-avia-tooltip='&lt;p&gt;Refuerzos&lt;\/p&gt;\n'><a href=https:\/\/www.mates.it\/es\/productos\/tejidos-refuerzos\/  target=\"_blank\"  rel=\"noopener noreferrer\" class='av-image-hotspot_inner'>1<\/a><div class='av-image-hotspot-pulse'><\/div><\/div><div class='av-image-hotspot av-lk8z8mh2-f4a28b0323d687c2d458c08f01e62b27 av-image-hotspot-2 ' data-avia-tooltip-position='left' data-avia-tooltip-alignment='top' data-avia-tooltip-class='av-tt-default-width av-tt-pos-left av-tt-align-top  av-mobile-fallback-active  main_color av-tt-hotspot' data-avia-tooltip='&lt;p&gt;Resinas \/ Adhesivos&lt;\/p&gt;\n'><a href=https:\/\/www.mates.it\/es\/productos\/resinas-adhesivos-quimicos\/  target=\"_blank\"  rel=\"noopener noreferrer\" class='av-image-hotspot_inner'>2<\/a><div class='av-image-hotspot-pulse'><\/div><\/div><div class='av-image-hotspot av-lk8z91ot-8ec26158c9ff30b19bab87d6a1acb591 av-image-hotspot-3 ' data-avia-tooltip-position='left' data-avia-tooltip-alignment='top' data-avia-tooltip-class='av-tt-default-width av-tt-pos-left av-tt-align-top  av-mobile-fallback-active  main_color av-tt-hotspot' data-avia-tooltip='&lt;p&gt;Fijaciones&lt;\/p&gt;\n'><a href=https:\/\/www.mates.it\/es\/productos\/fijaciones\/  target=\"_blank\"  rel=\"noopener noreferrer\" class='av-image-hotspot_inner'>3<\/a><div class='av-image-hotspot-pulse'><\/div><\/div><div class='av-image-hotspot av-lk8z9qa5-33d1fb3e3cdeaf33577cc4092e5c16e6 av-image-hotspot-4 ' data-avia-tooltip-position='left' data-avia-tooltip-alignment='top' data-avia-tooltip-class='av-tt-default-width av-tt-pos-left av-tt-align-top  av-mobile-fallback-active  main_color av-tt-hotspot' data-avia-tooltip='&lt;p&gt;Herramientas \/ Utensilios&lt;\/p&gt;\n'><a href=https:\/\/www.mates.it\/es\/productos\/herramientas-utensilios\/  target=\"_blank\"  rel=\"noopener noreferrer\" class='av-image-hotspot_inner'>4<\/a><div class='av-image-hotspot-pulse'><\/div><\/div><img decoding=\"async\" fetchpriority=\"high\" class=\"wp-image-0 avia-img-lazy-loading-not-0 avia_image\" src=\"https:\/\/www.mates.it\/wp-content\/uploads\/2016\/09\/Infrastrutture-Edile.jpg\" alt=\"\" title=\"\"><\/div><\/div><\/div><div class='av-hotspot-fallback-tooltip av-image-hotspot-1 '><div class=\"av-hotspot-fallback-tooltip-count\">1<div class=\"avia-arrow\"><\/div><\/div><div class=\"av-hotspot-fallback-tooltip-inner clearfix\"><p>\nRefuerzos<\/p>\n<\/div><\/div><div class='av-hotspot-fallback-tooltip av-image-hotspot-2 '><div class=\"av-hotspot-fallback-tooltip-count\">2<div class=\"avia-arrow\"><\/div><\/div><div class=\"av-hotspot-fallback-tooltip-inner clearfix\"><p>\nResinas \/ Adhesivos<\/p>\n<\/div><\/div><div class='av-hotspot-fallback-tooltip av-image-hotspot-3 '><div class=\"av-hotspot-fallback-tooltip-count\">3<div class=\"avia-arrow\"><\/div><\/div><div class=\"av-hotspot-fallback-tooltip-inner clearfix\"><p>\nFijaciones<\/p>\n<\/div><\/div><div class='av-hotspot-fallback-tooltip av-image-hotspot-4 '><div class=\"av-hotspot-fallback-tooltip-count\">4<div class=\"avia-arrow\"><\/div><\/div><div class=\"av-hotspot-fallback-tooltip-inner clearfix\"><p>\nHerramientas \/ Utensilios<\/p>\n<\/div><\/div><\/div><\/p><\/div>\n<div  class='flex_column av-av_one_full-7714eba142aeda1f8b5272a3c372b279 av_one_full  avia-builder-el-5  el_after_av_one_full  el_before_av_hr  first flex_column_div  column-top-margin'     ><div  class='av_promobox av-lk8za0ac-c7634dec06f1fc8342bec4717805ef9e avia-button-yes  avia-builder-el-6  avia-builder-el-no-sibling '><div class='avia-promocontent'><p>\nHaga clic en los n\u00fameros de la imagen y compare los productos m\u00e1s adecuados para su sector o haga clic en el bot\u00f3n de esta pesta\u00f1a para ver todos nuestros productos.<\/p>\n<\/div><div  class='avia-button-wrap av-lk8za0ac-8e356f6e26347929dd147e5d6c083183-wrap avia-button-right '><a href='https:\/\/www.mates.it\/es\/productos\/'  class='avia-button av-lk8za0ac-8e356f6e26347929dd147e5d6c083183 av-link-btn avia-icon_select-yes-left-icon avia-size-medium avia-position-right avia-color-theme-color'  target=\"_blank\"  rel=\"noopener noreferrer\"  aria-label=\"      Productos\"><span class='avia_button_icon avia_button_icon_left avia-iconfont avia-font-entypo-fontello' data-av_icon='\ue85c' data-av_iconfont='entypo-fontello' ><\/span><span class='avia_iconbox_title' >      Productos<\/span><\/a><\/div><\/div><\/div><div  class='hr av-av_hr-91d7ccd583a503147498e120fee2ff9b hr-default  avia-builder-el-7  el_after_av_one_full  avia-builder-el-last '><span class='hr-inner '><span class=\"hr-inner-style\"><\/span><\/span><\/div><\/p>\n","protected":false},"excerpt":{"rendered":"<p>La necesidad en este mercado es encontrar los materiales adecuados que garanticen resistencia, ligereza y la flexibilidad adecuada, al tiempo que se consigue libertad de dise\u00f1o.<\/p>\n","protected":false},"author":1,"featured_media":7387,"parent":9403,"menu_order":6,"comment_status":"closed","ping_status":"closed","template":"","meta":{"footnotes":""},"class_list":["post-9418","page","type-page","status-publish","has-post-thumbnail","hentry"],"_links":{"self":[{"href":"https:\/\/www.mates.it\/es\/wp-json\/wp\/v2\/pages\/9418","targetHints":{"allow":["GET"]}}],"collection":[{"href":"https:\/\/www.mates.it\/es\/wp-json\/wp\/v2\/pages"}],"about":[{"href":"https:\/\/www.mates.it\/es\/wp-json\/wp\/v2\/types\/page"}],"author":[{"embeddable":true,"href":"https:\/\/www.mates.it\/es\/wp-json\/wp\/v2\/users\/1"}],"replies":[{"embeddable":true,"href":"https:\/\/www.mates.it\/es\/wp-json\/wp\/v2\/comments?post=9418"}],"version-history":[{"count":0,"href":"https:\/\/www.mates.it\/es\/wp-json\/wp\/v2\/pages\/9418\/revisions"}],"up":[{"embeddable":true,"href":"https:\/\/www.mates.it\/es\/wp-json\/wp\/v2\/pages\/9403"}],"wp:featuredmedia":[{"embeddable":true,"href":"https:\/\/www.mates.it\/es\/wp-json\/wp\/v2\/media\/7387"}],"wp:attachment":[{"href":"https:\/\/www.mates.it\/es\/wp-json\/wp\/v2\/media?parent=9418"}],"curies":[{"name":"wp","href":"https:\/\/api.w.org\/{rel}","templated":true}]}}