{"id":9420,"date":"2015-09-16T10:53:50","date_gmt":"2015-09-16T08:53:50","guid":{"rendered":"https:\/\/www.mates.it\/settori\/eolic-energia-renovable\/"},"modified":"2023-07-19T04:05:43","modified_gmt":"2023-07-19T02:05:43","slug":"eolica-renovables","status":"publish","type":"page","link":"https:\/\/www.mates.it\/es\/mercados\/eolica-renovables\/","title":{"rendered":"E\u00f3lica \/ Renovables"},"content":{"rendered":"<div  class='flex_column av-av_one_full-7714eba142aeda1f8b5272a3c372b279 av_one_full  avia-builder-el-0  el_before_av_one_full  avia-builder-el-first  first flex_column_div  '     ><p>\n<style type=\"text\/css\" data-created_by=\"avia_inline_auto\" id=\"style-css-av-lk8y63n7-8fc98286c6bc030e2d53c707004fff5b\">\n#top .av-special-heading.av-lk8y63n7-8fc98286c6bc030e2d53c707004fff5b{\npadding-bottom:10px;\n}\nbody .av-special-heading.av-lk8y63n7-8fc98286c6bc030e2d53c707004fff5b .av-special-heading-tag .heading-char{\nfont-size:25px;\n}\n.av-special-heading.av-lk8y63n7-8fc98286c6bc030e2d53c707004fff5b .av-subheading{\nfont-size:15px;\n}\n<\/style>\n<div  class='av-special-heading av-lk8y63n7-8fc98286c6bc030e2d53c707004fff5b av-special-heading-h1  avia-builder-el-1  el_before_av_textblock  avia-builder-el-first  custom-h1-title'><h1 class='av-special-heading-tag '  >E\u00f3lica \/ Renovables<\/h1><div class=\"special-heading-border\"><div class=\"special-heading-inner-border\"><\/div><\/div><\/div><br \/>\n<section  class='av_textblock_section av-lk8y6ic1-e24c897fa39bf3798f5aa29c647c04b3 '  ><div class='avia_textblock' ><p>Uno de los sectores de mayor crecimiento en la actualidad es el de la energ\u00eda e\u00f3lica, en parte debido a la intensificaci\u00f3n de la investigaci\u00f3n de nuevas formas de energ\u00eda renovable. La demanda en este mercado se refiere principalmente a la necesidad de materiales adecuados para la construcci\u00f3n de palas de aerogeneradores destinados a la producci\u00f3n de energ\u00eda, pero cada vez m\u00e1s tambi\u00e9n para procesos menos habituales. El uso de materiales compuestos avanzados para el dise\u00f1o y la construcci\u00f3n de las instalaciones es indispensable, ya que su rigidez, durabilidad y ligereza permiten obtener una estructura eficiente.<\/p>\n<p>Nuestra empresa ofrece una amplia gama de productos y kits dise\u00f1ados para satisfacer las necesidades de un mercado en constante evoluci\u00f3n: tejidos, multiaxiales, resinas epoxi y adhesivos, y otros productos para facilitar el proceso de producci\u00f3n. Tambi\u00e9n est\u00e1n disponibles tejidos unidireccionales con caracter\u00edsticas dise\u00f1adas para el sector, como distribuci\u00f3n uniforme de la carga, contenci\u00f3n del peso y alta humectabilidad de las fibras.<\/p>\n<\/div><\/section><br \/>\n<div  class='hr av-av_hr-91d7ccd583a503147498e120fee2ff9b hr-default  avia-builder-el-3  el_after_av_textblock  el_before_av_image_hotspot  avia-builder-el-last '><span class='hr-inner '><span class=\"hr-inner-style\"><\/span><\/span><\/div><br \/>\n\n<style type=\"text\/css\" data-created_by=\"avia_inline_auto\" id=\"style-css-sub-av-lk8y9i80-f80abe43cda53a8489c615eedc6b1647\">\n.av-hotspot-image-container .av-image-hotspot.av-lk8y71fx-55d73db68adc322b1fd11f5c31e618a6{\ntop:55.4%;\nleft:16.8%;\n}\n.av-hotspot-image-container .av-image-hotspot.av-lk8y7fh6-827fe7e3898852c873f867ee4232b05c{\ntop:24.7%;\nleft:38.3%;\n}\n.av-hotspot-image-container .av-image-hotspot.av-lk8y871l-ae97219509ceab0c1ef890e461b1e15f{\ntop:27.6%;\nleft:30.5%;\n}\n.av-hotspot-image-container .av-image-hotspot.av-lk8y8mx5-5076835d5add88f91fac1ffdfdf6cfd7{\ntop:50%;\nleft:83.3%;\n}\n.av-hotspot-image-container .av-image-hotspot.av-lk8y9492-7130e3cce8b87527d764479ebee45128{\ntop:60.9%;\nleft:55.7%;\n}\n.av-hotspot-image-container .av-image-hotspot.av-lk8y9hp2-e50e03fe0e1c81f6db38d65087251fe7{\ntop:66.4%;\nleft:25.1%;\n}\n<\/style>\n<div  class='av-hotspot-image-container av-lk8y9i80-f80abe43cda53a8489c615eedc6b1647  avia-builder-el-4  el_after_av_hr  avia-builder-el-last  av-hotspot-numbered av-mobile-fallback-active  av-non-fullwidth-hotspot-image' ><div class='av-hotspot-container'><div class='av-hotspot-container-inner-cell'><div class='av-hotspot-container-inner-wrap'><div class='av-image-hotspot av-lk8y71fx-55d73db68adc322b1fd11f5c31e618a6 av-image-hotspot-1 ' data-avia-tooltip-position='left' data-avia-tooltip-alignment='top' data-avia-tooltip-class='av-tt-default-width av-tt-pos-left av-tt-align-top  av-mobile-fallback-active  main_color av-tt-hotspot' data-avia-tooltip='&lt;p&gt;Refuerzos&lt;\/p&gt;\n'><a href=https:\/\/www.mates.it\/es\/productos\/tejidos-refuerzos\/fibra-de-vidrio\/  target=\"_blank\"  rel=\"noopener noreferrer\" class='av-image-hotspot_inner'>1<\/a><div class='av-image-hotspot-pulse'><\/div><\/div><div class='av-image-hotspot av-lk8y7fh6-827fe7e3898852c873f867ee4232b05c av-image-hotspot-2 ' data-avia-tooltip-position='left' data-avia-tooltip-alignment='top' data-avia-tooltip-class='av-tt-default-width av-tt-pos-left av-tt-align-top  av-mobile-fallback-active  main_color av-tt-hotspot' data-avia-tooltip='&lt;p&gt;Resinas \/ Adhesivos&lt;\/p&gt;\n'><a href=https:\/\/www.mates.it\/es\/productos\/resinas-adhesivos-quimicos\/  target=\"_blank\"  rel=\"noopener noreferrer\" class='av-image-hotspot_inner'>2<\/a><div class='av-image-hotspot-pulse'><\/div><\/div><div class='av-image-hotspot av-lk8y871l-ae97219509ceab0c1ef890e461b1e15f av-image-hotspot-3 ' data-avia-tooltip-position='left' data-avia-tooltip-alignment='top' data-avia-tooltip-class='av-tt-default-width av-tt-pos-left av-tt-align-top  av-mobile-fallback-active  main_color av-tt-hotspot' data-avia-tooltip='&lt;p&gt;Agentes desmoldantes&lt;\/p&gt;\n'><a href=https:\/\/www.mates.it\/es\/productos\/agentes-desmoldantes\/semi-permanente\/  target=\"_blank\"  rel=\"noopener noreferrer\" class='av-image-hotspot_inner'>3<\/a><div class='av-image-hotspot-pulse'><\/div><\/div><div class='av-image-hotspot av-lk8y8mx5-5076835d5add88f91fac1ffdfdf6cfd7 av-image-hotspot-4 ' data-avia-tooltip-position='left' data-avia-tooltip-alignment='top' data-avia-tooltip-class='av-tt-default-width av-tt-pos-left av-tt-align-top  av-mobile-fallback-active  main_color av-tt-hotspot' data-avia-tooltip='&lt;p&gt;N\u00facleos estructurales&lt;\/p&gt;\n'><a href=https:\/\/www.mates.it\/es\/productos\/nucleos-estructurales\/espumas\/  target=\"_blank\"  rel=\"noopener noreferrer\" class='av-image-hotspot_inner'>4<\/a><div class='av-image-hotspot-pulse'><\/div><\/div><div class='av-image-hotspot av-lk8y9492-7130e3cce8b87527d764479ebee45128 av-image-hotspot-5 ' data-avia-tooltip-position='left' data-avia-tooltip-alignment='top' data-avia-tooltip-class='av-tt-default-width av-tt-pos-left av-tt-align-top  av-mobile-fallback-active  main_color av-tt-hotspot' data-avia-tooltip='&lt;p&gt;Materiales de proceso&lt;\/p&gt;\n'><a href=https:\/\/www.mates.it\/es\/productos\/materiales-de_proceso\/  target=\"_blank\"  rel=\"noopener noreferrer\" class='av-image-hotspot_inner'>5<\/a><div class='av-image-hotspot-pulse'><\/div><\/div><div class='av-image-hotspot av-lk8y9hp2-e50e03fe0e1c81f6db38d65087251fe7 av-image-hotspot-6 ' data-avia-tooltip-position='left' data-avia-tooltip-alignment='top' data-avia-tooltip-class='av-tt-default-width av-tt-pos-left av-tt-align-top  av-mobile-fallback-active  main_color av-tt-hotspot' data-avia-tooltip='&lt;p&gt;Fijaciones&lt;\/p&gt;\n'><a href=https:\/\/www.mates.it\/es\/productos\/fijaciones\/  target=\"_blank\"  rel=\"noopener noreferrer\" class='av-image-hotspot_inner'>6<\/a><div class='av-image-hotspot-pulse'><\/div><\/div><img decoding=\"async\" fetchpriority=\"high\" class=\"wp-image-0 avia-img-lazy-loading-not-0 avia_image\" src=\"https:\/\/www.mates.it\/wp-content\/uploads\/2016\/09\/Eolico-Energie-rinnovabili.jpg\" alt=\"\" title=\"\"><\/div><\/div><\/div><div class='av-hotspot-fallback-tooltip av-image-hotspot-1 '><div class=\"av-hotspot-fallback-tooltip-count\">1<div class=\"avia-arrow\"><\/div><\/div><div class=\"av-hotspot-fallback-tooltip-inner clearfix\"><p>\nRefuerzos<\/p>\n<\/div><\/div><div class='av-hotspot-fallback-tooltip av-image-hotspot-2 '><div class=\"av-hotspot-fallback-tooltip-count\">2<div class=\"avia-arrow\"><\/div><\/div><div class=\"av-hotspot-fallback-tooltip-inner clearfix\"><p>\nResinas \/ Adhesivos<\/p>\n<\/div><\/div><div class='av-hotspot-fallback-tooltip av-image-hotspot-3 '><div class=\"av-hotspot-fallback-tooltip-count\">3<div class=\"avia-arrow\"><\/div><\/div><div class=\"av-hotspot-fallback-tooltip-inner clearfix\"><p>\nAgentes desmoldantes<\/p>\n<\/div><\/div><div class='av-hotspot-fallback-tooltip av-image-hotspot-4 '><div class=\"av-hotspot-fallback-tooltip-count\">4<div class=\"avia-arrow\"><\/div><\/div><div class=\"av-hotspot-fallback-tooltip-inner clearfix\"><p>\nN\u00facleos estructurales<\/p>\n<\/div><\/div><div class='av-hotspot-fallback-tooltip av-image-hotspot-5 '><div class=\"av-hotspot-fallback-tooltip-count\">5<div class=\"avia-arrow\"><\/div><\/div><div class=\"av-hotspot-fallback-tooltip-inner clearfix\"><p>\nMateriales de proceso<\/p>\n<\/div><\/div><div class='av-hotspot-fallback-tooltip av-image-hotspot-6 '><div class=\"av-hotspot-fallback-tooltip-count\">6<div class=\"avia-arrow\"><\/div><\/div><div class=\"av-hotspot-fallback-tooltip-inner clearfix\"><p>\nFijaciones<\/p>\n<\/div><\/div><\/div><\/p><\/div>\n<div  class='flex_column av-av_one_full-7714eba142aeda1f8b5272a3c372b279 av_one_full  avia-builder-el-5  el_after_av_one_full  el_before_av_hr  first flex_column_div  column-top-margin'     ><div  class='av_promobox av-lk8y9uap-b7e0582df5db0d7ddec384e4be34a9ad avia-button-yes  avia-builder-el-6  avia-builder-el-no-sibling '><div class='avia-promocontent'><p>\nHaga clic en los n\u00fameros de la imagen y compare los productos m\u00e1s adecuados para su sector o haga clic en el bot\u00f3n de esta pesta\u00f1a para ver todos nuestros productos.<\/p>\n<\/div><div  class='avia-button-wrap av-lk8y9uap-e9e150693d0cd420d48dc994ee1f01e0-wrap avia-button-right '><a href='https:\/\/www.mates.it\/es\/productos\/'  class='avia-button av-lk8y9uap-e9e150693d0cd420d48dc994ee1f01e0 av-link-btn avia-icon_select-yes-left-icon avia-size-medium avia-position-right avia-color-theme-color'  target=\"_blank\"  rel=\"noopener noreferrer\"  aria-label=\"      Productos\"><span class='avia_button_icon avia_button_icon_left avia-iconfont avia-font-entypo-fontello' data-av_icon='\ue85c' data-av_iconfont='entypo-fontello' ><\/span><span class='avia_iconbox_title' >      Productos<\/span><\/a><\/div><\/div><\/div><div  class='hr av-av_hr-91d7ccd583a503147498e120fee2ff9b hr-default  avia-builder-el-7  el_after_av_one_full  avia-builder-el-last '><span class='hr-inner '><span class=\"hr-inner-style\"><\/span><\/span><\/div><\/p>\n","protected":false},"excerpt":{"rendered":"<p>Uno de los sectores de mayor crecimiento en la actualidad es el de la energ\u00eda e\u00f3lica, en parte debido a la intensificaci\u00f3n de la investigaci\u00f3n de nuevas formas de energ\u00eda renovable.<\/p>\n","protected":false},"author":1,"featured_media":7867,"parent":9403,"menu_order":5,"comment_status":"closed","ping_status":"closed","template":"","meta":{"footnotes":""},"class_list":["post-9420","page","type-page","status-publish","has-post-thumbnail","hentry"],"_links":{"self":[{"href":"https:\/\/www.mates.it\/es\/wp-json\/wp\/v2\/pages\/9420","targetHints":{"allow":["GET"]}}],"collection":[{"href":"https:\/\/www.mates.it\/es\/wp-json\/wp\/v2\/pages"}],"about":[{"href":"https:\/\/www.mates.it\/es\/wp-json\/wp\/v2\/types\/page"}],"author":[{"embeddable":true,"href":"https:\/\/www.mates.it\/es\/wp-json\/wp\/v2\/users\/1"}],"replies":[{"embeddable":true,"href":"https:\/\/www.mates.it\/es\/wp-json\/wp\/v2\/comments?post=9420"}],"version-history":[{"count":0,"href":"https:\/\/www.mates.it\/es\/wp-json\/wp\/v2\/pages\/9420\/revisions"}],"up":[{"embeddable":true,"href":"https:\/\/www.mates.it\/es\/wp-json\/wp\/v2\/pages\/9403"}],"wp:featuredmedia":[{"embeddable":true,"href":"https:\/\/www.mates.it\/es\/wp-json\/wp\/v2\/media\/7867"}],"wp:attachment":[{"href":"https:\/\/www.mates.it\/es\/wp-json\/wp\/v2\/media?parent=9420"}],"curies":[{"name":"wp","href":"https:\/\/api.w.org\/{rel}","templated":true}]}}