{"id":9422,"date":"2015-09-16T10:53:21","date_gmt":"2015-09-16T08:53:21","guid":{"rendered":"https:\/\/www.mates.it\/settori\/nautica\/"},"modified":"2023-07-19T04:06:21","modified_gmt":"2023-07-19T02:06:21","slug":"nautica","status":"publish","type":"page","link":"https:\/\/www.mates.it\/es\/mercados\/nautica\/","title":{"rendered":"N\u00e1utica"},"content":{"rendered":"<div  class='flex_column av-av_one_full-7714eba142aeda1f8b5272a3c372b279 av_one_full  avia-builder-el-0  el_before_av_one_full  avia-builder-el-first  first flex_column_div  '     ><p>\n<style type=\"text\/css\" data-created_by=\"avia_inline_auto\" id=\"style-css-av-lk8rm6qz-ff2d2aedfa1ae5dccd05993a0a02787e\">\n#top .av-special-heading.av-lk8rm6qz-ff2d2aedfa1ae5dccd05993a0a02787e{\npadding-bottom:10px;\n}\nbody .av-special-heading.av-lk8rm6qz-ff2d2aedfa1ae5dccd05993a0a02787e .av-special-heading-tag .heading-char{\nfont-size:25px;\n}\n.av-special-heading.av-lk8rm6qz-ff2d2aedfa1ae5dccd05993a0a02787e .av-subheading{\nfont-size:15px;\n}\n<\/style>\n<div  class='av-special-heading av-lk8rm6qz-ff2d2aedfa1ae5dccd05993a0a02787e av-special-heading-h1  avia-builder-el-1  el_before_av_textblock  avia-builder-el-first  custom-h1-title'><h1 class='av-special-heading-tag '  >N\u00e1utica<\/h1><div class=\"special-heading-border\"><div class=\"special-heading-inner-border\"><\/div><\/div><\/div><br \/>\n<section  class='av_textblock_section av-lk8rmk0q-f9ffd013728c164683b971b0af6e05ab '  ><div class='avia_textblock' ><p>Al igual que en el sector de la automoci\u00f3n, el mercado n\u00e1utico incluye una amplia base de clientes dividida seg\u00fan el uso que se d\u00e9 a las embarcaciones. De hecho, abarca embarcaciones para el transporte de mercanc\u00edas o personas, yates privados y de alta mar con una demanda de reducci\u00f3n de peso y resistencia estructural para maximizar la eficiencia.<\/p>\n<p>Mates, l\u00edder en el sector desde hace m\u00e1s de 40 a\u00f1os, se centra en satisfacer las demandas del mercado con productos que cubren todas las necesidades, como: bolsas de vac\u00edo para temperaturas medias y bajas, resinas de laminaci\u00f3n epoxi, vinil\u00e9ster y poli\u00e9ster y films desmoldeantes que ejemplifican los procesos. Adhesivos estructurales de metacrilato para la uni\u00f3n casco-cubierta y estructuras internas, n\u00facleos de c\u00e9lulas cerradas como PVC y el innovador PET. Adem\u00e1s, suministramos accesorios de proceso como acoplamientos y tubos de infusi\u00f3n dise\u00f1ados para la producci\u00f3n de composites avanzados. La experiencia adquirida a lo largo del tiempo nos permite manejar una amplia gama de productos recomendados para el sector n\u00e1utico y capaces de garantizar la m\u00e1xima eficacia de procesamiento a bajo coste.<\/p>\n<\/div><\/section><br \/>\n<div  class='hr av-av_hr-91d7ccd583a503147498e120fee2ff9b hr-default  avia-builder-el-3  el_after_av_textblock  el_before_av_image_hotspot  avia-builder-el-last '><span class='hr-inner '><span class=\"hr-inner-style\"><\/span><\/span><\/div><br \/>\n\n<style type=\"text\/css\" data-created_by=\"avia_inline_auto\" id=\"style-css-sub-av-lk8roxg7-5867a2f00a757eca88e0a29493995ab7\">\n.av-hotspot-image-container .av-image-hotspot.av-lk8rmx8b-977eb808190a75fda67708b6ec22b7ac{\ntop:30.4%;\nleft:87.6%;\n}\n.av-hotspot-image-container .av-image-hotspot.av-lk8rnkcl-3f9a17b935e8c2ba95869fc8d0a477fe{\ntop:19.2%;\nleft:62.5%;\n}\n.av-hotspot-image-container .av-image-hotspot.av-lk8rnz4u-4b6abab780e0e2e489eb98f3f65d1861{\ntop:30.5%;\nleft:32.6%;\n}\n.av-hotspot-image-container .av-image-hotspot.av-lk8robft-d04662c8695ddbde09ca23f6e5db437e{\ntop:30.5%;\nleft:46.3%;\n}\n.av-hotspot-image-container .av-image-hotspot.av-lk8roo6b-968f7eda90289cd15c23e61d6e477f16{\ntop:66.5%;\nleft:20.9%;\n}\n.av-hotspot-image-container .av-image-hotspot.av-lk8rox02-d7c6c9718271612e17361f8233386e91{\ntop:72.1%;\nleft:54.2%;\n}\n<\/style>\n<div  class='av-hotspot-image-container av-lk8roxg7-5867a2f00a757eca88e0a29493995ab7  avia-builder-el-4  el_after_av_hr  avia-builder-el-last  av-hotspot-numbered av-mobile-fallback-active  av-non-fullwidth-hotspot-image' ><div class='av-hotspot-container'><div class='av-hotspot-container-inner-cell'><div class='av-hotspot-container-inner-wrap'><div class='av-image-hotspot av-lk8rmx8b-977eb808190a75fda67708b6ec22b7ac av-image-hotspot-1 ' data-avia-tooltip-position='left' data-avia-tooltip-alignment='top' data-avia-tooltip-class='av-tt-default-width av-tt-pos-left av-tt-align-top  av-mobile-fallback-active  main_color av-tt-hotspot' data-avia-tooltip='&lt;p&gt;Refuerzos&lt;\/p&gt;\n'><a href=https:\/\/www.mates.it\/es\/productos\/tejidos-refuerzos\/  target=\"_blank\"  rel=\"noopener noreferrer\" class='av-image-hotspot_inner'>1<\/a><div class='av-image-hotspot-pulse'><\/div><\/div><div class='av-image-hotspot av-lk8rnkcl-3f9a17b935e8c2ba95869fc8d0a477fe av-image-hotspot-2 ' data-avia-tooltip-position='left' data-avia-tooltip-alignment='top' data-avia-tooltip-class='av-tt-default-width av-tt-pos-left av-tt-align-top  av-mobile-fallback-active  main_color av-tt-hotspot' data-avia-tooltip='&lt;p&gt;Resinas \/ Adesivos&lt;\/p&gt;\n'><a href=https:\/\/www.mates.it\/es\/productos\/resinas-adhesivos-quimicos\/  target=\"_blank\"  rel=\"noopener noreferrer\" class='av-image-hotspot_inner'>2<\/a><div class='av-image-hotspot-pulse'><\/div><\/div><div class='av-image-hotspot av-lk8rnz4u-4b6abab780e0e2e489eb98f3f65d1861 av-image-hotspot-3 ' data-avia-tooltip-position='left' data-avia-tooltip-alignment='top' data-avia-tooltip-class='av-tt-default-width av-tt-pos-left av-tt-align-top  av-mobile-fallback-active  main_color av-tt-hotspot' data-avia-tooltip='&lt;p&gt;Agentes desmoldantes&lt;\/p&gt;\n'><a href=https:\/\/www.mates.it\/es\/productos\/agentes-desmoldantes\/  target=\"_blank\"  rel=\"noopener noreferrer\" class='av-image-hotspot_inner'>3<\/a><div class='av-image-hotspot-pulse'><\/div><\/div><div class='av-image-hotspot av-lk8robft-d04662c8695ddbde09ca23f6e5db437e av-image-hotspot-4 ' data-avia-tooltip-position='left' data-avia-tooltip-alignment='top' data-avia-tooltip-class='av-tt-default-width av-tt-pos-left av-tt-align-top  av-mobile-fallback-active  main_color av-tt-hotspot' data-avia-tooltip='&lt;p&gt;N\u00facleos estructurales&lt;\/p&gt;\n'><a href=https:\/\/www.mates.it\/es\/productos\/nucleos-estructurales\/espumas\/  target=\"_blank\"  rel=\"noopener noreferrer\" class='av-image-hotspot_inner'>4<\/a><div class='av-image-hotspot-pulse'><\/div><\/div><div class='av-image-hotspot av-lk8roo6b-968f7eda90289cd15c23e61d6e477f16 av-image-hotspot-5 ' data-avia-tooltip-position='left' data-avia-tooltip-alignment='top' data-avia-tooltip-class='av-tt-default-width av-tt-pos-left av-tt-align-top  av-mobile-fallback-active  main_color av-tt-hotspot' data-avia-tooltip='&lt;p&gt;Materiales de proceso&lt;\/p&gt;\n'><a href=https:\/\/www.mates.it\/es\/productos\/materiales-de_proceso\/  target=\"_blank\"  rel=\"noopener noreferrer\" class='av-image-hotspot_inner'>5<\/a><div class='av-image-hotspot-pulse'><\/div><\/div><div class='av-image-hotspot av-lk8rox02-d7c6c9718271612e17361f8233386e91 av-image-hotspot-6 ' data-avia-tooltip-position='left' data-avia-tooltip-alignment='top' data-avia-tooltip-class='av-tt-default-width av-tt-pos-left av-tt-align-top  av-mobile-fallback-active  main_color av-tt-hotspot' data-avia-tooltip='&lt;p&gt;Herramientas \/ Utensilios&lt;\/p&gt;\n'><a href=https:\/\/www.mates.it\/es\/productos\/herramientas-utensilios\/  target=\"_blank\"  rel=\"noopener noreferrer\" class='av-image-hotspot_inner'>6<\/a><div class='av-image-hotspot-pulse'><\/div><\/div><img decoding=\"async\" fetchpriority=\"high\" class=\"wp-image-0 avia-img-lazy-loading-not-0 avia_image\" src=\"https:\/\/www.mates.it\/wp-content\/uploads\/2016\/09\/Nautico.jpg\" alt=\"\" title=\"\"><\/div><\/div><\/div><div class='av-hotspot-fallback-tooltip av-image-hotspot-1 '><div class=\"av-hotspot-fallback-tooltip-count\">1<div class=\"avia-arrow\"><\/div><\/div><div class=\"av-hotspot-fallback-tooltip-inner clearfix\"><p>\nRefuerzos<\/p>\n<\/div><\/div><div class='av-hotspot-fallback-tooltip av-image-hotspot-2 '><div class=\"av-hotspot-fallback-tooltip-count\">2<div class=\"avia-arrow\"><\/div><\/div><div class=\"av-hotspot-fallback-tooltip-inner clearfix\"><p>\nResinas \/ Adesivos<\/p>\n<\/div><\/div><div class='av-hotspot-fallback-tooltip av-image-hotspot-3 '><div class=\"av-hotspot-fallback-tooltip-count\">3<div class=\"avia-arrow\"><\/div><\/div><div class=\"av-hotspot-fallback-tooltip-inner clearfix\"><p>\nAgentes desmoldantes<\/p>\n<\/div><\/div><div class='av-hotspot-fallback-tooltip av-image-hotspot-4 '><div class=\"av-hotspot-fallback-tooltip-count\">4<div class=\"avia-arrow\"><\/div><\/div><div class=\"av-hotspot-fallback-tooltip-inner clearfix\"><p>\nN\u00facleos estructurales<\/p>\n<\/div><\/div><div class='av-hotspot-fallback-tooltip av-image-hotspot-5 '><div class=\"av-hotspot-fallback-tooltip-count\">5<div class=\"avia-arrow\"><\/div><\/div><div class=\"av-hotspot-fallback-tooltip-inner clearfix\"><p>\nMateriales de proceso<\/p>\n<\/div><\/div><div class='av-hotspot-fallback-tooltip av-image-hotspot-6 '><div class=\"av-hotspot-fallback-tooltip-count\">6<div class=\"avia-arrow\"><\/div><\/div><div class=\"av-hotspot-fallback-tooltip-inner clearfix\"><p>\nHerramientas \/ Utensilios<\/p>\n<\/div><\/div><\/div><\/p><\/div>\n<div  class='flex_column av-av_one_full-7714eba142aeda1f8b5272a3c372b279 av_one_full  avia-builder-el-5  el_after_av_one_full  el_before_av_hr  first flex_column_div  column-top-margin'     ><div  class='av_promobox av-lk8rpfbj-165f2c4f22676b91906b19891b4be235 avia-button-yes  avia-builder-el-6  avia-builder-el-no-sibling '><div class='avia-promocontent'><p>\nHaga clic en los n\u00fameros de la imagen y compare los productos m\u00e1s adecuados para su sector o haga clic en el bot\u00f3n de esta pesta\u00f1a para ver todos nuestros productos.<\/p>\n<\/div><div  class='avia-button-wrap av-lk8rpfbj-9f0f7756cb810de2c28d569dcaf69c98-wrap avia-button-right '><a href='https:\/\/www.mates.it\/es\/productos\/'  class='avia-button av-lk8rpfbj-9f0f7756cb810de2c28d569dcaf69c98 av-link-btn avia-icon_select-yes-left-icon avia-size-medium avia-position-right avia-color-theme-color'  target=\"_blank\"  rel=\"noopener noreferrer\"  aria-label=\"      Productos\"><span class='avia_button_icon avia_button_icon_left avia-iconfont avia-font-entypo-fontello' data-av_icon='\ue85c' data-av_iconfont='entypo-fontello' ><\/span><span class='avia_iconbox_title' >      Productos<\/span><\/a><\/div><\/div><\/div><div  class='hr av-av_hr-91d7ccd583a503147498e120fee2ff9b hr-default  avia-builder-el-7  el_after_av_one_full  avia-builder-el-last '><span class='hr-inner '><span class=\"hr-inner-style\"><\/span><\/span><\/div><\/p>\n","protected":false},"excerpt":{"rendered":"<p>La experiencia adquirida a lo largo del tiempo nos permite gestionar una amplia gama de productos recomendados para el sector n\u00e1utico y capaces de garantizar la m\u00e1xima eficiencia.<\/p>\n","protected":false},"author":1,"featured_media":7375,"parent":9403,"menu_order":3,"comment_status":"closed","ping_status":"closed","template":"","meta":{"footnotes":""},"class_list":["post-9422","page","type-page","status-publish","has-post-thumbnail","hentry"],"_links":{"self":[{"href":"https:\/\/www.mates.it\/es\/wp-json\/wp\/v2\/pages\/9422","targetHints":{"allow":["GET"]}}],"collection":[{"href":"https:\/\/www.mates.it\/es\/wp-json\/wp\/v2\/pages"}],"about":[{"href":"https:\/\/www.mates.it\/es\/wp-json\/wp\/v2\/types\/page"}],"author":[{"embeddable":true,"href":"https:\/\/www.mates.it\/es\/wp-json\/wp\/v2\/users\/1"}],"replies":[{"embeddable":true,"href":"https:\/\/www.mates.it\/es\/wp-json\/wp\/v2\/comments?post=9422"}],"version-history":[{"count":0,"href":"https:\/\/www.mates.it\/es\/wp-json\/wp\/v2\/pages\/9422\/revisions"}],"up":[{"embeddable":true,"href":"https:\/\/www.mates.it\/es\/wp-json\/wp\/v2\/pages\/9403"}],"wp:featuredmedia":[{"embeddable":true,"href":"https:\/\/www.mates.it\/es\/wp-json\/wp\/v2\/media\/7375"}],"wp:attachment":[{"href":"https:\/\/www.mates.it\/es\/wp-json\/wp\/v2\/media?parent=9422"}],"curies":[{"name":"wp","href":"https:\/\/api.w.org\/{rel}","templated":true}]}}