{"id":9426,"date":"2015-09-16T10:56:31","date_gmt":"2015-09-16T08:56:31","guid":{"rendered":"https:\/\/www.mates.it\/processi\/infusion-rfi\/"},"modified":"2023-10-14T14:54:45","modified_gmt":"2023-10-14T12:54:45","slug":"infusion-rfi","status":"publish","type":"page","link":"https:\/\/www.mates.it\/es\/procesos\/infusion-rfi\/","title":{"rendered":"Infusi\u00f3n \/ RFI"},"content":{"rendered":"<\/p>\n<div  class='flex_column av-av_one_full-7714eba142aeda1f8b5272a3c372b279 av_one_full  avia-builder-el-0  el_before_av_one_full  avia-builder-el-first  first flex_column_div  '     ><p>\n<style type=\"text\/css\" data-created_by=\"avia_inline_auto\" id=\"style-css-av-lkbq4q95-3493f747ae6b2396ff01138ebe9eaddc\">\n#top .av-special-heading.av-lkbq4q95-3493f747ae6b2396ff01138ebe9eaddc{\npadding-bottom:10px;\n}\nbody .av-special-heading.av-lkbq4q95-3493f747ae6b2396ff01138ebe9eaddc .av-special-heading-tag .heading-char{\nfont-size:25px;\n}\n.av-special-heading.av-lkbq4q95-3493f747ae6b2396ff01138ebe9eaddc .av-subheading{\nfont-size:15px;\n}\n<\/style>\n<div  class='av-special-heading av-lkbq4q95-3493f747ae6b2396ff01138ebe9eaddc av-special-heading-h1  avia-builder-el-1  el_before_av_textblock  avia-builder-el-first  custom-h1-title'><h1 class='av-special-heading-tag '  >Infusi\u00f3n \/ RFI<\/h1><div class=\"special-heading-border\"><div class=\"special-heading-inner-border\"><\/div><\/div><\/div><br \/>\n<section  class='av_textblock_section av-lkbq5304-66d3023b2d13607d5cb48b354b950187 '  ><div class='avia_textblock' ><p>El proceso de infusi\u00f3n al vac\u00edo (VIP) es un proceso de producci\u00f3n cada vez m\u00e1s utilizado para mejorar la calidad est\u00e9tica de las piezas compuestas y reducir los costes de mano de obra. Este proceso implica principalmente el vac\u00edo, obtenido mediante una bomba de vac\u00edo, que empuja la resina catalizada e impregna todas las capas de tejido. La velocidad a la que se pueden impregnar las capas depende de la viscosidad del sistema de resina, la permeabilidad de las capas de tejido y el gradiente de presi\u00f3n que empuja la resina infundida. Este proceso requiere el uso de bolsas de vac\u00edo de pel\u00edcula o, alternativamente, bolsas de vac\u00edo de silicona que pueden reutilizarse para varios moldes. La infusi\u00f3n de pel\u00edcula de resina (RFI) difiere de la infusi\u00f3n de resina convencional en el proceso. Se trata de un sistema de procesado en el que se coloca una pel\u00edcula de resina sobre el tejido y, gracias al vac\u00edo creado por la bomba y expuesta a una temperatura determinada, atraviesa todas las capas del tejido de manera uniforme. Las ventajas de utilizar el sistema RFI frente al tradicional son el ahorro de costes, una producci\u00f3n m\u00e1s r\u00e1pida y eficaz y una mayor precisi\u00f3n en la fabricaci\u00f3n del producto final.<\/p>\n<\/div><\/section><br \/>\n<div  class='hr av-av_hr-91d7ccd583a503147498e120fee2ff9b hr-default  avia-builder-el-3  el_after_av_textblock  el_before_av_image_hotspot  avia-builder-el-last '><span class='hr-inner '><span class=\"hr-inner-style\"><\/span><\/span><\/div><br \/>\n\n<style type=\"text\/css\" data-created_by=\"avia_inline_auto\" id=\"style-css-sub-av-lkbq7dyc-6b7417cb8fe83246566276c8a4846ebd\">\n.av-hotspot-image-container .av-image-hotspot.av-lkbq5v82-06e19d1b758db714e67000b925c09843{\ntop:45.3%;\nleft:66.7%;\n}\n.av-hotspot-image-container .av-image-hotspot.av-lkbq64w7-90ea5e4858c7025dd5e10234114774be{\ntop:67.8%;\nleft:31.6%;\n}\n.av-hotspot-image-container .av-image-hotspot.av-lkbq6djv-e4609c416dce39c88dbfe26ff607fff8{\ntop:80.1%;\nleft:56%;\n}\n.av-hotspot-image-container .av-image-hotspot.av-lkbq6nqw-353dcb9c78d308900a2ff0380d9e6ef1{\ntop:65.6%;\nleft:73%;\n}\n.av-hotspot-image-container .av-image-hotspot.av-lkbq71y4-07a04c2388a5515766d9accd5c259ae1{\ntop:40.2%;\nleft:42.2%;\n}\n.av-hotspot-image-container .av-image-hotspot.av-lkbq7cti-c0b4454df9c4b4e3c0126e0172fb2031{\ntop:81.9%;\nleft:92.6%;\n}\n<\/style>\n<div  class='av-hotspot-image-container av-lkbq7dyc-6b7417cb8fe83246566276c8a4846ebd  avia-builder-el-4  el_after_av_hr  avia-builder-el-last  av-hotspot-numbered av-mobile-fallback-active  av-non-fullwidth-hotspot-image' ><div class='av-hotspot-container'><div class='av-hotspot-container-inner-cell'><div class='av-hotspot-container-inner-wrap'><div class='av-image-hotspot av-lkbq5v82-06e19d1b758db714e67000b925c09843 av-image-hotspot-1 ' data-avia-tooltip-position='left' data-avia-tooltip-alignment='top' data-avia-tooltip-class='av-tt-default-width av-tt-pos-left av-tt-align-top  av-mobile-fallback-active  main_color av-tt-hotspot' data-avia-tooltip='&lt;p&gt;Bolsas de vac\u00edo&lt;\/p&gt;\n'><a href=https:\/\/www.mates.it\/es\/productos\/materiales-de_proceso\/bolsas-de-vacio\/  target=\"_blank\"  rel=\"noopener noreferrer\" class='av-image-hotspot_inner'>1<\/a><div class='av-image-hotspot-pulse'><\/div><\/div><div class='av-image-hotspot av-lkbq64w7-90ea5e4858c7025dd5e10234114774be av-image-hotspot-2 ' data-avia-tooltip-position='left' data-avia-tooltip-alignment='top' data-avia-tooltip-class='av-tt-default-width av-tt-pos-left av-tt-align-top  av-mobile-fallback-active  main_color av-tt-hotspot' data-avia-tooltip='&lt;p&gt;Refuerzos&lt;\/p&gt;\n'><a href=https:\/\/www.mates.it\/es\/productos\/tejidos-refuerzos\/  target=\"_blank\"  rel=\"noopener noreferrer\" class='av-image-hotspot_inner'>2<\/a><div class='av-image-hotspot-pulse'><\/div><\/div><div class='av-image-hotspot av-lkbq6djv-e4609c416dce39c88dbfe26ff607fff8 av-image-hotspot-3 ' data-avia-tooltip-position='left' data-avia-tooltip-alignment='top' data-avia-tooltip-class='av-tt-default-width av-tt-pos-left av-tt-align-top  av-mobile-fallback-active  main_color av-tt-hotspot' data-avia-tooltip='&lt;p&gt;Resinas&lt;\/p&gt;\n'><a href=https:\/\/www.mates.it\/es\/productos\/resinas-adhesivos-quimicos\/resinas\/  target=\"_blank\"  rel=\"noopener noreferrer\" class='av-image-hotspot_inner'>3<\/a><div class='av-image-hotspot-pulse'><\/div><\/div><div class='av-image-hotspot av-lkbq6nqw-353dcb9c78d308900a2ff0380d9e6ef1 av-image-hotspot-4 ' data-avia-tooltip-position='left' data-avia-tooltip-alignment='top' data-avia-tooltip-class='av-tt-default-width av-tt-pos-left av-tt-align-top  av-mobile-fallback-active  main_color av-tt-hotspot' data-avia-tooltip='&lt;p&gt;Medios de flujo&lt;\/p&gt;\n'><a href=https:\/\/www.mates.it\/es\/productos\/materiales-de_proceso\/medios-de-flujo\/  target=\"_blank\"  rel=\"noopener noreferrer\" class='av-image-hotspot_inner'>4<\/a><div class='av-image-hotspot-pulse'><\/div><\/div><div class='av-image-hotspot av-lkbq71y4-07a04c2388a5515766d9accd5c259ae1 av-image-hotspot-5 ' data-avia-tooltip-position='left' data-avia-tooltip-alignment='top' data-avia-tooltip-class='av-tt-default-width av-tt-pos-left av-tt-align-top  av-mobile-fallback-active  main_color av-tt-hotspot' data-avia-tooltip='&lt;p&gt;Tubos&lt;\/p&gt;\n'><a href=https:\/\/www.mates.it\/es\/productos\/herramientas-utensilios\/tubos-ataques\/tubos\/  target=\"_blank\"  rel=\"noopener noreferrer\" class='av-image-hotspot_inner'>5<\/a><div class='av-image-hotspot-pulse'><\/div><\/div><div class='av-image-hotspot av-lkbq7cti-c0b4454df9c4b4e3c0126e0172fb2031 av-image-hotspot-6 ' data-avia-tooltip-position='left' data-avia-tooltip-alignment='top' data-avia-tooltip-class='av-tt-default-width av-tt-pos-left av-tt-align-top  av-mobile-fallback-active  main_color av-tt-hotspot' data-avia-tooltip='&lt;p&gt;Selladores \/ Cintas&lt;\/p&gt;\n'><a href=https:\/\/www.mates.it\/es\/productos\/materiales-de_proceso\/selladores-cintas\/  target=\"_blank\"  rel=\"noopener noreferrer\" class='av-image-hotspot_inner'>6<\/a><div class='av-image-hotspot-pulse'><\/div><\/div><img decoding=\"async\" fetchpriority=\"high\" class=\"wp-image-0 avia-img-lazy-loading-not-0 avia_image\" src=\"https:\/\/www.mates.it\/wp-content\/uploads\/2016\/09\/Infusione-classica-I-RFI.jpg\" alt=\"\" title=\"\"><\/div><\/div><\/div><div class='av-hotspot-fallback-tooltip av-image-hotspot-1 '><div class=\"av-hotspot-fallback-tooltip-count\">1<div class=\"avia-arrow\"><\/div><\/div><div class=\"av-hotspot-fallback-tooltip-inner clearfix\"><p>\nBolsas de vac\u00edo<\/p>\n<\/div><\/div><div class='av-hotspot-fallback-tooltip av-image-hotspot-2 '><div class=\"av-hotspot-fallback-tooltip-count\">2<div class=\"avia-arrow\"><\/div><\/div><div class=\"av-hotspot-fallback-tooltip-inner clearfix\"><p>\nRefuerzos<\/p>\n<\/div><\/div><div class='av-hotspot-fallback-tooltip av-image-hotspot-3 '><div class=\"av-hotspot-fallback-tooltip-count\">3<div class=\"avia-arrow\"><\/div><\/div><div class=\"av-hotspot-fallback-tooltip-inner clearfix\"><p>\nResinas<\/p>\n<\/div><\/div><div class='av-hotspot-fallback-tooltip av-image-hotspot-4 '><div class=\"av-hotspot-fallback-tooltip-count\">4<div class=\"avia-arrow\"><\/div><\/div><div class=\"av-hotspot-fallback-tooltip-inner clearfix\"><p>\nMedios de flujo<\/p>\n<\/div><\/div><div class='av-hotspot-fallback-tooltip av-image-hotspot-5 '><div class=\"av-hotspot-fallback-tooltip-count\">5<div class=\"avia-arrow\"><\/div><\/div><div class=\"av-hotspot-fallback-tooltip-inner clearfix\"><p>\nTubos<\/p>\n<\/div><\/div><div class='av-hotspot-fallback-tooltip av-image-hotspot-6 '><div class=\"av-hotspot-fallback-tooltip-count\">6<div class=\"avia-arrow\"><\/div><\/div><div class=\"av-hotspot-fallback-tooltip-inner clearfix\"><p>\nSelladores \/ Cintas<\/p>\n<\/div><\/div><\/div><\/p><\/div><div  class='flex_column av-av_one_full-7714eba142aeda1f8b5272a3c372b279 av_one_full  avia-builder-el-5  el_after_av_one_full  el_before_av_hr  first flex_column_div  column-top-margin'     ><div  class='av_promobox av-lkbq7vcx-5b0a00b2e2bba5a2bcc6a4edcbd0d383 avia-button-yes  avia-builder-el-6  avia-builder-el-no-sibling '><div class='avia-promocontent'><p>\nHaga clic en los n\u00fameros de la imagen y compare los productos m\u00e1s adecuados para su sector o haga clic en el bot\u00f3n de esta pesta\u00f1a para ver todos nuestros productos.<\/p>\n<\/div><div  class='avia-button-wrap av-lkbq7vcx-036b1596aaf9c08a36dda31ddcdbeb62-wrap avia-button-right '><a href='https:\/\/www.mates.it\/es\/productos\/'  class='avia-button av-lkbq7vcx-036b1596aaf9c08a36dda31ddcdbeb62 av-link-btn avia-icon_select-yes-left-icon avia-size-medium avia-position-right avia-color-theme-color'  target=\"_blank\"  rel=\"noopener noreferrer\"  aria-label=\"      Productos\"><span class='avia_button_icon avia_button_icon_left avia-iconfont avia-font-entypo-fontello' data-av_icon='\ue85c' data-av_iconfont='entypo-fontello' ><\/span><span class='avia_iconbox_title' >      Productos<\/span><\/a><\/div><\/div><\/div><div  class='hr av-av_hr-91d7ccd583a503147498e120fee2ff9b hr-default  avia-builder-el-7  el_after_av_one_full  avia-builder-el-last '><span class='hr-inner '><span class=\"hr-inner-style\"><\/span><\/span><\/div><\/p>\n","protected":false},"excerpt":{"rendered":"<p>El proceso de infusi\u00f3n al vac\u00edo (VIP) es un proceso de producci\u00f3n cada vez m\u00e1s utilizado para mejorar la calidad est\u00e9tica de las piezas compuestas y reducir los costes de mano de obra.<\/p>\n","protected":false},"author":1,"featured_media":7407,"parent":9405,"menu_order":3,"comment_status":"open","ping_status":"open","template":"","meta":{"footnotes":""},"class_list":["post-9426","page","type-page","status-publish","has-post-thumbnail","hentry"],"_links":{"self":[{"href":"https:\/\/www.mates.it\/es\/wp-json\/wp\/v2\/pages\/9426","targetHints":{"allow":["GET"]}}],"collection":[{"href":"https:\/\/www.mates.it\/es\/wp-json\/wp\/v2\/pages"}],"about":[{"href":"https:\/\/www.mates.it\/es\/wp-json\/wp\/v2\/types\/page"}],"author":[{"embeddable":true,"href":"https:\/\/www.mates.it\/es\/wp-json\/wp\/v2\/users\/1"}],"replies":[{"embeddable":true,"href":"https:\/\/www.mates.it\/es\/wp-json\/wp\/v2\/comments?post=9426"}],"version-history":[{"count":0,"href":"https:\/\/www.mates.it\/es\/wp-json\/wp\/v2\/pages\/9426\/revisions"}],"up":[{"embeddable":true,"href":"https:\/\/www.mates.it\/es\/wp-json\/wp\/v2\/pages\/9405"}],"wp:featuredmedia":[{"embeddable":true,"href":"https:\/\/www.mates.it\/es\/wp-json\/wp\/v2\/media\/7407"}],"wp:attachment":[{"href":"https:\/\/www.mates.it\/es\/wp-json\/wp\/v2\/media?parent=9426"}],"curies":[{"name":"wp","href":"https:\/\/api.w.org\/{rel}","templated":true}]}}