{"id":9428,"date":"2015-09-16T10:56:25","date_gmt":"2015-09-16T08:56:25","guid":{"rendered":"https:\/\/www.mates.it\/processi\/tecnica-de-vacio\/"},"modified":"2023-10-14T14:52:43","modified_gmt":"2023-10-14T12:52:43","slug":"tecnica-de-vacio","status":"publish","type":"page","link":"https:\/\/www.mates.it\/es\/procesos\/tecnica-de-vacio\/","title":{"rendered":"T\u00e9cnica de vac\u00edo"},"content":{"rendered":"<\/p>\n<div  class='flex_column av-av_one_full-7714eba142aeda1f8b5272a3c372b279 av_one_full  avia-builder-el-0  el_before_av_one_full  avia-builder-el-first  first flex_column_div  '     ><p>\n<style type=\"text\/css\" data-created_by=\"avia_inline_auto\" id=\"style-css-av-lka8t4wk-af6c0a3e4596f0095ac0707d8457edc1\">\n#top .av-special-heading.av-lka8t4wk-af6c0a3e4596f0095ac0707d8457edc1{\npadding-bottom:10px;\n}\nbody .av-special-heading.av-lka8t4wk-af6c0a3e4596f0095ac0707d8457edc1 .av-special-heading-tag .heading-char{\nfont-size:25px;\n}\n.av-special-heading.av-lka8t4wk-af6c0a3e4596f0095ac0707d8457edc1 .av-subheading{\nfont-size:15px;\n}\n<\/style>\n<div  class='av-special-heading av-lka8t4wk-af6c0a3e4596f0095ac0707d8457edc1 av-special-heading-h1  avia-builder-el-1  el_before_av_textblock  avia-builder-el-first  custom-h1-title'><h1 class='av-special-heading-tag '  >T\u00e9cnica de vac\u00edo<\/h1><div class=\"special-heading-border\"><div class=\"special-heading-inner-border\"><\/div><\/div><\/div><br \/>\n<section  class='av_textblock_section av-lka8tglf-b58e54c0fd762f6d040cb8d744c14689 '  ><div class='avia_textblock' ><p>El proceso de envasado al vac\u00edo de la pieza es el paso siguiente al laminado a mano. Este m\u00e9todo de procesamiento requiere el uso de bolsas, pel\u00edculas o membranas conectadas a una bomba de vac\u00edo que crea un vac\u00edo para compactar las capas inferiores. El resultado obtenido es mejor que el logrado con la t\u00e9cnica de laminado manual y garantiza la fabricaci\u00f3n de productos con elevadas prestaciones mec\u00e1nicas, alta resistencia a la tracci\u00f3n y excelente est\u00e9tica. Este proceso, aunque m\u00e1s complejo, aporta ventajas con respecto a los m\u00e9todos tradicionales. El vac\u00edo creado, adem\u00e1s de compactar el laminado, elimina la humedad contenida en el material y el exceso de resina, garantizando un mejor rendimiento del producto acabado. El resultado obtenido como consecuencia de este tipo de procesamiento es una rigidez superior, maximizando la eficacia del componente.<\/p>\n<\/div><\/section><br \/>\n<div  class='hr av-av_hr-91d7ccd583a503147498e120fee2ff9b hr-default  avia-builder-el-3  el_after_av_textblock  el_before_av_image_hotspot  avia-builder-el-last '><span class='hr-inner '><span class=\"hr-inner-style\"><\/span><\/span><\/div><br \/>\n\n<style type=\"text\/css\" data-created_by=\"avia_inline_auto\" id=\"style-css-sub-av-lka8vm4j-0189e45d787c316f46d178b28408378a\">\n.av-hotspot-image-container .av-image-hotspot.av-lka8uag1-4a9b46165ac9ca038cc2763358fb8a14{\ntop:57.1%;\nleft:72.3%;\n}\n.av-hotspot-image-container .av-image-hotspot.av-lka8ujs6-271120335f4db43eedf971df98ab04b4{\ntop:73.8%;\nleft:51.9%;\n}\n.av-hotspot-image-container .av-image-hotspot.av-lka8uuut-61b40837843c2a4e3176a2076faee5c4{\ntop:65.2%;\nleft:24.4%;\n}\n.av-hotspot-image-container .av-image-hotspot.av-lka8v72j-da265f5b423a764eca1dd86d91e848cf{\ntop:21%;\nleft:61.1%;\n}\n.av-hotspot-image-container .av-image-hotspot.av-lka8vkv3-6fba345727ae0ad393c72c160e17a37d{\ntop:22.4%;\nleft:31.5%;\n}\n.av-hotspot-image-container .av-image-hotspot.av-lka8w06x-10b922bb9c33b30b2fc1fb179418a54d{\ntop:37.3%;\nleft:90.3%;\n}\n<\/style>\n<div  class='av-hotspot-image-container av-lka8vm4j-0189e45d787c316f46d178b28408378a  avia-builder-el-4  el_after_av_hr  avia-builder-el-last  av-hotspot-numbered av-mobile-fallback-active  av-non-fullwidth-hotspot-image' ><div class='av-hotspot-container'><div class='av-hotspot-container-inner-cell'><div class='av-hotspot-container-inner-wrap'><div class='av-image-hotspot av-lka8uag1-4a9b46165ac9ca038cc2763358fb8a14 av-image-hotspot-1 ' data-avia-tooltip-position='left' data-avia-tooltip-alignment='top' data-avia-tooltip-class='av-tt-default-width av-tt-pos-left av-tt-align-top  av-mobile-fallback-active  main_color av-tt-hotspot' data-avia-tooltip='&lt;p&gt;Bolsas de vac\u00edo&lt;\/p&gt;\n'><a href=https:\/\/www.mates.it\/es\/productos\/materiales-de_proceso\/bolsas-de-vacio\/  target=\"_blank\"  rel=\"noopener noreferrer\" class='av-image-hotspot_inner'>1<\/a><div class='av-image-hotspot-pulse'><\/div><\/div><div class='av-image-hotspot av-lka8ujs6-271120335f4db43eedf971df98ab04b4 av-image-hotspot-2 ' data-avia-tooltip-position='left' data-avia-tooltip-alignment='top' data-avia-tooltip-class='av-tt-default-width av-tt-pos-left av-tt-align-top  av-mobile-fallback-active  main_color av-tt-hotspot' data-avia-tooltip='&lt;p&gt;Mantas absorci\u00f3n&lt;\/p&gt;\n'><a href=https:\/\/www.mates.it\/es\/productos\/materiales-de_proceso\/mantas-absorcion\/  target=\"_blank\"  rel=\"noopener noreferrer\" class='av-image-hotspot_inner'>2<\/a><div class='av-image-hotspot-pulse'><\/div><\/div><div class='av-image-hotspot av-lka8uuut-61b40837843c2a4e3176a2076faee5c4 av-image-hotspot-3 ' data-avia-tooltip-position='left' data-avia-tooltip-alignment='top' data-avia-tooltip-class='av-tt-default-width av-tt-pos-left av-tt-align-top  av-mobile-fallback-active  main_color av-tt-hotspot' data-avia-tooltip='&lt;p&gt;Tomas \/ V\u00e1lvulas&lt;\/p&gt;\n'><a href=https:\/\/www.mates.it\/es\/productos\/herramientas-utensilios\/tubos-ataques\/tomas-valvulas\/  target=\"_blank\"  rel=\"noopener noreferrer\" class='av-image-hotspot_inner'>3<\/a><div class='av-image-hotspot-pulse'><\/div><\/div><div class='av-image-hotspot av-lka8v72j-da265f5b423a764eca1dd86d91e848cf av-image-hotspot-4 ' data-avia-tooltip-position='left' data-avia-tooltip-alignment='top' data-avia-tooltip-class='av-tt-default-width av-tt-pos-left av-tt-align-top  av-mobile-fallback-active  main_color av-tt-hotspot' data-avia-tooltip='&lt;p&gt;Films separadores&lt;\/p&gt;\n'><a href=https:\/\/www.mates.it\/es\/productos\/materiales-de_proceso\/films-separadores\/  target=\"_blank\"  rel=\"noopener noreferrer\" class='av-image-hotspot_inner'>4<\/a><div class='av-image-hotspot-pulse'><\/div><\/div><div class='av-image-hotspot av-lka8vkv3-6fba345727ae0ad393c72c160e17a37d av-image-hotspot-5 ' data-avia-tooltip-position='left' data-avia-tooltip-alignment='top' data-avia-tooltip-class='av-tt-default-width av-tt-pos-left av-tt-align-top  av-mobile-fallback-active  main_color av-tt-hotspot' data-avia-tooltip='&lt;p&gt;Tubos&lt;\/p&gt;\n'><a href=https:\/\/www.mates.it\/es\/productos\/herramientas-utensilios\/tubos-ataques\/tubos\/  target=\"_blank\"  rel=\"noopener noreferrer\" class='av-image-hotspot_inner'>5<\/a><div class='av-image-hotspot-pulse'><\/div><\/div><div class='av-image-hotspot av-lka8w06x-10b922bb9c33b30b2fc1fb179418a54d av-image-hotspot-6 ' data-avia-tooltip-position='left' data-avia-tooltip-alignment='top' data-avia-tooltip-class='av-tt-default-width av-tt-pos-left av-tt-align-top  av-mobile-fallback-active  main_color av-tt-hotspot' data-avia-tooltip='&lt;p&gt;Selladores \/ Cintas&lt;\/p&gt;\n'><a href=https:\/\/www.mates.it\/es\/productos\/materiales-de_proceso\/selladores-cintas\/  target=\"_blank\"  rel=\"noopener noreferrer\" class='av-image-hotspot_inner'>6<\/a><div class='av-image-hotspot-pulse'><\/div><\/div><img decoding=\"async\" fetchpriority=\"high\" class=\"wp-image-0 avia-img-lazy-loading-not-0 avia_image\" src=\"https:\/\/www.mates.it\/wp-content\/uploads\/2016\/09\/Tecnica-del-vuoto.jpg\" alt=\"\" title=\"\"><\/div><\/div><\/div><div class='av-hotspot-fallback-tooltip av-image-hotspot-1 '><div class=\"av-hotspot-fallback-tooltip-count\">1<div class=\"avia-arrow\"><\/div><\/div><div class=\"av-hotspot-fallback-tooltip-inner clearfix\"><p>\nBolsas de vac\u00edo<\/p>\n<\/div><\/div><div class='av-hotspot-fallback-tooltip av-image-hotspot-2 '><div class=\"av-hotspot-fallback-tooltip-count\">2<div class=\"avia-arrow\"><\/div><\/div><div class=\"av-hotspot-fallback-tooltip-inner clearfix\"><p>\nMantas absorci\u00f3n<\/p>\n<\/div><\/div><div class='av-hotspot-fallback-tooltip av-image-hotspot-3 '><div class=\"av-hotspot-fallback-tooltip-count\">3<div class=\"avia-arrow\"><\/div><\/div><div class=\"av-hotspot-fallback-tooltip-inner clearfix\"><p>\nTomas \/ V\u00e1lvulas<\/p>\n<\/div><\/div><div class='av-hotspot-fallback-tooltip av-image-hotspot-4 '><div class=\"av-hotspot-fallback-tooltip-count\">4<div class=\"avia-arrow\"><\/div><\/div><div class=\"av-hotspot-fallback-tooltip-inner clearfix\"><p>\nFilms separadores<\/p>\n<\/div><\/div><div class='av-hotspot-fallback-tooltip av-image-hotspot-5 '><div class=\"av-hotspot-fallback-tooltip-count\">5<div class=\"avia-arrow\"><\/div><\/div><div class=\"av-hotspot-fallback-tooltip-inner clearfix\"><p>\nTubos<\/p>\n<\/div><\/div><div class='av-hotspot-fallback-tooltip av-image-hotspot-6 '><div class=\"av-hotspot-fallback-tooltip-count\">6<div class=\"avia-arrow\"><\/div><\/div><div class=\"av-hotspot-fallback-tooltip-inner clearfix\"><p>\nSelladores \/ Cintas<\/p>\n<\/div><\/div><\/div><\/p><\/div><div  class='flex_column av-av_one_full-7714eba142aeda1f8b5272a3c372b279 av_one_full  avia-builder-el-5  el_after_av_one_full  el_before_av_hr  first flex_column_div  column-top-margin'     ><div  class='av_promobox av-lka8wiw7-211ff4cd8e8026e492cbffdc5b6c5ae0 avia-button-yes  avia-builder-el-6  avia-builder-el-no-sibling '><div class='avia-promocontent'><p>\nHaga clic en los n\u00fameros de la imagen y compare los productos m\u00e1s adecuados para su sector o haga clic en el bot\u00f3n de esta pesta\u00f1a para ver todos nuestros productos.<\/p>\n<\/div><div  class='avia-button-wrap av-lka8wiw7-a580babf070f0aa0e18b0373e19e741d-wrap avia-button-right '><a href='https:\/\/www.mates.it\/es\/productos\/'  class='avia-button av-lka8wiw7-a580babf070f0aa0e18b0373e19e741d av-link-btn avia-icon_select-yes-left-icon avia-size-medium avia-position-right avia-color-theme-color'  target=\"_blank\"  rel=\"noopener noreferrer\"  aria-label=\"      Productos\"><span class='avia_button_icon avia_button_icon_left avia-iconfont avia-font-entypo-fontello' data-av_icon='\ue85c' data-av_iconfont='entypo-fontello' ><\/span><span class='avia_iconbox_title' >      Productos<\/span><\/a><\/div><\/div><\/div><div  class='hr av-av_hr-91d7ccd583a503147498e120fee2ff9b hr-default  avia-builder-el-7  el_after_av_one_full  avia-builder-el-last '><span class='hr-inner '><span class=\"hr-inner-style\"><\/span><\/span><\/div><\/p>\n","protected":false},"excerpt":{"rendered":"<p>El proceso de vac\u00edo de las piezas requiere el uso de bolsas, pel\u00edculas o membranas conectadas a una bomba de vac\u00edo que compacta la capa inferior por vac\u00edo.<\/p>\n","protected":false},"author":1,"featured_media":7403,"parent":9405,"menu_order":2,"comment_status":"open","ping_status":"open","template":"","meta":{"footnotes":""},"class_list":["post-9428","page","type-page","status-publish","has-post-thumbnail","hentry"],"_links":{"self":[{"href":"https:\/\/www.mates.it\/es\/wp-json\/wp\/v2\/pages\/9428","targetHints":{"allow":["GET"]}}],"collection":[{"href":"https:\/\/www.mates.it\/es\/wp-json\/wp\/v2\/pages"}],"about":[{"href":"https:\/\/www.mates.it\/es\/wp-json\/wp\/v2\/types\/page"}],"author":[{"embeddable":true,"href":"https:\/\/www.mates.it\/es\/wp-json\/wp\/v2\/users\/1"}],"replies":[{"embeddable":true,"href":"https:\/\/www.mates.it\/es\/wp-json\/wp\/v2\/comments?post=9428"}],"version-history":[{"count":0,"href":"https:\/\/www.mates.it\/es\/wp-json\/wp\/v2\/pages\/9428\/revisions"}],"up":[{"embeddable":true,"href":"https:\/\/www.mates.it\/es\/wp-json\/wp\/v2\/pages\/9405"}],"wp:featuredmedia":[{"embeddable":true,"href":"https:\/\/www.mates.it\/es\/wp-json\/wp\/v2\/media\/7403"}],"wp:attachment":[{"href":"https:\/\/www.mates.it\/es\/wp-json\/wp\/v2\/media?parent=9428"}],"curies":[{"name":"wp","href":"https:\/\/api.w.org\/{rel}","templated":true}]}}