{"id":9430,"date":"2015-09-16T10:56:19","date_gmt":"2015-09-16T08:56:19","guid":{"rendered":"https:\/\/www.mates.it\/processi\/laminacion-manual\/"},"modified":"2023-07-19T23:21:59","modified_gmt":"2023-07-19T21:21:59","slug":"laminacion-manual","status":"publish","type":"page","link":"https:\/\/www.mates.it\/es\/procesos\/laminacion-manual\/","title":{"rendered":"Laminaci\u00f3n manual"},"content":{"rendered":"<div  class='flex_column av-av_one_full-7714eba142aeda1f8b5272a3c372b279 av_one_full  avia-builder-el-0  el_before_av_one_full  avia-builder-el-first  first flex_column_div  '     ><p>\n<style type=\"text\/css\" data-created_by=\"avia_inline_auto\" id=\"style-css-av-lka77mng-283479d83efcaa1f9e293569d3b8d6ee\">\n#top .av-special-heading.av-lka77mng-283479d83efcaa1f9e293569d3b8d6ee{\npadding-bottom:10px;\n}\nbody .av-special-heading.av-lka77mng-283479d83efcaa1f9e293569d3b8d6ee .av-special-heading-tag .heading-char{\nfont-size:25px;\n}\n.av-special-heading.av-lka77mng-283479d83efcaa1f9e293569d3b8d6ee .av-subheading{\nfont-size:15px;\n}\n<\/style>\n<div  class='av-special-heading av-lka77mng-283479d83efcaa1f9e293569d3b8d6ee av-special-heading-h1  avia-builder-el-1  el_before_av_textblock  avia-builder-el-first  custom-h1-title'><h1 class='av-special-heading-tag '  >Laminaci\u00f3n manual<\/h1><div class=\"special-heading-border\"><div class=\"special-heading-inner-border\"><\/div><\/div><\/div><br \/>\n<section  class='av_textblock_section av-lka77uvg-68f389e0c13dbdb580054ecaa325e908 '  ><div class='avia_textblock' ><p>El laminado manual es la t\u00e9cnica de moldeado m\u00e1s sencilla utilizada para fabricar piezas de materiales compuestos; es popular en la industria no s\u00f3lo por su facilidad de ejecuci\u00f3n, sino tambi\u00e9n por el bajo coste del equipo necesario para aplicarla. Este sistema consiste en aplicar capas de resina y tejido, alternando con la eliminaci\u00f3n de burbujas de aire, hasta alcanzar el espesor deseado. Para obtener una correcta relaci\u00f3n resina-fibra, y por tanto una mejor resistencia mec\u00e1nica de la pieza, se recomienda aplicar un peelply como \u00faltima capa a retirar cuando la resina haya endurecido. El proceso requiere que las superficies est\u00e9n perfectamente limpias, ya que de lo contrario podr\u00edan comprometer el aspecto final y el comportamiento estructural del producto.<\/p>\n<\/div><\/section><br \/>\n<div  class='hr av-av_hr-91d7ccd583a503147498e120fee2ff9b hr-default  avia-builder-el-3  el_after_av_textblock  el_before_av_image_hotspot  avia-builder-el-last '><span class='hr-inner '><span class=\"hr-inner-style\"><\/span><\/span><\/div><br \/>\n\n<style type=\"text\/css\" data-created_by=\"avia_inline_auto\" id=\"style-css-sub-av-lka79unz-e1e798c69487bb73b53b1e318b11bb63\">\n.av-hotspot-image-container .av-image-hotspot.av-lka78mhi-ec66bc18c371c76cea46afe0fad66c17{\ntop:57.1%;\nleft:72.3%;\n}\n.av-hotspot-image-container .av-image-hotspot.av-lka78wba-cb910b0715938b04620971d82a2099ac{\ntop:73.8%;\nleft:51.9%;\n}\n.av-hotspot-image-container .av-image-hotspot.av-lka79an8-5058e7b721711b4aed88aaea1da8b74e{\ntop:83.1%;\nleft:26.7%;\n}\n.av-hotspot-image-container .av-image-hotspot.av-lka79t6d-eac1932f277fb66642dff57d37ca66f4{\ntop:32.9%;\nleft:60.5%;\n}\n.av-hotspot-image-container .av-image-hotspot.av-lka7abtx-1a980b5ef205d79dc80da310405b3e94{\ntop:58.1%;\nleft:37.2%;\n}\n<\/style>\n<div  class='av-hotspot-image-container av-lka79unz-e1e798c69487bb73b53b1e318b11bb63  avia-builder-el-4  el_after_av_hr  avia-builder-el-last  av-hotspot-numbered av-mobile-fallback-active  av-non-fullwidth-hotspot-image' ><div class='av-hotspot-container'><div class='av-hotspot-container-inner-cell'><div class='av-hotspot-container-inner-wrap'><div class='av-image-hotspot av-lka78mhi-ec66bc18c371c76cea46afe0fad66c17 av-image-hotspot-1 ' data-avia-tooltip-position='left' data-avia-tooltip-alignment='top' data-avia-tooltip-class='av-tt-default-width av-tt-pos-left av-tt-align-top  av-mobile-fallback-active  main_color av-tt-hotspot' data-avia-tooltip='&lt;p&gt;Refuerzos&lt;\/p&gt;\n'><a href=https:\/\/www.mates.it\/es\/productos\/tejidos-refuerzos\/  target=\"_blank\"  rel=\"noopener noreferrer\" class='av-image-hotspot_inner'>1<\/a><div class='av-image-hotspot-pulse'><\/div><\/div><div class='av-image-hotspot av-lka78wba-cb910b0715938b04620971d82a2099ac av-image-hotspot-2 ' data-avia-tooltip-position='left' data-avia-tooltip-alignment='top' data-avia-tooltip-class='av-tt-default-width av-tt-pos-left av-tt-align-top  av-mobile-fallback-active  main_color av-tt-hotspot' data-avia-tooltip='&lt;p&gt;Resinas&lt;\/p&gt;\n'><a href=https:\/\/www.mates.it\/es\/productos\/resinas-adhesivos-quimicos\/resinas\/  target=\"_blank\"  rel=\"noopener noreferrer\" class='av-image-hotspot_inner'>2<\/a><div class='av-image-hotspot-pulse'><\/div><\/div><div class='av-image-hotspot av-lka79an8-5058e7b721711b4aed88aaea1da8b74e av-image-hotspot-3 ' data-avia-tooltip-position='left' data-avia-tooltip-alignment='top' data-avia-tooltip-class='av-tt-default-width av-tt-pos-left av-tt-align-top  av-mobile-fallback-active  main_color av-tt-hotspot' data-avia-tooltip='&lt;p&gt;Agentes desmoldantes&lt;\/p&gt;\n'><a href=https:\/\/www.mates.it\/es\/productos\/agentes-desmoldantes\/  target=\"_blank\"  rel=\"noopener noreferrer\" class='av-image-hotspot_inner'>3<\/a><div class='av-image-hotspot-pulse'><\/div><\/div><div class='av-image-hotspot av-lka79t6d-eac1932f277fb66642dff57d37ca66f4 av-image-hotspot-4 ' data-avia-tooltip-position='left' data-avia-tooltip-alignment='top' data-avia-tooltip-class='av-tt-default-width av-tt-pos-left av-tt-align-top  av-mobile-fallback-active  main_color av-tt-hotspot' data-avia-tooltip='&lt;p&gt;N\u00facleos estructurales&lt;\/p&gt;\n'><a href=https:\/\/www.mates.it\/es\/productos\/nucleos-estructurales\/  target=\"_blank\"  rel=\"noopener noreferrer\" class='av-image-hotspot_inner'>4<\/a><div class='av-image-hotspot-pulse'><\/div><\/div><div class='av-image-hotspot av-lka7abtx-1a980b5ef205d79dc80da310405b3e94 av-image-hotspot-5 ' data-avia-tooltip-position='left' data-avia-tooltip-alignment='top' data-avia-tooltip-class='av-tt-default-width av-tt-pos-left av-tt-align-top  av-mobile-fallback-active  main_color av-tt-hotspot' data-avia-tooltip='&lt;p&gt;Auxiliares&lt;\/p&gt;\n'><a href=https:\/\/www.mates.it\/es\/productos\/resinas-adhesivos-quimicos\/auxiliares-resinas-e\/  target=\"_blank\"  rel=\"noopener noreferrer\" class='av-image-hotspot_inner'>5<\/a><div class='av-image-hotspot-pulse'><\/div><\/div><img decoding=\"async\" fetchpriority=\"high\" class=\"wp-image-0 avia-img-lazy-loading-not-0 avia_image\" src=\"https:\/\/www.mates.it\/wp-content\/uploads\/2016\/09\/Lay-up-manuale.jpg\" alt=\"\" title=\"\"><\/div><\/div><\/div><div class='av-hotspot-fallback-tooltip av-image-hotspot-1 '><div class=\"av-hotspot-fallback-tooltip-count\">1<div class=\"avia-arrow\"><\/div><\/div><div class=\"av-hotspot-fallback-tooltip-inner clearfix\"><p>\nRefuerzos<\/p>\n<\/div><\/div><div class='av-hotspot-fallback-tooltip av-image-hotspot-2 '><div class=\"av-hotspot-fallback-tooltip-count\">2<div class=\"avia-arrow\"><\/div><\/div><div class=\"av-hotspot-fallback-tooltip-inner clearfix\"><p>\nResinas<\/p>\n<\/div><\/div><div class='av-hotspot-fallback-tooltip av-image-hotspot-3 '><div class=\"av-hotspot-fallback-tooltip-count\">3<div class=\"avia-arrow\"><\/div><\/div><div class=\"av-hotspot-fallback-tooltip-inner clearfix\"><p>\nAgentes desmoldantes<\/p>\n<\/div><\/div><div class='av-hotspot-fallback-tooltip av-image-hotspot-4 '><div class=\"av-hotspot-fallback-tooltip-count\">4<div class=\"avia-arrow\"><\/div><\/div><div class=\"av-hotspot-fallback-tooltip-inner clearfix\"><p>\nN\u00facleos estructurales<\/p>\n<\/div><\/div><div class='av-hotspot-fallback-tooltip av-image-hotspot-5 '><div class=\"av-hotspot-fallback-tooltip-count\">5<div class=\"avia-arrow\"><\/div><\/div><div class=\"av-hotspot-fallback-tooltip-inner clearfix\"><p>\nAuxiliares<\/p>\n<\/div><\/div><\/div><\/p><\/div>\n<div  class='flex_column av-av_one_full-7714eba142aeda1f8b5272a3c372b279 av_one_full  avia-builder-el-5  el_after_av_one_full  el_before_av_hr  first flex_column_div  column-top-margin'     ><div  class='av_promobox av-lka7as9s-7ef480ba27179d29931ed33369ac12b8 avia-button-yes  avia-builder-el-6  avia-builder-el-no-sibling '><div class='avia-promocontent'><p>\nHaga clic en los n\u00fameros de la imagen y compare los productos m\u00e1s adecuados para su sector o haga clic en el bot\u00f3n de esta pesta\u00f1a para ver todos nuestros productos.<\/p>\n<\/div><div  class='avia-button-wrap av-lka7as9s-0250619a3c471adbcf6a833b7f5c4fd4-wrap avia-button-right '><a href='https:\/\/www.mates.it\/es\/productos\/'  class='avia-button av-lka7as9s-0250619a3c471adbcf6a833b7f5c4fd4 av-link-btn avia-icon_select-yes-left-icon avia-size-medium avia-position-right avia-color-theme-color'  target=\"_blank\"  rel=\"noopener noreferrer\"  aria-label=\"      Productos\"><span class='avia_button_icon avia_button_icon_left avia-iconfont avia-font-entypo-fontello' data-av_icon='\ue85c' data-av_iconfont='entypo-fontello' ><\/span><span class='avia_iconbox_title' >      Productos<\/span><\/a><\/div><\/div><\/div><div  class='hr av-av_hr-91d7ccd583a503147498e120fee2ff9b hr-default  avia-builder-el-7  el_after_av_one_full  avia-builder-el-last '><span class='hr-inner '><span class=\"hr-inner-style\"><\/span><\/span><\/div><\/p>\n","protected":false},"excerpt":{"rendered":"<p>El laminado a mano es la t\u00e9cnica de moldeado m\u00e1s sencilla en la producci\u00f3n de art\u00edculos compuestos, y consiste en aplicar capas de resina y tejido.<\/p>\n","protected":false},"author":1,"featured_media":7399,"parent":9405,"menu_order":1,"comment_status":"open","ping_status":"open","template":"","meta":{"footnotes":""},"class_list":["post-9430","page","type-page","status-publish","has-post-thumbnail","hentry"],"_links":{"self":[{"href":"https:\/\/www.mates.it\/es\/wp-json\/wp\/v2\/pages\/9430","targetHints":{"allow":["GET"]}}],"collection":[{"href":"https:\/\/www.mates.it\/es\/wp-json\/wp\/v2\/pages"}],"about":[{"href":"https:\/\/www.mates.it\/es\/wp-json\/wp\/v2\/types\/page"}],"author":[{"embeddable":true,"href":"https:\/\/www.mates.it\/es\/wp-json\/wp\/v2\/users\/1"}],"replies":[{"embeddable":true,"href":"https:\/\/www.mates.it\/es\/wp-json\/wp\/v2\/comments?post=9430"}],"version-history":[{"count":0,"href":"https:\/\/www.mates.it\/es\/wp-json\/wp\/v2\/pages\/9430\/revisions"}],"up":[{"embeddable":true,"href":"https:\/\/www.mates.it\/es\/wp-json\/wp\/v2\/pages\/9405"}],"wp:featuredmedia":[{"embeddable":true,"href":"https:\/\/www.mates.it\/es\/wp-json\/wp\/v2\/media\/7399"}],"wp:attachment":[{"href":"https:\/\/www.mates.it\/es\/wp-json\/wp\/v2\/media?parent=9430"}],"curies":[{"name":"wp","href":"https:\/\/api.w.org\/{rel}","templated":true}]}}