{"id":9434,"date":"2015-09-16T10:56:46","date_gmt":"2015-09-16T08:56:46","guid":{"rendered":"https:\/\/www.mates.it\/processi\/moldeo-por-compresion\/"},"modified":"2023-07-24T21:27:04","modified_gmt":"2023-07-24T19:27:04","slug":"moldeo-por-compresion","status":"publish","type":"page","link":"https:\/\/www.mates.it\/es\/procesos\/moldeo-por-compresion\/","title":{"rendered":"Moldeo por compresi\u00f3n"},"content":{"rendered":"<div  class='flex_column av-av_one_full-7714eba142aeda1f8b5272a3c372b279 av_one_full  avia-builder-el-0  el_before_av_one_full  avia-builder-el-first  first flex_column_div  '     ><p>\n<style type=\"text\/css\" data-created_by=\"avia_inline_auto\" id=\"style-css-av-lkh9bz9k-1be7afb3e66f246a15fedd26c9dc1ced\">\n#top .av-special-heading.av-lkh9bz9k-1be7afb3e66f246a15fedd26c9dc1ced{\npadding-bottom:10px;\n}\nbody .av-special-heading.av-lkh9bz9k-1be7afb3e66f246a15fedd26c9dc1ced .av-special-heading-tag .heading-char{\nfont-size:25px;\n}\n.av-special-heading.av-lkh9bz9k-1be7afb3e66f246a15fedd26c9dc1ced .av-subheading{\nfont-size:15px;\n}\n<\/style>\n<div  class='av-special-heading av-lkh9bz9k-1be7afb3e66f246a15fedd26c9dc1ced av-special-heading-h1  avia-builder-el-1  el_before_av_textblock  avia-builder-el-first  custom-h1-title'><h1 class='av-special-heading-tag '  >Moldeo por compresi\u00f3n<\/h1><div class=\"special-heading-border\"><div class=\"special-heading-inner-border\"><\/div><\/div><\/div><br \/>\n<section  class='av_textblock_section av-lkh9ca21-64686006e162cf3867ed42dd21a1c9e7 '  ><div class='avia_textblock' ><p>Aunque el moldeo por compresi\u00f3n en una prensa es uno de los m\u00e9todos de procesamiento m\u00e1s tradicionales en la industria de los compuestos avanzados, sigue siendo muy popular entre muchas empresas para la producci\u00f3n de grandes vol\u00famenes. Este proceso consiste en utilizar la fuerza mec\u00e1nica ejercida por una prensa industrial para comprimir la preforma hasta darle la forma deseada. La preforma se coloca en la parte inferior del molde (parte fija), a continuaci\u00f3n se solapa la parte superior y se cierra el molde. La prensa aplica la potencia mec\u00e1nica necesaria para llenar completamente el molde en el que est\u00e1 contenida la preforma. En la parte inferior del molde se coloca un respiradero con la misi\u00f3n de purgar el exceso de resina. Cuando la resina se haya endurecido, en el interior del molde habr\u00e1 un componente acabado listo para el acabado. El moldeo por presi\u00f3n genera componentes con importantes valores mec\u00e1nicos y la m\u00e1xima repetibilidad en el proceso.<\/p>\n<\/div><\/section><br \/>\n<div  class='hr av-av_hr-91d7ccd583a503147498e120fee2ff9b hr-default  avia-builder-el-3  el_after_av_textblock  el_before_av_image_hotspot  avia-builder-el-last '><span class='hr-inner '><span class=\"hr-inner-style\"><\/span><\/span><\/div><br \/>\n\n<style type=\"text\/css\" data-created_by=\"avia_inline_auto\" id=\"style-css-sub-av-lkh9e9qx-412be194b0a5fbfd5365027e8dd1a54a\">\n.av-hotspot-image-container .av-image-hotspot.av-lkh9d248-f3ebbfc8a30bdefacca90245c00e9954{\ntop:62.1%;\nleft:46.2%;\n}\n.av-hotspot-image-container .av-image-hotspot.av-lkh9ddpa-e1519995fe5dd687324499f00d072d5b{\ntop:68.8%;\nleft:21.3%;\n}\n.av-hotspot-image-container .av-image-hotspot.av-lkh9dnfi-b1dec4f50043d6bdaf07f9b02592214f{\ntop:39.5%;\nleft:35.9%;\n}\n.av-hotspot-image-container .av-image-hotspot.av-lkh9dvtz-92bd95063c86e9df893a6582eca0c2d3{\ntop:57.6%;\nleft:81.3%;\n}\n.av-hotspot-image-container .av-image-hotspot.av-lkh9e73q-a24fd3e74661ef358954f9fe48ba449f{\ntop:31.9%;\nleft:60.2%;\n}\n<\/style>\n<div  class='av-hotspot-image-container av-lkh9e9qx-412be194b0a5fbfd5365027e8dd1a54a  avia-builder-el-4  el_after_av_hr  avia-builder-el-last  av-hotspot-numbered av-mobile-fallback-active  av-non-fullwidth-hotspot-image' ><div class='av-hotspot-container'><div class='av-hotspot-container-inner-cell'><div class='av-hotspot-container-inner-wrap'><div class='av-image-hotspot av-lkh9d248-f3ebbfc8a30bdefacca90245c00e9954 av-image-hotspot-1 ' data-avia-tooltip-position='left' data-avia-tooltip-alignment='top' data-avia-tooltip-class='av-tt-default-width av-tt-pos-left av-tt-align-top  av-mobile-fallback-active  main_color av-tt-hotspot' data-avia-tooltip='&lt;p&gt;Refuerzos&lt;\/p&gt;\n'><a href=https:\/\/www.mates.it\/es\/productos\/tejidos-refuerzos\/  target=\"_blank\"  rel=\"noopener noreferrer\" class='av-image-hotspot_inner'>1<\/a><div class='av-image-hotspot-pulse'><\/div><\/div><div class='av-image-hotspot av-lkh9ddpa-e1519995fe5dd687324499f00d072d5b av-image-hotspot-2 ' data-avia-tooltip-position='left' data-avia-tooltip-alignment='top' data-avia-tooltip-class='av-tt-default-width av-tt-pos-left av-tt-align-top  av-mobile-fallback-active  main_color av-tt-hotspot' data-avia-tooltip='&lt;p&gt;Films separadores&lt;\/p&gt;\n'><a href=https:\/\/www.mates.it\/es\/productos\/materiales-de_proceso\/films-separadores\/  target=\"_blank\"  rel=\"noopener noreferrer\" class='av-image-hotspot_inner'>2<\/a><div class='av-image-hotspot-pulse'><\/div><\/div><div class='av-image-hotspot av-lkh9dnfi-b1dec4f50043d6bdaf07f9b02592214f av-image-hotspot-3 ' data-avia-tooltip-position='left' data-avia-tooltip-alignment='top' data-avia-tooltip-class='av-tt-default-width av-tt-pos-left av-tt-align-top  av-mobile-fallback-active  main_color av-tt-hotspot' data-avia-tooltip='&lt;p&gt;Fijaciones&lt;\/p&gt;\n'><a href=https:\/\/www.mates.it\/es\/productos\/fijaciones\/  target=\"_blank\"  rel=\"noopener noreferrer\" class='av-image-hotspot_inner'>3<\/a><div class='av-image-hotspot-pulse'><\/div><\/div><div class='av-image-hotspot av-lkh9dvtz-92bd95063c86e9df893a6582eca0c2d3 av-image-hotspot-4 ' data-avia-tooltip-position='left' data-avia-tooltip-alignment='top' data-avia-tooltip-class='av-tt-default-width av-tt-pos-left av-tt-align-top  av-mobile-fallback-active  main_color av-tt-hotspot' data-avia-tooltip='&lt;p&gt;Agentes desmoldantes&lt;\/p&gt;\n'><a href=https:\/\/www.mates.it\/es\/productos\/agentes-desmoldantes\/  target=\"_blank\"  rel=\"noopener noreferrer\" class='av-image-hotspot_inner'>4<\/a><div class='av-image-hotspot-pulse'><\/div><\/div><div class='av-image-hotspot av-lkh9e73q-a24fd3e74661ef358954f9fe48ba449f av-image-hotspot-5 ' data-avia-tooltip-position='left' data-avia-tooltip-alignment='top' data-avia-tooltip-class='av-tt-default-width av-tt-pos-left av-tt-align-top  av-mobile-fallback-active  main_color av-tt-hotspot' data-avia-tooltip='&lt;p&gt;N\u00facleos estructurales&lt;\/p&gt;\n'><a href=https:\/\/www.mates.it\/es\/productos\/nucleos-estructurales\/  target=\"_blank\"  rel=\"noopener noreferrer\" class='av-image-hotspot_inner'>5<\/a><div class='av-image-hotspot-pulse'><\/div><\/div><img decoding=\"async\" fetchpriority=\"high\" class=\"wp-image-0 avia-img-lazy-loading-not-0 avia_image\" src=\"https:\/\/www.mates.it\/wp-content\/uploads\/2016\/09\/Compression-Molding.jpg\" alt=\"\" title=\"\"><\/div><\/div><\/div><div class='av-hotspot-fallback-tooltip av-image-hotspot-1 '><div class=\"av-hotspot-fallback-tooltip-count\">1<div class=\"avia-arrow\"><\/div><\/div><div class=\"av-hotspot-fallback-tooltip-inner clearfix\"><p>\nRefuerzos<\/p>\n<\/div><\/div><div class='av-hotspot-fallback-tooltip av-image-hotspot-2 '><div class=\"av-hotspot-fallback-tooltip-count\">2<div class=\"avia-arrow\"><\/div><\/div><div class=\"av-hotspot-fallback-tooltip-inner clearfix\"><p>\nFilms separadores<\/p>\n<\/div><\/div><div class='av-hotspot-fallback-tooltip av-image-hotspot-3 '><div class=\"av-hotspot-fallback-tooltip-count\">3<div class=\"avia-arrow\"><\/div><\/div><div class=\"av-hotspot-fallback-tooltip-inner clearfix\"><p>\nFijaciones<\/p>\n<\/div><\/div><div class='av-hotspot-fallback-tooltip av-image-hotspot-4 '><div class=\"av-hotspot-fallback-tooltip-count\">4<div class=\"avia-arrow\"><\/div><\/div><div class=\"av-hotspot-fallback-tooltip-inner clearfix\"><p>\nAgentes desmoldantes<\/p>\n<\/div><\/div><div class='av-hotspot-fallback-tooltip av-image-hotspot-5 '><div class=\"av-hotspot-fallback-tooltip-count\">5<div class=\"avia-arrow\"><\/div><\/div><div class=\"av-hotspot-fallback-tooltip-inner clearfix\"><p>\nN\u00facleos estructurales<\/p>\n<\/div><\/div><\/div><\/p><\/div><div  class='flex_column av-av_one_full-7714eba142aeda1f8b5272a3c372b279 av_one_full  avia-builder-el-5  el_after_av_one_full  el_before_av_hr  first flex_column_div  column-top-margin'     ><div  class='av_promobox av-lkh9emvu-f4a51af6db6e422838ca189050e3c549 avia-button-yes  avia-builder-el-6  avia-builder-el-no-sibling '><div class='avia-promocontent'><p>\nHaga clic en los n\u00fameros de la imagen y compare los productos m\u00e1s adecuados para su sector o haga clic en el bot\u00f3n de esta pesta\u00f1a para ver todos nuestros productos.<\/p>\n<\/div><div  class='avia-button-wrap av-lkh9emvu-e278edbc0ca7d596156d5ebdaf8c18d9-wrap avia-button-right '><a href='https:\/\/www.mates.it\/es\/productos\/herramientas-utensilios\/tubos-ataques\/conectores-y-grifos\/'  class='avia-button av-lkh9emvu-e278edbc0ca7d596156d5ebdaf8c18d9 av-link-btn avia-icon_select-yes-left-icon avia-size-medium avia-position-right avia-color-theme-color'  target=\"_blank\"  rel=\"noopener noreferrer\"  aria-label=\"      Productos\"><span class='avia_button_icon avia_button_icon_left avia-iconfont avia-font-entypo-fontello' data-av_icon='\ue85c' data-av_iconfont='entypo-fontello' ><\/span><span class='avia_iconbox_title' >      Productos<\/span><\/a><\/div><\/div><\/div><div  class='hr av-av_hr-91d7ccd583a503147498e120fee2ff9b hr-default  avia-builder-el-7  el_after_av_one_full  avia-builder-el-last '><span class='hr-inner '><span class=\"hr-inner-style\"><\/span><\/span><\/div><\/p>\n","protected":false},"excerpt":{"rendered":"<p>El moldeo por compresi\u00f3n consiste en utilizar la fuerza mec\u00e1nica ejercida por una prensa industrial para producir componentes compuestos.<\/p>\n","protected":false},"author":1,"featured_media":7415,"parent":9405,"menu_order":5,"comment_status":"open","ping_status":"open","template":"","meta":{"footnotes":""},"class_list":["post-9434","page","type-page","status-publish","has-post-thumbnail","hentry"],"_links":{"self":[{"href":"https:\/\/www.mates.it\/es\/wp-json\/wp\/v2\/pages\/9434","targetHints":{"allow":["GET"]}}],"collection":[{"href":"https:\/\/www.mates.it\/es\/wp-json\/wp\/v2\/pages"}],"about":[{"href":"https:\/\/www.mates.it\/es\/wp-json\/wp\/v2\/types\/page"}],"author":[{"embeddable":true,"href":"https:\/\/www.mates.it\/es\/wp-json\/wp\/v2\/users\/1"}],"replies":[{"embeddable":true,"href":"https:\/\/www.mates.it\/es\/wp-json\/wp\/v2\/comments?post=9434"}],"version-history":[{"count":0,"href":"https:\/\/www.mates.it\/es\/wp-json\/wp\/v2\/pages\/9434\/revisions"}],"up":[{"embeddable":true,"href":"https:\/\/www.mates.it\/es\/wp-json\/wp\/v2\/pages\/9405"}],"wp:featuredmedia":[{"embeddable":true,"href":"https:\/\/www.mates.it\/es\/wp-json\/wp\/v2\/media\/7415"}],"wp:attachment":[{"href":"https:\/\/www.mates.it\/es\/wp-json\/wp\/v2\/media?parent=9434"}],"curies":[{"name":"wp","href":"https:\/\/api.w.org\/{rel}","templated":true}]}}