{"id":9436,"date":"2015-09-16T10:57:17","date_gmt":"2015-09-16T08:57:17","guid":{"rendered":"https:\/\/www.mates.it\/processi\/proyeccion-simultanea\/"},"modified":"2023-10-14T14:52:35","modified_gmt":"2023-10-14T12:52:35","slug":"proyeccion-simultanea","status":"publish","type":"page","link":"https:\/\/www.mates.it\/es\/procesos\/proyeccion-simultanea\/","title":{"rendered":"Proyecci\u00f3n simult\u00e1nea"},"content":{"rendered":"<\/p>\n<div  class='flex_column av-av_one_full-7714eba142aeda1f8b5272a3c372b279 av_one_full  avia-builder-el-0  el_before_av_one_full  avia-builder-el-first  first flex_column_div  '     ><p>\n<style type=\"text\/css\" data-created_by=\"avia_inline_auto\" id=\"style-css-av-lkhcekf0-7417c37a3f9a93e90c61269336253683\">\n#top .av-special-heading.av-lkhcekf0-7417c37a3f9a93e90c61269336253683{\npadding-bottom:10px;\n}\nbody .av-special-heading.av-lkhcekf0-7417c37a3f9a93e90c61269336253683 .av-special-heading-tag .heading-char{\nfont-size:25px;\n}\n.av-special-heading.av-lkhcekf0-7417c37a3f9a93e90c61269336253683 .av-subheading{\nfont-size:15px;\n}\n<\/style>\n<div  class='av-special-heading av-lkhcekf0-7417c37a3f9a93e90c61269336253683 av-special-heading-h1  avia-builder-el-1  el_before_av_textblock  avia-builder-el-first  custom-h1-title'><h1 class='av-special-heading-tag '  >Proyecci\u00f3n simult\u00e1nea<\/h1><div class=\"special-heading-border\"><div class=\"special-heading-inner-border\"><\/div><\/div><\/div><br \/>\n<section  class='av_textblock_section av-lkhcgy7g-2e55538af5f56fa60e33a925c5cabd42 '  ><div class='avia_textblock' ><p><span class=\"HwtZe\" lang=\"es\"><span class=\"jCAhz ChMk0b\"><span class=\"ryNqvb\">El proceso de producci\u00f3n por proyecci\u00f3n simult\u00e1nea es uno de los m\u00e1s r\u00e1pidos y econ\u00f3micos del sector de los materiales compuestos y es muy utilizado en la producci\u00f3n de componentes de gran tama\u00f1o.<\/span><\/span> <span class=\"jCAhz ChMk0b\"><span class=\"ryNqvb\">El procesamiento implica el uso de un molde abierto dentro del cual hay una capa de gelcoat que garantiza una alta calidad en la coloraci\u00f3n del producto terminado.<\/span><\/span> <span class=\"jCAhz ChMk0b\"><span class=\"ryNqvb\">Seguidamente se procede a la proyecci\u00f3n en el interior del molde de fibras cortas de vidrio cortadas con pistola especial ya la vez de resina catalizada.<\/span><\/span> <span class=\"jCAhz ChMk0b\"><span class=\"ryNqvb\">Esta tecnolog\u00eda permite que el molde se llene de manera r\u00e1pida y uniforme.<\/span><\/span> <span class=\"jCAhz ChMk0b\"><span class=\"ryNqvb\">Inmediatamente despu\u00e9s de depositar el refuerzo, se utilizan rodillos rompeburbujas o raspadores para eliminar el aire introducido durante el proceso.<\/span><\/span> <span class=\"jCAhz ChMk0b\"><span class=\"ryNqvb\">Sin embargo, esta t\u00e9cnica presenta algunos inconvenientes, siendo el m\u00e1s importante el elevado peso del componente debido a la gran cantidad de resina que impregna las fibras ya las malas propiedades mec\u00e1nicas y t\u00e9rmicas.<\/span><\/span><\/span><\/p>\n<\/div><\/section><br \/>\n<div  class='hr av-av_hr-91d7ccd583a503147498e120fee2ff9b hr-default  avia-builder-el-3  el_after_av_textblock  el_before_av_image_hotspot  avia-builder-el-last '><span class='hr-inner '><span class=\"hr-inner-style\"><\/span><\/span><\/div><br \/>\n\n<style type=\"text\/css\" data-created_by=\"avia_inline_auto\" id=\"style-css-sub-av-lkhcis44-d8dbf47bb33fd6b9b0f0a8f6a39f5597\">\n.av-hotspot-image-container .av-image-hotspot.av-lkhchbsb-dfd072065f3416206a1d39214d69bd01{\ntop:73.5%;\nleft:63.4%;\n}\n.av-hotspot-image-container .av-image-hotspot.av-lkhchqjo-66dc17f552611e681f461c3e0eb3fe94{\ntop:71.7%;\nleft:17.9%;\n}\n.av-hotspot-image-container .av-image-hotspot.av-lkhci23x-5d3a4ba6f9fe0a69cdd9b222c3b85623{\ntop:63.2%;\nleft:80.7%;\n}\n.av-hotspot-image-container .av-image-hotspot.av-lkhcidvl-ebfd719fd2d80c9b706f8ae1a3f76ed6{\ntop:34.7%;\nleft:31.5%;\n}\n.av-hotspot-image-container .av-image-hotspot.av-lkhcimhu-660f9b90453d773d95d8e8963ec61640{\ntop:65.9%;\nleft:41.9%;\n}\n<\/style>\n<div  class='av-hotspot-image-container av-lkhcis44-d8dbf47bb33fd6b9b0f0a8f6a39f5597  avia-builder-el-4  el_after_av_hr  avia-builder-el-last  av-hotspot-numbered av-mobile-fallback-active  av-non-fullwidth-hotspot-image' ><div class='av-hotspot-container'><div class='av-hotspot-container-inner-cell'><div class='av-hotspot-container-inner-wrap'><div class='av-image-hotspot av-lkhchbsb-dfd072065f3416206a1d39214d69bd01 av-image-hotspot-1 ' data-avia-tooltip-position='left' data-avia-tooltip-alignment='top' data-avia-tooltip-class='av-tt-default-width av-tt-pos-left av-tt-align-top  av-mobile-fallback-active  main_color av-tt-hotspot' data-avia-tooltip='&lt;p&gt;Resinas&lt;\/p&gt;\n'><a href=https:\/\/www.mates.it\/es\/productos\/resinas-adhesivos-quimicos\/resinas\/  target=\"_blank\"  rel=\"noopener noreferrer\" class='av-image-hotspot_inner'>1<\/a><div class='av-image-hotspot-pulse'><\/div><\/div><div class='av-image-hotspot av-lkhchqjo-66dc17f552611e681f461c3e0eb3fe94 av-image-hotspot-2 ' data-avia-tooltip-position='left' data-avia-tooltip-alignment='top' data-avia-tooltip-class='av-tt-default-width av-tt-pos-left av-tt-align-top  av-mobile-fallback-active  main_color av-tt-hotspot' data-avia-tooltip='&lt;p&gt;Agentes desmoldantes&lt;\/p&gt;\n'><a href=https:\/\/www.mates.it\/es\/productos\/agentes-desmoldantes\/  target=\"_blank\"  rel=\"noopener noreferrer\" class='av-image-hotspot_inner'>2<\/a><div class='av-image-hotspot-pulse'><\/div><\/div><div class='av-image-hotspot av-lkhci23x-5d3a4ba6f9fe0a69cdd9b222c3b85623 av-image-hotspot-3 ' data-avia-tooltip-position='left' data-avia-tooltip-alignment='top' data-avia-tooltip-class='av-tt-default-width av-tt-pos-left av-tt-align-top  av-mobile-fallback-active  main_color av-tt-hotspot' data-avia-tooltip='&lt;p&gt;Equipos de protecci\u00f3n&lt;\/p&gt;\n'><a href=https:\/\/www.mates.it\/es\/productos\/herramientas-utensilios\/equipos-de-proteccion\/  target=\"_blank\"  rel=\"noopener noreferrer\" class='av-image-hotspot_inner'>3<\/a><div class='av-image-hotspot-pulse'><\/div><\/div><div class='av-image-hotspot av-lkhcidvl-ebfd719fd2d80c9b706f8ae1a3f76ed6 av-image-hotspot-4 ' data-avia-tooltip-position='left' data-avia-tooltip-alignment='top' data-avia-tooltip-class='av-tt-default-width av-tt-pos-left av-tt-align-top  av-mobile-fallback-active  main_color av-tt-hotspot' data-avia-tooltip='&lt;p&gt;Fijaciones&lt;\/p&gt;\n'><a href=https:\/\/www.mates.it\/es\/productos\/fijaciones\/  target=\"_blank\"  rel=\"noopener noreferrer\" class='av-image-hotspot_inner'>4<\/a><div class='av-image-hotspot-pulse'><\/div><\/div><div class='av-image-hotspot av-lkhcimhu-660f9b90453d773d95d8e8963ec61640 av-image-hotspot-5 ' data-avia-tooltip-position='left' data-avia-tooltip-alignment='top' data-avia-tooltip-class='av-tt-default-width av-tt-pos-left av-tt-align-top  av-mobile-fallback-active  main_color av-tt-hotspot' data-avia-tooltip='&lt;p&gt;Herramientas \/ Utensilios&lt;\/p&gt;\n'><a href=https:\/\/www.mates.it\/es\/productos\/herramientas-utensilios\/  target=\"_blank\"  rel=\"noopener noreferrer\" class='av-image-hotspot_inner'>5<\/a><div class='av-image-hotspot-pulse'><\/div><\/div><img decoding=\"async\" fetchpriority=\"high\" class=\"wp-image-0 avia-img-lazy-loading-not-0 avia_image\" src=\"https:\/\/www.mates.it\/wp-content\/uploads\/2016\/09\/Spray-up.jpg\" alt=\"\" title=\"\"><\/div><\/div><\/div><div class='av-hotspot-fallback-tooltip av-image-hotspot-1 '><div class=\"av-hotspot-fallback-tooltip-count\">1<div class=\"avia-arrow\"><\/div><\/div><div class=\"av-hotspot-fallback-tooltip-inner clearfix\"><p>\nResinas<\/p>\n<\/div><\/div><div class='av-hotspot-fallback-tooltip av-image-hotspot-2 '><div class=\"av-hotspot-fallback-tooltip-count\">2<div class=\"avia-arrow\"><\/div><\/div><div class=\"av-hotspot-fallback-tooltip-inner clearfix\"><p>\nAgentes desmoldantes<\/p>\n<\/div><\/div><div class='av-hotspot-fallback-tooltip av-image-hotspot-3 '><div class=\"av-hotspot-fallback-tooltip-count\">3<div class=\"avia-arrow\"><\/div><\/div><div class=\"av-hotspot-fallback-tooltip-inner clearfix\"><p>\nEquipos de protecci\u00f3n<\/p>\n<\/div><\/div><div class='av-hotspot-fallback-tooltip av-image-hotspot-4 '><div class=\"av-hotspot-fallback-tooltip-count\">4<div class=\"avia-arrow\"><\/div><\/div><div class=\"av-hotspot-fallback-tooltip-inner clearfix\"><p>\nFijaciones<\/p>\n<\/div><\/div><div class='av-hotspot-fallback-tooltip av-image-hotspot-5 '><div class=\"av-hotspot-fallback-tooltip-count\">5<div class=\"avia-arrow\"><\/div><\/div><div class=\"av-hotspot-fallback-tooltip-inner clearfix\"><p>\nHerramientas \/ Utensilios<\/p>\n<\/div><\/div><\/div><\/p><\/div><div  class='flex_column av-av_one_full-7714eba142aeda1f8b5272a3c372b279 av_one_full  avia-builder-el-5  el_after_av_one_full  el_before_av_hr  first flex_column_div  column-top-margin'     ><div  class='av_promobox av-lkhcj2z6-50468ee8255b598b65a3289855ec354a avia-button-yes  avia-builder-el-6  avia-builder-el-no-sibling '><div class='avia-promocontent'><p>\nHaga clic en los n\u00fameros de la imagen y compare los productos m\u00e1s adecuados para su sector o haga clic en el bot\u00f3n de esta pesta\u00f1a para ver todos nuestros productos.<\/p>\n<\/div><div  class='avia-button-wrap av-lkhcj2z6-305d303602e91af2ef6174464f1683f0-wrap avia-button-right '><a href='https:\/\/www.mates.it\/es\/productos\/'  class='avia-button av-lkhcj2z6-305d303602e91af2ef6174464f1683f0 av-link-btn avia-icon_select-yes-left-icon avia-size-medium avia-position-right avia-color-theme-color'  target=\"_blank\"  rel=\"noopener noreferrer\"  aria-label=\"      Productos\"><span class='avia_button_icon avia_button_icon_left avia-iconfont avia-font-entypo-fontello' data-av_icon='\ue85c' data-av_iconfont='entypo-fontello' ><\/span><span class='avia_iconbox_title' >      Productos<\/span><\/a><\/div><\/div><\/div><div  class='hr av-av_hr-91d7ccd583a503147498e120fee2ff9b hr-default  avia-builder-el-7  el_after_av_one_full  avia-builder-el-last '><span class='hr-inner '><span class=\"hr-inner-style\"><\/span><\/span><\/div><\/p>\n","protected":false},"excerpt":{"rendered":"<p>El proceso de producci\u00f3n por proyecci\u00f3n simult\u00e1nea es uno de los m\u00e1s r\u00e1pidos y econ\u00f3micos del sector de los composites para la producci\u00f3n de componentes de gran tama\u00f1o.<\/p>\n","protected":false},"author":1,"featured_media":7431,"parent":9405,"menu_order":8,"comment_status":"open","ping_status":"open","template":"","meta":{"footnotes":""},"class_list":["post-9436","page","type-page","status-publish","has-post-thumbnail","hentry"],"_links":{"self":[{"href":"https:\/\/www.mates.it\/es\/wp-json\/wp\/v2\/pages\/9436","targetHints":{"allow":["GET"]}}],"collection":[{"href":"https:\/\/www.mates.it\/es\/wp-json\/wp\/v2\/pages"}],"about":[{"href":"https:\/\/www.mates.it\/es\/wp-json\/wp\/v2\/types\/page"}],"author":[{"embeddable":true,"href":"https:\/\/www.mates.it\/es\/wp-json\/wp\/v2\/users\/1"}],"replies":[{"embeddable":true,"href":"https:\/\/www.mates.it\/es\/wp-json\/wp\/v2\/comments?post=9436"}],"version-history":[{"count":0,"href":"https:\/\/www.mates.it\/es\/wp-json\/wp\/v2\/pages\/9436\/revisions"}],"up":[{"embeddable":true,"href":"https:\/\/www.mates.it\/es\/wp-json\/wp\/v2\/pages\/9405"}],"wp:featuredmedia":[{"embeddable":true,"href":"https:\/\/www.mates.it\/es\/wp-json\/wp\/v2\/media\/7431"}],"wp:attachment":[{"href":"https:\/\/www.mates.it\/es\/wp-json\/wp\/v2\/media?parent=9436"}],"curies":[{"name":"wp","href":"https:\/\/api.w.org\/{rel}","templated":true}]}}