{"id":9438,"date":"2015-09-16T10:56:40","date_gmt":"2015-09-16T08:56:40","guid":{"rendered":"https:\/\/www.mates.it\/processi\/rtm-es\/"},"modified":"2023-07-24T20:49:29","modified_gmt":"2023-07-24T18:49:29","slug":"rtm-es","status":"publish","type":"page","link":"https:\/\/www.mates.it\/es\/procesos\/rtm-es\/","title":{"rendered":"Transferencia de resina \/ RTM"},"content":{"rendered":"<div  class='flex_column av-av_one_full-7714eba142aeda1f8b5272a3c372b279 av_one_full  avia-builder-el-0  el_before_av_one_full  avia-builder-el-first  first flex_column_div  '     ><p>\n<style type=\"text\/css\" data-created_by=\"avia_inline_auto\" id=\"style-css-av-lkh7zcx3-68e1de1e75173afb0cee72ef0f944c6d\">\n#top .av-special-heading.av-lkh7zcx3-68e1de1e75173afb0cee72ef0f944c6d{\npadding-bottom:10px;\n}\nbody .av-special-heading.av-lkh7zcx3-68e1de1e75173afb0cee72ef0f944c6d .av-special-heading-tag .heading-char{\nfont-size:25px;\n}\n.av-special-heading.av-lkh7zcx3-68e1de1e75173afb0cee72ef0f944c6d .av-subheading{\nfont-size:15px;\n}\n<\/style>\n<div  class='av-special-heading av-lkh7zcx3-68e1de1e75173afb0cee72ef0f944c6d av-special-heading-h1  avia-builder-el-1  el_before_av_textblock  avia-builder-el-first  custom-h1-title'><h1 class='av-special-heading-tag '  >Transferencia de resina \/ RTM<\/h1><div class=\"special-heading-border\"><div class=\"special-heading-inner-border\"><\/div><\/div><\/div><br \/>\n<section  class='av_textblock_section av-lkh7zszj-d9c1486c1d58bb4c363908f3a00333ca '  ><div class='avia_textblock' ><p>La t\u00e9cnica de moldeo por inyecci\u00f3n con transferencia de resina ha ido evolucionando en los \u00faltimos a\u00f1os y se utiliza cada vez m\u00e1s para la fabricaci\u00f3n de materiales compuestos reforzados con fibras. El proceso implica el uso de dos semimoldes (macho y hembra) que se unir\u00e1n tras la inserci\u00f3n de una preforma de fibra seca. El segundo paso consiste en inyectar resina a baja presi\u00f3n en el molde a trav\u00e9s de orificios especiales, de forma precisa, para impregnar los refuerzos de forma homog\u00e9nea. La tecnolog\u00eda RTM light\u00ae, o inyecci\u00f3n de resina asistida por vac\u00edo (VARI), difiere de la tecnolog\u00eda tradicional por la adici\u00f3n de un vac\u00edo. El vac\u00edo de aire creado en el interior del molde favorece la inyecci\u00f3n de resina, mejorando la homogeneidad de la impregnaci\u00f3n y garantizando una mayor velocidad de transmisi\u00f3n de la resina catalizada a las fibras. Ambos procesos permiten fabricar productos con un grosor constante, buenas capacidades mec\u00e1nicas y tiempos de producci\u00f3n reducidos.<\/p>\n<\/div><\/section><br \/>\n<div  class='hr av-av_hr-91d7ccd583a503147498e120fee2ff9b hr-default  avia-builder-el-3  el_after_av_textblock  el_before_av_image_hotspot  avia-builder-el-last '><span class='hr-inner '><span class=\"hr-inner-style\"><\/span><\/span><\/div><br \/>\n\n<style type=\"text\/css\" data-created_by=\"avia_inline_auto\" id=\"style-css-sub-av-lkh81pkd-d68707a6beac4e68301652f383d00657\">\n.av-hotspot-image-container .av-image-hotspot.av-lkh80ji4-00046d0549d1ca15a6cfce0c43241a48{\ntop:76.3%;\nleft:46.2%;\n}\n.av-hotspot-image-container .av-image-hotspot.av-lkh80tb9-0bed5fe3ccb4e2e89f85719042404cd6{\ntop:25.7%;\nleft:71.3%;\n}\n.av-hotspot-image-container .av-image-hotspot.av-lkh812vu-4e65a0b0a10b926be3cbee560e9347fa{\ntop:42.4%;\nleft:87.3%;\n}\n.av-hotspot-image-container .av-image-hotspot.av-lkh81daq-045e3f85524a3d254f3aefa7e9e69907{\ntop:23.4%;\nleft:34.8%;\n}\n.av-hotspot-image-container .av-image-hotspot.av-lkh81nvm-7b279abebdabc8d067d029017de52101{\ntop:60.3%;\nleft:28.3%;\n}\n<\/style>\n<div  class='av-hotspot-image-container av-lkh81pkd-d68707a6beac4e68301652f383d00657  avia-builder-el-4  el_after_av_hr  avia-builder-el-last  av-hotspot-numbered av-mobile-fallback-active  av-non-fullwidth-hotspot-image' ><div class='av-hotspot-container'><div class='av-hotspot-container-inner-cell'><div class='av-hotspot-container-inner-wrap'><div class='av-image-hotspot av-lkh80ji4-00046d0549d1ca15a6cfce0c43241a48 av-image-hotspot-1 ' data-avia-tooltip-position='left' data-avia-tooltip-alignment='top' data-avia-tooltip-class='av-tt-default-width av-tt-pos-left av-tt-align-top  av-mobile-fallback-active  main_color av-tt-hotspot' data-avia-tooltip='&lt;p&gt;Refuerzos&lt;\/p&gt;\n'><a href=https:\/\/www.mates.it\/es\/productos\/tejidos-refuerzos\/  target=\"_blank\"  rel=\"noopener noreferrer\" class='av-image-hotspot_inner'>1<\/a><div class='av-image-hotspot-pulse'><\/div><\/div><div class='av-image-hotspot av-lkh80tb9-0bed5fe3ccb4e2e89f85719042404cd6 av-image-hotspot-2 ' data-avia-tooltip-position='left' data-avia-tooltip-alignment='top' data-avia-tooltip-class='av-tt-default-width av-tt-pos-left av-tt-align-top  av-mobile-fallback-active  main_color av-tt-hotspot' data-avia-tooltip='&lt;p&gt;Resinas&lt;\/p&gt;\n'><a href=https:\/\/www.mates.it\/es\/productos\/resinas-adhesivos-quimicos\/resinas\/  target=\"_blank\"  rel=\"noopener noreferrer\" class='av-image-hotspot_inner'>2<\/a><div class='av-image-hotspot-pulse'><\/div><\/div><div class='av-image-hotspot av-lkh812vu-4e65a0b0a10b926be3cbee560e9347fa av-image-hotspot-3 ' data-avia-tooltip-position='left' data-avia-tooltip-alignment='top' data-avia-tooltip-class='av-tt-default-width av-tt-pos-left av-tt-align-top  av-mobile-fallback-active  main_color av-tt-hotspot' data-avia-tooltip='&lt;p&gt;Fijaciones&lt;\/p&gt;\n'><a href=https:\/\/www.mates.it\/es\/productos\/fijaciones\/  target=\"_blank\"  rel=\"noopener noreferrer\" class='av-image-hotspot_inner'>3<\/a><div class='av-image-hotspot-pulse'><\/div><\/div><div class='av-image-hotspot av-lkh81daq-045e3f85524a3d254f3aefa7e9e69907 av-image-hotspot-4 ' data-avia-tooltip-position='left' data-avia-tooltip-alignment='top' data-avia-tooltip-class='av-tt-default-width av-tt-pos-left av-tt-align-top  av-mobile-fallback-active  main_color av-tt-hotspot' data-avia-tooltip='&lt;p&gt;Agentes desmoldantes&lt;\/p&gt;\n'><a href=https:\/\/www.mates.it\/es\/productos\/agentes-desmoldantes\/  target=\"_blank\"  rel=\"noopener noreferrer\" class='av-image-hotspot_inner'>4<\/a><div class='av-image-hotspot-pulse'><\/div><\/div><div class='av-image-hotspot av-lkh81nvm-7b279abebdabc8d067d029017de52101 av-image-hotspot-5 ' data-avia-tooltip-position='left' data-avia-tooltip-alignment='top' data-avia-tooltip-class='av-tt-default-width av-tt-pos-left av-tt-align-top  av-mobile-fallback-active  main_color av-tt-hotspot' data-avia-tooltip='&lt;p&gt;Herramientas \/ Utensilios&lt;\/p&gt;\n'><a href=https:\/\/www.mates.it\/es\/productos\/herramientas-utensilios\/  target=\"_blank\"  rel=\"noopener noreferrer\" class='av-image-hotspot_inner'>5<\/a><div class='av-image-hotspot-pulse'><\/div><\/div><img decoding=\"async\" fetchpriority=\"high\" class=\"wp-image-0 avia-img-lazy-loading-not-0 avia_image\" src=\"https:\/\/www.mates.it\/wp-content\/uploads\/2016\/09\/RTM-I-RTM-Light.jpg\" alt=\"\" title=\"\"><\/div><\/div><\/div><div class='av-hotspot-fallback-tooltip av-image-hotspot-1 '><div class=\"av-hotspot-fallback-tooltip-count\">1<div class=\"avia-arrow\"><\/div><\/div><div class=\"av-hotspot-fallback-tooltip-inner clearfix\"><p>\nRefuerzos<\/p>\n<\/div><\/div><div class='av-hotspot-fallback-tooltip av-image-hotspot-2 '><div class=\"av-hotspot-fallback-tooltip-count\">2<div class=\"avia-arrow\"><\/div><\/div><div class=\"av-hotspot-fallback-tooltip-inner clearfix\"><p>\nResinas<\/p>\n<\/div><\/div><div class='av-hotspot-fallback-tooltip av-image-hotspot-3 '><div class=\"av-hotspot-fallback-tooltip-count\">3<div class=\"avia-arrow\"><\/div><\/div><div class=\"av-hotspot-fallback-tooltip-inner clearfix\"><p>\nFijaciones<\/p>\n<\/div><\/div><div class='av-hotspot-fallback-tooltip av-image-hotspot-4 '><div class=\"av-hotspot-fallback-tooltip-count\">4<div class=\"avia-arrow\"><\/div><\/div><div class=\"av-hotspot-fallback-tooltip-inner clearfix\"><p>\nAgentes desmoldantes<\/p>\n<\/div><\/div><div class='av-hotspot-fallback-tooltip av-image-hotspot-5 '><div class=\"av-hotspot-fallback-tooltip-count\">5<div class=\"avia-arrow\"><\/div><\/div><div class=\"av-hotspot-fallback-tooltip-inner clearfix\"><p>\nHerramientas \/ Utensilios<\/p>\n<\/div><\/div><\/div><\/p><\/div><div  class='flex_column av-av_one_full-7714eba142aeda1f8b5272a3c372b279 av_one_full  avia-builder-el-5  el_after_av_one_full  el_before_av_hr  first flex_column_div  column-top-margin'     ><div  class='av_promobox av-lkh823kn-0b6bed5fa9543e9e88d753090c9fce4c avia-button-yes  avia-builder-el-6  avia-builder-el-no-sibling '><div class='avia-promocontent'><p>\nHaga clic en los n\u00fameros de la imagen y compare los productos m\u00e1s adecuados para su sector o haga clic en el bot\u00f3n de esta pesta\u00f1a para ver todos nuestros productos.<\/p>\n<\/div><div  class='avia-button-wrap av-lkh823kn-4347eb89897641f7fc1036d0d7e57548-wrap avia-button-right '><a href='https:\/\/www.mates.it\/es\/productos\/'  class='avia-button av-lkh823kn-4347eb89897641f7fc1036d0d7e57548 av-link-btn avia-icon_select-yes-left-icon avia-size-medium avia-position-right avia-color-theme-color'  target=\"_blank\"  rel=\"noopener noreferrer\"  aria-label=\"      Productos\"><span class='avia_button_icon avia_button_icon_left avia-iconfont avia-font-entypo-fontello' data-av_icon='\ue85c' data-av_iconfont='entypo-fontello' ><\/span><span class='avia_iconbox_title' >      Productos<\/span><\/a><\/div><\/div><\/div><div  class='hr av-av_hr-91d7ccd583a503147498e120fee2ff9b hr-default  avia-builder-el-7  el_after_av_one_full  avia-builder-el-last '><span class='hr-inner '><span class=\"hr-inner-style\"><\/span><\/span><\/div><\/p>\n","protected":false},"excerpt":{"rendered":"<p>El proceso RTM permite la producci\u00f3n de componentes compuestos avanzados con un grosor constante, buenas capacidades mec\u00e1nicas y tiempos de producci\u00f3n reducidos.<\/p>\n","protected":false},"author":1,"featured_media":7411,"parent":9405,"menu_order":4,"comment_status":"open","ping_status":"open","template":"","meta":{"footnotes":""},"class_list":["post-9438","page","type-page","status-publish","has-post-thumbnail","hentry"],"_links":{"self":[{"href":"https:\/\/www.mates.it\/es\/wp-json\/wp\/v2\/pages\/9438","targetHints":{"allow":["GET"]}}],"collection":[{"href":"https:\/\/www.mates.it\/es\/wp-json\/wp\/v2\/pages"}],"about":[{"href":"https:\/\/www.mates.it\/es\/wp-json\/wp\/v2\/types\/page"}],"author":[{"embeddable":true,"href":"https:\/\/www.mates.it\/es\/wp-json\/wp\/v2\/users\/1"}],"replies":[{"embeddable":true,"href":"https:\/\/www.mates.it\/es\/wp-json\/wp\/v2\/comments?post=9438"}],"version-history":[{"count":0,"href":"https:\/\/www.mates.it\/es\/wp-json\/wp\/v2\/pages\/9438\/revisions"}],"up":[{"embeddable":true,"href":"https:\/\/www.mates.it\/es\/wp-json\/wp\/v2\/pages\/9405"}],"wp:featuredmedia":[{"embeddable":true,"href":"https:\/\/www.mates.it\/es\/wp-json\/wp\/v2\/media\/7411"}],"wp:attachment":[{"href":"https:\/\/www.mates.it\/es\/wp-json\/wp\/v2\/media?parent=9438"}],"curies":[{"name":"wp","href":"https:\/\/api.w.org\/{rel}","templated":true}]}}