{"id":9440,"date":"2015-09-16T10:57:04","date_gmt":"2015-09-16T08:57:04","guid":{"rendered":"https:\/\/www.mates.it\/processi\/pultrusion-es\/"},"modified":"2023-07-24T21:58:20","modified_gmt":"2023-07-24T19:58:20","slug":"pultrusion-es","status":"publish","type":"page","link":"https:\/\/www.mates.it\/es\/procesos\/pultrusion-es\/","title":{"rendered":"Pultrusi\u00f3n"},"content":{"rendered":"<div  class='flex_column av-av_one_full-7714eba142aeda1f8b5272a3c372b279 av_one_full  avia-builder-el-0  el_before_av_one_full  avia-builder-el-first  first flex_column_div  '     ><p>\n<style type=\"text\/css\" data-created_by=\"avia_inline_auto\" id=\"style-css-av-lkhagusx-8d2eb423d933ab2fb70ed3eecd9807f3\">\n#top .av-special-heading.av-lkhagusx-8d2eb423d933ab2fb70ed3eecd9807f3{\npadding-bottom:10px;\n}\nbody .av-special-heading.av-lkhagusx-8d2eb423d933ab2fb70ed3eecd9807f3 .av-special-heading-tag .heading-char{\nfont-size:25px;\n}\n.av-special-heading.av-lkhagusx-8d2eb423d933ab2fb70ed3eecd9807f3 .av-subheading{\nfont-size:15px;\n}\n<\/style>\n<div  class='av-special-heading av-lkhagusx-8d2eb423d933ab2fb70ed3eecd9807f3 av-special-heading-h1  avia-builder-el-1  el_before_av_textblock  avia-builder-el-first  custom-h1-title'><h1 class='av-special-heading-tag '  >Pultrusi\u00f3n<\/h1><div class=\"special-heading-border\"><div class=\"special-heading-inner-border\"><\/div><\/div><\/div><br \/>\n<section  class='av_textblock_section av-lkhah246-a84a917682019e714a0c2f9ad1a8ae9c '  ><div class='avia_textblock' ><p>La pultrusi\u00f3n es una t\u00e9cnica muy utilizada en la producci\u00f3n a gran escala de componentes compuestos de secci\u00f3n constante, como tubos, barras, perfiles y chapas. Se distingue por el coste reducido de todo el proceso de producci\u00f3n y la reproducibilidad garantizada en la pieza fabricada. Este proceso implica principalmente el transporte con rodillos de fibras de refuerzo a trav\u00e9s de varias etapas de procesamiento hasta obtener el producto acabado. Las fibras (de vidrio o carbono) pasan por un tanque de impregnaci\u00f3n y exprimido donde se impregnan con resinas termoendurecibles. A continuaci\u00f3n, el proceso consiste en canalizar el material hacia un molde de acero, que se introducir\u00e1 en un horno donde las diferentes temperaturas a las que estar\u00e1 sometido har\u00e1n reaccionar la resina. Al salir del horno, la resina se endurece y el perfil queda listo para ser cortado y acabado con precisi\u00f3n. La impregnaci\u00f3n tambi\u00e9n puede realizarse directamente dentro de la matriz, lo que garantiza un mayor \u00edndice de resistencia del material y una mayor velocidad de solidificaci\u00f3n.<\/p>\n<\/div><\/section><br \/>\n<div  class='hr av-av_hr-91d7ccd583a503147498e120fee2ff9b hr-default  avia-builder-el-3  el_after_av_textblock  el_before_av_image_hotspot  avia-builder-el-last '><span class='hr-inner '><span class=\"hr-inner-style\"><\/span><\/span><\/div><br \/>\n\n<style type=\"text\/css\" data-created_by=\"avia_inline_auto\" id=\"style-css-sub-av-lkhai9op-0ddd0d7f20fbf8b052e66ba38d2030af\">\n.av-hotspot-image-container .av-image-hotspot.av-lkhahehx-4191f0864dab221d2785a6a1e2f4428a{\ntop:36.5%;\nleft:80.3%;\n}\n.av-hotspot-image-container .av-image-hotspot.av-lkhahq86-8714a120f5238985df2624e5778852da{\ntop:71.7%;\nleft:22.2%;\n}\n.av-hotspot-image-container .av-image-hotspot.av-lkhahywm-1b30fb1565fde3ec664d73c19fd70b69{\ntop:57.5%;\nleft:64.5%;\n}\n.av-hotspot-image-container .av-image-hotspot.av-lkhai809-7e2da7b64a381d0b2a559ebbace82862{\ntop:29%;\nleft:48.3%;\n}\n<\/style>\n<div  class='av-hotspot-image-container av-lkhai9op-0ddd0d7f20fbf8b052e66ba38d2030af  avia-builder-el-4  el_after_av_hr  avia-builder-el-last  av-hotspot-numbered av-mobile-fallback-active  av-non-fullwidth-hotspot-image' ><div class='av-hotspot-container'><div class='av-hotspot-container-inner-cell'><div class='av-hotspot-container-inner-wrap'><div class='av-image-hotspot av-lkhahehx-4191f0864dab221d2785a6a1e2f4428a av-image-hotspot-1 ' data-avia-tooltip-position='left' data-avia-tooltip-alignment='top' data-avia-tooltip-class='av-tt-default-width av-tt-pos-left av-tt-align-top  av-mobile-fallback-active  main_color av-tt-hotspot' data-avia-tooltip='&lt;p&gt;Resinas&lt;\/p&gt;\n'><a href=https:\/\/www.mates.it\/es\/productos\/resinas-adhesivos-quimicos\/resinas\/  target=\"_blank\"  rel=\"noopener noreferrer\" class='av-image-hotspot_inner'>1<\/a><div class='av-image-hotspot-pulse'><\/div><\/div><div class='av-image-hotspot av-lkhahq86-8714a120f5238985df2624e5778852da av-image-hotspot-2 ' data-avia-tooltip-position='left' data-avia-tooltip-alignment='top' data-avia-tooltip-class='av-tt-default-width av-tt-pos-left av-tt-align-top  av-mobile-fallback-active  main_color av-tt-hotspot' data-avia-tooltip='&lt;p&gt;Agentes desmoldantes&lt;\/p&gt;\n'><a href=https:\/\/www.mates.it\/es\/productos\/agentes-desmoldantes\/  target=\"_blank\"  rel=\"noopener noreferrer\" class='av-image-hotspot_inner'>2<\/a><div class='av-image-hotspot-pulse'><\/div><\/div><div class='av-image-hotspot av-lkhahywm-1b30fb1565fde3ec664d73c19fd70b69 av-image-hotspot-3 ' data-avia-tooltip-position='left' data-avia-tooltip-alignment='top' data-avia-tooltip-class='av-tt-default-width av-tt-pos-left av-tt-align-top  av-mobile-fallback-active  main_color av-tt-hotspot' data-avia-tooltip='&lt;p&gt;Telas peelply&lt;\/p&gt;\n'><a href=https:\/\/www.mates.it\/es\/productos\/materiales-de_proceso\/telas-peelply\/  target=\"_blank\"  rel=\"noopener noreferrer\" class='av-image-hotspot_inner'>3<\/a><div class='av-image-hotspot-pulse'><\/div><\/div><div class='av-image-hotspot av-lkhai809-7e2da7b64a381d0b2a559ebbace82862 av-image-hotspot-4 ' data-avia-tooltip-position='left' data-avia-tooltip-alignment='top' data-avia-tooltip-class='av-tt-default-width av-tt-pos-left av-tt-align-top  av-mobile-fallback-active  main_color av-tt-hotspot' data-avia-tooltip='&lt;p&gt;Herramientas \/ Utensilios&lt;\/p&gt;\n'><a href=https:\/\/www.mates.it\/es\/productos\/herramientas-utensilios\/  target=\"_blank\"  rel=\"noopener noreferrer\" class='av-image-hotspot_inner'>4<\/a><div class='av-image-hotspot-pulse'><\/div><\/div><img decoding=\"async\" fetchpriority=\"high\" class=\"wp-image-0 avia-img-lazy-loading-not-0 avia_image\" src=\"https:\/\/www.mates.it\/wp-content\/uploads\/2016\/09\/Pultrusione.jpg\" alt=\"\" title=\"\"><\/div><\/div><\/div><div class='av-hotspot-fallback-tooltip av-image-hotspot-1 '><div class=\"av-hotspot-fallback-tooltip-count\">1<div class=\"avia-arrow\"><\/div><\/div><div class=\"av-hotspot-fallback-tooltip-inner clearfix\"><p>\nResinas<\/p>\n<\/div><\/div><div class='av-hotspot-fallback-tooltip av-image-hotspot-2 '><div class=\"av-hotspot-fallback-tooltip-count\">2<div class=\"avia-arrow\"><\/div><\/div><div class=\"av-hotspot-fallback-tooltip-inner clearfix\"><p>\nAgentes desmoldantes<\/p>\n<\/div><\/div><div class='av-hotspot-fallback-tooltip av-image-hotspot-3 '><div class=\"av-hotspot-fallback-tooltip-count\">3<div class=\"avia-arrow\"><\/div><\/div><div class=\"av-hotspot-fallback-tooltip-inner clearfix\"><p>\nTelas peelply<\/p>\n<\/div><\/div><div class='av-hotspot-fallback-tooltip av-image-hotspot-4 '><div class=\"av-hotspot-fallback-tooltip-count\">4<div class=\"avia-arrow\"><\/div><\/div><div class=\"av-hotspot-fallback-tooltip-inner clearfix\"><p>\nHerramientas \/ Utensilios<\/p>\n<\/div><\/div><\/div><\/p><\/div><div  class='flex_column av-av_one_full-7714eba142aeda1f8b5272a3c372b279 av_one_full  avia-builder-el-5  el_after_av_one_full  el_before_av_hr  first flex_column_div  column-top-margin'     ><div  class='av_promobox av-lkhaio1c-c3f05a77ee2f3e75f9ec7625f7c41e93 avia-button-yes  avia-builder-el-6  avia-builder-el-no-sibling '><div class='avia-promocontent'><p>\nHaga clic en los n\u00fameros de la imagen y compare los productos m\u00e1s adecuados para su sector o haga clic en el bot\u00f3n de esta pesta\u00f1a para ver todos nuestros productos.<\/p>\n<\/div><div  class='avia-button-wrap av-lkhaio1c-1b09aa105b89dfc4c851afd979f41353-wrap avia-button-right '><a href='https:\/\/www.mates.it\/es\/productos\/'  class='avia-button av-lkhaio1c-1b09aa105b89dfc4c851afd979f41353 av-link-btn avia-icon_select-yes-left-icon avia-size-medium avia-position-right avia-color-theme-color'  target=\"_blank\"  rel=\"noopener noreferrer\"  aria-label=\"      Productos\"><span class='avia_button_icon avia_button_icon_left avia-iconfont avia-font-entypo-fontello' data-av_icon='\ue85c' data-av_iconfont='entypo-fontello' ><\/span><span class='avia_iconbox_title' >      Productos<\/span><\/a><\/div><\/div><\/div><div  class='hr av-av_hr-91d7ccd583a503147498e120fee2ff9b hr-default  avia-builder-el-7  el_after_av_one_full  avia-builder-el-last '><span class='hr-inner '><span class=\"hr-inner-style\"><\/span><\/span><\/div><\/p>\n","protected":false},"excerpt":{"rendered":"<p>La pultrusi\u00f3n es una t\u00e9cnica muy utilizada en la producci\u00f3n de composites debido al bajo coste de todo el proceso de producci\u00f3n y a la reproducibilidad garantizada de la pieza.<\/p>\n","protected":false},"author":1,"featured_media":7423,"parent":9405,"menu_order":7,"comment_status":"open","ping_status":"open","template":"","meta":{"footnotes":""},"class_list":["post-9440","page","type-page","status-publish","has-post-thumbnail","hentry"],"_links":{"self":[{"href":"https:\/\/www.mates.it\/es\/wp-json\/wp\/v2\/pages\/9440","targetHints":{"allow":["GET"]}}],"collection":[{"href":"https:\/\/www.mates.it\/es\/wp-json\/wp\/v2\/pages"}],"about":[{"href":"https:\/\/www.mates.it\/es\/wp-json\/wp\/v2\/types\/page"}],"author":[{"embeddable":true,"href":"https:\/\/www.mates.it\/es\/wp-json\/wp\/v2\/users\/1"}],"replies":[{"embeddable":true,"href":"https:\/\/www.mates.it\/es\/wp-json\/wp\/v2\/comments?post=9440"}],"version-history":[{"count":0,"href":"https:\/\/www.mates.it\/es\/wp-json\/wp\/v2\/pages\/9440\/revisions"}],"up":[{"embeddable":true,"href":"https:\/\/www.mates.it\/es\/wp-json\/wp\/v2\/pages\/9405"}],"wp:featuredmedia":[{"embeddable":true,"href":"https:\/\/www.mates.it\/es\/wp-json\/wp\/v2\/media\/7423"}],"wp:attachment":[{"href":"https:\/\/www.mates.it\/es\/wp-json\/wp\/v2\/media?parent=9440"}],"curies":[{"name":"wp","href":"https:\/\/api.w.org\/{rel}","templated":true}]}}