{"id":9442,"date":"2015-09-16T10:57:08","date_gmt":"2015-09-16T08:57:08","guid":{"rendered":"https:\/\/www.mates.it\/processi\/envase\/"},"modified":"2023-07-25T20:26:22","modified_gmt":"2023-07-25T18:26:22","slug":"enrollado","status":"publish","type":"page","link":"https:\/\/www.mates.it\/es\/procesos\/enrollado\/","title":{"rendered":"Enrollado"},"content":{"rendered":"<div  class='flex_column av-av_one_full-7714eba142aeda1f8b5272a3c372b279 av_one_full  avia-builder-el-0  el_before_av_one_full  avia-builder-el-first  first flex_column_div  '     ><p>\n<style type=\"text\/css\" data-created_by=\"avia_inline_auto\" id=\"style-css-av-lkimk8ri-7448a1132b0363d7fd9d4fd897012325\">\n#top .av-special-heading.av-lkimk8ri-7448a1132b0363d7fd9d4fd897012325{\npadding-bottom:10px;\n}\nbody .av-special-heading.av-lkimk8ri-7448a1132b0363d7fd9d4fd897012325 .av-special-heading-tag .heading-char{\nfont-size:25px;\n}\n.av-special-heading.av-lkimk8ri-7448a1132b0363d7fd9d4fd897012325 .av-subheading{\nfont-size:15px;\n}\n<\/style>\n<div  class='av-special-heading av-lkimk8ri-7448a1132b0363d7fd9d4fd897012325 av-special-heading-h1  avia-builder-el-1  el_before_av_textblock  avia-builder-el-first  custom-h1-title'><h1 class='av-special-heading-tag '  >Enrollado<\/h1><div class=\"special-heading-border\"><div class=\"special-heading-inner-border\"><\/div><\/div><\/div><br \/>\n<section  class='av_textblock_section av-lkimlbis-d01b20452c25e3bbff722c3f5dd94eef '  ><div class='avia_textblock' ><p>La tecnolog\u00eda de enrollado permite fabricar componentes superponiendo refuerzos preimpregnados sobre un mandril cil\u00edndrico o c\u00f3nico. Las distintas capas de refuerzo se compactan de forma \u00f3ptima en un molde macho r\u00edgido mediante una prensa de rodillo en mesa que tiene la misi\u00f3n de eliminar las posibles burbujas de aire presentes entre las capas. Durante esta fase, la mesa puede calentarse para favorecer la adherencia. La posici\u00f3n, el orden y el tipo de las distintas capas aplicadas se definen de forma que se respeten las especificaciones finales que debe tener el componente. Entre las ventajas del encintado est\u00e1n los costes reducidos y las excelentes propiedades mec\u00e1nicas, aunque no permite grandes posibilidades en la elecci\u00f3n de formas y gemotr\u00edas del producto acabado.<\/p>\n<\/div><\/section><br \/>\n<div  class='hr av-av_hr-91d7ccd583a503147498e120fee2ff9b hr-default  avia-builder-el-3  el_after_av_textblock  el_before_av_image_hotspot  avia-builder-el-last '><span class='hr-inner '><span class=\"hr-inner-style\"><\/span><\/span><\/div><br \/>\n\n<style type=\"text\/css\" data-created_by=\"avia_inline_auto\" id=\"style-css-sub-av-lkimo59z-058ed4b03268d24d4f34592e1cf88548\">\n.av-hotspot-image-container .av-image-hotspot.av-lkimm9ra-f677853eedecf62f01f16773a1bf6c7e{\ntop:36.5%;\nleft:48.8%;\n}\n.av-hotspot-image-container .av-image-hotspot.av-lkimn9mi-8d77130357b70baa688d82592211a1e6{\ntop:74.5%;\nleft:31.4%;\n}\n.av-hotspot-image-container .av-image-hotspot.av-lkimnl86-4104a26d0a041c124a57aa9814caa1ef{\ntop:31.9%;\nleft:65.6%;\n}\n.av-hotspot-image-container .av-image-hotspot.av-lkimntyg-cab5f3761d3b9e8ceadc4efab4e37566{\ntop:26.2%;\nleft:30.4%;\n}\n.av-hotspot-image-container .av-image-hotspot.av-lkimo4na-87f1e0013f4e0d2d0c30843bd37ac25e{\ntop:57.5%;\nleft:85.6%;\n}\n<\/style>\n<div  class='av-hotspot-image-container av-lkimo59z-058ed4b03268d24d4f34592e1cf88548  avia-builder-el-4  el_after_av_hr  avia-builder-el-last  av-hotspot-numbered av-mobile-fallback-active  av-non-fullwidth-hotspot-image' ><div class='av-hotspot-container'><div class='av-hotspot-container-inner-cell'><div class='av-hotspot-container-inner-wrap'><div class='av-image-hotspot av-lkimm9ra-f677853eedecf62f01f16773a1bf6c7e av-image-hotspot-1 ' data-avia-tooltip-position='left' data-avia-tooltip-alignment='top' data-avia-tooltip-class='av-tt-default-width av-tt-pos-left av-tt-align-top  av-mobile-fallback-active  main_color av-tt-hotspot' data-avia-tooltip='&lt;p&gt;Refuerzos&lt;\/p&gt;\n'><a href=https:\/\/www.mates.it\/es\/productos\/tejidos-refuerzos\/  target=\"_blank\"  rel=\"noopener noreferrer\" class='av-image-hotspot_inner'>1<\/a><div class='av-image-hotspot-pulse'><\/div><\/div><div class='av-image-hotspot av-lkimn9mi-8d77130357b70baa688d82592211a1e6 av-image-hotspot-2 ' data-avia-tooltip-position='left' data-avia-tooltip-alignment='top' data-avia-tooltip-class='av-tt-default-width av-tt-pos-left av-tt-align-top  av-mobile-fallback-active  main_color av-tt-hotspot' data-avia-tooltip='&lt;p&gt;Agentes desmoldantes&lt;\/p&gt;\n'><a href=https:\/\/www.mates.it\/es\/productos\/agentes-desmoldantes\/  target=\"_blank\"  rel=\"noopener noreferrer\" class='av-image-hotspot_inner'>2<\/a><div class='av-image-hotspot-pulse'><\/div><\/div><div class='av-image-hotspot av-lkimnl86-4104a26d0a041c124a57aa9814caa1ef av-image-hotspot-3 ' data-avia-tooltip-position='left' data-avia-tooltip-alignment='top' data-avia-tooltip-class='av-tt-default-width av-tt-pos-left av-tt-align-top  av-mobile-fallback-active  main_color av-tt-hotspot' data-avia-tooltip='&lt;p&gt;Films separadores&lt;\/p&gt;\n'><a href=https:\/\/www.mates.it\/es\/productos\/materiales-de_proceso\/films-separadores\/  target=\"_blank\"  rel=\"noopener noreferrer\" class='av-image-hotspot_inner'>3<\/a><div class='av-image-hotspot-pulse'><\/div><\/div><div class='av-image-hotspot av-lkimntyg-cab5f3761d3b9e8ceadc4efab4e37566 av-image-hotspot-4 ' data-avia-tooltip-position='left' data-avia-tooltip-alignment='top' data-avia-tooltip-class='av-tt-default-width av-tt-pos-left av-tt-align-top  av-mobile-fallback-active  main_color av-tt-hotspot' data-avia-tooltip='&lt;p&gt;Telas peelply&lt;\/p&gt;\n'><a href=https:\/\/www.mates.it\/es\/productos\/materiales-de_proceso\/telas-peelply\/  target=\"_blank\"  rel=\"noopener noreferrer\" class='av-image-hotspot_inner'>4<\/a><div class='av-image-hotspot-pulse'><\/div><\/div><div class='av-image-hotspot av-lkimo4na-87f1e0013f4e0d2d0c30843bd37ac25e av-image-hotspot-5 ' data-avia-tooltip-position='left' data-avia-tooltip-alignment='top' data-avia-tooltip-class='av-tt-default-width av-tt-pos-left av-tt-align-top  av-mobile-fallback-active  main_color av-tt-hotspot' data-avia-tooltip='&lt;p&gt;Fijaciones&lt;\/p&gt;\n'><a href=https:\/\/www.mates.it\/es\/productos\/fijaciones\/  target=\"_blank\"  rel=\"noopener noreferrer\" class='av-image-hotspot_inner'>5<\/a><div class='av-image-hotspot-pulse'><\/div><\/div><img decoding=\"async\" fetchpriority=\"high\" class=\"wp-image-0 avia-img-lazy-loading-not-0 avia_image\" src=\"https:\/\/www.mates.it\/wp-content\/uploads\/2016\/09\/Wrapping.jpg\" alt=\"\" title=\"\"><\/div><\/div><\/div><div class='av-hotspot-fallback-tooltip av-image-hotspot-1 '><div class=\"av-hotspot-fallback-tooltip-count\">1<div class=\"avia-arrow\"><\/div><\/div><div class=\"av-hotspot-fallback-tooltip-inner clearfix\"><p>\nRefuerzos<\/p>\n<\/div><\/div><div class='av-hotspot-fallback-tooltip av-image-hotspot-2 '><div class=\"av-hotspot-fallback-tooltip-count\">2<div class=\"avia-arrow\"><\/div><\/div><div class=\"av-hotspot-fallback-tooltip-inner clearfix\"><p>\nAgentes desmoldantes<\/p>\n<\/div><\/div><div class='av-hotspot-fallback-tooltip av-image-hotspot-3 '><div class=\"av-hotspot-fallback-tooltip-count\">3<div class=\"avia-arrow\"><\/div><\/div><div class=\"av-hotspot-fallback-tooltip-inner clearfix\"><p>\nFilms separadores<\/p>\n<\/div><\/div><div class='av-hotspot-fallback-tooltip av-image-hotspot-4 '><div class=\"av-hotspot-fallback-tooltip-count\">4<div class=\"avia-arrow\"><\/div><\/div><div class=\"av-hotspot-fallback-tooltip-inner clearfix\"><p>\nTelas peelply<\/p>\n<\/div><\/div><div class='av-hotspot-fallback-tooltip av-image-hotspot-5 '><div class=\"av-hotspot-fallback-tooltip-count\">5<div class=\"avia-arrow\"><\/div><\/div><div class=\"av-hotspot-fallback-tooltip-inner clearfix\"><p>\nFijaciones<\/p>\n<\/div><\/div><\/div><\/p><\/div><div  class='flex_column av-av_one_full-7714eba142aeda1f8b5272a3c372b279 av_one_full  avia-builder-el-5  el_after_av_one_full  el_before_av_hr  first flex_column_div  column-top-margin'     ><div  class='av_promobox av-lkimoi1i-312dba2e688af027b61c05f097c24252 avia-button-yes  avia-builder-el-6  avia-builder-el-no-sibling '><div class='avia-promocontent'><p>\nHaga clic en los n\u00fameros de la imagen y compare los productos m\u00e1s adecuados para su sector o haga clic en el bot\u00f3n de esta pesta\u00f1a para ver todos nuestros productos.<\/p>\n<\/div><div  class='avia-button-wrap av-lkimoi1i-4a97b85b0ef2b77d483a38d2e7dbf084-wrap avia-button-right '><a href='https:\/\/www.mates.it\/es\/productos\/'  class='avia-button av-lkimoi1i-4a97b85b0ef2b77d483a38d2e7dbf084 av-link-btn avia-icon_select-yes-left-icon avia-size-medium avia-position-right avia-color-theme-color'  target=\"_blank\"  rel=\"noopener noreferrer\"  aria-label=\"      Productos\"><span class='avia_button_icon avia_button_icon_left avia-iconfont avia-font-entypo-fontello' data-av_icon='\ue85c' data-av_iconfont='entypo-fontello' ><\/span><span class='avia_iconbox_title' >      Productos<\/span><\/a><\/div><\/div><\/div><div  class='hr av-av_hr-91d7ccd583a503147498e120fee2ff9b hr-default  avia-builder-el-7  el_after_av_one_full  avia-builder-el-last '><span class='hr-inner '><span class=\"hr-inner-style\"><\/span><\/span><\/div><\/p>\n","protected":false},"excerpt":{"rendered":"<p>La tecnolog\u00eda de enrollado permite fabricar componentes mediante la superposici\u00f3n de refuerzos preimpregnados sobre un mandril de forma cil\u00edndrica o c\u00f3nica.<\/p>\n","protected":false},"author":1,"featured_media":7427,"parent":9405,"menu_order":9,"comment_status":"open","ping_status":"open","template":"","meta":{"footnotes":""},"class_list":["post-9442","page","type-page","status-publish","has-post-thumbnail","hentry"],"_links":{"self":[{"href":"https:\/\/www.mates.it\/es\/wp-json\/wp\/v2\/pages\/9442","targetHints":{"allow":["GET"]}}],"collection":[{"href":"https:\/\/www.mates.it\/es\/wp-json\/wp\/v2\/pages"}],"about":[{"href":"https:\/\/www.mates.it\/es\/wp-json\/wp\/v2\/types\/page"}],"author":[{"embeddable":true,"href":"https:\/\/www.mates.it\/es\/wp-json\/wp\/v2\/users\/1"}],"replies":[{"embeddable":true,"href":"https:\/\/www.mates.it\/es\/wp-json\/wp\/v2\/comments?post=9442"}],"version-history":[{"count":0,"href":"https:\/\/www.mates.it\/es\/wp-json\/wp\/v2\/pages\/9442\/revisions"}],"up":[{"embeddable":true,"href":"https:\/\/www.mates.it\/es\/wp-json\/wp\/v2\/pages\/9405"}],"wp:featuredmedia":[{"embeddable":true,"href":"https:\/\/www.mates.it\/es\/wp-json\/wp\/v2\/media\/7427"}],"wp:attachment":[{"href":"https:\/\/www.mates.it\/es\/wp-json\/wp\/v2\/media?parent=9442"}],"curies":[{"name":"wp","href":"https:\/\/api.w.org\/{rel}","templated":true}]}}