{"id":9444,"date":"2015-09-16T10:57:24","date_gmt":"2015-09-16T08:57:24","guid":{"rendered":"https:\/\/www.mates.it\/processi\/enrollamiento-filamentario\/"},"modified":"2023-07-25T21:03:25","modified_gmt":"2023-07-25T19:03:25","slug":"bobinado-de-filamentos","status":"publish","type":"page","link":"https:\/\/www.mates.it\/es\/procesos\/bobinado-de-filamentos\/","title":{"rendered":"Bobinado de filamentos"},"content":{"rendered":"<div  class='flex_column av-av_one_full-7714eba142aeda1f8b5272a3c372b279 av_one_full  avia-builder-el-0  el_before_av_one_full  avia-builder-el-first  first flex_column_div  '     ><p>\n<style type=\"text\/css\" data-created_by=\"avia_inline_auto\" id=\"style-css-av-lkinxufi-0354f1a474a93840427b40ff1acf01ea\">\n#top .av-special-heading.av-lkinxufi-0354f1a474a93840427b40ff1acf01ea{\npadding-bottom:10px;\n}\nbody .av-special-heading.av-lkinxufi-0354f1a474a93840427b40ff1acf01ea .av-special-heading-tag .heading-char{\nfont-size:25px;\n}\n.av-special-heading.av-lkinxufi-0354f1a474a93840427b40ff1acf01ea .av-subheading{\nfont-size:15px;\n}\n<\/style>\n<div  class='av-special-heading av-lkinxufi-0354f1a474a93840427b40ff1acf01ea av-special-heading-h1  avia-builder-el-1  el_before_av_textblock  avia-builder-el-first  custom-h1-title'><h1 class='av-special-heading-tag '  >Bobinado de filamentos<\/h1><div class=\"special-heading-border\"><div class=\"special-heading-inner-border\"><\/div><\/div><\/div><br \/>\n<section  class='av_textblock_section av-lkiny7hh-0448f4fdb5f29f2aa0e5f60a2f13ddc9 '  ><div class='avia_textblock' ><p>El proceso de bobinado de filamentos se utiliza principalmente en la fabricaci\u00f3n de productos compuestos huecos de secci\u00f3n circular. El bobinado de filamentos consiste en utilizar una preforma alrededor de la cual se bobinan fibras de refuerzo impregnadas de matriz. Existen dos tipos de utilizaci\u00f3n de este proceso: en h\u00famedo o en seco. En el m\u00e9todo h\u00famedo, la fibra absorbe la resina de baja viscosidad pasando por un tanque de impregnaci\u00f3n y exprimido, mientras que en el m\u00e9todo seco se utilizan filamentos preimpregnados. Una vez endurecida la matriz, se retira el mandril interior (molde) y se obtiene el componente. En este proceso de producci\u00f3n pueden utilizarse distintos tipos de resinas, en funci\u00f3n del uso previsto del producto acabado. El resultado del proceso es una pieza producida a bajo coste pero con una gran rigidez estructural.<\/p>\n<\/div><\/section><br \/>\n<div  class='hr av-av_hr-91d7ccd583a503147498e120fee2ff9b hr-default  avia-builder-el-3  el_after_av_textblock  el_before_av_image_hotspot  avia-builder-el-last '><span class='hr-inner '><span class=\"hr-inner-style\"><\/span><\/span><\/div><br \/>\n\n<style type=\"text\/css\" data-created_by=\"avia_inline_auto\" id=\"style-css-sub-av-lkinzs55-e63705ea643cbf15f9cf2e994ead6e2b\">\n.av-hotspot-image-container .av-image-hotspot.av-lkinyqus-a2c60074eaad6649928863c8a80724a8{\ntop:34.6%;\nleft:52.7%;\n}\n.av-hotspot-image-container .av-image-hotspot.av-lkinz39i-91f7f7b4c908fa20646c09caa2815b1e{\ntop:65.9%;\nleft:41.7%;\n}\n.av-hotspot-image-container .av-image-hotspot.av-lkinzhr5-e8219a3b0df12e1d01bada2e6a4ff3a9{\ntop:66.1%;\nleft:69.3%;\n}\n.av-hotspot-image-container .av-image-hotspot.av-lkinzrlo-1f53c0c819f961700e7af89fa2e0d33c{\ntop:31.8%;\nleft:27.7%;\n}\n<\/style>\n<div  class='av-hotspot-image-container av-lkinzs55-e63705ea643cbf15f9cf2e994ead6e2b  avia-builder-el-4  el_after_av_hr  avia-builder-el-last  av-hotspot-numbered av-mobile-fallback-active  av-non-fullwidth-hotspot-image' ><div class='av-hotspot-container'><div class='av-hotspot-container-inner-cell'><div class='av-hotspot-container-inner-wrap'><div class='av-image-hotspot av-lkinyqus-a2c60074eaad6649928863c8a80724a8 av-image-hotspot-1 ' data-avia-tooltip-position='left' data-avia-tooltip-alignment='top' data-avia-tooltip-class='av-tt-default-width av-tt-pos-left av-tt-align-top  av-mobile-fallback-active  main_color av-tt-hotspot' data-avia-tooltip='&lt;p&gt;Resinas&lt;\/p&gt;\n'><a href=https:\/\/www.mates.it\/es\/productos\/resinas-adhesivos-quimicos\/resinas\/  target=\"_blank\"  rel=\"noopener noreferrer\" class='av-image-hotspot_inner'>1<\/a><div class='av-image-hotspot-pulse'><\/div><\/div><div class='av-image-hotspot av-lkinz39i-91f7f7b4c908fa20646c09caa2815b1e av-image-hotspot-2 ' data-avia-tooltip-position='left' data-avia-tooltip-alignment='top' data-avia-tooltip-class='av-tt-default-width av-tt-pos-left av-tt-align-top  av-mobile-fallback-active  main_color av-tt-hotspot' data-avia-tooltip='&lt;p&gt;Agentes desmoldantes&lt;\/p&gt;\n'><a href=https:\/\/www.mates.it\/es\/productos\/agentes-desmoldantes\/  target=\"_blank\"  rel=\"noopener noreferrer\" class='av-image-hotspot_inner'>2<\/a><div class='av-image-hotspot-pulse'><\/div><\/div><div class='av-image-hotspot av-lkinzhr5-e8219a3b0df12e1d01bada2e6a4ff3a9 av-image-hotspot-3 ' data-avia-tooltip-position='left' data-avia-tooltip-alignment='top' data-avia-tooltip-class='av-tt-default-width av-tt-pos-left av-tt-align-top  av-mobile-fallback-active  main_color av-tt-hotspot' data-avia-tooltip='&lt;p&gt;Films separadores&lt;\/p&gt;\n'><a href=https:\/\/www.mates.it\/es\/productos\/materiales-de_proceso\/films-separadores\/  target=\"_blank\"  rel=\"noopener noreferrer\" class='av-image-hotspot_inner'>3<\/a><div class='av-image-hotspot-pulse'><\/div><\/div><div class='av-image-hotspot av-lkinzrlo-1f53c0c819f961700e7af89fa2e0d33c av-image-hotspot-4 ' data-avia-tooltip-position='left' data-avia-tooltip-alignment='top' data-avia-tooltip-class='av-tt-default-width av-tt-pos-left av-tt-align-top  av-mobile-fallback-active  main_color av-tt-hotspot' data-avia-tooltip='&lt;p&gt;Telas peelply&lt;\/p&gt;\n'><a href=https:\/\/www.mates.it\/es\/productos\/materiales-de_proceso\/telas-peelply\/  target=\"_blank\"  rel=\"noopener noreferrer\" class='av-image-hotspot_inner'>4<\/a><div class='av-image-hotspot-pulse'><\/div><\/div><img decoding=\"async\" fetchpriority=\"high\" class=\"wp-image-0 avia-img-lazy-loading-not-0 avia_image\" src=\"https:\/\/www.mates.it\/wp-content\/uploads\/2016\/09\/Filament-winding.jpg\" alt=\"\" title=\"\"><\/div><\/div><\/div><div class='av-hotspot-fallback-tooltip av-image-hotspot-1 '><div class=\"av-hotspot-fallback-tooltip-count\">1<div class=\"avia-arrow\"><\/div><\/div><div class=\"av-hotspot-fallback-tooltip-inner clearfix\"><p>\nResinas<\/p>\n<\/div><\/div><div class='av-hotspot-fallback-tooltip av-image-hotspot-2 '><div class=\"av-hotspot-fallback-tooltip-count\">2<div class=\"avia-arrow\"><\/div><\/div><div class=\"av-hotspot-fallback-tooltip-inner clearfix\"><p>\nAgentes desmoldantes<\/p>\n<\/div><\/div><div class='av-hotspot-fallback-tooltip av-image-hotspot-3 '><div class=\"av-hotspot-fallback-tooltip-count\">3<div class=\"avia-arrow\"><\/div><\/div><div class=\"av-hotspot-fallback-tooltip-inner clearfix\"><p>\nFilms separadores<\/p>\n<\/div><\/div><div class='av-hotspot-fallback-tooltip av-image-hotspot-4 '><div class=\"av-hotspot-fallback-tooltip-count\">4<div class=\"avia-arrow\"><\/div><\/div><div class=\"av-hotspot-fallback-tooltip-inner clearfix\"><p>\nTelas peelply<\/p>\n<\/div><\/div><\/div><\/p><\/div><div  class='flex_column av-av_one_full-7714eba142aeda1f8b5272a3c372b279 av_one_full  avia-builder-el-5  el_after_av_one_full  el_before_av_hr  first flex_column_div  column-top-margin'     ><div  class='av_promobox av-lkio05qy-16e77edc1d4779bd0d60b1e5e5223a4f avia-button-yes  avia-builder-el-6  avia-builder-el-no-sibling '><div class='avia-promocontent'><p>\nHaga clic en los n\u00fameros de la imagen y compare los productos m\u00e1s adecuados para su sector o haga clic en el bot\u00f3n de esta pesta\u00f1a para ver todos nuestros productos.<\/p>\n<\/div><div  class='avia-button-wrap av-lkio05qy-04a47ef9a50c2d8e3aa4c5f5a6680f55-wrap avia-button-right '><a href='https:\/\/www.mates.it\/es\/productos\/'  class='avia-button av-lkio05qy-04a47ef9a50c2d8e3aa4c5f5a6680f55 av-link-btn avia-icon_select-yes-left-icon avia-size-medium avia-position-right avia-color-theme-color'  target=\"_blank\"  rel=\"noopener noreferrer\"  aria-label=\"      Productos\"><span class='avia_button_icon avia_button_icon_left avia-iconfont avia-font-entypo-fontello' data-av_icon='\ue85c' data-av_iconfont='entypo-fontello' ><\/span><span class='avia_iconbox_title' >      Productos<\/span><\/a><\/div><\/div><\/div><div  class='hr av-av_hr-91d7ccd583a503147498e120fee2ff9b hr-default  avia-builder-el-7  el_after_av_one_full  avia-builder-el-last '><span class='hr-inner '><span class=\"hr-inner-style\"><\/span><\/span><\/div><\/p>\n","protected":false},"excerpt":{"rendered":"<p>El proceso de bobinado de filamentos tiene lugar mediante el bobinado continuo de filamentos y se utiliza principalmente en la producci\u00f3n de productos compuestos huecos con secci\u00f3n transversal circular.<\/p>\n","protected":false},"author":1,"featured_media":7435,"parent":9405,"menu_order":10,"comment_status":"open","ping_status":"open","template":"","meta":{"footnotes":""},"class_list":["post-9444","page","type-page","status-publish","has-post-thumbnail","hentry"],"_links":{"self":[{"href":"https:\/\/www.mates.it\/es\/wp-json\/wp\/v2\/pages\/9444","targetHints":{"allow":["GET"]}}],"collection":[{"href":"https:\/\/www.mates.it\/es\/wp-json\/wp\/v2\/pages"}],"about":[{"href":"https:\/\/www.mates.it\/es\/wp-json\/wp\/v2\/types\/page"}],"author":[{"embeddable":true,"href":"https:\/\/www.mates.it\/es\/wp-json\/wp\/v2\/users\/1"}],"replies":[{"embeddable":true,"href":"https:\/\/www.mates.it\/es\/wp-json\/wp\/v2\/comments?post=9444"}],"version-history":[{"count":0,"href":"https:\/\/www.mates.it\/es\/wp-json\/wp\/v2\/pages\/9444\/revisions"}],"up":[{"embeddable":true,"href":"https:\/\/www.mates.it\/es\/wp-json\/wp\/v2\/pages\/9405"}],"wp:featuredmedia":[{"embeddable":true,"href":"https:\/\/www.mates.it\/es\/wp-json\/wp\/v2\/media\/7435"}],"wp:attachment":[{"href":"https:\/\/www.mates.it\/es\/wp-json\/wp\/v2\/media?parent=9444"}],"curies":[{"name":"wp","href":"https:\/\/api.w.org\/{rel}","templated":true}]}}