{"id":9452,"date":"2015-09-16T12:01:01","date_gmt":"2015-09-16T10:01:01","guid":{"rendered":"https:\/\/www.mates.it\/supporto\/servizi-offerti\/procesos-personalizaciones\/"},"modified":"2023-09-02T00:09:08","modified_gmt":"2023-09-01T22:09:08","slug":"personalizaciones","status":"publish","type":"page","link":"https:\/\/www.mates.it\/es\/quienes-somos\/servicios-ofrecidos\/personalizaciones\/","title":{"rendered":"Personalizaciones"},"content":{"rendered":"<div  class='flex_column av-av_one_full-7714eba142aeda1f8b5272a3c372b279 av_one_full  avia-builder-el-0  el_before_av_hr  avia-builder-el-first  first flex_column_div  '     ><p>\n<style type=\"text\/css\" data-created_by=\"avia_inline_auto\" id=\"style-css-av-lm15d7r7-9ab8b86718204dd3d66a808bb112d917\">\n#top .av-special-heading.av-lm15d7r7-9ab8b86718204dd3d66a808bb112d917{\npadding-bottom:10px;\n}\nbody .av-special-heading.av-lm15d7r7-9ab8b86718204dd3d66a808bb112d917 .av-special-heading-tag .heading-char{\nfont-size:25px;\n}\n.av-special-heading.av-lm15d7r7-9ab8b86718204dd3d66a808bb112d917 .av-subheading{\nfont-size:15px;\n}\n<\/style>\n<div  class='av-special-heading av-lm15d7r7-9ab8b86718204dd3d66a808bb112d917 av-special-heading-h1  avia-builder-el-1  el_before_av_textblock  avia-builder-el-first  custom-h1-title'><h1 class='av-special-heading-tag '  >Personalizaciones<\/h1><div class=\"special-heading-border\"><div class=\"special-heading-inner-border\"><\/div><\/div><\/div><br \/>\n<section  class='av_textblock_section av-lm15d4jx-e5e9ed9becd9424089e383f8077d4688 '  ><div class='avia_textblock' ><p>Nuestra empresa puede ofrecer asistencia espec\u00edfica tanto para iniciar un nuevo proyecto como para optimizar un proceso ya iniciado. Este servicio se presta garantizando una asistencia constante por tel\u00e9fono y mediante visitas sobre el terreno de colaboradores internos o externos, especializados en el proceso y capaces de encontrar soluciones personalizadas a los principales problemas. La primera fase consiste en un an\u00e1lisis primario y en la definici\u00f3n de los objetivos que deben alcanzarse. A continuaci\u00f3n, se elige el proceso m\u00e1s adecuado o se perfecciona el ya existente, buscando una reducci\u00f3n del tiempo y de los costes mediante la optimizaci\u00f3n y la personalizaci\u00f3n de los materiales.<\/p>\n<p>Los materiales del n\u00facleo (Nomex\u00ae o PET\u00ae) pueden cortarse a espesores espec\u00edficos solicitados por el cliente o pueden solicitarse kits preformados para objetivos espec\u00edficos. Las resinas y gelcoats pueden suministrarse en colores especiales (RAL) adem\u00e1s de los del cat\u00e1logo. Tambi\u00e9n podemos crear kits espec\u00edficos para el cliente derivados del corte de productos en rollo (servicios de kitting), con el fin de reducir el tiempo de trabajo y los costes, evitando desperdicios y optimizando as\u00ed la calidad del proceso.<br \/>\nTambi\u00e9n pueden satisfacerse requisitos especiales del cliente mediante la personalizaci\u00f3n, como etiquetas privadas, productos sin etiquetas o con etiquetas con el logotipo del cliente.<\/p>\n<\/div><\/section><\/p><\/div><div  class='hr av-av_hr-91d7ccd583a503147498e120fee2ff9b hr-default  avia-builder-el-3  el_after_av_one_full  el_before_av_one_full '><span class='hr-inner '><span class=\"hr-inner-style\"><\/span><\/span><\/div><\/p>\n<div  class='flex_column av-av_one_full-7714eba142aeda1f8b5272a3c372b279 av_one_full  avia-builder-el-4  el_after_av_hr  avia-builder-el-last  first flex_column_div  '     ><style type=\"text\/css\" data-created_by=\"avia_inline_auto\" id=\"style-css-av-av_image-011b8abf4ede03c6a09108429baf9156\">\n.avia-image-container.av-av_image-011b8abf4ede03c6a09108429baf9156 img.avia_image{\nbox-shadow:none;\n}\n.avia-image-container.av-av_image-011b8abf4ede03c6a09108429baf9156 .av-image-caption-overlay-center{\ncolor:#ffffff;\n}\n<\/style>\n<div  class='avia-image-container av-av_image-011b8abf4ede03c6a09108429baf9156 av-styling- avia-align-center  avia-builder-el-5  avia-builder-el-no-sibling '  ><div class=\"avia-image-container-inner\"><div class=\"avia-image-overlay-wrap\"><img decoding=\"async\" fetchpriority=\"high\" class='wp-image-17544 avia-img-lazy-loading-not-17544 avia_image ' src=\"https:\/\/www.mates.it\/wp-content\/uploads\/supporto_personalizzazioni.svg.png\" alt='supporto_personalizzazioni.svg' title='supporto_personalizzazioni.svg'  height=\"190\" width=\"1000\" srcset=\"https:\/\/www.mates.it\/wp-content\/uploads\/supporto_personalizzazioni.svg.png 1000w, https:\/\/www.mates.it\/wp-content\/uploads\/supporto_personalizzazioni.svg-300x57.png 300w, https:\/\/www.mates.it\/wp-content\/uploads\/supporto_personalizzazioni.svg-768x146.png 768w, https:\/\/www.mates.it\/wp-content\/uploads\/supporto_personalizzazioni.svg-705x134.png 705w\" sizes=\"(max-width: 1000px) 100vw, 1000px\" \/><\/div><\/div><\/div><\/div>\n","protected":false},"excerpt":{"rendered":"<p>Nuestra empresa puede ofrecer asistencia espec\u00edfica tanto para iniciar un nuevo proyecto como para optimizar un proceso ya iniciado y encontrar soluciones personalizadas a problemas importantes.<\/p>\n","protected":false},"author":1,"featured_media":17544,"parent":9407,"menu_order":5,"comment_status":"open","ping_status":"closed","template":"","meta":{"footnotes":""},"class_list":["post-9452","page","type-page","status-publish","has-post-thumbnail","hentry"],"_links":{"self":[{"href":"https:\/\/www.mates.it\/es\/wp-json\/wp\/v2\/pages\/9452","targetHints":{"allow":["GET"]}}],"collection":[{"href":"https:\/\/www.mates.it\/es\/wp-json\/wp\/v2\/pages"}],"about":[{"href":"https:\/\/www.mates.it\/es\/wp-json\/wp\/v2\/types\/page"}],"author":[{"embeddable":true,"href":"https:\/\/www.mates.it\/es\/wp-json\/wp\/v2\/users\/1"}],"replies":[{"embeddable":true,"href":"https:\/\/www.mates.it\/es\/wp-json\/wp\/v2\/comments?post=9452"}],"version-history":[{"count":0,"href":"https:\/\/www.mates.it\/es\/wp-json\/wp\/v2\/pages\/9452\/revisions"}],"up":[{"embeddable":true,"href":"https:\/\/www.mates.it\/es\/wp-json\/wp\/v2\/pages\/9407"}],"wp:featuredmedia":[{"embeddable":true,"href":"https:\/\/www.mates.it\/es\/wp-json\/wp\/v2\/media\/17544"}],"wp:attachment":[{"href":"https:\/\/www.mates.it\/es\/wp-json\/wp\/v2\/media?parent=9452"}],"curies":[{"name":"wp","href":"https:\/\/api.w.org\/{rel}","templated":true}]}}