{"id":9458,"date":"2015-09-16T14:34:36","date_gmt":"2015-09-16T12:34:36","guid":{"rendered":"https:\/\/www.mates.it\/prodotti\/tessuti-rinforzi\/auxiliares-tejidos\/"},"modified":"2023-06-25T17:02:29","modified_gmt":"2023-06-25T15:02:29","slug":"auxiliares-tejidos","status":"publish","type":"page","link":"https:\/\/www.mates.it\/es\/productos\/tejidos-refuerzos\/auxiliares-tejidos\/","title":{"rendered":"Auxiliares \u2013 Tejidos"},"content":{"rendered":"\n<style type=\"text\/css\" data-created_by=\"avia_inline_auto\" id=\"style-css-av-ljbk5jx8-f1290917da58b9b3abc3e489e207a8b5\">\n.avia-image-container.av-ljbk5jx8-f1290917da58b9b3abc3e489e207a8b5 img.avia_image{\nbox-shadow:none;\n}\n.avia-image-container.av-ljbk5jx8-f1290917da58b9b3abc3e489e207a8b5 .av-image-caption-overlay-center{\ncolor:#ffffff;\n}\n<\/style>\n<div  class='avia-image-container av-ljbk5jx8-f1290917da58b9b3abc3e489e207a8b5 av-styling- avia-align-center  avia-builder-el-0  el_before_av_hr  avia-builder-el-first '  ><div class=\"avia-image-container-inner\"><div class=\"avia-image-overlay-wrap\"><img decoding=\"async\" fetchpriority=\"high\" class=\"wp-image-7235 avia-img-lazy-loading-not-7235 avia_image \" src=\"https:\/\/www.mates.it\/wp-content\/uploads\/2016\/05\/Ausiliari-Tessuti.jpg\" alt=\"\" title=\"Ausiliari - Tessuti\" height=\"190\" width=\"1000\" srcset=\"https:\/\/www.mates.it\/wp-content\/uploads\/2016\/05\/Ausiliari-Tessuti.jpg 1000w, https:\/\/www.mates.it\/wp-content\/uploads\/2016\/05\/Ausiliari-Tessuti-300x57.jpg 300w, https:\/\/www.mates.it\/wp-content\/uploads\/2016\/05\/Ausiliari-Tessuti-768x146.jpg 768w\" sizes=\"(max-width: 1000px) 100vw, 1000px\"><\/div><\/div><\/div>\n<div  class='hr av-av_hr-91d7ccd583a503147498e120fee2ff9b hr-default  avia-builder-el-1  el_after_av_image  el_before_av_three_fifth '><span class='hr-inner '><span class=\"hr-inner-style\"><\/span><\/span><\/div>\n<div  class='flex_column av-av_three_fifth-7714eba142aeda1f8b5272a3c372b279 av_three_fifth  avia-builder-el-2  el_after_av_hr  el_before_av_two_fifth  first flex_column_div  '     ><p>\n<style type=\"text\/css\" data-created_by=\"avia_inline_auto\" id=\"style-css-av-ljbk5pev-c8437dfacc3749f3832580b2124af826\">\n#top .av-special-heading.av-ljbk5pev-c8437dfacc3749f3832580b2124af826{\npadding-bottom:10px;\n}\nbody .av-special-heading.av-ljbk5pev-c8437dfacc3749f3832580b2124af826 .av-special-heading-tag .heading-char{\nfont-size:25px;\n}\n.av-special-heading.av-ljbk5pev-c8437dfacc3749f3832580b2124af826 .av-subheading{\nfont-size:15px;\n}\n<\/style>\n<div  class='av-special-heading av-ljbk5pev-c8437dfacc3749f3832580b2124af826 av-special-heading-h1  avia-builder-el-3  el_before_av_textblock  avia-builder-el-first  custom-h1-title'><h1 class='av-special-heading-tag '  >Auxiliares \u2013 Tejidos<\/h1><div class=\"special-heading-border\"><div class=\"special-heading-inner-border\"><\/div><\/div><\/div><br \/>\n<section  class='av_textblock_section av-ljbk538q-e710eeb51fff47ab520b0fe58bf86ed2 '  ><div class='avia_textblock' ><p>Para conseguir el mejor resultado final, es necesario trabajar con herramientas y equipos auxiliares espec\u00edficos que sean correctos y adecuados para el trabajo que se va a realizar. Siempre nos hemos esforzado por comercializar una gama de art\u00edculos y equipos cuidadosamente seleccionados por su calidad, fiabilidad y valor intr\u00ednseco del producto. Un resultado final excelente tambi\u00e9n depende del uso de las herramientas adecuadas para el trabajo. Todos los productos de esta categor\u00eda se someten a controles peri\u00f3dicos y constantes en nuestro laboratorio para verificar que cumplen las caracter\u00edsticas t\u00e9cnicas garantizadas por el fabricante. S\u00f3lo as\u00ed podemos mantener nuestros actuales niveles de fiabilidad, en beneficio del usuario final.<\/p>\n<\/div><\/section><\/p><\/div><div  class='flex_column av-av_two_fifth-f1c518e9ff58e869f80c8f093487abc9 av_two_fifth  avia-builder-el-5  el_after_av_three_fifth  el_before_av_hr  flex_column_div  '     ><style type=\"text\/css\" data-created_by=\"avia_inline_auto\" id=\"style-css-av-ljbk6olt-3daeff01edd7203c98b4bed094c525dc\">\n#top .togglecontainer.av-ljbk6olt-3daeff01edd7203c98b4bed094c525dc h4.toggler{\nfont-size:14px;\n}\n#top .togglecontainer.av-ljbk6olt-3daeff01edd7203c98b4bed094c525dc h4.toggler.activeTitle{\ncolor:#ffffff;\nborder-color:#ffffff;\nbackground-color:#2682d3;\n}\n<\/style>\n<div  class='togglecontainer av-ljbk6olt-3daeff01edd7203c98b4bed094c525dc  avia-builder-el-6  avia-builder-el-no-sibling  accordion_product toggle_close_all hasCurrentStyle' >\n<section class='av_toggle_section av-ljbk66ev-8ede474c774ffdb62f87676db87cfd65' ><div role=\"tablist\" class=\"single_toggle\" data-tags=\"{Todo} \"  ><h4 id='toggle-toggle-id-1' data-fake-id='#toggle-id-1' class='toggler  activeTitle av-title-above '  role='tab' tabindex='0' aria-controls='toggle-id-1' data-slide-speed=\"200\" data-title=\"Ventajas\" data-title-open=\"\" data-aria_collapsed=\"Click to expand: Ventajas\" data-aria_expanded=\"Click to collapse: Ventajas\">Ventajas<span class=\"toggle_icon\"><span class=\"vert_icon\"><\/span><span class=\"hor_icon\"><\/span><\/span><\/h4><div id='toggle-id-1' aria-labelledby='toggle-toggle-id-1' role='region' class='toggle_wrap  active_tc av-title-above' style='display:block;' ><div class='toggle_content invers-color ' ><ul>\n<li>Espec\u00edficos para cada proceso<\/li>\n<li>Controles puntuales peri\u00f3dicos<\/li>\n<li>Gran fiabilidad<\/li>\n<li>Calidad garantizada<\/li>\n<\/ul>\n<\/div><\/div><\/div><\/section>\n<section class='av_toggle_section av-ljbk6nlg-593b99033360468e5acb59e163ab639f' ><div role=\"tablist\" class=\"single_toggle\" data-tags=\"{Todo} \"  ><h4 id='toggle-toggle-id-2' data-fake-id='#toggle-id-2' class='toggler  av-title-above '  role='tab' tabindex='0' aria-controls='toggle-id-2' data-slide-speed=\"200\" data-title=\"Tipos\" data-title-open=\"\" data-aria_collapsed=\"Click to expand: Tipos\" data-aria_expanded=\"Click to collapse: Tipos\">Tipos<span class=\"toggle_icon\"><span class=\"vert_icon\"><\/span><span class=\"hor_icon\"><\/span><\/span><\/h4><div id='toggle-id-2' aria-labelledby='toggle-toggle-id-2' role='region' class='toggle_wrap  av-title-above'  ><div class='toggle_content invers-color ' ><ul>\n<li><a href=\"https:\/\/fileserver.mates.it\/Prodotti\/1_Rinforzi\/Brochure\/Ausiliari_Tessuti_Forbici%20manuali.pdf\" target=\"_blank\" rel=\"noopener\">Forbici manuali<\/a><\/li>\n<li>Cutter elettrici<\/li>\n<\/ul>\n<\/div><\/div><\/div><\/section>\n<\/div><\/div><div  class='hr av-av_hr-91d7ccd583a503147498e120fee2ff9b hr-default  avia-builder-el-7  el_after_av_two_fifth  avia-builder-el-last '><span class='hr-inner '><span class=\"hr-inner-style\"><\/span><\/span><\/div><\/p>\n","protected":false},"excerpt":{"rendered":"<p>Para conseguir el mejor resultado final, es necesario trabajar con herramientas y equipos auxiliares espec\u00edficos, correctos y adecuados al trabajo a realizar. <\/p>\n","protected":false},"author":1,"featured_media":7235,"parent":9385,"menu_order":6,"comment_status":"open","ping_status":"open","template":"","meta":{"footnotes":""},"class_list":["post-9458","page","type-page","status-publish","has-post-thumbnail","hentry"],"_links":{"self":[{"href":"https:\/\/www.mates.it\/es\/wp-json\/wp\/v2\/pages\/9458","targetHints":{"allow":["GET"]}}],"collection":[{"href":"https:\/\/www.mates.it\/es\/wp-json\/wp\/v2\/pages"}],"about":[{"href":"https:\/\/www.mates.it\/es\/wp-json\/wp\/v2\/types\/page"}],"author":[{"embeddable":true,"href":"https:\/\/www.mates.it\/es\/wp-json\/wp\/v2\/users\/1"}],"replies":[{"embeddable":true,"href":"https:\/\/www.mates.it\/es\/wp-json\/wp\/v2\/comments?post=9458"}],"version-history":[{"count":0,"href":"https:\/\/www.mates.it\/es\/wp-json\/wp\/v2\/pages\/9458\/revisions"}],"up":[{"embeddable":true,"href":"https:\/\/www.mates.it\/es\/wp-json\/wp\/v2\/pages\/9385"}],"wp:featuredmedia":[{"embeddable":true,"href":"https:\/\/www.mates.it\/es\/wp-json\/wp\/v2\/media\/7235"}],"wp:attachment":[{"href":"https:\/\/www.mates.it\/es\/wp-json\/wp\/v2\/media?parent=9458"}],"curies":[{"name":"wp","href":"https:\/\/api.w.org\/{rel}","templated":true}]}}