{"id":9462,"date":"2015-09-16T14:33:59","date_gmt":"2015-09-16T12:33:59","guid":{"rendered":"https:\/\/www.mates.it\/prodotti\/tessuti-rinforzi\/otras-fibras\/"},"modified":"2023-12-15T21:07:05","modified_gmt":"2023-12-15T20:07:05","slug":"otras-fibras","status":"publish","type":"page","link":"https:\/\/www.mates.it\/es\/productos\/tejidos-refuerzos\/otras-fibras\/","title":{"rendered":"Otras fibras"},"content":{"rendered":"\n<style type=\"text\/css\" data-created_by=\"avia_inline_auto\" id=\"style-css-av-ljbjp2k1-af6cf73a52b433a0ed79ade75b140c62\">\n.avia-image-container.av-ljbjp2k1-af6cf73a52b433a0ed79ade75b140c62 img.avia_image{\nbox-shadow:none;\n}\n.avia-image-container.av-ljbjp2k1-af6cf73a52b433a0ed79ade75b140c62 .av-image-caption-overlay-center{\ncolor:#ffffff;\n}\n<\/style>\n<div  class='avia-image-container av-ljbjp2k1-af6cf73a52b433a0ed79ade75b140c62 av-styling- avia-align-center  avia-builder-el-0  el_before_av_hr  avia-builder-el-first '  ><div class=\"avia-image-container-inner\"><div class=\"avia-image-overlay-wrap\"><img decoding=\"async\" fetchpriority=\"high\" class=\"wp-image-7227 avia-img-lazy-loading-not-7227 avia_image \" src=\"https:\/\/www.mates.it\/wp-content\/uploads\/2016\/05\/Fibra-poliestere.jpg\" alt=\"\" title=\"Fibra poliestere\" height=\"190\" width=\"1000\" srcset=\"https:\/\/www.mates.it\/wp-content\/uploads\/2016\/05\/Fibra-poliestere.jpg 1000w, https:\/\/www.mates.it\/wp-content\/uploads\/2016\/05\/Fibra-poliestere-300x57.jpg 300w, https:\/\/www.mates.it\/wp-content\/uploads\/2016\/05\/Fibra-poliestere-768x146.jpg 768w\" sizes=\"(max-width: 1000px) 100vw, 1000px\"><\/div><\/div><\/div>\n<div  class='hr av-av_hr-91d7ccd583a503147498e120fee2ff9b hr-default  avia-builder-el-1  el_after_av_image  el_before_av_three_fifth '><span class='hr-inner '><span class=\"hr-inner-style\"><\/span><\/span><\/div>\n<div  class='flex_column av-av_three_fifth-7714eba142aeda1f8b5272a3c372b279 av_three_fifth  avia-builder-el-2  el_after_av_hr  el_before_av_two_fifth  first flex_column_div  '     ><p>\n<style type=\"text\/css\" data-created_by=\"avia_inline_auto\" id=\"style-css-av-av_heading-7adca06923ccfd1b30542256dfe4e641\">\n#top .av-special-heading.av-av_heading-7adca06923ccfd1b30542256dfe4e641{\npadding-bottom:10px;\n}\nbody .av-special-heading.av-av_heading-7adca06923ccfd1b30542256dfe4e641 .av-special-heading-tag .heading-char{\nfont-size:25px;\n}\n.av-special-heading.av-av_heading-7adca06923ccfd1b30542256dfe4e641 .av-subheading{\nfont-size:15px;\n}\n<\/style>\n<div  class='av-special-heading av-av_heading-7adca06923ccfd1b30542256dfe4e641 av-special-heading-h1  avia-builder-el-3  el_before_av_textblock  avia-builder-el-first  custom-h1-title'><h1 class='av-special-heading-tag '  >Altre fibre<\/h1><div class=\"special-heading-border\"><div class=\"special-heading-inner-border\"><\/div><\/div><\/div><br \/>\n<section  class='av_textblock_section av-ljbjor8j-da22daec8f4f4cbecbbb1f0b1b07a7ee '  ><div class='avia_textblock' ><p>Adem\u00e1s de los numerosos tipos de fibras del cat\u00e1logo, tambi\u00e9n podemos suministrar una amplia gama de fibras diferentes para cada uso espec\u00edfico, previa solicitud. Entre ellas se encuentran las fibras de poli\u00e9ster, cuarzo, boro, basalto, c\u00e1\u00f1amo y lino. Son capaces de cubrir procesos particulares, en los que el uso de fibras t\u00e9cnicas cl\u00e1sicas no aportar\u00eda el mismo resultado final. Por consiguiente, estas fibras se diferencian entre s\u00ed por caracter\u00edsticas t\u00e9cnicas espec\u00edficas, propias de cada producto, que las hacen \u00fatiles para la realizaci\u00f3n de cada proyecto concreto. De este modo, Mates ofrece una gama de productos de alta calidad, destinados a satisfacer cada necesidad particular del cliente.<\/p>\n<\/div><\/section><\/p><\/div><div  class='flex_column av-av_two_fifth-f1c518e9ff58e869f80c8f093487abc9 av_two_fifth  avia-builder-el-5  el_after_av_three_fifth  el_before_av_hr  flex_column_div  '     ><style type=\"text\/css\" data-created_by=\"avia_inline_auto\" id=\"style-css-av-ljbjq1hj-58afd5a10b22eb5d461c6845b9d55569\">\n#top .togglecontainer.av-ljbjq1hj-58afd5a10b22eb5d461c6845b9d55569 h4.toggler{\nfont-size:14px;\n}\n#top .togglecontainer.av-ljbjq1hj-58afd5a10b22eb5d461c6845b9d55569 h4.toggler.activeTitle{\ncolor:#ffffff;\nborder-color:#ffffff;\nbackground-color:#2682d3;\n}\n<\/style>\n<div  class='togglecontainer av-ljbjq1hj-58afd5a10b22eb5d461c6845b9d55569  avia-builder-el-6  avia-builder-el-no-sibling  accordion_product toggle_close_all hasCurrentStyle' >\n<section class='av_toggle_section av-ljbjpljm-1fae6415619792e5b13c5fc5e44350a9' ><div role=\"tablist\" class=\"single_toggle\" data-tags=\"{Todo} \"  ><h4 id='toggle-toggle-id-1' data-fake-id='#toggle-id-1' class='toggler  activeTitle av-title-above '  role='tab' tabindex='0' aria-controls='toggle-id-1' data-slide-speed=\"200\" data-title=\"Ventajas\" data-title-open=\"\" data-aria_collapsed=\"Click to expand: Ventajas\" data-aria_expanded=\"Click to collapse: Ventajas\">Ventajas<span class=\"toggle_icon\"><span class=\"vert_icon\"><\/span><span class=\"hor_icon\"><\/span><\/span><\/h4><div id='toggle-id-1' aria-labelledby='toggle-toggle-id-1' role='region' class='toggle_wrap  active_tc av-title-above' style='display:block;' ><div class='toggle_content invers-color ' ><ul>\n<li>Uso espec\u00edfico para cada necesidad<\/li>\n<li>Alto nivel de calidad<\/li>\n<li>Aplicable a todos los procesos<\/li>\n<\/ul>\n<\/div><\/div><\/div><\/section>\n<section class='av_toggle_section av-ljbjpzs0-b0fbfeb29807c6aaf36754ac30f1fe48' ><div role=\"tablist\" class=\"single_toggle\" data-tags=\"{Todo} \"  ><h4 id='toggle-toggle-id-2' data-fake-id='#toggle-id-2' class='toggler  av-title-above '  role='tab' tabindex='0' aria-controls='toggle-id-2' data-slide-speed=\"200\" data-title=\"Tipos\" data-title-open=\"\" data-aria_collapsed=\"Click to expand: Tipos\" data-aria_expanded=\"Click to collapse: Tipos\">Tipos<span class=\"toggle_icon\"><span class=\"vert_icon\"><\/span><span class=\"hor_icon\"><\/span><\/span><\/h4><div id='toggle-id-2' aria-labelledby='toggle-toggle-id-2' role='region' class='toggle_wrap  av-title-above'  ><div class='toggle_content invers-color ' ><ul>\n<li>Poli\u00e9ster<\/li>\n<li>Cuarzo<\/li>\n<li>Basalto \/ Boro<\/li>\n<li>C\u00e1\u00f1amo \/ Lino<\/li>\n<\/ul>\n<\/div><\/div><\/div><\/section>\n<\/div><\/div><div  class='hr av-av_hr-91d7ccd583a503147498e120fee2ff9b hr-default  avia-builder-el-7  el_after_av_two_fifth  avia-builder-el-last '><span class='hr-inner '><span class=\"hr-inner-style\"><\/span><\/span><\/div><\/p>\n","protected":false},"excerpt":{"rendered":"<p>Adem\u00e1s de los numerosos tipos de fibras del cat\u00e1logo, tambi\u00e9n podemos suministrar, bajo pedido, una amplia gama de fibras diferentes para cada uso espec\u00edfico.<\/p>\n","protected":false},"author":1,"featured_media":7227,"parent":9385,"menu_order":5,"comment_status":"open","ping_status":"open","template":"","meta":{"footnotes":""},"class_list":["post-9462","page","type-page","status-publish","has-post-thumbnail","hentry"],"_links":{"self":[{"href":"https:\/\/www.mates.it\/es\/wp-json\/wp\/v2\/pages\/9462","targetHints":{"allow":["GET"]}}],"collection":[{"href":"https:\/\/www.mates.it\/es\/wp-json\/wp\/v2\/pages"}],"about":[{"href":"https:\/\/www.mates.it\/es\/wp-json\/wp\/v2\/types\/page"}],"author":[{"embeddable":true,"href":"https:\/\/www.mates.it\/es\/wp-json\/wp\/v2\/users\/1"}],"replies":[{"embeddable":true,"href":"https:\/\/www.mates.it\/es\/wp-json\/wp\/v2\/comments?post=9462"}],"version-history":[{"count":0,"href":"https:\/\/www.mates.it\/es\/wp-json\/wp\/v2\/pages\/9462\/revisions"}],"up":[{"embeddable":true,"href":"https:\/\/www.mates.it\/es\/wp-json\/wp\/v2\/pages\/9385"}],"wp:featuredmedia":[{"embeddable":true,"href":"https:\/\/www.mates.it\/es\/wp-json\/wp\/v2\/media\/7227"}],"wp:attachment":[{"href":"https:\/\/www.mates.it\/es\/wp-json\/wp\/v2\/media?parent=9462"}],"curies":[{"name":"wp","href":"https:\/\/api.w.org\/{rel}","templated":true}]}}