{"id":9464,"date":"2015-09-16T14:34:03","date_gmt":"2015-09-16T12:34:03","guid":{"rendered":"https:\/\/www.mates.it\/prodotti\/tessuti-rinforzi\/fibra-de-vidrio\/"},"modified":"2023-12-15T20:50:22","modified_gmt":"2023-12-15T19:50:22","slug":"fibra-de-vidrio","status":"publish","type":"page","link":"https:\/\/www.mates.it\/es\/productos\/tejidos-refuerzos\/fibra-de-vidrio\/","title":{"rendered":"Fibra de vidrio"},"content":{"rendered":"<\/p>\n\n<style type=\"text\/css\" data-created_by=\"avia_inline_auto\" id=\"style-css-av-lj9zkxic-8c826496b094d17110f7ee14d5949aa5\">\n.avia-image-container.av-lj9zkxic-8c826496b094d17110f7ee14d5949aa5 img.avia_image{\nbox-shadow:none;\n}\n.avia-image-container.av-lj9zkxic-8c826496b094d17110f7ee14d5949aa5 .av-image-caption-overlay-center{\ncolor:#ffffff;\n}\n<\/style>\n<div  class='avia-image-container av-lj9zkxic-8c826496b094d17110f7ee14d5949aa5 av-styling- avia-align-center  avia-builder-el-0  el_before_av_hr  avia-builder-el-first '  ><div class=\"avia-image-container-inner\"><div class=\"avia-image-overlay-wrap\"><img decoding=\"async\" fetchpriority=\"high\" class=\"wp-image-7223 avia-img-lazy-loading-not-7223 avia_image \" src=\"https:\/\/www.mates.it\/wp-content\/uploads\/2016\/05\/Fibra-di-vetro.jpg\" alt=\"\" title=\"Fibra di vetro\" height=\"190\" width=\"1000\" srcset=\"https:\/\/www.mates.it\/wp-content\/uploads\/2016\/05\/Fibra-di-vetro.jpg 1000w, https:\/\/www.mates.it\/wp-content\/uploads\/2016\/05\/Fibra-di-vetro-300x57.jpg 300w, https:\/\/www.mates.it\/wp-content\/uploads\/2016\/05\/Fibra-di-vetro-768x146.jpg 768w\" sizes=\"(max-width: 1000px) 100vw, 1000px\"><\/div><\/div><\/div>\n<div  class='hr av-av_hr-91d7ccd583a503147498e120fee2ff9b hr-default  avia-builder-el-1  el_after_av_image  el_before_av_three_fifth '><span class='hr-inner '><span class=\"hr-inner-style\"><\/span><\/span><\/div>\n<div  class='flex_column av-av_three_fifth-7714eba142aeda1f8b5272a3c372b279 av_three_fifth  avia-builder-el-2  el_after_av_hr  el_before_av_two_fifth  first flex_column_div  '     ><p>\n<style type=\"text\/css\" data-created_by=\"avia_inline_auto\" id=\"style-css-av-lj9zjhmp-33124a5afc0b3fb5f3d798ce54a732a9\">\n#top .av-special-heading.av-lj9zjhmp-33124a5afc0b3fb5f3d798ce54a732a9{\npadding-bottom:10px;\n}\nbody .av-special-heading.av-lj9zjhmp-33124a5afc0b3fb5f3d798ce54a732a9 .av-special-heading-tag .heading-char{\nfont-size:25px;\n}\n.av-special-heading.av-lj9zjhmp-33124a5afc0b3fb5f3d798ce54a732a9 .av-subheading{\nfont-size:15px;\n}\n<\/style>\n<div  class='av-special-heading av-lj9zjhmp-33124a5afc0b3fb5f3d798ce54a732a9 av-special-heading-h1  avia-builder-el-3  el_before_av_textblock  avia-builder-el-first  custom-h1-title'><h1 class='av-special-heading-tag '  >Fibra de vidrio<\/h1><div class=\"special-heading-border\"><div class=\"special-heading-inner-border\"><\/div><\/div><\/div><br \/>\n<section  class='av_textblock_section av-lj9zja2l-22e0aa0c1085435efb846913f3cf4191 '  ><div class='avia_textblock' ><p>La fibra de vidrio se utiliza para la producci\u00f3n de materiales compuestos, materiales estructurales avanzados de bajo coste en los que se integran varios componentes para producir un componente acabado con caracter\u00edsticas f\u00edsicas, mec\u00e1nicas, qu\u00edmicas y est\u00e9ticas superiores. Ampliamente utilizada en la producci\u00f3n de materiales compuestos estructurales en los \u00e1mbitos industrial, n\u00e1utico y automovil\u00edstico, se asocia a diferentes matrices, por ejemplo poli\u00e9ster o epoxi, pero sigue siendo resinas sint\u00e9ticas. Tela de vidrio, fibra de vidrio, fibra de vidrio o tela de vidrio son todos nombres utilizados para describir el refuerzo de fibra de vidrio implementado en muchos de los composites avanzados actuales.<\/p>\n<\/div><\/section><\/p><\/div><div  class='flex_column av-av_two_fifth-f1c518e9ff58e869f80c8f093487abc9 av_two_fifth  avia-builder-el-5  el_after_av_three_fifth  el_before_av_hr  flex_column_div  '     ><style type=\"text\/css\" data-created_by=\"avia_inline_auto\" id=\"style-css-av-lj9zkn9y-68ea7b833cc43398979fc6093bc2ca99\">\n#top .togglecontainer.av-lj9zkn9y-68ea7b833cc43398979fc6093bc2ca99 h4.toggler{\nfont-size:14px;\n}\n#top .togglecontainer.av-lj9zkn9y-68ea7b833cc43398979fc6093bc2ca99 h4.toggler.activeTitle{\ncolor:#ffffff;\nborder-color:#ffffff;\nbackground-color:#2682d3;\n}\n<\/style>\n<div  class='togglecontainer av-lj9zkn9y-68ea7b833cc43398979fc6093bc2ca99  avia-builder-el-6  avia-builder-el-no-sibling  accordion_product toggle_close_all hasCurrentStyle' >\n<section class='av_toggle_section av-lj9zkib1-1c354ced0c2221364ffbdf5a0645efc2' ><div role=\"tablist\" class=\"single_toggle\" data-tags=\"{Todo} \"  ><h4 id='toggle-toggle-id-1' data-fake-id='#toggle-id-1' class='toggler  activeTitle av-title-above '  role='tab' tabindex='0' aria-controls='toggle-id-1' data-slide-speed=\"200\" data-title=\"Ventajas\" data-title-open=\"\" data-aria_collapsed=\"Click to expand: Ventajas\" data-aria_expanded=\"Click to collapse: Ventajas\">Ventajas<span class=\"toggle_icon\"><span class=\"vert_icon\"><\/span><span class=\"hor_icon\"><\/span><\/span><\/h4><div id='toggle-id-1' aria-labelledby='toggle-toggle-id-1' role='region' class='toggle_wrap  active_tc av-title-above' style='display:block;' ><div class='toggle_content invers-color ' ><ul>\n<li>Alta resistencia qu\u00edmica<\/li>\n<li>Alta rigidez<\/li>\n<li>Bajo coste<\/li>\n<li>Buena resistencia estructural<\/li>\n<li>Transparencia<\/li>\n<\/ul>\n<\/div><\/div><\/div><\/section>\n<section class='av_toggle_section av-lj9zkm79-f34057afe127039732d710264ef451ca' ><div role=\"tablist\" class=\"single_toggle\" data-tags=\"{Todo} \"  ><h4 id='toggle-toggle-id-2' data-fake-id='#toggle-id-2' class='toggler  av-title-above '  role='tab' tabindex='0' aria-controls='toggle-id-2' data-slide-speed=\"200\" data-title=\"Tipos\" data-title-open=\"\" data-aria_collapsed=\"Click to expand: Tipos\" data-aria_expanded=\"Click to collapse: Tipos\">Tipos<span class=\"toggle_icon\"><span class=\"vert_icon\"><\/span><span class=\"hor_icon\"><\/span><\/span><\/h4><div id='toggle-id-2' aria-labelledby='toggle-toggle-id-2' role='region' class='toggle_wrap  av-title-above'  ><div class='toggle_content invers-color ' ><li class=\"page_item page-item-9522\"><a href=\"https:\/\/www.mates.it\/es\/productos\/tejidos-refuerzos\/fibra-de-vidrio\/tejidos-v\/\">Tejidos<\/a><\/li>\n<li class=\"page_item page-item-9621\"><a href=\"https:\/\/www.mates.it\/es\/productos\/tejidos-refuerzos\/fibra-de-vidrio\/multiaxiales-v\/\">Multiaxiales<\/a><\/li>\n<li class=\"page_item page-item-9620\"><a href=\"https:\/\/www.mates.it\/es\/productos\/tejidos-refuerzos\/fibra-de-vidrio\/unidireccional-v\/\">Unidireccional<\/a><\/li>\n<li class=\"page_item page-item-9524\"><a href=\"https:\/\/www.mates.it\/es\/productos\/tejidos-refuerzos\/fibra-de-vidrio\/cintas-tubulares-v\/\">Cintas \/ Tubulares<\/a><\/li>\n<li class=\"page_item page-item-9526\"><a href=\"https:\/\/www.mates.it\/es\/productos\/tejidos-refuerzos\/fibra-de-vidrio\/preimpregnados-v\/\">Preimpregnados<\/a><\/li>\n<li class=\"page_item page-item-9534\"><a href=\"https:\/\/www.mates.it\/es\/productos\/tejidos-refuerzos\/fibra-de-vidrio\/mat-v\/\">Mat &#8211; CSM<\/a><\/li>\n\n<\/div><\/div><\/div><\/section>\n<\/div><\/div><div  class='hr av-av_hr-91d7ccd583a503147498e120fee2ff9b hr-default  avia-builder-el-7  el_after_av_two_fifth  avia-builder-el-last '><span class='hr-inner '><span class=\"hr-inner-style\"><\/span><\/span><\/div><\/p>\n","protected":false},"excerpt":{"rendered":"<p>La fibra de vidrio se utiliza para la producci\u00f3n de materiales compuestos, materiales estructurales avanzados de bajo coste en los que se integran varios componentes para producir un componente acabado.<\/p>\n","protected":false},"author":1,"featured_media":7223,"parent":9385,"menu_order":2,"comment_status":"open","ping_status":"open","template":"","meta":{"footnotes":""},"class_list":["post-9464","page","type-page","status-publish","has-post-thumbnail","hentry"],"_links":{"self":[{"href":"https:\/\/www.mates.it\/es\/wp-json\/wp\/v2\/pages\/9464","targetHints":{"allow":["GET"]}}],"collection":[{"href":"https:\/\/www.mates.it\/es\/wp-json\/wp\/v2\/pages"}],"about":[{"href":"https:\/\/www.mates.it\/es\/wp-json\/wp\/v2\/types\/page"}],"author":[{"embeddable":true,"href":"https:\/\/www.mates.it\/es\/wp-json\/wp\/v2\/users\/1"}],"replies":[{"embeddable":true,"href":"https:\/\/www.mates.it\/es\/wp-json\/wp\/v2\/comments?post=9464"}],"version-history":[{"count":0,"href":"https:\/\/www.mates.it\/es\/wp-json\/wp\/v2\/pages\/9464\/revisions"}],"up":[{"embeddable":true,"href":"https:\/\/www.mates.it\/es\/wp-json\/wp\/v2\/pages\/9385"}],"wp:featuredmedia":[{"embeddable":true,"href":"https:\/\/www.mates.it\/es\/wp-json\/wp\/v2\/media\/7223"}],"wp:attachment":[{"href":"https:\/\/www.mates.it\/es\/wp-json\/wp\/v2\/media?parent=9464"}],"curies":[{"name":"wp","href":"https:\/\/api.w.org\/{rel}","templated":true}]}}