{"id":9466,"date":"2015-09-16T16:06:10","date_gmt":"2015-09-16T14:06:10","guid":{"rendered":"https:\/\/www.mates.it\/prodotti\/resine-adesivi-chimici\/quimicos-inertes\/"},"modified":"2023-06-26T14:41:31","modified_gmt":"2023-06-26T12:41:31","slug":"quimicos-inertes","status":"publish","type":"page","link":"https:\/\/www.mates.it\/es\/productos\/resinas-adhesivos-quimicos\/quimicos-inertes\/","title":{"rendered":"Qu\u00edmicos \/ Inertes"},"content":{"rendered":"\n<style type=\"text\/css\" data-created_by=\"avia_inline_auto\" id=\"style-css-av-av_image-cbfaeb10626410b430ca16c6722e4480\">\n.avia-image-container.av-av_image-cbfaeb10626410b430ca16c6722e4480 img.avia_image{\nbox-shadow:none;\n}\n.avia-image-container.av-av_image-cbfaeb10626410b430ca16c6722e4480 .av-image-caption-overlay-center{\ncolor:#ffffff;\n}\n<\/style>\n<div  class='avia-image-container av-av_image-cbfaeb10626410b430ca16c6722e4480 av-styling- avia-align-center  avia-builder-el-0  el_before_av_hr  avia-builder-el-first '  ><div class=\"avia-image-container-inner\"><div class=\"avia-image-overlay-wrap\"><img decoding=\"async\" fetchpriority=\"high\" class=\"wp-image- avia-img-lazy-loading-not- avia_image \" src=\"https:\/\/www.mates.it\/wp-content\/uploads\/2016\/06\/Chimici.jpg\" alt=\"\" title=\"\"><\/div><\/div><\/div>\n<div  class='hr av-av_hr-91d7ccd583a503147498e120fee2ff9b hr-default  avia-builder-el-1  el_after_av_image  el_before_av_three_fifth '><span class='hr-inner '><span class=\"hr-inner-style\"><\/span><\/span><\/div>\n<div  class='flex_column av-av_three_fifth-7714eba142aeda1f8b5272a3c372b279 av_three_fifth  avia-builder-el-2  el_after_av_hr  el_before_av_two_fifth  first flex_column_div  '     ><p>\n<style type=\"text\/css\" data-created_by=\"avia_inline_auto\" id=\"style-css-av-ljcuczjl-29eafd7dcaaf6b6e45a639f8a0aed8dc\">\n#top .av-special-heading.av-ljcuczjl-29eafd7dcaaf6b6e45a639f8a0aed8dc{\npadding-bottom:10px;\n}\nbody .av-special-heading.av-ljcuczjl-29eafd7dcaaf6b6e45a639f8a0aed8dc .av-special-heading-tag .heading-char{\nfont-size:25px;\n}\n.av-special-heading.av-ljcuczjl-29eafd7dcaaf6b6e45a639f8a0aed8dc .av-subheading{\nfont-size:15px;\n}\n<\/style>\n<div  class='av-special-heading av-ljcuczjl-29eafd7dcaaf6b6e45a639f8a0aed8dc av-special-heading-h1  avia-builder-el-3  el_before_av_textblock  avia-builder-el-first  custom-h1-title'><h1 class='av-special-heading-tag '  >Qu\u00edmicos \/ Inertes<\/h1><div class=\"special-heading-border\"><div class=\"special-heading-inner-border\"><\/div><\/div><\/div><br \/>\n<section  class='av_textblock_section av-ljcuc4tt-6d0b63552ff73875335e125194714e1b '  ><div class='avia_textblock' ><p>Nuestra empresa siempre ha tratado con las mejores empresas especializadas que nos permiten ofrecer calidad y competencia para cada sector de uso individual. Estamos en condiciones de ofrecer una amplia gama de cargas inertes y productos qu\u00edmicos sometidos a diversos controles antes de su comercializaci\u00f3n. Entre los productos del cat\u00e1logo destacan disolventes y diluyentes \u00fatiles para cada proceso, as\u00ed como espesantes y aceleradores. Su uso se refiere principalmente a la variaci\u00f3n del estado f\u00edsico\/qu\u00edmico de un fluido, as\u00ed como a la limpieza de moldes, \u00fatiles para obtener la mejor superficie de trabajo libre de agentes que puedan comprometer el trabajo. Adem\u00e1s, se pueden utilizar en algunos procesos de trabajo que impliquen el uso de resinas con la intenci\u00f3n de diluirlas para facilitar su aplicaci\u00f3n y tiempos de absorci\u00f3n.<\/p>\n<\/div><\/section><\/p><\/div><div  class='flex_column av-av_two_fifth-f1c518e9ff58e869f80c8f093487abc9 av_two_fifth  avia-builder-el-5  el_after_av_three_fifth  el_before_av_hr  flex_column_div  '     ><style type=\"text\/css\" data-created_by=\"avia_inline_auto\" id=\"style-css-av-ljcuctl8-9d496349864af3273fd1e46b937e42ee\">\n#top .togglecontainer.av-ljcuctl8-9d496349864af3273fd1e46b937e42ee h4.toggler{\nfont-size:14px;\n}\n#top .togglecontainer.av-ljcuctl8-9d496349864af3273fd1e46b937e42ee h4.toggler.activeTitle{\ncolor:#ffffff;\nborder-color:#ffffff;\nbackground-color:#2682d3;\n}\n<\/style>\n<div  class='togglecontainer av-ljcuctl8-9d496349864af3273fd1e46b937e42ee  avia-builder-el-6  avia-builder-el-no-sibling  accordion_product toggle_close_all hasCurrentStyle' >\n<section class='av_toggle_section av-ljcucq86-0be8fa36009e73ac4c2ce9cf6f55719c' ><div role=\"tablist\" class=\"single_toggle\" data-tags=\"{Todo} \"  ><h4 id='toggle-toggle-id-1' data-fake-id='#toggle-id-1' class='toggler  activeTitle av-title-above '  role='tab' tabindex='0' aria-controls='toggle-id-1' data-slide-speed=\"200\" data-title=\"Ventajas\" data-title-open=\"\" data-aria_collapsed=\"Click to expand: Ventajas\" data-aria_expanded=\"Click to collapse: Ventajas\">Ventajas<span class=\"toggle_icon\"><span class=\"vert_icon\"><\/span><span class=\"hor_icon\"><\/span><\/span><\/h4><div id='toggle-id-1' aria-labelledby='toggle-toggle-id-1' role='region' class='toggle_wrap  active_tc av-title-above' style='display:block;' ><div class='toggle_content invers-color ' ><ul class=\"customlist1\">\n<li>Reducci\u00f3n de picos isot\u00e9rmicos<\/li>\n<li>Porcentaje de reducci\u00f3n de resina<\/li>\n<li>Mayor estabilidad dimensional<\/li>\n<li>Variaci\u00f3n qu\u00edmica\/f\u00edsica<\/li>\n<\/ul>\n<\/div><\/div><\/div><\/section>\n<section class='av_toggle_section av-ljcucsp6-6f9c86cf66a98ce0393ba1d43b6b08d8' ><div role=\"tablist\" class=\"single_toggle\" data-tags=\"{Todo} \"  ><h4 id='toggle-toggle-id-2' data-fake-id='#toggle-id-2' class='toggler  av-title-above '  role='tab' tabindex='0' aria-controls='toggle-id-2' data-slide-speed=\"200\" data-title=\"Tipos\" data-title-open=\"\" data-aria_collapsed=\"Click to expand: Tipos\" data-aria_expanded=\"Click to collapse: Tipos\">Tipos<span class=\"toggle_icon\"><span class=\"vert_icon\"><\/span><span class=\"hor_icon\"><\/span><\/span><\/h4><div id='toggle-id-2' aria-labelledby='toggle-toggle-id-2' role='region' class='toggle_wrap  av-title-above'  ><div class='toggle_content invers-color ' ><li class=\"page_item page-item-9547\"><a href=\"https:\/\/www.mates.it\/es\/productos\/resinas-adhesivos-quimicos\/quimicos-inertes\/espesantes-rellenos\/\">Espesantes \/ Rellenos<\/a><\/li>\n<li class=\"page_item page-item-9548\"><a href=\"https:\/\/www.mates.it\/es\/productos\/resinas-adhesivos-quimicos\/quimicos-inertes\/aditivos-e\/\">Aditivos<\/a><\/li>\n<li class=\"page_item page-item-9546\"><a href=\"https:\/\/www.mates.it\/es\/productos\/resinas-adhesivos-quimicos\/quimicos-inertes\/disolventes-diluyentes-e\/\">Disolventes \/ Diluyentes<\/a><\/li>\n\n<\/div><\/div><\/div><\/section>\n<\/div><\/div><div  class='hr av-av_hr-91d7ccd583a503147498e120fee2ff9b hr-default  avia-builder-el-7  el_after_av_two_fifth  avia-builder-el-last '><span class='hr-inner '><span class=\"hr-inner-style\"><\/span><\/span><\/div><\/p>\n","protected":false},"excerpt":{"rendered":"<p>Podemos ofrecer una amplia gama de cargas inertes y productos qu\u00edmicos, incluidos disolventes y diluyentes \u00fatiles para cada proceso, as\u00ed como espesantes y aceleradores.<\/p>\n","protected":false},"author":1,"featured_media":7247,"parent":9387,"menu_order":4,"comment_status":"open","ping_status":"open","template":"","meta":{"footnotes":""},"class_list":["post-9466","page","type-page","status-publish","has-post-thumbnail","hentry"],"_links":{"self":[{"href":"https:\/\/www.mates.it\/es\/wp-json\/wp\/v2\/pages\/9466","targetHints":{"allow":["GET"]}}],"collection":[{"href":"https:\/\/www.mates.it\/es\/wp-json\/wp\/v2\/pages"}],"about":[{"href":"https:\/\/www.mates.it\/es\/wp-json\/wp\/v2\/types\/page"}],"author":[{"embeddable":true,"href":"https:\/\/www.mates.it\/es\/wp-json\/wp\/v2\/users\/1"}],"replies":[{"embeddable":true,"href":"https:\/\/www.mates.it\/es\/wp-json\/wp\/v2\/comments?post=9466"}],"version-history":[{"count":0,"href":"https:\/\/www.mates.it\/es\/wp-json\/wp\/v2\/pages\/9466\/revisions"}],"up":[{"embeddable":true,"href":"https:\/\/www.mates.it\/es\/wp-json\/wp\/v2\/pages\/9387"}],"wp:featuredmedia":[{"embeddable":true,"href":"https:\/\/www.mates.it\/es\/wp-json\/wp\/v2\/media\/7247"}],"wp:attachment":[{"href":"https:\/\/www.mates.it\/es\/wp-json\/wp\/v2\/media?parent=9466"}],"curies":[{"name":"wp","href":"https:\/\/api.w.org\/{rel}","templated":true}]}}