{"id":9468,"date":"2015-09-16T16:06:04","date_gmt":"2015-09-16T14:06:04","guid":{"rendered":"https:\/\/www.mates.it\/prodotti\/resine-adesivi-chimici\/adhesivos\/"},"modified":"2023-06-25T19:09:00","modified_gmt":"2023-06-25T17:09:00","slug":"adhesivos","status":"publish","type":"page","link":"https:\/\/www.mates.it\/es\/productos\/resinas-adhesivos-quimicos\/adhesivos\/","title":{"rendered":"Adhesivos"},"content":{"rendered":"\n<style type=\"text\/css\" data-created_by=\"avia_inline_auto\" id=\"style-css-av-av_image-fddddf96a8e00bd36741689c1f1c5dfc\">\n.avia-image-container.av-av_image-fddddf96a8e00bd36741689c1f1c5dfc img.avia_image{\nbox-shadow:none;\n}\n.avia-image-container.av-av_image-fddddf96a8e00bd36741689c1f1c5dfc .av-image-caption-overlay-center{\ncolor:#ffffff;\n}\n<\/style>\n<div  class='avia-image-container av-av_image-fddddf96a8e00bd36741689c1f1c5dfc av-styling- avia-align-center  avia-builder-el-0  el_before_av_hr  avia-builder-el-first '  ><div class=\"avia-image-container-inner\"><div class=\"avia-image-overlay-wrap\"><img decoding=\"async\" fetchpriority=\"high\" class=\"wp-image- avia-img-lazy-loading-not- avia_image \" src=\"https:\/\/www.mates.it\/wp-content\/uploads\/2016\/06\/Adesivi-collanti.jpg\" alt=\"\" title=\"\"><\/div><\/div><\/div>\n<div  class='hr av-av_hr-91d7ccd583a503147498e120fee2ff9b hr-default  avia-builder-el-1  el_after_av_image  el_before_av_three_fifth '><span class='hr-inner '><span class=\"hr-inner-style\"><\/span><\/span><\/div>\n<div  class='flex_column av-av_three_fifth-7714eba142aeda1f8b5272a3c372b279 av_three_fifth  avia-builder-el-2  el_after_av_hr  el_before_av_two_fifth  first flex_column_div  '     ><p>\n<style type=\"text\/css\" data-created_by=\"avia_inline_auto\" id=\"style-css-av-ljbopg7w-d6b43b70a52a246cc5dcdd972ef9cb0f\">\n#top .av-special-heading.av-ljbopg7w-d6b43b70a52a246cc5dcdd972ef9cb0f{\npadding-bottom:10px;\n}\nbody .av-special-heading.av-ljbopg7w-d6b43b70a52a246cc5dcdd972ef9cb0f .av-special-heading-tag .heading-char{\nfont-size:25px;\n}\n.av-special-heading.av-ljbopg7w-d6b43b70a52a246cc5dcdd972ef9cb0f .av-subheading{\nfont-size:15px;\n}\n<\/style>\n<div  class='av-special-heading av-ljbopg7w-d6b43b70a52a246cc5dcdd972ef9cb0f av-special-heading-h1  avia-builder-el-3  el_before_av_textblock  avia-builder-el-first  custom-h1-title'><h1 class='av-special-heading-tag '  >Adhesivos<\/h1><div class=\"special-heading-border\"><div class=\"special-heading-inner-border\"><\/div><\/div><\/div><br \/>\n<section  class='av_textblock_section av-ljboof7z-e958639f6291d806f67069dc4673a475 '  ><div class='avia_textblock' ><p>La gama de adhesivos abarca desde las cl\u00e1sicas colas y masillas epox\u00eddicas hasta los innovadores adhesivos estructurales a base de metacrilato (MMA). Los adhesivos estructurales son capaces de soportar grandes tensiones mec\u00e1nicas y sustituyen a los m\u00e9todos de uni\u00f3n tradicionales con considerables ventajas tecnol\u00f3gicas. Permiten una distribuci\u00f3n continua de las tensiones en los puntos de uni\u00f3n y tambi\u00e9n una mayor resistencia a las vibraciones, ya que tienen una elasticidad considerable.<br \/>\nLos adhesivos en spray suelen utilizarse para la colocaci\u00f3n previa de tejidos dentro de un molde, pero tambi\u00e9n para la fijaci\u00f3n de productos de consumo en procesos de molde cerrado.<br \/>\nTambi\u00e9n podemos suministrar una gama de cintas adhesivas ideales para la mayor\u00eda de procesos industriales (enmascarar, marcar piezas de metal y pl\u00e1stico, perfilar tejidos). Tambi\u00e9n son \u00fatiles para fijar productos de consumo con un rango de uso garantizado de 60\u00b0C a 200\u00b0C.<\/p>\n<\/div><\/section><\/p><\/div><div  class='flex_column av-av_two_fifth-f1c518e9ff58e869f80c8f093487abc9 av_two_fifth  avia-builder-el-5  el_after_av_three_fifth  el_before_av_hr  flex_column_div  '     ><style type=\"text\/css\" data-created_by=\"avia_inline_auto\" id=\"style-css-av-ljbop5pl-e89f03eee0a8718e42b8020f81d84fce\">\n#top .togglecontainer.av-ljbop5pl-e89f03eee0a8718e42b8020f81d84fce h4.toggler{\nfont-size:14px;\n}\n#top .togglecontainer.av-ljbop5pl-e89f03eee0a8718e42b8020f81d84fce h4.toggler.activeTitle{\ncolor:#ffffff;\nborder-color:#ffffff;\nbackground-color:#2682d3;\n}\n<\/style>\n<div  class='togglecontainer av-ljbop5pl-e89f03eee0a8718e42b8020f81d84fce  avia-builder-el-6  avia-builder-el-no-sibling  accordion_product toggle_close_all hasCurrentStyle' >\n<section class='av_toggle_section av-ljbop153-15bfd23c0d224809b1562e434284bbe6' ><div role=\"tablist\" class=\"single_toggle\" data-tags=\"{Todo} \"  ><h4 id='toggle-toggle-id-1' data-fake-id='#toggle-id-1' class='toggler  activeTitle av-title-above '  role='tab' tabindex='0' aria-controls='toggle-id-1' data-slide-speed=\"200\" data-title=\"Ventajas\" data-title-open=\"\" data-aria_collapsed=\"Click to expand: Ventajas\" data-aria_expanded=\"Click to collapse: Ventajas\">Ventajas<span class=\"toggle_icon\"><span class=\"vert_icon\"><\/span><span class=\"hor_icon\"><\/span><\/span><\/h4><div id='toggle-id-1' aria-labelledby='toggle-toggle-id-1' role='region' class='toggle_wrap  active_tc av-title-above' style='display:block;' ><div class='toggle_content invers-color ' ><ul>\n<li>Gran versatilidad<\/li>\n<li>Aceleraci\u00f3n del proceso de producci\u00f3n<\/li>\n<li>Usos espec\u00edficos<\/li>\n<li>Resistencia a la temperatura<\/li>\n<li>M\u00e1xima cohesi\u00f3n estructural<\/li>\n<\/ul>\n<\/div><\/div><\/div><\/section>\n<section class='av_toggle_section av-ljbop4qr-841e6e8d34a6ae1b5108d7f1964dd6f9' ><div role=\"tablist\" class=\"single_toggle\" data-tags=\"{Todo} \"  ><h4 id='toggle-toggle-id-2' data-fake-id='#toggle-id-2' class='toggler  av-title-above '  role='tab' tabindex='0' aria-controls='toggle-id-2' data-slide-speed=\"200\" data-title=\"Tipos\" data-title-open=\"\" data-aria_collapsed=\"Click to expand: Tipos\" data-aria_expanded=\"Click to collapse: Tipos\">Tipos<span class=\"toggle_icon\"><span class=\"vert_icon\"><\/span><span class=\"hor_icon\"><\/span><\/span><\/h4><div id='toggle-id-2' aria-labelledby='toggle-toggle-id-2' role='region' class='toggle_wrap  av-title-above'  ><div class='toggle_content invers-color ' ><li class=\"page_item page-item-9580\"><a href=\"https:\/\/www.mates.it\/es\/productos\/resinas-adhesivos-quimicos\/adhesivos\/metacrilatos\/\">Metacrilatos<\/a><\/li>\n<li class=\"page_item page-item-9624\"><a href=\"https:\/\/www.mates.it\/es\/productos\/resinas-adhesivos-quimicos\/adhesivos\/epoxy-es\/\">Epoxy<\/a><\/li>\n<li class=\"page_item page-item-9625\"><a href=\"https:\/\/www.mates.it\/es\/productos\/resinas-adhesivos-quimicos\/adhesivos\/poliuretano\/\">Poliuretano<\/a><\/li>\n<li class=\"page_item page-item-9540\"><a href=\"https:\/\/www.mates.it\/es\/productos\/resinas-adhesivos-quimicos\/adhesivos\/spray-tackifiers\/\">Spray<\/a><\/li>\n<li class=\"page_item page-item-9542\"><a href=\"https:\/\/www.mates.it\/es\/productos\/resinas-adhesivos-quimicos\/adhesivos\/auxiliares-adhesivos\/\">Auxiliares &#8211; Adhesivos<\/a><\/li>\n\n<\/div><\/div><\/div><\/section>\n<\/div><\/div><div  class='hr av-av_hr-91d7ccd583a503147498e120fee2ff9b hr-default  avia-builder-el-7  el_after_av_two_fifth  avia-builder-el-last '><span class='hr-inner '><span class=\"hr-inner-style\"><\/span><\/span><\/div><\/p>\n","protected":false},"excerpt":{"rendered":"<p>La gama de adhesivos abarca desde las cl\u00e1sicas colas y masillas epoxi hasta los innovadores adhesivos estructurales a base de metacrilato (MMA). Los adhesivos estructurales son capaces de soportar grandes esfuerzos mec\u00e1nicos.<\/p>\n","protected":false},"author":1,"featured_media":7243,"parent":9387,"menu_order":2,"comment_status":"open","ping_status":"open","template":"","meta":{"footnotes":""},"class_list":["post-9468","page","type-page","status-publish","has-post-thumbnail","hentry"],"_links":{"self":[{"href":"https:\/\/www.mates.it\/es\/wp-json\/wp\/v2\/pages\/9468","targetHints":{"allow":["GET"]}}],"collection":[{"href":"https:\/\/www.mates.it\/es\/wp-json\/wp\/v2\/pages"}],"about":[{"href":"https:\/\/www.mates.it\/es\/wp-json\/wp\/v2\/types\/page"}],"author":[{"embeddable":true,"href":"https:\/\/www.mates.it\/es\/wp-json\/wp\/v2\/users\/1"}],"replies":[{"embeddable":true,"href":"https:\/\/www.mates.it\/es\/wp-json\/wp\/v2\/comments?post=9468"}],"version-history":[{"count":0,"href":"https:\/\/www.mates.it\/es\/wp-json\/wp\/v2\/pages\/9468\/revisions"}],"up":[{"embeddable":true,"href":"https:\/\/www.mates.it\/es\/wp-json\/wp\/v2\/pages\/9387"}],"wp:featuredmedia":[{"embeddable":true,"href":"https:\/\/www.mates.it\/es\/wp-json\/wp\/v2\/media\/7243"}],"wp:attachment":[{"href":"https:\/\/www.mates.it\/es\/wp-json\/wp\/v2\/media?parent=9468"}],"curies":[{"name":"wp","href":"https:\/\/api.w.org\/{rel}","templated":true}]}}