{"id":9470,"date":"2015-09-16T16:06:03","date_gmt":"2015-09-16T14:06:03","guid":{"rendered":"https:\/\/www.mates.it\/prodotti\/resine-adesivi-chimici\/resinas\/"},"modified":"2023-06-25T17:37:27","modified_gmt":"2023-06-25T15:37:27","slug":"resinas","status":"publish","type":"page","link":"https:\/\/www.mates.it\/es\/productos\/resinas-adhesivos-quimicos\/resinas\/","title":{"rendered":"Resinas"},"content":{"rendered":"\n<style type=\"text\/css\" data-created_by=\"avia_inline_auto\" id=\"style-css-av-ljble4l1-1404f78a9e52352fa9f1d6b5cc875986\">\n.avia-image-container.av-ljble4l1-1404f78a9e52352fa9f1d6b5cc875986 img.avia_image{\nbox-shadow:none;\n}\n.avia-image-container.av-ljble4l1-1404f78a9e52352fa9f1d6b5cc875986 .av-image-caption-overlay-center{\ncolor:#ffffff;\n}\n<\/style>\n<div  class='avia-image-container av-ljble4l1-1404f78a9e52352fa9f1d6b5cc875986 av-styling- avia-align-center  avia-builder-el-0  el_before_av_hr  avia-builder-el-first '  ><div class=\"avia-image-container-inner\"><div class=\"avia-image-overlay-wrap\"><img decoding=\"async\" fetchpriority=\"high\" class=\"wp-image-7343 avia-img-lazy-loading-not-7343 avia_image \" src=\"https:\/\/www.mates.it\/wp-content\/uploads\/2016\/06\/Impregnazione.jpg\" alt=\"\" title=\"Impregnazione\" height=\"190\" width=\"1000\" srcset=\"https:\/\/www.mates.it\/wp-content\/uploads\/2016\/06\/Impregnazione.jpg 1000w, https:\/\/www.mates.it\/wp-content\/uploads\/2016\/06\/Impregnazione-300x57.jpg 300w, https:\/\/www.mates.it\/wp-content\/uploads\/2016\/06\/Impregnazione-768x146.jpg 768w\" sizes=\"(max-width: 1000px) 100vw, 1000px\"><\/div><\/div><\/div>\n<div  class='hr av-av_hr-91d7ccd583a503147498e120fee2ff9b hr-default  avia-builder-el-1  el_after_av_image  el_before_av_three_fifth '><span class='hr-inner '><span class=\"hr-inner-style\"><\/span><\/span><\/div>\n<div  class='flex_column av-av_three_fifth-7714eba142aeda1f8b5272a3c372b279 av_three_fifth  avia-builder-el-2  el_after_av_hr  el_before_av_two_fifth  first flex_column_div  '     ><p>\n<style type=\"text\/css\" data-created_by=\"avia_inline_auto\" id=\"style-css-av-ljbldsz3-c933bb3cf444df53682f040a858ec70c\">\n#top .av-special-heading.av-ljbldsz3-c933bb3cf444df53682f040a858ec70c{\npadding-bottom:10px;\n}\nbody .av-special-heading.av-ljbldsz3-c933bb3cf444df53682f040a858ec70c .av-special-heading-tag .heading-char{\nfont-size:25px;\n}\n.av-special-heading.av-ljbldsz3-c933bb3cf444df53682f040a858ec70c .av-subheading{\nfont-size:15px;\n}\n<\/style>\n<div  class='av-special-heading av-ljbldsz3-c933bb3cf444df53682f040a858ec70c av-special-heading-h1  avia-builder-el-3  el_before_av_textblock  avia-builder-el-first  custom-h1-title'><h1 class='av-special-heading-tag '  >Resinas<\/h1><div class=\"special-heading-border\"><div class=\"special-heading-inner-border\"><\/div><\/div><\/div><br \/>\n<section  class='av_textblock_section av-ljbldnso-6b003179252dd778eb3767b1aa701311 '  ><div class='avia_textblock' ><p>Una amplia gama de resinas seleccionadas dentro de un mercado en constante evoluci\u00f3n seg\u00fan normas de calidad cada vez m\u00e1s exigentes. Las resinas se utilizan para la impregnaci\u00f3n manual de fibras de refuerzo, para infusi\u00f3n\/inyecci\u00f3n, para relleno o para colada. Se utilizan como matrices en la producci\u00f3n de modelos, moldes y artefactos, distingui\u00e9ndose los distintos tipos por caracter\u00edsticas como las propiedades mec\u00e1nicas y t\u00e9rmicas, los \u00edndices de contracci\u00f3n, la estabilidad qu\u00edmica y la ligereza. Existen diferentes tipos de resinas en el mercado, como las epoxis, las resinas a base de poli\u00e9ster o vinil\u00e9ster, las fen\u00f3licas, as\u00ed como las resinas derivadas de cruces entre las enumeradas.<\/p>\n<\/div><\/section><\/p><\/div><div  class='flex_column av-av_two_fifth-f1c518e9ff58e869f80c8f093487abc9 av_two_fifth  avia-builder-el-5  el_after_av_three_fifth  el_before_av_hr  flex_column_div  '     ><style type=\"text\/css\" data-created_by=\"avia_inline_auto\" id=\"style-css-av-ljblezvi-23d8d2e04038b5937584a1ddd3cd1fff\">\n#top .togglecontainer.av-ljblezvi-23d8d2e04038b5937584a1ddd3cd1fff h4.toggler{\nfont-size:14px;\n}\n#top .togglecontainer.av-ljblezvi-23d8d2e04038b5937584a1ddd3cd1fff h4.toggler.activeTitle{\ncolor:#ffffff;\nborder-color:#ffffff;\nbackground-color:#2682d3;\n}\n<\/style>\n<div  class='togglecontainer av-ljblezvi-23d8d2e04038b5937584a1ddd3cd1fff  avia-builder-el-6  avia-builder-el-no-sibling  accordion_product toggle_close_all hasCurrentStyle' >\n<section class='av_toggle_section av-ljblewe4-4eefc34d4bd0428a293f84c9ece585a5' ><div role=\"tablist\" class=\"single_toggle\" data-tags=\"{Todo} \"  ><h4 id='toggle-toggle-id-1' data-fake-id='#toggle-id-1' class='toggler  activeTitle av-title-above '  role='tab' tabindex='0' aria-controls='toggle-id-1' data-slide-speed=\"200\" data-title=\"Ventajas\" data-title-open=\"\" data-aria_collapsed=\"Click to expand: Ventajas\" data-aria_expanded=\"Click to collapse: Ventajas\">Ventajas<span class=\"toggle_icon\"><span class=\"vert_icon\"><\/span><span class=\"hor_icon\"><\/span><\/span><\/h4><div id='toggle-id-1' aria-labelledby='toggle-toggle-id-1' role='region' class='toggle_wrap  active_tc av-title-above' style='display:block;' ><div class='toggle_content invers-color ' ><ul class=\"customlist1\">\n<li>Degradaci\u00f3n cero<\/li>\n<li>Diferentes propiedades<\/li>\n<li>Amplia gama de uso<\/li>\n<li>Estabilidad qu\u00edmica<\/li>\n<li>Integridad estructural<\/li>\n<\/ul>\n<\/div><\/div><\/div><\/section>\n<section class='av_toggle_section av-ljbleyoe-955205487d6e2992f15928a1cc8b2562' ><div role=\"tablist\" class=\"single_toggle\" data-tags=\"{Todo} \"  ><h4 id='toggle-toggle-id-2' data-fake-id='#toggle-id-2' class='toggler  av-title-above '  role='tab' tabindex='0' aria-controls='toggle-id-2' data-slide-speed=\"200\" data-title=\"Tipos\" data-title-open=\"\" data-aria_collapsed=\"Click to expand: Tipos\" data-aria_expanded=\"Click to collapse: Tipos\">Tipos<span class=\"toggle_icon\"><span class=\"vert_icon\"><\/span><span class=\"hor_icon\"><\/span><\/span><\/h4><div id='toggle-id-2' aria-labelledby='toggle-toggle-id-2' role='region' class='toggle_wrap  av-title-above'  ><div class='toggle_content invers-color ' ><li class=\"page_item page-item-9535\"><a href=\"https:\/\/www.mates.it\/es\/productos\/resinas-adhesivos-quimicos\/resinas\/epoxy-e-r\/\">Epoxi<\/a><\/li>\n<li class=\"page_item page-item-9536\"><a href=\"https:\/\/www.mates.it\/es\/productos\/resinas-adhesivos-quimicos\/resinas\/poliestere-r\/\">Poliestere<\/a><\/li>\n<li class=\"page_item page-item-9537\"><a href=\"https:\/\/www.mates.it\/es\/productos\/resinas-adhesivos-quimicos\/resinas\/vinilestere-r\/\">Vinilestere<\/a><\/li>\n<li class=\"page_item page-item-9538\"><a href=\"https:\/\/www.mates.it\/es\/productos\/resinas-adhesivos-quimicos\/resinas\/fenolica-r\/\">Fen\u00f3lica<\/a><\/li>\n\n<\/div><\/div><\/div><\/section>\n<\/div><\/div><div  class='hr av-av_hr-91d7ccd583a503147498e120fee2ff9b hr-default  avia-builder-el-7  el_after_av_two_fifth  avia-builder-el-last '><span class='hr-inner '><span class=\"hr-inner-style\"><\/span><\/span><\/div><\/p>\n","protected":false},"excerpt":{"rendered":"<p>Se selecciona una amplia gama de resinas dentro de un mercado que evoluciona constantemente de acuerdo con normas de calidad cada vez m\u00e1s exigentes. Las resinas se utilizan para la impregnaci\u00f3n de las fibras de refuerzo.<\/p>\n","protected":false},"author":1,"featured_media":7343,"parent":9387,"menu_order":1,"comment_status":"open","ping_status":"open","template":"","meta":{"footnotes":""},"class_list":["post-9470","page","type-page","status-publish","has-post-thumbnail","hentry"],"_links":{"self":[{"href":"https:\/\/www.mates.it\/es\/wp-json\/wp\/v2\/pages\/9470","targetHints":{"allow":["GET"]}}],"collection":[{"href":"https:\/\/www.mates.it\/es\/wp-json\/wp\/v2\/pages"}],"about":[{"href":"https:\/\/www.mates.it\/es\/wp-json\/wp\/v2\/types\/page"}],"author":[{"embeddable":true,"href":"https:\/\/www.mates.it\/es\/wp-json\/wp\/v2\/users\/1"}],"replies":[{"embeddable":true,"href":"https:\/\/www.mates.it\/es\/wp-json\/wp\/v2\/comments?post=9470"}],"version-history":[{"count":0,"href":"https:\/\/www.mates.it\/es\/wp-json\/wp\/v2\/pages\/9470\/revisions"}],"up":[{"embeddable":true,"href":"https:\/\/www.mates.it\/es\/wp-json\/wp\/v2\/pages\/9387"}],"wp:featuredmedia":[{"embeddable":true,"href":"https:\/\/www.mates.it\/es\/wp-json\/wp\/v2\/media\/7343"}],"wp:attachment":[{"href":"https:\/\/www.mates.it\/es\/wp-json\/wp\/v2\/media?parent=9470"}],"curies":[{"name":"wp","href":"https:\/\/api.w.org\/{rel}","templated":true}]}}