{"id":9472,"date":"2015-09-16T16:06:05","date_gmt":"2015-09-16T14:06:05","guid":{"rendered":"https:\/\/www.mates.it\/prodotti\/resine-adesivi-chimici\/gelcoat-fondos\/"},"modified":"2023-06-25T22:02:14","modified_gmt":"2023-06-25T20:02:14","slug":"gelcoat-fondos","status":"publish","type":"page","link":"https:\/\/www.mates.it\/es\/productos\/resinas-adhesivos-quimicos\/gelcoat-fondos\/","title":{"rendered":"Gelcoat \/ Primers"},"content":{"rendered":"\n<style type=\"text\/css\" data-created_by=\"avia_inline_auto\" id=\"style-css-av-av_image-1af478f7449f4a5fcaf781c89060d3cd\">\n.avia-image-container.av-av_image-1af478f7449f4a5fcaf781c89060d3cd img.avia_image{\nbox-shadow:none;\n}\n.avia-image-container.av-av_image-1af478f7449f4a5fcaf781c89060d3cd .av-image-caption-overlay-center{\ncolor:#ffffff;\n}\n<\/style>\n<div  class='avia-image-container av-av_image-1af478f7449f4a5fcaf781c89060d3cd av-styling- avia-align-center  avia-builder-el-0  el_before_av_hr  avia-builder-el-first '  ><div class=\"avia-image-container-inner\"><div class=\"avia-image-overlay-wrap\"><img decoding=\"async\" fetchpriority=\"high\" class=\"wp-image- avia-img-lazy-loading-not- avia_image \" src=\"https:\/\/www.mates.it\/wp-content\/uploads\/2016\/06\/Gel-coat.jpg\" alt=\"\" title=\"\"><\/div><\/div><\/div>\n<div  class='hr av-av_hr-91d7ccd583a503147498e120fee2ff9b hr-default  avia-builder-el-1  el_after_av_image  el_before_av_three_fifth '><span class='hr-inner '><span class=\"hr-inner-style\"><\/span><\/span><\/div>\n<div  class='flex_column av-av_three_fifth-7714eba142aeda1f8b5272a3c372b279 av_three_fifth  avia-builder-el-2  el_after_av_hr  el_before_av_two_fifth  first flex_column_div  '     ><p>\n<style type=\"text\/css\" data-created_by=\"avia_inline_auto\" id=\"style-css-av-ljbuw8tb-8bdb9ce762a2da8fd01b07e87427e931\">\n#top .av-special-heading.av-ljbuw8tb-8bdb9ce762a2da8fd01b07e87427e931{\npadding-bottom:10px;\n}\nbody .av-special-heading.av-ljbuw8tb-8bdb9ce762a2da8fd01b07e87427e931 .av-special-heading-tag .heading-char{\nfont-size:25px;\n}\n.av-special-heading.av-ljbuw8tb-8bdb9ce762a2da8fd01b07e87427e931 .av-subheading{\nfont-size:15px;\n}\n<\/style>\n<div  class='av-special-heading av-ljbuw8tb-8bdb9ce762a2da8fd01b07e87427e931 av-special-heading-h1  avia-builder-el-3  el_before_av_textblock  avia-builder-el-first  custom-h1-title'><h1 class='av-special-heading-tag '  >Gelcoat \/ Primers<\/h1><div class=\"special-heading-border\"><div class=\"special-heading-inner-border\"><\/div><\/div><\/div><br \/>\n<section  class='av_textblock_section av-ljbuvgc9-f0815876e93617c3d10858b49c6505a0 '  ><div class='avia_textblock' ><p>Los gelcoats y las imprimaciones se componen de una resina, que determina su base, cargas inertes y pigmentos, que dan color y consistencia, y tambi\u00e9n de un agente que les confiere la tixotrop\u00eda necesaria; esta caracter\u00edstica principal permite aplicarlos en capas gruesas, incluso en vertical. Todos son productos de dos componentes, y se aplican a brocha o pistola en espesores de 0,5 a 1 mm. Los gelcoats de moldeo se aplican sobre el modelo a reproducir, previamente tratado con agentes desmoldeantes, y luego se contin\u00faa con la estratificaci\u00f3n del molde para obtener una superficie interna perfecta y duradera; los gelcoats de moldeo (para proteger la superficie de las piezas compuestas) se aplican en cambio directamente en el molde, se tratan de nuevo con ceras desmoldeantes y reproducen fielmente la superficie.<\/p>\n<\/div><\/section><\/p><\/div><div  class='flex_column av-av_two_fifth-f1c518e9ff58e869f80c8f093487abc9 av_two_fifth  avia-builder-el-5  el_after_av_three_fifth  el_before_av_hr  flex_column_div  '     ><style type=\"text\/css\" data-created_by=\"avia_inline_auto\" id=\"style-css-av-ljbuw3ro-3526f9813d52f4f0ed63936b9e2cb41f\">\n#top .togglecontainer.av-ljbuw3ro-3526f9813d52f4f0ed63936b9e2cb41f h4.toggler{\nfont-size:14px;\n}\n#top .togglecontainer.av-ljbuw3ro-3526f9813d52f4f0ed63936b9e2cb41f h4.toggler.activeTitle{\ncolor:#ffffff;\nborder-color:#ffffff;\nbackground-color:#2682d3;\n}\n<\/style>\n<div  class='togglecontainer av-ljbuw3ro-3526f9813d52f4f0ed63936b9e2cb41f  avia-builder-el-6  avia-builder-el-no-sibling  accordion_product toggle_close_all hasCurrentStyle' >\n<section class='av_toggle_section av-ljbuvy0i-272f775b88d30bfc099aeeebb6aa359a' ><div role=\"tablist\" class=\"single_toggle\" data-tags=\"{Todo} \"  ><h4 id='toggle-toggle-id-1' data-fake-id='#toggle-id-1' class='toggler  activeTitle av-title-above '  role='tab' tabindex='0' aria-controls='toggle-id-1' data-slide-speed=\"200\" data-title=\"Ventajas\" data-title-open=\"\" data-aria_collapsed=\"Click to expand: Ventajas\" data-aria_expanded=\"Click to collapse: Ventajas\">Ventajas<span class=\"toggle_icon\"><span class=\"vert_icon\"><\/span><span class=\"hor_icon\"><\/span><\/span><\/h4><div id='toggle-id-1' aria-labelledby='toggle-toggle-id-1' role='region' class='toggle_wrap  active_tc av-title-above' style='display:block;' ><div class='toggle_content invers-color ' ><ul>\n<li>Resistencia a largo plazo<\/li>\n<li>Gran dureza superficial<\/li>\n<li>Degradaci\u00f3n cero<\/li>\n<li>M\u00e1xima protecci\u00f3n<\/li>\n<li>Alta tixotrop\u00eda<\/li>\n<\/ul>\n<\/div><\/div><\/div><\/section>\n<section class='av_toggle_section av-ljbuw2vp-4d44acfeb5a154477d170786fcf38c90' ><div role=\"tablist\" class=\"single_toggle\" data-tags=\"{Todo} \"  ><h4 id='toggle-toggle-id-2' data-fake-id='#toggle-id-2' class='toggler  av-title-above '  role='tab' tabindex='0' aria-controls='toggle-id-2' data-slide-speed=\"200\" data-title=\"Tipos\" data-title-open=\"\" data-aria_collapsed=\"Click to expand: Tipos\" data-aria_expanded=\"Click to collapse: Tipos\">Tipos<span class=\"toggle_icon\"><span class=\"vert_icon\"><\/span><span class=\"hor_icon\"><\/span><\/span><\/h4><div id='toggle-id-2' aria-labelledby='toggle-toggle-id-2' role='region' class='toggle_wrap  av-title-above'  ><div class='toggle_content invers-color ' ><li class=\"page_item page-item-9543\"><a href=\"https:\/\/www.mates.it\/es\/productos\/resinas-adhesivos-quimicos\/gelcoat-fondos\/epoxy-e-g\/\">Epoxy<\/a><\/li>\n<li class=\"page_item page-item-9544\"><a href=\"https:\/\/www.mates.it\/es\/productos\/resinas-adhesivos-quimicos\/gelcoat-fondos\/polyester-e-g\/\">Polyester<\/a><\/li>\n<li class=\"page_item page-item-9545\"><a href=\"https:\/\/www.mates.it\/es\/productos\/resinas-adhesivos-quimicos\/gelcoat-fondos\/vinylester-e-g\/\">Vinylester<\/a><\/li>\n\n<\/div><\/div><\/div><\/section>\n<\/div><\/div><div  class='hr av-av_hr-91d7ccd583a503147498e120fee2ff9b hr-default  avia-builder-el-7  el_after_av_two_fifth  avia-builder-el-last '><span class='hr-inner '><span class=\"hr-inner-style\"><\/span><\/span><\/div><\/p>\n","protected":false},"excerpt":{"rendered":"<p>Los gelcoats y las imprimaciones se componen de una resina, que determina la base, de cargas inertes y pigmentos, que dan color y consistencia, y tambi\u00e9n de un agente que aporta la tixotrop\u00eda necesaria.<\/p>\n","protected":false},"author":1,"featured_media":7251,"parent":9387,"menu_order":3,"comment_status":"open","ping_status":"open","template":"","meta":{"footnotes":""},"class_list":["post-9472","page","type-page","status-publish","has-post-thumbnail","hentry"],"_links":{"self":[{"href":"https:\/\/www.mates.it\/es\/wp-json\/wp\/v2\/pages\/9472","targetHints":{"allow":["GET"]}}],"collection":[{"href":"https:\/\/www.mates.it\/es\/wp-json\/wp\/v2\/pages"}],"about":[{"href":"https:\/\/www.mates.it\/es\/wp-json\/wp\/v2\/types\/page"}],"author":[{"embeddable":true,"href":"https:\/\/www.mates.it\/es\/wp-json\/wp\/v2\/users\/1"}],"replies":[{"embeddable":true,"href":"https:\/\/www.mates.it\/es\/wp-json\/wp\/v2\/comments?post=9472"}],"version-history":[{"count":0,"href":"https:\/\/www.mates.it\/es\/wp-json\/wp\/v2\/pages\/9472\/revisions"}],"up":[{"embeddable":true,"href":"https:\/\/www.mates.it\/es\/wp-json\/wp\/v2\/pages\/9387"}],"wp:featuredmedia":[{"embeddable":true,"href":"https:\/\/www.mates.it\/es\/wp-json\/wp\/v2\/media\/7251"}],"wp:attachment":[{"href":"https:\/\/www.mates.it\/es\/wp-json\/wp\/v2\/media?parent=9472"}],"curies":[{"name":"wp","href":"https:\/\/api.w.org\/{rel}","templated":true}]}}