{"id":9474,"date":"2015-09-16T15:09:04","date_gmt":"2015-09-16T13:09:04","guid":{"rendered":"https:\/\/www.mates.it\/prodotti\/agenti-distaccanti\/formacion-de-pelicula\/"},"modified":"2023-09-03T17:53:17","modified_gmt":"2023-09-03T15:53:17","slug":"film-formado","status":"publish","type":"page","link":"https:\/\/www.mates.it\/es\/productos\/agentes-desmoldantes\/film-formado\/","title":{"rendered":"Film formado"},"content":{"rendered":"\n<style type=\"text\/css\" data-created_by=\"avia_inline_auto\" id=\"style-css-av-av_image-39cccd45b3e050e94152b0f9d7ea2186\">\n.avia-image-container.av-av_image-39cccd45b3e050e94152b0f9d7ea2186 img.avia_image{\nbox-shadow:none;\n}\n.avia-image-container.av-av_image-39cccd45b3e050e94152b0f9d7ea2186 .av-image-caption-overlay-center{\ncolor:#ffffff;\n}\n<\/style>\n<div  class='avia-image-container av-av_image-39cccd45b3e050e94152b0f9d7ea2186 av-styling- avia-align-center  avia-builder-el-0  el_before_av_hr  avia-builder-el-first '  ><div class=\"avia-image-container-inner\"><div class=\"avia-image-overlay-wrap\"><img decoding=\"async\" fetchpriority=\"high\" class=\"wp-image- avia-img-lazy-loading-not- avia_image \" src=\"https:\/\/www.mates.it\/wp-content\/uploads\/2016\/06\/Filmogeni.jpg\" alt=\"\" title=\"\"><\/div><\/div><\/div>\n<div  class='hr av-av_hr-91d7ccd583a503147498e120fee2ff9b hr-default  avia-builder-el-1  el_after_av_image  el_before_av_three_fifth '><span class='hr-inner '><span class=\"hr-inner-style\"><\/span><\/span><\/div>\n<div  class='flex_column av-av_three_fifth-7714eba142aeda1f8b5272a3c372b279 av_three_fifth  avia-builder-el-2  el_after_av_hr  el_before_av_two_fifth  first flex_column_div  '     ><p>\n<style type=\"text\/css\" data-created_by=\"avia_inline_auto\" id=\"style-css-av-ljd65mrc-b8e0c5528a113d1201c561f96d09c987\">\n#top .av-special-heading.av-ljd65mrc-b8e0c5528a113d1201c561f96d09c987{\npadding-bottom:10px;\n}\nbody .av-special-heading.av-ljd65mrc-b8e0c5528a113d1201c561f96d09c987 .av-special-heading-tag .heading-char{\nfont-size:25px;\n}\n.av-special-heading.av-ljd65mrc-b8e0c5528a113d1201c561f96d09c987 .av-subheading{\nfont-size:15px;\n}\n<\/style>\n<div  class='av-special-heading av-ljd65mrc-b8e0c5528a113d1201c561f96d09c987 av-special-heading-h1  avia-builder-el-3  el_before_av_textblock  avia-builder-el-first  custom-h1-title'><h1 class='av-special-heading-tag '  >Film formado<\/h1><div class=\"special-heading-border\"><div class=\"special-heading-inner-border\"><\/div><\/div><\/div><br \/>\n<section  class='av_textblock_section av-ljd645a8-8496726e81ed05e0378e1e140f812d98 '  ><div class='avia_textblock' ><p>Los desmoldeantes formadores de pel\u00edcula dan lugar a una pel\u00edcula pl\u00e1stica sobre la superficie tratada permitiendo un perfecto desprendimiento incluso en moldes no dotados de un excelente grado de acabado. Gracias a esta importante caracter\u00edstica tambi\u00e9n es posible utilizar desmoldeantes formadores de pel\u00edcula en moldes porosos y en todas aquellas superficies en las que otros desmoldeantes pueden dar problemas durante el desmoldeo. Es fundamental una correcta aplicaci\u00f3n y secado para evitar la contaminaci\u00f3n de la superficie del producto fabricado con restos de desmoldeante. En caso de dudas sobre el mejor desmoldeante a utilizar para su proyecto no dude en ponerse en contacto con nosotros.<\/p>\n<\/div><\/section><\/p><\/div><div  class='flex_column av-av_two_fifth-f1c518e9ff58e869f80c8f093487abc9 av_two_fifth  avia-builder-el-5  el_after_av_three_fifth  el_before_av_hr  flex_column_div  '     ><style type=\"text\/css\" data-created_by=\"avia_inline_auto\" id=\"style-css-av-ljd64v7p-ccc21c4849030e4d6833ef2fe96fd495\">\n#top .togglecontainer.av-ljd64v7p-ccc21c4849030e4d6833ef2fe96fd495 h4.toggler{\nfont-size:14px;\n}\n#top .togglecontainer.av-ljd64v7p-ccc21c4849030e4d6833ef2fe96fd495 h4.toggler.activeTitle{\ncolor:#ffffff;\nborder-color:#ffffff;\nbackground-color:#2682d3;\n}\n<\/style>\n<div  class='togglecontainer av-ljd64v7p-ccc21c4849030e4d6833ef2fe96fd495  avia-builder-el-6  avia-builder-el-no-sibling  accordion_product toggle_close_all hasCurrentStyle' >\n<section class='av_toggle_section av-ljd64qxa-acc6adca231c9aac3966aaf4a6f72cef' ><div role=\"tablist\" class=\"single_toggle\" data-tags=\"{Todo} \"  ><h4 id='toggle-toggle-id-1' data-fake-id='#toggle-id-1' class='toggler  activeTitle av-title-above '  role='tab' tabindex='0' aria-controls='toggle-id-1' data-slide-speed=\"200\" data-title=\"Ventajas Tipos\" data-title-open=\"\" data-aria_collapsed=\"Click to expand: Ventajas Tipos\" data-aria_expanded=\"Click to collapse: Ventajas Tipos\">Ventajas Tipos<span class=\"toggle_icon\"><span class=\"vert_icon\"><\/span><span class=\"hor_icon\"><\/span><\/span><\/h4><div id='toggle-id-1' aria-labelledby='toggle-toggle-id-1' role='region' class='toggle_wrap  active_tc av-title-above' style='display:block;' ><div class='toggle_content invers-color ' ><ul class=\"customlist1\">\n<li>Aplicable en diferentes sustratos<\/li>\n<li>Protege la superficie<\/li>\n<li>Excelente acabado superficial<\/li>\n<li>Poder de separaci\u00f3n discreto<\/li>\n<li>Versatilidad del proceso<\/li>\n<\/ul>\n<\/div><\/div><\/div><\/section>\n<section class='av_toggle_section av-ljd64u62-d8275b65168072209483d3b1f4431b1b' ><div role=\"tablist\" class=\"single_toggle\" data-tags=\"{Todo} \"  ><h4 id='toggle-toggle-id-2' data-fake-id='#toggle-id-2' class='toggler  av-title-above '  role='tab' tabindex='0' aria-controls='toggle-id-2' data-slide-speed=\"200\" data-title=\"Tipos\" data-title-open=\"\" data-aria_collapsed=\"Click to expand: Tipos\" data-aria_expanded=\"Click to collapse: Tipos\">Tipos<span class=\"toggle_icon\"><span class=\"vert_icon\"><\/span><span class=\"hor_icon\"><\/span><\/span><\/h4><div id='toggle-id-2' aria-labelledby='toggle-toggle-id-2' role='region' class='toggle_wrap  av-title-above'  ><div class='toggle_content invers-color ' ><ul class=\"customlist2\">\n<li><a href=\"https:\/\/fileserver.mates.it\/Prodotti\/3_Distaccanti\/TDS\/Finish%20Kare\/FK_PV6_TDS.pdf\" target=\"_blank\" rel=\"noopener\">FK &#8211; PV6<\/a><\/li>\n<li><a href=\"https:\/\/fileserver.mates.it\/Prodotti\/3_Distaccanti\/TDS\/Mates\/PVA_DS.pdf\" target=\"_blank\" rel=\"noopener\">Mates \u00ae PVA<\/a><\/li>\n<\/ul>\n<\/div><\/div><\/div><\/section>\n<\/div><\/div><div  class='hr av-av_hr-91d7ccd583a503147498e120fee2ff9b hr-default  avia-builder-el-7  el_after_av_two_fifth  avia-builder-el-last '><span class='hr-inner '><span class=\"hr-inner-style\"><\/span><\/span><\/div><\/p>\n","protected":false},"excerpt":{"rendered":"<p>Los desmoldeantes formadores de pel\u00edcula dan lugar a una pel\u00edcula pl\u00e1stica sobre la superficie tratada permitiendo un perfecto desprendimiento incluso en moldes no dotados de un excelente grado de acabado.<\/p>\n","protected":false},"author":1,"featured_media":7267,"parent":9389,"menu_order":2,"comment_status":"open","ping_status":"open","template":"","meta":{"footnotes":""},"class_list":["post-9474","page","type-page","status-publish","has-post-thumbnail","hentry"],"_links":{"self":[{"href":"https:\/\/www.mates.it\/es\/wp-json\/wp\/v2\/pages\/9474","targetHints":{"allow":["GET"]}}],"collection":[{"href":"https:\/\/www.mates.it\/es\/wp-json\/wp\/v2\/pages"}],"about":[{"href":"https:\/\/www.mates.it\/es\/wp-json\/wp\/v2\/types\/page"}],"author":[{"embeddable":true,"href":"https:\/\/www.mates.it\/es\/wp-json\/wp\/v2\/users\/1"}],"replies":[{"embeddable":true,"href":"https:\/\/www.mates.it\/es\/wp-json\/wp\/v2\/comments?post=9474"}],"version-history":[{"count":0,"href":"https:\/\/www.mates.it\/es\/wp-json\/wp\/v2\/pages\/9474\/revisions"}],"up":[{"embeddable":true,"href":"https:\/\/www.mates.it\/es\/wp-json\/wp\/v2\/pages\/9389"}],"wp:featuredmedia":[{"embeddable":true,"href":"https:\/\/www.mates.it\/es\/wp-json\/wp\/v2\/media\/7267"}],"wp:attachment":[{"href":"https:\/\/www.mates.it\/es\/wp-json\/wp\/v2\/media?parent=9474"}],"curies":[{"name":"wp","href":"https:\/\/api.w.org\/{rel}","templated":true}]}}