{"id":9476,"date":"2015-09-16T15:08:59","date_gmt":"2015-09-16T13:08:59","guid":{"rendered":"https:\/\/www.mates.it\/prodotti\/agenti-distaccanti\/semi-permanente\/"},"modified":"2024-10-14T15:47:59","modified_gmt":"2024-10-14T13:47:59","slug":"semi-permanente","status":"publish","type":"page","link":"https:\/\/www.mates.it\/es\/productos\/agentes-desmoldantes\/semi-permanente\/","title":{"rendered":"Semi-permanente"},"content":{"rendered":"\n<style type=\"text\/css\" data-created_by=\"avia_inline_auto\" id=\"style-css-av-179zk4-b640ebc1f3e40e00f6bec9f331c43089\">\n.avia-image-container.av-179zk4-b640ebc1f3e40e00f6bec9f331c43089 img.avia_image{\nbox-shadow:none;\n}\n.avia-image-container.av-179zk4-b640ebc1f3e40e00f6bec9f331c43089 .av-image-caption-overlay-center{\ncolor:#ffffff;\n}\n<\/style>\n<div  class='avia-image-container av-179zk4-b640ebc1f3e40e00f6bec9f331c43089 av-styling- avia-align-center  avia-builder-el-0  el_before_av_hr  avia-builder-el-first '  ><div class=\"avia-image-container-inner\"><div class=\"avia-image-overlay-wrap\"><img decoding=\"async\" fetchpriority=\"high\" class=\"wp-image- avia-img-lazy-loading-not- avia_image \" src=\"https:\/\/www.mates.it\/wp-content\/uploads\/2016\/06\/Semipermanenti.jpg\" alt=\"\" title=\"\"><\/div><\/div><\/div>\n<div  class='hr av-ak045w-76b61e895e3b7f1db314c803ef22b7fd hr-default  avia-builder-el-1  el_after_av_image  el_before_av_three_fifth '><span class='hr-inner '><span class=\"hr-inner-style\"><\/span><\/span><\/div>\n<div  class='flex_column av-9ods84-1e6d233e201ada62fa2f06826f27066d av_three_fifth  avia-builder-el-2  el_after_av_hr  el_before_av_two_fifth  first flex_column_div  '     ><p>\n<style type=\"text\/css\" data-created_by=\"avia_inline_auto\" id=\"style-css-av-ljd7kjcl-6d7fd9e17297cb1e8d95c5109209bebe\">\n#top .av-special-heading.av-ljd7kjcl-6d7fd9e17297cb1e8d95c5109209bebe{\npadding-bottom:10px;\n}\nbody .av-special-heading.av-ljd7kjcl-6d7fd9e17297cb1e8d95c5109209bebe .av-special-heading-tag .heading-char{\nfont-size:25px;\n}\n.av-special-heading.av-ljd7kjcl-6d7fd9e17297cb1e8d95c5109209bebe .av-subheading{\nfont-size:15px;\n}\n<\/style>\n<div  class='av-special-heading av-ljd7kjcl-6d7fd9e17297cb1e8d95c5109209bebe av-special-heading-h1  avia-builder-el-3  el_before_av_textblock  avia-builder-el-first  custom-h1-title'><h1 class='av-special-heading-tag '  >Semi-permanente<\/h1><div class=\"special-heading-border\"><div class=\"special-heading-inner-border\"><\/div><\/div><\/div><br \/>\n<section  class='av_textblock_section av-ljd7kyxx-aef9755b24cf3749cc3eb9a7f0b6f640 '  ><div class='avia_textblock' ><p>Tratamientos superficiales para moldes y modelos a base de agua o disolvente, especialmente dise\u00f1ados para la protecci\u00f3n durante el proceso de producci\u00f3n de materiales compuestos, contra los da\u00f1os qu\u00edmicos y f\u00edsicos causados por la tendencia a la uni\u00f3n durante las fases de estampado. Siempre en stock una amplia gama de agentes de liberaci\u00f3n a base de disolventes y a base de agua, incluidas muchas opciones semipermanentes: productos que ofrecen amplias oportunidades para encontrar la soluci\u00f3n adecuada para los desaf\u00edos m\u00e1s dif\u00edciles de moldear materiales compuestos avanzados. Tambi\u00e9n disponemos de limpiadores Chem-Trend para moldes a base de disolventes y de agua, dise\u00f1ados para mantener los moldes y modelos en \u00f3ptimas condiciones. En el sector de materiales compuestos, este es uno de los componentes clave para la m\u00e1xima eficiencia operativa.<\/p>\n<\/div><\/section><\/p><\/div>\n<div  class='flex_column av-7lslk4-6e4f9df832c8085cdbbcaa37a311e98e av_two_fifth  avia-builder-el-5  el_after_av_three_fifth  el_before_av_hr  flex_column_div  '     ><style type=\"text\/css\" data-created_by=\"avia_inline_auto\" id=\"style-css-av-ljd7midu-3c55ccf31321d49d9d8437afaee38838\">\n#top .togglecontainer.av-ljd7midu-3c55ccf31321d49d9d8437afaee38838 h4.toggler{\nfont-size:14px;\n}\n#top .togglecontainer.av-ljd7midu-3c55ccf31321d49d9d8437afaee38838 h4.toggler.activeTitle{\ncolor:#ffffff;\nborder-color:#ffffff;\nbackground-color:#2682d3;\n}\n<\/style>\n<div  class='togglecontainer av-ljd7midu-3c55ccf31321d49d9d8437afaee38838  avia-builder-el-6  avia-builder-el-no-sibling  accordion_product toggle_close_all hasCurrentStyle' >\n<section class='av_toggle_section av-ljd7m9kj-553acef506eceee619ea79e01cbdcbab' ><div role=\"tablist\" class=\"single_toggle\" data-tags=\"{Todo} \"  ><h4 id='toggle-toggle-id-1' data-fake-id='#toggle-id-1' class='toggler  activeTitle av-title-above '  role='tab' tabindex='0' aria-controls='toggle-id-1' data-slide-speed=\"200\" data-title=\"Ventajas\" data-title-open=\"\" data-aria_collapsed=\"Click to expand: Ventajas\" data-aria_expanded=\"Click to collapse: Ventajas\">Ventajas<span class=\"toggle_icon\"><span class=\"vert_icon\"><\/span><span class=\"hor_icon\"><\/span><\/span><\/h4><div id='toggle-id-1' aria-labelledby='toggle-toggle-id-1' role='region' class='toggle_wrap  active_tc av-title-above' style='display:block;' ><div class='toggle_content invers-color ' ><ul class=\"customlist1\">\n<li>Repetibilidad del proceso<\/li>\n<li>Alto nivel de calidad<\/li>\n<li>Aumento de la velocidad de producci\u00f3n<\/li>\n<li>Extracci\u00f3n facilitada<\/li>\n<li>Desmoldeo m\u00faltiple<\/li>\n<\/ul>\n<\/div><\/div><\/div><\/section>\n<section class='av_toggle_section av-ljd7mdjy-491787458b09d1934741d9dc68499823' ><div role=\"tablist\" class=\"single_toggle\" data-tags=\"{Todo} \"  ><h4 id='toggle-toggle-id-2' data-fake-id='#toggle-id-2' class='toggler  av-title-above '  role='tab' tabindex='0' aria-controls='toggle-id-2' data-slide-speed=\"200\" data-title=\"Tipos\" data-title-open=\"\" data-aria_collapsed=\"Click to expand: Tipos\" data-aria_expanded=\"Click to collapse: Tipos\">Tipos<span class=\"toggle_icon\"><span class=\"vert_icon\"><\/span><span class=\"hor_icon\"><\/span><\/span><\/h4><div id='toggle-id-2' aria-labelledby='toggle-toggle-id-2' role='region' class='toggle_wrap  av-title-above'  ><div class='toggle_content invers-color ' ><li class=\"page_item page-item-9551\"><a href=\"https:\/\/www.mates.it\/es\/productos\/agentes-desmoldantes\/semi-permanente\/limpiadores-de-moldes\/\">Limpiadores de moldes<\/a><\/li>\n<li class=\"page_item page-item-9549\"><a href=\"https:\/\/www.mates.it\/es\/productos\/agentes-desmoldantes\/semi-permanente\/selladores-imprimaciones\/\">Selladores \/ Imprimaciones<\/a><\/li>\n<li class=\"page_item page-item-9550\"><a href=\"https:\/\/www.mates.it\/es\/productos\/agentes-desmoldantes\/semi-permanente\/agentes-desmoldantes-s\/\">Agentes desmoldantes<\/a><\/li>\n\n<\/div><\/div><\/div><\/section>\n<\/div><\/div>\n<div  class='hr av-58nec4-5d34620358a8bef06c9e91cf5f960f0f hr-default  avia-builder-el-7  el_after_av_two_fifth  el_before_av_one_full '><span class='hr-inner '><span class=\"hr-inner-style\"><\/span><\/span><\/div>\n<div  class='flex_column av-4te23o-265536a32e91b2c0b351202f2eadd619 av_one_full  avia-builder-el-8  el_after_av_hr  avia-builder-el-last  first flex_column_div  '     ><p><div  class='avia-button-wrap av-39g63o-82881c6f53f19d8a522bd477fe09de5b-wrap avia-button-left  avia-builder-el-9  el_before_av_button  avia-builder-el-first '><a href=\"https:\/\/fileserver.mates.it\/Prodotti\/3_Distaccanti\/Brochure\/Chemtrend\/CT-Comp.%20-%20IT%20-%20V04%20-%2002.17%20-%20web.pdf\" class=\"avia-button av-39g63o-82881c6f53f19d8a522bd477fe09de5b av-link-btn avia-icon_select-yes-left-icon avia-size-small avia-position-left avia-color-theme-color\" target=\"_blank\" rel=\"noopener noreferrer\" aria-label=\" Chem-Trend \u00ae Brochure\"><span class='avia_button_icon avia_button_icon_left avia-iconfont avia-font-entypo-fontello' data-av_icon='\ue82d' data-av_iconfont='entypo-fontello' ><\/span><span class='avia_iconbox_title' > Chem-Trend \u00ae Brochure<\/span><\/a><\/div><br \/>\n<div  class='avia-button-wrap av-m292kafs-09b71bd7391e120407502a9c683db20f-wrap avia-button-left  avia-builder-el-10  el_after_av_button  avia-builder-el-last '><a href=\"https:\/\/fileserver.mates.it\/Prodotti\/3_Distaccanti\/Brochure\/Chemtrend\/EN-Zyvax_Aerospace-co-EU_2024-09-17-v06.pdf\" class=\"avia-button av-m292kafs-09b71bd7391e120407502a9c683db20f av-link-btn avia-icon_select-yes-left-icon avia-size-small avia-position-left avia-color-theme-color\" target=\"_blank\" rel=\"noopener noreferrer\" aria-label=\"Zyvax Aerospace \u00ae Brochure\"><span class='avia_button_icon avia_button_icon_left avia-iconfont avia-font-entypo-fontello' data-av_icon='\ue82d' data-av_iconfont='entypo-fontello' ><\/span><span class='avia_iconbox_title' >Zyvax Aerospace \u00ae Brochure<\/span><\/a><\/div><\/p><\/div>\n","protected":false},"excerpt":{"rendered":"<p>Tratamientos superficiales de moldes y modelos a base de agua o disolvente, especialmente dise\u00f1ados como protecci\u00f3n durante el proceso de producci\u00f3n de materiales compuestos.<\/p>\n","protected":false},"author":1,"featured_media":7271,"parent":9389,"menu_order":3,"comment_status":"open","ping_status":"open","template":"","meta":{"footnotes":""},"class_list":["post-9476","page","type-page","status-publish","has-post-thumbnail","hentry"],"_links":{"self":[{"href":"https:\/\/www.mates.it\/es\/wp-json\/wp\/v2\/pages\/9476","targetHints":{"allow":["GET"]}}],"collection":[{"href":"https:\/\/www.mates.it\/es\/wp-json\/wp\/v2\/pages"}],"about":[{"href":"https:\/\/www.mates.it\/es\/wp-json\/wp\/v2\/types\/page"}],"author":[{"embeddable":true,"href":"https:\/\/www.mates.it\/es\/wp-json\/wp\/v2\/users\/1"}],"replies":[{"embeddable":true,"href":"https:\/\/www.mates.it\/es\/wp-json\/wp\/v2\/comments?post=9476"}],"version-history":[{"count":0,"href":"https:\/\/www.mates.it\/es\/wp-json\/wp\/v2\/pages\/9476\/revisions"}],"up":[{"embeddable":true,"href":"https:\/\/www.mates.it\/es\/wp-json\/wp\/v2\/pages\/9389"}],"wp:featuredmedia":[{"embeddable":true,"href":"https:\/\/www.mates.it\/es\/wp-json\/wp\/v2\/media\/7271"}],"wp:attachment":[{"href":"https:\/\/www.mates.it\/es\/wp-json\/wp\/v2\/media?parent=9476"}],"curies":[{"name":"wp","href":"https:\/\/api.w.org\/{rel}","templated":true}]}}