{"id":9478,"date":"2015-09-16T15:09:02","date_gmt":"2015-09-16T13:09:02","guid":{"rendered":"https:\/\/www.mates.it\/prodotti\/agenti-distaccanti\/cera-desmoldantes\/"},"modified":"2023-09-03T17:53:10","modified_gmt":"2023-09-03T15:53:10","slug":"cera-desmoldantes","status":"publish","type":"page","link":"https:\/\/www.mates.it\/es\/productos\/agentes-desmoldantes\/cera-desmoldantes\/","title":{"rendered":"Cera desmoldantes"},"content":{"rendered":"\n<style type=\"text\/css\" data-created_by=\"avia_inline_auto\" id=\"style-css-av-av_image-e6932a7e4b069491e907fafcbf01b561\">\n.avia-image-container.av-av_image-e6932a7e4b069491e907fafcbf01b561 img.avia_image{\nbox-shadow:none;\n}\n.avia-image-container.av-av_image-e6932a7e4b069491e907fafcbf01b561 .av-image-caption-overlay-center{\ncolor:#ffffff;\n}\n<\/style>\n<div  class='avia-image-container av-av_image-e6932a7e4b069491e907fafcbf01b561 av-styling- avia-align-center  avia-builder-el-0  el_before_av_hr  avia-builder-el-first '  ><div class=\"avia-image-container-inner\"><div class=\"avia-image-overlay-wrap\"><img decoding=\"async\" fetchpriority=\"high\" class=\"wp-image- avia-img-lazy-loading-not- avia_image \" src=\"https:\/\/www.mates.it\/wp-content\/uploads\/2016\/06\/Cerosi.jpg\" alt=\"\" title=\"\"><\/div><\/div><\/div>\n<div  class='hr av-av_hr-91d7ccd583a503147498e120fee2ff9b hr-default  avia-builder-el-1  el_after_av_image  el_before_av_three_fifth '><span class='hr-inner '><span class=\"hr-inner-style\"><\/span><\/span><\/div>\n<div  class='flex_column av-av_three_fifth-7714eba142aeda1f8b5272a3c372b279 av_three_fifth  avia-builder-el-2  el_after_av_hr  el_before_av_two_fifth  first flex_column_div  '     ><p>\n<style type=\"text\/css\" data-created_by=\"avia_inline_auto\" id=\"style-css-av-ljd1lzqr-32c605115ede2ea32ad2a1bd95b38aa1\">\n#top .av-special-heading.av-ljd1lzqr-32c605115ede2ea32ad2a1bd95b38aa1{\npadding-bottom:10px;\n}\nbody .av-special-heading.av-ljd1lzqr-32c605115ede2ea32ad2a1bd95b38aa1 .av-special-heading-tag .heading-char{\nfont-size:25px;\n}\n.av-special-heading.av-ljd1lzqr-32c605115ede2ea32ad2a1bd95b38aa1 .av-subheading{\nfont-size:15px;\n}\n<\/style>\n<div  class='av-special-heading av-ljd1lzqr-32c605115ede2ea32ad2a1bd95b38aa1 av-special-heading-h1  avia-builder-el-3  el_before_av_textblock  avia-builder-el-first  custom-h1-title'><h1 class='av-special-heading-tag '  >Cera desmoldantes<\/h1><div class=\"special-heading-border\"><div class=\"special-heading-inner-border\"><\/div><\/div><\/div><br \/>\n<section  class='av_textblock_section av-ljd1m99v-a34ff38652971b8a224f18151d454f4d '  ><div class='avia_textblock' ><p>Los desmoldeantes a base de cera dejan una capa de cera sobre la superficie, garantizando un desprendimiento seguro incluso en superficies imperfectas y rugosas; ideal para moldes medianos-peque\u00f1os con formas detalladas y complejas, con m\u00e9todos de aplicaci\u00f3n basados en wipe on\/leave on o en el cl\u00e1sico wipe on\/wipe off (aplicado y estirado). Tambi\u00e9n para este tipo de desmoldeante es de fundamental importancia la correcta aplicaci\u00f3n y secado, para evitar contaminar la superficie del producto con restos de desmoldeante. Los desmoldeantes en pasta a base de cera, si se utilizan correctamente, permiten obtener un excelente acabado superficial, especialmente si se utilizan para laminaciones en moldes brillantes. La preparaci\u00f3n del molde es bastante laboriosa y larga pero se justifica por el resultado final.<\/p>\n<\/div><\/section><\/p><\/div><div  class='flex_column av-av_two_fifth-f1c518e9ff58e869f80c8f093487abc9 av_two_fifth  avia-builder-el-5  el_after_av_three_fifth  el_before_av_hr  flex_column_div  '     ><style type=\"text\/css\" data-created_by=\"avia_inline_auto\" id=\"style-css-av-ljd1ms4d-13b6d2679ebb95302cbb8788742e2bc3\">\n#top .togglecontainer.av-ljd1ms4d-13b6d2679ebb95302cbb8788742e2bc3 h4.toggler{\nfont-size:14px;\n}\n#top .togglecontainer.av-ljd1ms4d-13b6d2679ebb95302cbb8788742e2bc3 h4.toggler.activeTitle{\ncolor:#ffffff;\nborder-color:#ffffff;\nbackground-color:#2682d3;\n}\n<\/style>\n<div  class='togglecontainer av-ljd1ms4d-13b6d2679ebb95302cbb8788742e2bc3  avia-builder-el-6  avia-builder-el-no-sibling  accordion_product toggle_close_all hasCurrentStyle' >\n<section class='av_toggle_section av-ljd1mkbm-febf89941b9f6dc837ec1bde3ddec61c' ><div role=\"tablist\" class=\"single_toggle\" data-tags=\"{Todo} \"  ><h4 id='toggle-toggle-id-1' data-fake-id='#toggle-id-1' class='toggler  activeTitle av-title-above '  role='tab' tabindex='0' aria-controls='toggle-id-1' data-slide-speed=\"200\" data-title=\"Ceras liquidas\" data-title-open=\"\" data-aria_collapsed=\"Click to expand: Ceras liquidas\" data-aria_expanded=\"Click to collapse: Ceras liquidas\">Ceras liquidas<span class=\"toggle_icon\"><span class=\"vert_icon\"><\/span><span class=\"hor_icon\"><\/span><\/span><\/h4><div id='toggle-id-1' aria-labelledby='toggle-toggle-id-1' role='region' class='toggle_wrap  active_tc av-title-above' style='display:block;' ><div class='toggle_content invers-color ' ><ul class=\"customlist1\">\n<li><a href=\"https:\/\/fileserver.mates.it\/Prodotti\/3_Distaccanti\/TDS\/Chemtrend\/Cere%20sacrificali\/chemlease_5128_TDS.pdf\" target=\"_blank\" rel=\"noopener\">Chemlease \u00ae 5128<\/a><\/li>\n<li><a href=\"https:\/\/fileserver.mates.it\/Prodotti\/3_Distaccanti\/TDS\/Mates\/SX20_DS.pdf\" target=\"_blank\" rel=\"noopener\">Mates \u00ae SX20<\/a><\/li>\n<\/ul>\n<\/div><\/div><\/div><\/section>\n<section class='av_toggle_section av-ljd1mmo4-954e19f1d202577400ad1c3b5247a8b2' ><div role=\"tablist\" class=\"single_toggle\" data-tags=\"{Todo} \"  ><h4 id='toggle-toggle-id-2' data-fake-id='#toggle-id-2' class='toggler  av-title-above '  role='tab' tabindex='0' aria-controls='toggle-id-2' data-slide-speed=\"200\" data-title=\"Ceras s\u00f3lidas\" data-title-open=\"\" data-aria_collapsed=\"Click to expand: Ceras s\u00f3lidas\" data-aria_expanded=\"Click to collapse: Ceras s\u00f3lidas\">Ceras s\u00f3lidas<span class=\"toggle_icon\"><span class=\"vert_icon\"><\/span><span class=\"hor_icon\"><\/span><\/span><\/h4><div id='toggle-id-2' aria-labelledby='toggle-toggle-id-2' role='region' class='toggle_wrap  av-title-above'  ><div class='toggle_content invers-color ' ><ul class=\"customlist2\">\n<li><a href=\"https:\/\/fileserver.mates.it\/Prodotti\/3_Distaccanti\/TDS\/Finish%20Kare\/FK_1000P_TDS.pdf\" target=\"_blank\" rel=\"noopener\">FK &#8211; 1000P<\/a><\/li>\n<li><a href=\"https:\/\/fileserver.mates.it\/Prodotti\/3_Distaccanti\/TDS\/TR\/TR_104_TSD_EN.pdf\" target=\"_blank\" rel=\"noopener\">TR &#8211; 104<\/a><\/li>\n<\/ul>\n<\/div><\/div><\/div><\/section>\n<\/div><\/div><div  class='hr av-av_hr-91d7ccd583a503147498e120fee2ff9b hr-default  avia-builder-el-7  el_after_av_two_fifth  avia-builder-el-last '><span class='hr-inner '><span class=\"hr-inner-style\"><\/span><\/span><\/div><\/p>\n","protected":false},"excerpt":{"rendered":"<p>Los desmoldeantes a base de cera dejan una capa de cera sobre la superficie, garantizando un desprendimiento seguro incluso en superficies imperfectas y rugosas, ideal para moldes medianos-peque\u00f1os.<\/p>\n","protected":false},"author":1,"featured_media":7263,"parent":9389,"menu_order":1,"comment_status":"open","ping_status":"open","template":"","meta":{"footnotes":""},"class_list":["post-9478","page","type-page","status-publish","has-post-thumbnail","hentry"],"_links":{"self":[{"href":"https:\/\/www.mates.it\/es\/wp-json\/wp\/v2\/pages\/9478","targetHints":{"allow":["GET"]}}],"collection":[{"href":"https:\/\/www.mates.it\/es\/wp-json\/wp\/v2\/pages"}],"about":[{"href":"https:\/\/www.mates.it\/es\/wp-json\/wp\/v2\/types\/page"}],"author":[{"embeddable":true,"href":"https:\/\/www.mates.it\/es\/wp-json\/wp\/v2\/users\/1"}],"replies":[{"embeddable":true,"href":"https:\/\/www.mates.it\/es\/wp-json\/wp\/v2\/comments?post=9478"}],"version-history":[{"count":0,"href":"https:\/\/www.mates.it\/es\/wp-json\/wp\/v2\/pages\/9478\/revisions"}],"up":[{"embeddable":true,"href":"https:\/\/www.mates.it\/es\/wp-json\/wp\/v2\/pages\/9389"}],"wp:featuredmedia":[{"embeddable":true,"href":"https:\/\/www.mates.it\/es\/wp-json\/wp\/v2\/media\/7263"}],"wp:attachment":[{"href":"https:\/\/www.mates.it\/es\/wp-json\/wp\/v2\/media?parent=9478"}],"curies":[{"name":"wp","href":"https:\/\/api.w.org\/{rel}","templated":true}]}}