{"id":9480,"date":"2015-09-16T15:10:25","date_gmt":"2015-09-16T13:10:25","guid":{"rendered":"https:\/\/www.mates.it\/prodotti\/materiali-anima-core\/honeycombs-e\/"},"modified":"2023-10-14T14:52:29","modified_gmt":"2023-10-14T12:52:29","slug":"alveolares","status":"publish","type":"page","link":"https:\/\/www.mates.it\/es\/productos\/nucleos-estructurales\/alveolares\/","title":{"rendered":"Alveolares"},"content":{"rendered":"<\/p>\n\n<style type=\"text\/css\" data-created_by=\"avia_inline_auto\" id=\"style-css-av-av_image-387fa1fbb507ab1618b939502d2e5a9e\">\n.avia-image-container.av-av_image-387fa1fbb507ab1618b939502d2e5a9e img.avia_image{\nbox-shadow:none;\n}\n.avia-image-container.av-av_image-387fa1fbb507ab1618b939502d2e5a9e .av-image-caption-overlay-center{\ncolor:#ffffff;\n}\n<\/style>\n<div  class='avia-image-container av-av_image-387fa1fbb507ab1618b939502d2e5a9e av-styling- avia-align-center  avia-builder-el-0  el_before_av_hr  avia-builder-el-first '  ><div class=\"avia-image-container-inner\"><div class=\"avia-image-overlay-wrap\"><img decoding=\"async\" fetchpriority=\"high\" class=\"wp-image- avia-img-lazy-loading-not- avia_image \" src=\"https:\/\/www.mates.it\/wp-content\/uploads\/2016\/06\/Cellula-aperta.jpg\" alt=\"\" title=\"\"><\/div><\/div><\/div>\n<div  class='hr av-av_hr-91d7ccd583a503147498e120fee2ff9b hr-default  avia-builder-el-1  el_after_av_image  el_before_av_three_fifth '><span class='hr-inner '><span class=\"hr-inner-style\"><\/span><\/span><\/div>\n<div  class='flex_column av-av_three_fifth-7714eba142aeda1f8b5272a3c372b279 av_three_fifth  avia-builder-el-2  el_after_av_hr  el_before_av_two_fifth  first flex_column_div  '     ><p>\n<style type=\"text\/css\" data-created_by=\"avia_inline_auto\" id=\"style-css-av-ljdcbrwk-523373348293f73425081087c0d867df\">\n#top .av-special-heading.av-ljdcbrwk-523373348293f73425081087c0d867df{\npadding-bottom:10px;\n}\nbody .av-special-heading.av-ljdcbrwk-523373348293f73425081087c0d867df .av-special-heading-tag .heading-char{\nfont-size:25px;\n}\n.av-special-heading.av-ljdcbrwk-523373348293f73425081087c0d867df .av-subheading{\nfont-size:15px;\n}\n<\/style>\n<div  class='av-special-heading av-ljdcbrwk-523373348293f73425081087c0d867df av-special-heading-h1  avia-builder-el-3  el_before_av_textblock  avia-builder-el-first  custom-h1-title'><h1 class='av-special-heading-tag '  >Alveolares<\/h1><div class=\"special-heading-border\"><div class=\"special-heading-inner-border\"><\/div><\/div><\/div><br \/>\n<section  class='av_textblock_section av-ljdcbec8-5bb1619686862ed2ea885ccbcd8db682 '  ><div class='avia_textblock' ><p>Los n\u00facleos estructurales alveolares, o tambi\u00e9n llamados n\u00facleos de nido de abeja, se suelen utilizar como estructura interna en la construcci\u00f3n de productos compuestos donde la m\u00e1xima contenci\u00f3n del peso final es un factor de fundamental importancia. Est\u00e1n especialmente indicados para construcciones s\u00e1ndwich en diferentes sectores como el n\u00e1utico, e\u00f3lico, aeroespacial, automoci\u00f3n, para la producci\u00f3n de equipos y herramientas para el tiempo libre y en muchos otros campos. Este tipo de n\u00facleo est\u00e1 compuesto por una estructura deformable de bajo peso espec\u00edfico, alta resistencia a la compresi\u00f3n y capacidad de drapeado directamente proporcional al espesor. Un n\u00facleo de este tipo se puede encolar entre dos laminados prefabricados, o en casos excepcionales tambi\u00e9n se puede colocar de forma consecutiva al laminado.<\/p>\n<\/div><\/section><\/p><\/div>\n<div  class='flex_column av-av_two_fifth-f1c518e9ff58e869f80c8f093487abc9 av_two_fifth  avia-builder-el-5  el_after_av_three_fifth  el_before_av_hr  flex_column_div  '     ><style type=\"text\/css\" data-created_by=\"avia_inline_auto\" id=\"style-css-av-ljfrs5at-4539061abd1a5b4aec4fba102efcd1ff\">\n#top .togglecontainer.av-ljfrs5at-4539061abd1a5b4aec4fba102efcd1ff h4.toggler{\nfont-size:14px;\n}\n#top .togglecontainer.av-ljfrs5at-4539061abd1a5b4aec4fba102efcd1ff h4.toggler.activeTitle{\ncolor:#ffffff;\nborder-color:#ffffff;\nbackground-color:#2682d3;\n}\n<\/style>\n<div  class='togglecontainer av-ljfrs5at-4539061abd1a5b4aec4fba102efcd1ff  avia-builder-el-6  avia-builder-el-no-sibling  accordion_product toggle_close_all hasCurrentStyle' >\n<section class='av_toggle_section av-ljfrs1n4-8e3993dabb7a006f0c28e7ecf504e79c' ><div role=\"tablist\" class=\"single_toggle\" data-tags=\"{Todo} \"  ><h4 id='toggle-toggle-id-1' data-fake-id='#toggle-id-1' class='toggler  activeTitle av-title-above '  role='tab' tabindex='0' aria-controls='toggle-id-1' data-slide-speed=\"200\" data-title=\"Ventajas\" data-title-open=\"\" data-aria_collapsed=\"Click to expand: Ventajas\" data-aria_expanded=\"Click to collapse: Ventajas\">Ventajas<span class=\"toggle_icon\"><span class=\"vert_icon\"><\/span><span class=\"hor_icon\"><\/span><\/span><\/h4><div id='toggle-id-1' aria-labelledby='toggle-toggle-id-1' role='region' class='toggle_wrap  active_tc av-title-above' style='display:block;' ><div class='toggle_content invers-color ' ><ul class=\"customlist1\">\n<li>Muy alta resistencia a la compresi\u00f3n<\/li>\n<li>Bajo peso espec\u00edfico<\/li>\n<li>Estructura deformable<\/li>\n<li>Drapeabilidad<\/li>\n<\/ul>\n<\/div><\/div><\/div><\/section>\n<section class='av_toggle_section av-ljfrs429-2a1e8b7d0c148754e3c44c87107d30d7' ><div role=\"tablist\" class=\"single_toggle\" data-tags=\"{Todo} \"  ><h4 id='toggle-toggle-id-2' data-fake-id='#toggle-id-2' class='toggler  av-title-above '  role='tab' tabindex='0' aria-controls='toggle-id-2' data-slide-speed=\"200\" data-title=\"Tipos\" data-title-open=\"\" data-aria_collapsed=\"Click to expand: Tipos\" data-aria_expanded=\"Click to collapse: Tipos\">Tipos<span class=\"toggle_icon\"><span class=\"vert_icon\"><\/span><span class=\"hor_icon\"><\/span><\/span><\/h4><div id='toggle-id-2' aria-labelledby='toggle-toggle-id-2' role='region' class='toggle_wrap  av-title-above'  ><div class='toggle_content invers-color ' ><li class=\"page_item page-item-9552\"><a href=\"https:\/\/www.mates.it\/es\/productos\/nucleos-estructurales\/alveolares\/aramida\/\">Aramida<\/a><\/li>\n<li class=\"page_item page-item-9553\"><a href=\"https:\/\/www.mates.it\/es\/productos\/nucleos-estructurales\/alveolares\/aluminio\/\">Aluminio<\/a><\/li>\n\n<\/div><\/div><\/div><\/section>\n<\/div><\/div><div  class='hr av-av_hr-91d7ccd583a503147498e120fee2ff9b hr-default  avia-builder-el-7  el_after_av_two_fifth  avia-builder-el-last '><span class='hr-inner '><span class=\"hr-inner-style\"><\/span><\/span><\/div><\/p>\n","protected":false},"excerpt":{"rendered":"<p>Los n\u00facleos estructurales alveolares se suelen utilizar como estructura interna en la construcci\u00f3n de productos compuestos donde la m\u00e1xima contenci\u00f3n del peso final es un factor de fundamental importancia.<\/p>\n","protected":false},"author":1,"featured_media":7275,"parent":9391,"menu_order":2,"comment_status":"open","ping_status":"open","template":"","meta":{"footnotes":""},"class_list":["post-9480","page","type-page","status-publish","has-post-thumbnail","hentry"],"_links":{"self":[{"href":"https:\/\/www.mates.it\/es\/wp-json\/wp\/v2\/pages\/9480","targetHints":{"allow":["GET"]}}],"collection":[{"href":"https:\/\/www.mates.it\/es\/wp-json\/wp\/v2\/pages"}],"about":[{"href":"https:\/\/www.mates.it\/es\/wp-json\/wp\/v2\/types\/page"}],"author":[{"embeddable":true,"href":"https:\/\/www.mates.it\/es\/wp-json\/wp\/v2\/users\/1"}],"replies":[{"embeddable":true,"href":"https:\/\/www.mates.it\/es\/wp-json\/wp\/v2\/comments?post=9480"}],"version-history":[{"count":0,"href":"https:\/\/www.mates.it\/es\/wp-json\/wp\/v2\/pages\/9480\/revisions"}],"up":[{"embeddable":true,"href":"https:\/\/www.mates.it\/es\/wp-json\/wp\/v2\/pages\/9391"}],"wp:featuredmedia":[{"embeddable":true,"href":"https:\/\/www.mates.it\/es\/wp-json\/wp\/v2\/media\/7275"}],"wp:attachment":[{"href":"https:\/\/www.mates.it\/es\/wp-json\/wp\/v2\/media?parent=9480"}],"curies":[{"name":"wp","href":"https:\/\/api.w.org\/{rel}","templated":true}]}}