{"id":9482,"date":"2015-09-16T15:10:29","date_gmt":"2015-09-16T13:10:29","guid":{"rendered":"https:\/\/www.mates.it\/prodotti\/materiali-anima-core\/foams-e\/"},"modified":"2023-06-26T22:08:49","modified_gmt":"2023-06-26T20:08:49","slug":"espumas","status":"publish","type":"page","link":"https:\/\/www.mates.it\/es\/productos\/nucleos-estructurales\/espumas\/","title":{"rendered":"Espumas"},"content":{"rendered":"\n<style type=\"text\/css\" data-created_by=\"avia_inline_auto\" id=\"style-css-av-av_image-daa8821c27e08385b4e9019ec69930a3\">\n.avia-image-container.av-av_image-daa8821c27e08385b4e9019ec69930a3 img.avia_image{\nbox-shadow:none;\n}\n.avia-image-container.av-av_image-daa8821c27e08385b4e9019ec69930a3 .av-image-caption-overlay-center{\ncolor:#ffffff;\n}\n<\/style>\n<div  class='avia-image-container av-av_image-daa8821c27e08385b4e9019ec69930a3 av-styling- avia-align-center  avia-builder-el-0  el_before_av_hr  avia-builder-el-first '  ><div class=\"avia-image-container-inner\"><div class=\"avia-image-overlay-wrap\"><img decoding=\"async\" fetchpriority=\"high\" class=\"wp-image- avia-img-lazy-loading-not- avia_image \" src=\"https:\/\/www.mates.it\/wp-content\/uploads\/2016\/06\/Cellula-chiusa.jpg\" alt=\"\" title=\"\"><\/div><\/div><\/div>\n<div  class='hr av-av_hr-91d7ccd583a503147498e120fee2ff9b hr-default  avia-builder-el-1  el_after_av_image  el_before_av_three_fifth '><span class='hr-inner '><span class=\"hr-inner-style\"><\/span><\/span><\/div>\n<div  class='flex_column av-av_three_fifth-7714eba142aeda1f8b5272a3c372b279 av_three_fifth  avia-builder-el-2  el_after_av_hr  el_before_av_two_fifth  first flex_column_div  '     ><p>\n<style type=\"text\/css\" data-created_by=\"avia_inline_auto\" id=\"style-css-av-av_heading-2f574dff502dda94122af72e3e4fd477\">\n#top .av-special-heading.av-av_heading-2f574dff502dda94122af72e3e4fd477{\npadding-bottom:10px;\n}\nbody .av-special-heading.av-av_heading-2f574dff502dda94122af72e3e4fd477 .av-special-heading-tag .heading-char{\nfont-size:25px;\n}\n.av-special-heading.av-av_heading-2f574dff502dda94122af72e3e4fd477 .av-subheading{\nfont-size:15px;\n}\n<\/style>\n<div  class='av-special-heading av-av_heading-2f574dff502dda94122af72e3e4fd477 av-special-heading-h1  avia-builder-el-3  el_before_av_textblock  avia-builder-el-first  custom-h1-title'><h1 class='av-special-heading-tag '  >Espansi<\/h1><div class=\"special-heading-border\"><div class=\"special-heading-inner-border\"><\/div><\/div><\/div><br \/>\n<section  class='av_textblock_section av-ljdajube-ce2b5c593765734a7de46b1cae493411 '  ><div class='avia_textblock' ><p>Las espumas se utilizan habitualmente como estructura interna en la creaci\u00f3n de productos compuestos que requieren las m\u00e1ximas prestaciones estructurales con la m\u00ednima absorci\u00f3n de resina, garantizando as\u00ed una importante reducci\u00f3n del peso final. Est\u00e1n especialmente indicados para construcciones s\u00e1ndwich en diferentes sectores, como el n\u00e1utico, e\u00f3lico, automoci\u00f3n, maquetas, para la producci\u00f3n de equipos y herramientas para el tiempo libre y en muchos otros campos. Este tipo de n\u00facleo est\u00e1 compuesto por una estructura r\u00edgida pero termoformable, por lo que puede moldearse consecutiva y simult\u00e1neamente con el laminado tanto en estructuras planas como en estructuras con formas no demasiado complejas, agilizando el proceso de producci\u00f3n.<\/p>\n<\/div><\/section><\/p><\/div><div  class='flex_column av-av_two_fifth-f1c518e9ff58e869f80c8f093487abc9 av_two_fifth  avia-builder-el-5  el_after_av_three_fifth  el_before_av_hr  flex_column_div  '     ><style type=\"text\/css\" data-created_by=\"avia_inline_auto\" id=\"style-css-av-ljdakj85-f744b6fab7b2628752090413711dd2aa\">\n#top .togglecontainer.av-ljdakj85-f744b6fab7b2628752090413711dd2aa h4.toggler{\nfont-size:14px;\n}\n#top .togglecontainer.av-ljdakj85-f744b6fab7b2628752090413711dd2aa h4.toggler.activeTitle{\ncolor:#ffffff;\nborder-color:#ffffff;\nbackground-color:#2682d3;\n}\n<\/style>\n<div  class='togglecontainer av-ljdakj85-f744b6fab7b2628752090413711dd2aa  avia-builder-el-6  avia-builder-el-no-sibling  accordion_product toggle_close_all hasCurrentStyle' >\n<section class='av_toggle_section av-ljdakeni-bb70009ee9516e7f370d8f64055dd82a' ><div role=\"tablist\" class=\"single_toggle\" data-tags=\"{Todo} \"  ><h4 id='toggle-toggle-id-1' data-fake-id='#toggle-id-1' class='toggler  activeTitle av-title-above '  role='tab' tabindex='0' aria-controls='toggle-id-1' data-slide-speed=\"200\" data-title=\"Ventajas\" data-title-open=\"\" data-aria_collapsed=\"Click to expand: Ventajas\" data-aria_expanded=\"Click to collapse: Ventajas\">Ventajas<span class=\"toggle_icon\"><span class=\"vert_icon\"><\/span><span class=\"hor_icon\"><\/span><\/span><\/h4><div id='toggle-id-1' aria-labelledby='toggle-toggle-id-1' role='region' class='toggle_wrap  active_tc av-title-above' style='display:block;' ><div class='toggle_content invers-color ' ><ul class=\"customlist1\">\n<li>Amplia gama<\/li>\n<li>Peso espec\u00edfico definido<\/li>\n<li>Estructura deformable<\/li>\n<li>Diversa naturaleza qu\u00edmica<\/li>\n<li>Amplia gama de precios<\/li>\n<\/ul>\n<\/div><\/div><\/div><\/section>\n<section class='av_toggle_section av-ljdakigo-6e0d80e969d48e595dec2a09bac349a0' ><div role=\"tablist\" class=\"single_toggle\" data-tags=\"{Todo} \"  ><h4 id='toggle-toggle-id-2' data-fake-id='#toggle-id-2' class='toggler  av-title-above '  role='tab' tabindex='0' aria-controls='toggle-id-2' data-slide-speed=\"200\" data-title=\"Tipos\" data-title-open=\"\" data-aria_collapsed=\"Click to expand: Tipos\" data-aria_expanded=\"Click to collapse: Tipos\">Tipos<span class=\"toggle_icon\"><span class=\"vert_icon\"><\/span><span class=\"hor_icon\"><\/span><\/span><\/h4><div id='toggle-id-2' aria-labelledby='toggle-toggle-id-2' role='region' class='toggle_wrap  av-title-above'  ><div class='toggle_content invers-color ' ><li class=\"page_item page-item-9554\"><a href=\"https:\/\/www.mates.it\/es\/productos\/nucleos-estructurales\/espumas\/pet-e\/\">PET<\/a><\/li>\n<li class=\"page_item page-item-9556\"><a href=\"https:\/\/www.mates.it\/es\/productos\/nucleos-estructurales\/espumas\/pvc-e\/\">PVC<\/a><\/li>\n<li class=\"page_item page-item-9571\"><a href=\"https:\/\/www.mates.it\/es\/productos\/nucleos-estructurales\/espumas\/pe-e\/\">PE<\/a><\/li>\n\n<\/div><\/div><\/div><\/section>\n<\/div><\/div><div  class='hr av-av_hr-91d7ccd583a503147498e120fee2ff9b hr-default  avia-builder-el-7  el_after_av_two_fifth  avia-builder-el-last '><span class='hr-inner '><span class=\"hr-inner-style\"><\/span><\/span><\/div><\/p>\n","protected":false},"excerpt":{"rendered":"<p>Las espumas se utilizan generalmente como estructura interna en la creaci\u00f3n de productos compuestos que requieren un rendimiento estructural m\u00e1ximo con una absorci\u00f3n de resina m\u00ednima.<\/p>\n","protected":false},"author":1,"featured_media":7287,"parent":9391,"menu_order":1,"comment_status":"open","ping_status":"open","template":"","meta":{"footnotes":""},"class_list":["post-9482","page","type-page","status-publish","has-post-thumbnail","hentry"],"_links":{"self":[{"href":"https:\/\/www.mates.it\/es\/wp-json\/wp\/v2\/pages\/9482","targetHints":{"allow":["GET"]}}],"collection":[{"href":"https:\/\/www.mates.it\/es\/wp-json\/wp\/v2\/pages"}],"about":[{"href":"https:\/\/www.mates.it\/es\/wp-json\/wp\/v2\/types\/page"}],"author":[{"embeddable":true,"href":"https:\/\/www.mates.it\/es\/wp-json\/wp\/v2\/users\/1"}],"replies":[{"embeddable":true,"href":"https:\/\/www.mates.it\/es\/wp-json\/wp\/v2\/comments?post=9482"}],"version-history":[{"count":0,"href":"https:\/\/www.mates.it\/es\/wp-json\/wp\/v2\/pages\/9482\/revisions"}],"up":[{"embeddable":true,"href":"https:\/\/www.mates.it\/es\/wp-json\/wp\/v2\/pages\/9391"}],"wp:featuredmedia":[{"embeddable":true,"href":"https:\/\/www.mates.it\/es\/wp-json\/wp\/v2\/media\/7287"}],"wp:attachment":[{"href":"https:\/\/www.mates.it\/es\/wp-json\/wp\/v2\/media?parent=9482"}],"curies":[{"name":"wp","href":"https:\/\/api.w.org\/{rel}","templated":true}]}}