{"id":9484,"date":"2015-09-16T15:10:30","date_gmt":"2015-09-16T13:10:30","guid":{"rendered":"https:\/\/www.mates.it\/prodotti\/materiali-anima-core\/needled-e\/"},"modified":"2023-06-28T16:23:35","modified_gmt":"2023-06-28T14:23:35","slug":"agujado","status":"publish","type":"page","link":"https:\/\/www.mates.it\/es\/productos\/nucleos-estructurales\/agujado\/","title":{"rendered":"Agujado"},"content":{"rendered":"\n<style type=\"text\/css\" data-created_by=\"avia_inline_auto\" id=\"style-css-av-av_image-ad84e5dd7a37549b077c717aba31ff0d\">\n.avia-image-container.av-av_image-ad84e5dd7a37549b077c717aba31ff0d img.avia_image{\nbox-shadow:none;\n}\n.avia-image-container.av-av_image-ad84e5dd7a37549b077c717aba31ff0d .av-image-caption-overlay-center{\ncolor:#ffffff;\n}\n<\/style>\n<div  class='avia-image-container av-av_image-ad84e5dd7a37549b077c717aba31ff0d av-styling- avia-align-center  avia-builder-el-0  el_before_av_hr  avia-builder-el-first '  ><div class=\"avia-image-container-inner\"><div class=\"avia-image-overlay-wrap\"><img decoding=\"async\" fetchpriority=\"high\" class=\"wp-image- avia-img-lazy-loading-not- avia_image \" src=\"https:\/\/www.mates.it\/wp-content\/uploads\/2016\/06\/Coremat.jpg\" alt=\"\" title=\"\"><\/div><\/div><\/div>\n<div  class='hr av-av_hr-91d7ccd583a503147498e120fee2ff9b hr-default  avia-builder-el-1  el_after_av_image  el_before_av_three_fifth '><span class='hr-inner '><span class=\"hr-inner-style\"><\/span><\/span><\/div>\n<div  class='flex_column av-av_three_fifth-7714eba142aeda1f8b5272a3c372b279 av_three_fifth  avia-builder-el-2  el_after_av_hr  el_before_av_two_fifth  first flex_column_div  '     ><p>\n<style type=\"text\/css\" data-created_by=\"avia_inline_auto\" id=\"style-css-av-av_heading-7b75164f02ab71acff31f24d9e6dcdc3\">\n#top .av-special-heading.av-av_heading-7b75164f02ab71acff31f24d9e6dcdc3{\npadding-bottom:10px;\n}\nbody .av-special-heading.av-av_heading-7b75164f02ab71acff31f24d9e6dcdc3 .av-special-heading-tag .heading-char{\nfont-size:25px;\n}\n.av-special-heading.av-av_heading-7b75164f02ab71acff31f24d9e6dcdc3 .av-subheading{\nfont-size:15px;\n}\n<\/style>\n<div  class='av-special-heading av-av_heading-7b75164f02ab71acff31f24d9e6dcdc3 av-special-heading-h1  avia-builder-el-3  el_before_av_textblock  avia-builder-el-first  custom-h1-title'><h1 class='av-special-heading-tag '  >Agugliati<\/h1><div class=\"special-heading-border\"><div class=\"special-heading-inner-border\"><\/div><\/div><\/div><br \/>\n<section  class='av_textblock_section av-ljegvftm-c682a48158409b5cbabe335d1d6d6ab4 '  ><div class='avia_textblock' ><p>Los n\u00facleos estructurales agujado suelen utilizarse como estructura interna en fabricaciones de composites de peque\u00f1as dimensiones o formas complejas, que no pueden reproducirse con l\u00e1minas r\u00edgidas. A diferencia de otros tipos, estos refuerzos internos son capaces de absorber parte de la resina resultante de la laminaci\u00f3n, garantizando as\u00ed la formaci\u00f3n de una estructura \u00fanica totalmente integrada y unida a las fibras y tejidos de refuerzo, sin a\u00f1adir sustancialmente peso al laminado. Gracias a esta caracter\u00edstica, es posible crear productos muy ligeros con est\u00e1ndares mec\u00e1nicos muy elevados.<\/p>\n<\/div><\/section><\/p><\/div>\n<div  class='flex_column av-av_two_fifth-f1c518e9ff58e869f80c8f093487abc9 av_two_fifth  avia-builder-el-5  el_after_av_three_fifth  el_before_av_hr  flex_column_div  '     ><style type=\"text\/css\" data-created_by=\"avia_inline_auto\" id=\"style-css-av-ljft4ape-fba1824ffcf84dfafb3dd7f135e5398e\">\n#top .togglecontainer.av-ljft4ape-fba1824ffcf84dfafb3dd7f135e5398e h4.toggler{\nfont-size:14px;\n}\n#top .togglecontainer.av-ljft4ape-fba1824ffcf84dfafb3dd7f135e5398e h4.toggler.activeTitle{\ncolor:#ffffff;\nborder-color:#ffffff;\nbackground-color:#2682d3;\n}\n<\/style>\n<div  class='togglecontainer av-ljft4ape-fba1824ffcf84dfafb3dd7f135e5398e  avia-builder-el-6  avia-builder-el-no-sibling  accordion_product toggle_close_all hasCurrentStyle' >\n<section class='av_toggle_section av-ljft47k8-1838cf51e9dded939d056ad791567875' ><div role=\"tablist\" class=\"single_toggle\" data-tags=\"{Todo} \"  ><h4 id='toggle-toggle-id-1' data-fake-id='#toggle-id-1' class='toggler  activeTitle av-title-above '  role='tab' tabindex='0' aria-controls='toggle-id-1' data-slide-speed=\"200\" data-title=\"Ventajas \" data-title-open=\"\" data-aria_collapsed=\"Click to expand: Ventajas \" data-aria_expanded=\"Click to collapse: Ventajas \">Ventajas <span class=\"toggle_icon\"><span class=\"vert_icon\"><\/span><span class=\"hor_icon\"><\/span><\/span><\/h4><div id='toggle-id-1' aria-labelledby='toggle-toggle-id-1' role='region' class='toggle_wrap  active_tc av-title-above' style='display:block;' ><div class='toggle_content invers-color ' ><ul class=\"customlist1\">\n<li>Reducci\u00f3n de costo<\/li>\n<li>Racionalizaci\u00f3n de procesos<\/li>\n<li>Resultados \u00fanicos en la categor\u00eda<\/li>\n<li>Naturaleza qu\u00edmica variable<\/li>\n<li>Estructura combinada<\/li>\n<\/ul>\n<\/div><\/div><\/div><\/section>\n<section class='av_toggle_section av-ljft4a5z-a70b37eaeb29d80c8d21b252a7bbfaaf' ><div role=\"tablist\" class=\"single_toggle\" data-tags=\"{Todo} \"  ><h4 id='toggle-toggle-id-2' data-fake-id='#toggle-id-2' class='toggler  av-title-above '  role='tab' tabindex='0' aria-controls='toggle-id-2' data-slide-speed=\"200\" data-title=\"Tipos\" data-title-open=\"\" data-aria_collapsed=\"Click to expand: Tipos\" data-aria_expanded=\"Click to collapse: Tipos\">Tipos<span class=\"toggle_icon\"><span class=\"vert_icon\"><\/span><span class=\"hor_icon\"><\/span><\/span><\/h4><div id='toggle-id-2' aria-labelledby='toggle-toggle-id-2' role='region' class='toggle_wrap  av-title-above'  ><div class='toggle_content invers-color ' ><ul class=\"customlist2\">\n<li><a href=\"https:\/\/fileserver.mates.it\/Prodotti\/4_Anime\/TDS\/Mates\/Policore\/PCK160_DS.pdf\" target=\"_blank\" rel=\"noopener noreferrer\">PK 160<\/a><\/li>\n<li><a href=\"https:\/\/fileserver.mates.it\/Prodotti\/4_Anime\/TDS\/Mates\/Policore\/PPP170_DS.pdf\" target=\"_blank\" rel=\"noopener noreferrer\">PP 170<\/a><\/li>\n<li><a href=\"https:\/\/fileserver.mates.it\/Prodotti\/4_Anime\/TDS\/Mates\/Policore\/PCC190_DS.pdf\" target=\"_blank\" rel=\"noopener noreferrer\">CC 190<\/a><\/li>\n<\/ul>\n<\/div><\/div><\/div><\/section>\n<\/div><\/div><div  class='hr av-av_hr-91d7ccd583a503147498e120fee2ff9b hr-default  avia-builder-el-7  el_after_av_two_fifth  avia-builder-el-last '><span class='hr-inner '><span class=\"hr-inner-style\"><\/span><\/span><\/div><\/p>\n","protected":false},"excerpt":{"rendered":"<p>Los n\u00facleos estructurales agujado suelen utilizarse como estructura interna en la fabricaci\u00f3n de productos compuestos de dimensiones reducidas o formas complejas.<\/p>\n","protected":false},"author":1,"featured_media":7283,"parent":9391,"menu_order":4,"comment_status":"open","ping_status":"open","template":"","meta":{"footnotes":""},"class_list":["post-9484","page","type-page","status-publish","has-post-thumbnail","hentry"],"_links":{"self":[{"href":"https:\/\/www.mates.it\/es\/wp-json\/wp\/v2\/pages\/9484","targetHints":{"allow":["GET"]}}],"collection":[{"href":"https:\/\/www.mates.it\/es\/wp-json\/wp\/v2\/pages"}],"about":[{"href":"https:\/\/www.mates.it\/es\/wp-json\/wp\/v2\/types\/page"}],"author":[{"embeddable":true,"href":"https:\/\/www.mates.it\/es\/wp-json\/wp\/v2\/users\/1"}],"replies":[{"embeddable":true,"href":"https:\/\/www.mates.it\/es\/wp-json\/wp\/v2\/comments?post=9484"}],"version-history":[{"count":0,"href":"https:\/\/www.mates.it\/es\/wp-json\/wp\/v2\/pages\/9484\/revisions"}],"up":[{"embeddable":true,"href":"https:\/\/www.mates.it\/es\/wp-json\/wp\/v2\/pages\/9391"}],"wp:featuredmedia":[{"embeddable":true,"href":"https:\/\/www.mates.it\/es\/wp-json\/wp\/v2\/media\/7283"}],"wp:attachment":[{"href":"https:\/\/www.mates.it\/es\/wp-json\/wp\/v2\/media?parent=9484"}],"curies":[{"name":"wp","href":"https:\/\/api.w.org\/{rel}","templated":true}]}}