{"id":9488,"date":"2015-09-16T16:25:42","date_gmt":"2015-09-16T14:25:42","guid":{"rendered":"https:\/\/www.mates.it\/prodotti\/ausiliari-di-processo\/films-separadores\/"},"modified":"2023-06-27T23:46:47","modified_gmt":"2023-06-27T21:46:47","slug":"films-separadores","status":"publish","type":"page","link":"https:\/\/www.mates.it\/es\/productos\/materiales-de_proceso\/films-separadores\/","title":{"rendered":"Films separadores"},"content":{"rendered":"\n<style type=\"text\/css\" data-created_by=\"avia_inline_auto\" id=\"style-css-av-av_image-1a45b964980813f364ca404029828d53\">\n.avia-image-container.av-av_image-1a45b964980813f364ca404029828d53 img.avia_image{\nbox-shadow:none;\n}\n.avia-image-container.av-av_image-1a45b964980813f364ca404029828d53 .av-image-caption-overlay-center{\ncolor:#ffffff;\n}\n<\/style>\n<div  class='avia-image-container av-av_image-1a45b964980813f364ca404029828d53 av-styling- avia-align-center  avia-builder-el-0  el_before_av_hr  avia-builder-el-first '  ><div class=\"avia-image-container-inner\"><div class=\"avia-image-overlay-wrap\"><img decoding=\"async\" fetchpriority=\"high\" class=\"wp-image- avia-img-lazy-loading-not- avia_image \" src=\"https:\/\/www.mates.it\/wp-content\/uploads\/2016\/06\/Film-distaccanti.jpg\" alt=\"\" title=\"\"><\/div><\/div><\/div>\n<div  class='hr av-av_hr-91d7ccd583a503147498e120fee2ff9b hr-default  avia-builder-el-1  el_after_av_image  el_before_av_three_fifth '><span class='hr-inner '><span class=\"hr-inner-style\"><\/span><\/span><\/div>\n<div  class='flex_column av-av_three_fifth-7714eba142aeda1f8b5272a3c372b279 av_three_fifth  avia-builder-el-2  el_after_av_hr  el_before_av_two_fifth  first flex_column_div  '     ><p>\n<style type=\"text\/css\" data-created_by=\"avia_inline_auto\" id=\"style-css-av-ljethgf4-9281daea37b94220b7b765a578020dc2\">\n#top .av-special-heading.av-ljethgf4-9281daea37b94220b7b765a578020dc2{\npadding-bottom:10px;\n}\nbody .av-special-heading.av-ljethgf4-9281daea37b94220b7b765a578020dc2 .av-special-heading-tag .heading-char{\nfont-size:25px;\n}\n.av-special-heading.av-ljethgf4-9281daea37b94220b7b765a578020dc2 .av-subheading{\nfont-size:15px;\n}\n<\/style>\n<div  class='av-special-heading av-ljethgf4-9281daea37b94220b7b765a578020dc2 av-special-heading-h1  avia-builder-el-3  el_before_av_textblock  avia-builder-el-first  custom-h1-title'><h1 class='av-special-heading-tag '  >Films separadores<\/h1><div class=\"special-heading-border\"><div class=\"special-heading-inner-border\"><\/div><\/div><\/div><br \/>\n<section  class='av_textblock_section av-ljethscw-20c339d017d86c0702fc67cca2d472ed '  ><div class='avia_textblock' ><p>Amplia gama de films fabricados con materiales pretratados y por tanto aptos para el desprendimiento de resina, espec\u00edficos para el procesado a baja, media o alta temperatura. Para ser utilizado como desmoldeante entre el molde y la primera capa, en moldes no demasiado complejos por su escasa capacidad de drapeado, y como pel\u00edcula separadora entre el tejido peelply y el fieltro aireador para tener un c\u00f3modo desprendimiento de este \u00faltimo (recomendamos Pel\u00edculas perforadas P3) en laminaciones al vac\u00edo y entre capa pelable y medios de propagaci\u00f3n de aire (recomendamos perforaci\u00f3n P1) en laminaci\u00f3n por infusi\u00f3n. Tambi\u00e9n excelente en la producci\u00f3n de losas y laminados planos en s\u00e1ndwich. M\u00e1xima comodidad cuando se utiliza entre el laminado y el contramolde, solo elementos no perforados, para evitar la uni\u00f3n permanente de las dos partes.<\/p>\n<\/div><\/section><\/p><\/div><div  class='flex_column av-av_two_fifth-f1c518e9ff58e869f80c8f093487abc9 av_two_fifth  avia-builder-el-5  el_after_av_three_fifth  el_before_av_hr  flex_column_div  '     ><style type=\"text\/css\" data-created_by=\"avia_inline_auto\" id=\"style-css-av-ljetiaw8-267f8013646487b9c5745fbcbef0e852\">\n#top .togglecontainer.av-ljetiaw8-267f8013646487b9c5745fbcbef0e852 h4.toggler{\nfont-size:14px;\n}\n#top .togglecontainer.av-ljetiaw8-267f8013646487b9c5745fbcbef0e852 h4.toggler.activeTitle{\ncolor:#ffffff;\nborder-color:#ffffff;\nbackground-color:#2682d3;\n}\n<\/style>\n<div  class='togglecontainer av-ljetiaw8-267f8013646487b9c5745fbcbef0e852  avia-builder-el-6  avia-builder-el-no-sibling  accordion_product toggle_close_all hasCurrentStyle' >\n<section class='av_toggle_section av-ljeti773-0667b48b85fef16d15beaae249874922' ><div role=\"tablist\" class=\"single_toggle\" data-tags=\"{Todo} \"  ><h4 id='toggle-toggle-id-1' data-fake-id='#toggle-id-1' class='toggler  activeTitle av-title-above '  role='tab' tabindex='0' aria-controls='toggle-id-1' data-slide-speed=\"200\" data-title=\"Ventajas\" data-title-open=\"\" data-aria_collapsed=\"Click to expand: Ventajas\" data-aria_expanded=\"Click to collapse: Ventajas\">Ventajas<span class=\"toggle_icon\"><span class=\"vert_icon\"><\/span><span class=\"hor_icon\"><\/span><\/span><\/h4><div id='toggle-id-1' aria-labelledby='toggle-toggle-id-1' role='region' class='toggle_wrap  active_tc av-title-above' style='display:block;' ><div class='toggle_content invers-color ' ><ul class=\"customlist1\">\n<li>Apto para cualquier temperatura<\/li>\n<li>Diferentes alturas de rollo<\/li>\n<li>Especifique el uso previsto<\/li>\n<li>Reutilizable (PTFE)<\/li>\n<li>Reducci\u00f3n de los tiempos de producci\u00f3n<\/li>\n<\/ul>\n<\/div><\/div><\/div><\/section>\n<section class='av_toggle_section av-ljetia3r-e6d50b4264dd73e6472c223a1b828795' ><div role=\"tablist\" class=\"single_toggle\" data-tags=\"{Todo} \"  ><h4 id='toggle-toggle-id-2' data-fake-id='#toggle-id-2' class='toggler  av-title-above '  role='tab' tabindex='0' aria-controls='toggle-id-2' data-slide-speed=\"200\" data-title=\"Tipos\" data-title-open=\"\" data-aria_collapsed=\"Click to expand: Tipos\" data-aria_expanded=\"Click to collapse: Tipos\">Tipos<span class=\"toggle_icon\"><span class=\"vert_icon\"><\/span><span class=\"hor_icon\"><\/span><\/span><\/h4><div id='toggle-id-2' aria-labelledby='toggle-toggle-id-2' role='region' class='toggle_wrap  av-title-above'  ><div class='toggle_content invers-color ' ><li class=\"page_item page-item-9562\"><a href=\"https:\/\/www.mates.it\/es\/productos\/materiales-de_proceso\/films-separadores\/multicapa\/\">Multicapa<\/a><\/li>\n<li class=\"page_item page-item-9563\"><a href=\"https:\/\/www.mates.it\/es\/productos\/materiales-de_proceso\/films-separadores\/fluorado\/\">Fluorado<\/a><\/li>\n<li class=\"page_item page-item-9564\"><a href=\"https:\/\/www.mates.it\/es\/productos\/materiales-de_proceso\/films-separadores\/autoadhesivos\/\">Autoadhesivos<\/a><\/li>\n\n<\/div><\/div><\/div><\/section>\n<\/div><\/div><div  class='hr av-av_hr-91d7ccd583a503147498e120fee2ff9b hr-default  avia-builder-el-7  el_after_av_two_fifth  avia-builder-el-last '><span class='hr-inner '><span class=\"hr-inner-style\"><\/span><\/span><\/div><\/p>\n","protected":false},"excerpt":{"rendered":"<p>Amplia gama de films fabricados con materiales pretratados y por tanto aptos para el desprendimiento de resina, espec\u00edficos para el procesado a bajas, medias o altas temperaturas, m\u00e1xima fiabilidad.<\/p>\n","protected":false},"author":1,"featured_media":7307,"parent":9393,"menu_order":2,"comment_status":"open","ping_status":"open","template":"","meta":{"footnotes":""},"class_list":["post-9488","page","type-page","status-publish","has-post-thumbnail","hentry"],"_links":{"self":[{"href":"https:\/\/www.mates.it\/es\/wp-json\/wp\/v2\/pages\/9488","targetHints":{"allow":["GET"]}}],"collection":[{"href":"https:\/\/www.mates.it\/es\/wp-json\/wp\/v2\/pages"}],"about":[{"href":"https:\/\/www.mates.it\/es\/wp-json\/wp\/v2\/types\/page"}],"author":[{"embeddable":true,"href":"https:\/\/www.mates.it\/es\/wp-json\/wp\/v2\/users\/1"}],"replies":[{"embeddable":true,"href":"https:\/\/www.mates.it\/es\/wp-json\/wp\/v2\/comments?post=9488"}],"version-history":[{"count":0,"href":"https:\/\/www.mates.it\/es\/wp-json\/wp\/v2\/pages\/9488\/revisions"}],"up":[{"embeddable":true,"href":"https:\/\/www.mates.it\/es\/wp-json\/wp\/v2\/pages\/9393"}],"wp:featuredmedia":[{"embeddable":true,"href":"https:\/\/www.mates.it\/es\/wp-json\/wp\/v2\/media\/7307"}],"wp:attachment":[{"href":"https:\/\/www.mates.it\/es\/wp-json\/wp\/v2\/media?parent=9488"}],"curies":[{"name":"wp","href":"https:\/\/api.w.org\/{rel}","templated":true}]}}