{"id":9490,"date":"2015-09-16T16:25:42","date_gmt":"2015-09-16T14:25:42","guid":{"rendered":"https:\/\/www.mates.it\/prodotti\/ausiliari-di-processo\/auxiliares-de-flujo\/"},"modified":"2023-06-28T19:25:05","modified_gmt":"2023-06-28T17:25:05","slug":"medios-de-flujo","status":"publish","type":"page","link":"https:\/\/www.mates.it\/es\/productos\/materiales-de_proceso\/medios-de-flujo\/","title":{"rendered":"Medios de flujo"},"content":{"rendered":"\n<style type=\"text\/css\" data-created_by=\"avia_inline_auto\" id=\"style-css-av-av_image-7863488916e89dc5907529a926597fb1\">\n.avia-image-container.av-av_image-7863488916e89dc5907529a926597fb1 img.avia_image{\nbox-shadow:none;\n}\n.avia-image-container.av-av_image-7863488916e89dc5907529a926597fb1 .av-image-caption-overlay-center{\ncolor:#ffffff;\n}\n<\/style>\n<div  class='avia-image-container av-av_image-7863488916e89dc5907529a926597fb1 av-styling- avia-align-center  avia-builder-el-0  el_before_av_hr  avia-builder-el-first '  ><div class=\"avia-image-container-inner\"><div class=\"avia-image-overlay-wrap\"><img decoding=\"async\" fetchpriority=\"high\" class=\"wp-image- avia-img-lazy-loading-not- avia_image \" src=\"https:\/\/www.mates.it\/wp-content\/uploads\/2016\/06\/Mezzi-di-flusso.jpg\" alt=\"\" title=\"\"><\/div><\/div><\/div>\n<div  class='hr av-av_hr-91d7ccd583a503147498e120fee2ff9b hr-default  avia-builder-el-1  el_after_av_image  el_before_av_three_fifth '><span class='hr-inner '><span class=\"hr-inner-style\"><\/span><\/span><\/div>\n<div  class='flex_column av-av_three_fifth-7714eba142aeda1f8b5272a3c372b279 av_three_fifth  avia-builder-el-2  el_after_av_hr  el_before_av_two_fifth  first flex_column_div  '     ><p>\n<style type=\"text\/css\" data-created_by=\"avia_inline_auto\" id=\"style-css-av-ljfzln3x-65b262f48c29404629a0066bc2a8f62c\">\n#top .av-special-heading.av-ljfzln3x-65b262f48c29404629a0066bc2a8f62c{\npadding-bottom:10px;\n}\nbody .av-special-heading.av-ljfzln3x-65b262f48c29404629a0066bc2a8f62c .av-special-heading-tag .heading-char{\nfont-size:25px;\n}\n.av-special-heading.av-ljfzln3x-65b262f48c29404629a0066bc2a8f62c .av-subheading{\nfont-size:15px;\n}\n<\/style>\n<div  class='av-special-heading av-ljfzln3x-65b262f48c29404629a0066bc2a8f62c av-special-heading-h1  avia-builder-el-3  el_before_av_textblock  avia-builder-el-first  custom-h1-title'><h1 class='av-special-heading-tag '  >Medios de flujo<\/h1><div class=\"special-heading-border\"><div class=\"special-heading-inner-border\"><\/div><\/div><\/div><br \/>\n<section  class='av_textblock_section av-ljfzjyu1-16f163d720f464d82efb1f12e3aa4f3c '  ><div class='avia_textblock' ><p>Una selecci\u00f3n de productos espec\u00edficos para la propagaci\u00f3n de fluidos de viscosidad variable en moldes cerrados, ayudan a una correcta impregnaci\u00f3n de los tejidos, habitualmente denominados laminados, en procesos como la infusi\u00f3n o en procesos denominados VARTM (Vacuum Assisted Resin Transfer Moulding). No siempre es necesario utilizar esta clase de productos en toda la superficie del producto, de hecho se pueden posicionar selectivamente para aumentar el flujo de resina en \u00e1reas espec\u00edficas del molde, aumentando su velocidad de flujo. Hemos seleccionado los mejores medios de flujo del mercado capaces de garantizar un aumento en la velocidad de flujo, tambi\u00e9n disponibles junto con nuestras pel\u00edculas perforadas. Por tanto, envases listos para usar que consiguen garantizar un aumento de la velocidad en la producci\u00f3n de un producto compuesto.<\/p>\n<\/div><\/section><\/p><\/div><div  class='flex_column av-av_two_fifth-f1c518e9ff58e869f80c8f093487abc9 av_two_fifth  avia-builder-el-5  el_after_av_three_fifth  el_before_av_hr  flex_column_div  '     ><style type=\"text\/css\" data-created_by=\"avia_inline_auto\" id=\"style-css-av-ljfzkj99-24c50842c007dcbd5bca6708d983620f\">\n#top .togglecontainer.av-ljfzkj99-24c50842c007dcbd5bca6708d983620f h4.toggler{\nfont-size:14px;\n}\n#top .togglecontainer.av-ljfzkj99-24c50842c007dcbd5bca6708d983620f h4.toggler.activeTitle{\ncolor:#ffffff;\nborder-color:#ffffff;\nbackground-color:#2682d3;\n}\n<\/style>\n<div  class='togglecontainer av-ljfzkj99-24c50842c007dcbd5bca6708d983620f  avia-builder-el-6  avia-builder-el-no-sibling  accordion_product toggle_close_all hasCurrentStyle' >\n<section class='av_toggle_section av-ljfzkfjg-b5d051f455d4edef79c7a01867a87004' ><div role=\"tablist\" class=\"single_toggle\" data-tags=\"{Todo} \"  ><h4 id='toggle-toggle-id-1' data-fake-id='#toggle-id-1' class='toggler  activeTitle av-title-above '  role='tab' tabindex='0' aria-controls='toggle-id-1' data-slide-speed=\"200\" data-title=\"Ventajas\" data-title-open=\"\" data-aria_collapsed=\"Click to expand: Ventajas\" data-aria_expanded=\"Click to collapse: Ventajas\">Ventajas<span class=\"toggle_icon\"><span class=\"vert_icon\"><\/span><span class=\"hor_icon\"><\/span><\/span><\/h4><div id='toggle-id-1' aria-labelledby='toggle-toggle-id-1' role='region' class='toggle_wrap  active_tc av-title-above' style='display:block;' ><div class='toggle_content invers-color ' ><ul class=\"customlist1\">\n<li>Diferentes velocidades de transmisi\u00f3n<\/li>\n<li>Disponible en m\u00faltiples soluciones<\/li>\n<li>Especificidad del proceso<\/li>\n<li>Bajo desperdicio de resina<\/li>\n<\/ul>\n<\/div><\/div><\/div><\/section>\n<section class='av_toggle_section av-ljfzkia3-d8371d068508fd311f23b3566322bfdb' ><div role=\"tablist\" class=\"single_toggle\" data-tags=\"{Todo} \"  ><h4 id='toggle-toggle-id-2' data-fake-id='#toggle-id-2' class='toggler  av-title-above '  role='tab' tabindex='0' aria-controls='toggle-id-2' data-slide-speed=\"200\" data-title=\"Tipos\" data-title-open=\"\" data-aria_collapsed=\"Click to expand: Tipos\" data-aria_expanded=\"Click to collapse: Tipos\">Tipos<span class=\"toggle_icon\"><span class=\"vert_icon\"><\/span><span class=\"hor_icon\"><\/span><\/span><\/h4><div id='toggle-id-2' aria-labelledby='toggle-toggle-id-2' role='region' class='toggle_wrap  av-title-above'  ><div class='toggle_content invers-color ' ><li class=\"page_item page-item-9567\"><a href=\"https:\/\/www.mates.it\/es\/productos\/materiales-de_proceso\/medios-de-flujo\/mallas-de-distribucion\/\">Mallas de distribuci\u00f3n<\/a><\/li>\n<li class=\"page_item page-item-21149\"><a href=\"https:\/\/www.mates.it\/es\/productos\/materiales-de_proceso\/medios-de-flujo\/canales-barreras\/\">Canales \/ Barreras<\/a><\/li>\n<li class=\"page_item page-item-9568\"><a href=\"https:\/\/www.mates.it\/es\/productos\/materiales-de_proceso\/medios-de-flujo\/trenzas-de-flujo\/\">Trenzas de flujo<\/a><\/li>\n<li class=\"page_item page-item-9569\"><a href=\"https:\/\/www.mates.it\/es\/productos\/materiales-de_proceso\/medios-de-flujo\/tubos-espirales\/\">Tubos espirales<\/a><\/li>\n\n<\/div><\/div><\/div><\/section>\n<\/div><\/div><div  class='hr av-av_hr-91d7ccd583a503147498e120fee2ff9b hr-default  avia-builder-el-7  el_after_av_two_fifth  avia-builder-el-last '><span class='hr-inner '><span class=\"hr-inner-style\"><\/span><\/span><\/div><\/p>\n","protected":false},"excerpt":{"rendered":"<p>Selecci\u00f3n de productos espec\u00edficos para la propagaci\u00f3n de fluidos de viscosidad variable en moldes cerrados, ayudando a obtener una correcta y completa impregnaci\u00f3n del laminado.<\/p>\n","protected":false},"author":1,"featured_media":7315,"parent":9393,"menu_order":5,"comment_status":"open","ping_status":"open","template":"","meta":{"footnotes":""},"class_list":["post-9490","page","type-page","status-publish","has-post-thumbnail","hentry"],"_links":{"self":[{"href":"https:\/\/www.mates.it\/es\/wp-json\/wp\/v2\/pages\/9490","targetHints":{"allow":["GET"]}}],"collection":[{"href":"https:\/\/www.mates.it\/es\/wp-json\/wp\/v2\/pages"}],"about":[{"href":"https:\/\/www.mates.it\/es\/wp-json\/wp\/v2\/types\/page"}],"author":[{"embeddable":true,"href":"https:\/\/www.mates.it\/es\/wp-json\/wp\/v2\/users\/1"}],"replies":[{"embeddable":true,"href":"https:\/\/www.mates.it\/es\/wp-json\/wp\/v2\/comments?post=9490"}],"version-history":[{"count":0,"href":"https:\/\/www.mates.it\/es\/wp-json\/wp\/v2\/pages\/9490\/revisions"}],"up":[{"embeddable":true,"href":"https:\/\/www.mates.it\/es\/wp-json\/wp\/v2\/pages\/9393"}],"wp:featuredmedia":[{"embeddable":true,"href":"https:\/\/www.mates.it\/es\/wp-json\/wp\/v2\/media\/7315"}],"wp:attachment":[{"href":"https:\/\/www.mates.it\/es\/wp-json\/wp\/v2\/media?parent=9490"}],"curies":[{"name":"wp","href":"https:\/\/api.w.org\/{rel}","templated":true}]}}