{"id":9492,"date":"2015-09-16T16:25:52","date_gmt":"2015-09-16T14:25:52","guid":{"rendered":"https:\/\/www.mates.it\/prodotti\/ausiliari-di-processo\/mantas-absorcion\/"},"modified":"2023-06-28T17:01:00","modified_gmt":"2023-06-28T15:01:00","slug":"mantas-absorcion","status":"publish","type":"page","link":"https:\/\/www.mates.it\/es\/productos\/materiales-de_proceso\/mantas-absorcion\/","title":{"rendered":"Mantas absorci\u00f3n"},"content":{"rendered":"\n<style type=\"text\/css\" data-created_by=\"avia_inline_auto\" id=\"style-css-av-av_image-2107402bb8cb538943cf417da3a22a99\">\n.avia-image-container.av-av_image-2107402bb8cb538943cf417da3a22a99 img.avia_image{\nbox-shadow:none;\n}\n.avia-image-container.av-av_image-2107402bb8cb538943cf417da3a22a99 .av-image-caption-overlay-center{\ncolor:#ffffff;\n}\n<\/style>\n<div  class='avia-image-container av-av_image-2107402bb8cb538943cf417da3a22a99 av-styling- avia-align-center  avia-builder-el-0  el_before_av_hr  avia-builder-el-first '  ><div class=\"avia-image-container-inner\"><div class=\"avia-image-overlay-wrap\"><img decoding=\"async\" fetchpriority=\"high\" class=\"wp-image- avia-img-lazy-loading-not- avia_image \" src=\"https:\/\/www.mates.it\/wp-content\/uploads\/2016\/06\/Feltri-aeratori.jpg\" alt=\"\" title=\"\"><\/div><\/div><\/div>\n<div  class='hr av-av_hr-91d7ccd583a503147498e120fee2ff9b hr-default  avia-builder-el-1  el_after_av_image  el_before_av_three_fifth '><span class='hr-inner '><span class=\"hr-inner-style\"><\/span><\/span><\/div>\n<div  class='flex_column av-av_three_fifth-7714eba142aeda1f8b5272a3c372b279 av_three_fifth  avia-builder-el-2  el_after_av_hr  el_before_av_two_fifth  first flex_column_div  '     ><p>\n<style type=\"text\/css\" data-created_by=\"avia_inline_auto\" id=\"style-css-av-ljfugf2r-12d582cd30ca8d95193af9fe0700b626\">\n#top .av-special-heading.av-ljfugf2r-12d582cd30ca8d95193af9fe0700b626{\npadding-bottom:10px;\n}\nbody .av-special-heading.av-ljfugf2r-12d582cd30ca8d95193af9fe0700b626 .av-special-heading-tag .heading-char{\nfont-size:25px;\n}\n.av-special-heading.av-ljfugf2r-12d582cd30ca8d95193af9fe0700b626 .av-subheading{\nfont-size:15px;\n}\n<\/style>\n<div  class='av-special-heading av-ljfugf2r-12d582cd30ca8d95193af9fe0700b626 av-special-heading-h1  avia-builder-el-3  el_before_av_textblock  avia-builder-el-first  custom-h1-title'><h1 class='av-special-heading-tag '  >Mantas absorci\u00f3n<\/h1><div class=\"special-heading-border\"><div class=\"special-heading-inner-border\"><\/div><\/div><\/div><br \/>\n<section  class='av_textblock_section av-ljfudvr5-0335af19c3c1d90b3d005f9b61f30308 '  ><div class='avia_textblock' ><p>Las mantas de absorci\u00f3n es un producto utilizado por la mayor\u00eda de nuestros clientes, imprescindible para un correcto procesado al vac\u00edo a presi\u00f3n ambiente o en autoclave. \u00datil para fabricar art\u00edculos manufacturados de cualquier tama\u00f1o, con un excelente equilibrio entre la resina y las fibras, permite el paso de aire a presi\u00f3n en el interior del art\u00edculo manufacturado que, al extenderse homog\u00e9neamente, favorece la salida del exceso de resina para mejorar las cualidades estructurales y la ligereza del componente fabricado.<br \/>\nEl aireador tambi\u00e9n es un excelente indicador de la calidad final de un producto: si en lugar de te\u00f1irse con resina se impregna por completo, la pieza podr\u00eda tener una menor resistencia mec\u00e1nica. De hecho, si est\u00e1 h\u00famedo pierde su espesor espec\u00edfico y por lo tanto su capacidad para favorecer el flujo de aire.<\/p>\n<\/div><\/section><\/p><\/div><div  class='flex_column av-av_two_fifth-f1c518e9ff58e869f80c8f093487abc9 av_two_fifth  avia-builder-el-5  el_after_av_three_fifth  el_before_av_hr  flex_column_div  '     ><style type=\"text\/css\" data-created_by=\"avia_inline_auto\" id=\"style-css-av-ljfug9yv-2b090c86475f53bb67d990821ebce6c7\">\n#top .togglecontainer.av-ljfug9yv-2b090c86475f53bb67d990821ebce6c7 h4.toggler{\nfont-size:14px;\n}\n#top .togglecontainer.av-ljfug9yv-2b090c86475f53bb67d990821ebce6c7 h4.toggler.activeTitle{\ncolor:#ffffff;\nborder-color:#ffffff;\nbackground-color:#2682d3;\n}\n<\/style>\n<div  class='togglecontainer av-ljfug9yv-2b090c86475f53bb67d990821ebce6c7  avia-builder-el-6  avia-builder-el-no-sibling  accordion_product toggle_close_all hasCurrentStyle' >\n<section class='av_toggle_section av-ljfug6uq-52cbf99f854d6c777ec5eb8e5d954b83' ><div role=\"tablist\" class=\"single_toggle\" data-tags=\"{Todo} \"  ><h4 id='toggle-toggle-id-1' data-fake-id='#toggle-id-1' class='toggler  activeTitle av-title-above '  role='tab' tabindex='0' aria-controls='toggle-id-1' data-slide-speed=\"200\" data-title=\"Ventajas\" data-title-open=\"\" data-aria_collapsed=\"Click to expand: Ventajas\" data-aria_expanded=\"Click to collapse: Ventajas\">Ventajas<span class=\"toggle_icon\"><span class=\"vert_icon\"><\/span><span class=\"hor_icon\"><\/span><\/span><\/h4><div id='toggle-id-1' aria-labelledby='toggle-toggle-id-1' role='region' class='toggle_wrap  active_tc av-title-above' style='display:block;' ><div class='toggle_content invers-color ' ><ul class=\"customlist1\">\n<li>Propagaci\u00f3n de capa vac\u00eda<\/li>\n<li>Uniformidad de presi\u00f3n<\/li>\n<li>Exceso de absorci\u00f3n de resina<\/li>\n<li>Diferente drapeado<\/li>\n<\/ul>\n<\/div><\/div><\/div><\/section>\n<section class='av_toggle_section av-ljfug9gb-53f0a52556c69ac74e5c391cfa0a3a84' ><div role=\"tablist\" class=\"single_toggle\" data-tags=\"{Todo} \"  ><h4 id='toggle-toggle-id-2' data-fake-id='#toggle-id-2' class='toggler  av-title-above '  role='tab' tabindex='0' aria-controls='toggle-id-2' data-slide-speed=\"200\" data-title=\"Tipos\" data-title-open=\"\" data-aria_collapsed=\"Click to expand: Tipos\" data-aria_expanded=\"Click to collapse: Tipos\">Tipos<span class=\"toggle_icon\"><span class=\"vert_icon\"><\/span><span class=\"hor_icon\"><\/span><\/span><\/h4><div id='toggle-id-2' aria-labelledby='toggle-toggle-id-2' role='region' class='toggle_wrap  av-title-above'  ><div class='toggle_content invers-color ' ><li class=\"page_item page-item-9565\"><a href=\"https:\/\/www.mates.it\/es\/productos\/materiales-de_proceso\/mantas-absorcion\/punzonados\/\">Punzonados<\/a><\/li>\n<li class=\"page_item page-item-9566\"><a href=\"https:\/\/www.mates.it\/es\/productos\/materiales-de_proceso\/mantas-absorcion\/comprimido\/\">Comprimido<\/a><\/li>\n\n<\/div><\/div><\/div><\/section>\n<\/div><\/div><div  class='hr av-av_hr-91d7ccd583a503147498e120fee2ff9b hr-default  avia-builder-el-7  el_after_av_two_fifth  avia-builder-el-last '><span class='hr-inner '><span class=\"hr-inner-style\"><\/span><\/span><\/div><\/p>\n","protected":false},"excerpt":{"rendered":"<p>Las mantas de absorci\u00f3n es un producto utilizado por la mayor\u00eda de nuestros clientes, imprescindible para un correcto procesado al vac\u00edo a presi\u00f3n ambiente o en autoclave.<\/p>\n","protected":false},"author":1,"featured_media":7295,"parent":9393,"menu_order":4,"comment_status":"open","ping_status":"open","template":"","meta":{"footnotes":""},"class_list":["post-9492","page","type-page","status-publish","has-post-thumbnail","hentry"],"_links":{"self":[{"href":"https:\/\/www.mates.it\/es\/wp-json\/wp\/v2\/pages\/9492","targetHints":{"allow":["GET"]}}],"collection":[{"href":"https:\/\/www.mates.it\/es\/wp-json\/wp\/v2\/pages"}],"about":[{"href":"https:\/\/www.mates.it\/es\/wp-json\/wp\/v2\/types\/page"}],"author":[{"embeddable":true,"href":"https:\/\/www.mates.it\/es\/wp-json\/wp\/v2\/users\/1"}],"replies":[{"embeddable":true,"href":"https:\/\/www.mates.it\/es\/wp-json\/wp\/v2\/comments?post=9492"}],"version-history":[{"count":0,"href":"https:\/\/www.mates.it\/es\/wp-json\/wp\/v2\/pages\/9492\/revisions"}],"up":[{"embeddable":true,"href":"https:\/\/www.mates.it\/es\/wp-json\/wp\/v2\/pages\/9393"}],"wp:featuredmedia":[{"embeddable":true,"href":"https:\/\/www.mates.it\/es\/wp-json\/wp\/v2\/media\/7295"}],"wp:attachment":[{"href":"https:\/\/www.mates.it\/es\/wp-json\/wp\/v2\/media?parent=9492"}],"curies":[{"name":"wp","href":"https:\/\/api.w.org\/{rel}","templated":true}]}}