{"id":9494,"date":"2015-09-16T16:25:56","date_gmt":"2015-09-16T14:25:56","guid":{"rendered":"https:\/\/www.mates.it\/prodotti\/ausiliari-di-processo\/films-vacio\/"},"modified":"2023-06-27T23:13:25","modified_gmt":"2023-06-27T21:13:25","slug":"bolsas-de-vacio","status":"publish","type":"page","link":"https:\/\/www.mates.it\/es\/productos\/materiales-de_proceso\/bolsas-de-vacio\/","title":{"rendered":"Bolsas de vac\u00edo"},"content":{"rendered":"\n<style type=\"text\/css\" data-created_by=\"avia_inline_auto\" id=\"style-css-av-av_image-763bd0cd1036852d56ffc4080f9b2a3d\">\n.avia-image-container.av-av_image-763bd0cd1036852d56ffc4080f9b2a3d img.avia_image{\nbox-shadow:none;\n}\n.avia-image-container.av-av_image-763bd0cd1036852d56ffc4080f9b2a3d .av-image-caption-overlay-center{\ncolor:#ffffff;\n}\n<\/style>\n<div  class='avia-image-container av-av_image-763bd0cd1036852d56ffc4080f9b2a3d av-styling- avia-align-center  avia-builder-el-0  el_before_av_hr  avia-builder-el-first '  ><div class=\"avia-image-container-inner\"><div class=\"avia-image-overlay-wrap\"><img decoding=\"async\" fetchpriority=\"high\" class=\"wp-image- avia-img-lazy-loading-not- avia_image \" src=\"https:\/\/www.mates.it\/wp-content\/uploads\/2016\/06\/Sacchi-da-vuoto.jpg\" alt=\"\" title=\"\"><\/div><\/div><\/div>\n<div  class='hr av-av_hr-91d7ccd583a503147498e120fee2ff9b hr-default  avia-builder-el-1  el_after_av_image  el_before_av_three_fifth '><span class='hr-inner '><span class=\"hr-inner-style\"><\/span><\/span><\/div>\n<div  class='flex_column av-av_three_fifth-7714eba142aeda1f8b5272a3c372b279 av_three_fifth  avia-builder-el-2  el_after_av_hr  el_before_av_two_fifth  first flex_column_div  '     ><p>\n<style type=\"text\/css\" data-created_by=\"avia_inline_auto\" id=\"style-css-av-ljei8e2h-5545de9c99df0cd6dfe90687e0897564\">\n#top .av-special-heading.av-ljei8e2h-5545de9c99df0cd6dfe90687e0897564{\npadding-bottom:10px;\n}\nbody .av-special-heading.av-ljei8e2h-5545de9c99df0cd6dfe90687e0897564 .av-special-heading-tag .heading-char{\nfont-size:25px;\n}\n.av-special-heading.av-ljei8e2h-5545de9c99df0cd6dfe90687e0897564 .av-subheading{\nfont-size:15px;\n}\n<\/style>\n<div  class='av-special-heading av-ljei8e2h-5545de9c99df0cd6dfe90687e0897564 av-special-heading-h1  avia-builder-el-3  el_before_av_textblock  avia-builder-el-first  custom-h1-title'><h1 class='av-special-heading-tag '  >Bolsas de vac\u00edo<\/h1><div class=\"special-heading-border\"><div class=\"special-heading-inner-border\"><\/div><\/div><\/div><br \/>\n<section  class='av_textblock_section av-ljei68qn-92fb71cde989c01d98c3a6a2f6561175 '  ><div class='avia_textblock' ><p>El laminado al vac\u00edo es muy importante para la producci\u00f3n de componentes con altas prestaciones mec\u00e1nicas, gran resistencia a la tracci\u00f3n y un efecto est\u00e9tico dif\u00edcil de conseguir con el laminado manual. Las bolsas de vac\u00edo pueden dividirse en varias macrocategor\u00edas, l\u00e1minas simples planas o de un solo pliegue, l\u00e1minas m\u00faltiples, l\u00e1minas tubulares y l\u00e1minas reutilizables. Las tres primeras necesitan fijarse al molde por cuatro lados, la cuarta por dos, mientras que las reutilizables no necesitan sellador, lo que reduce considerablemente el tiempo de producci\u00f3n. Todas las bolsas de vac\u00edo se caracterizan por una cierta elasticidad, que puede variar en funci\u00f3n del material utilizado para su fabricaci\u00f3n. Hemos decidido seleccionar una serie de bolsas de vac\u00edo, con caracter\u00edsticas t\u00e9cnicas y dimensiones que var\u00edan de un producto a otro, para que el usuario final pueda conseguir una buena t\u00e9cnica de procesado, con poca p\u00e9rdida de aire y desperdicio de material, garantizando excelentes resultados mec\u00e1nicos y est\u00e9ticos.<\/p>\n<\/div><\/section><\/p><\/div><div  class='flex_column av-av_two_fifth-f1c518e9ff58e869f80c8f093487abc9 av_two_fifth  avia-builder-el-5  el_after_av_three_fifth  el_before_av_hr  flex_column_div  '     ><style type=\"text\/css\" data-created_by=\"avia_inline_auto\" id=\"style-css-av-ljei7gqe-b6fefaa741f36c6cd3d0d77d39ab3b7d\">\n#top .togglecontainer.av-ljei7gqe-b6fefaa741f36c6cd3d0d77d39ab3b7d h4.toggler{\nfont-size:14px;\n}\n#top .togglecontainer.av-ljei7gqe-b6fefaa741f36c6cd3d0d77d39ab3b7d h4.toggler.activeTitle{\ncolor:#ffffff;\nborder-color:#ffffff;\nbackground-color:#2682d3;\n}\n<\/style>\n<div  class='togglecontainer av-ljei7gqe-b6fefaa741f36c6cd3d0d77d39ab3b7d  avia-builder-el-6  avia-builder-el-no-sibling  accordion_product toggle_close_all hasCurrentStyle' >\n<section class='av_toggle_section av-ljei7dtq-ef4c3dca1b17c4a8ab796aee47763d62' ><div role=\"tablist\" class=\"single_toggle\" data-tags=\"{Todo} \"  ><h4 id='toggle-toggle-id-1' data-fake-id='#toggle-id-1' class='toggler  activeTitle av-title-above '  role='tab' tabindex='0' aria-controls='toggle-id-1' data-slide-speed=\"200\" data-title=\"Ventajas\" data-title-open=\"\" data-aria_collapsed=\"Click to expand: Ventajas\" data-aria_expanded=\"Click to collapse: Ventajas\">Ventajas<span class=\"toggle_icon\"><span class=\"vert_icon\"><\/span><span class=\"hor_icon\"><\/span><\/span><\/h4><div id='toggle-id-1' aria-labelledby='toggle-toggle-id-1' role='region' class='toggle_wrap  active_tc av-title-above' style='display:block;' ><div class='toggle_content invers-color ' ><ul class=\"customlist1\">\n<li>Diferentes dimensiones<\/li>\n<li>Reducci\u00f3n de desechos<\/li>\n<li>Uso espec\u00edfico<\/li>\n<li>Certificaciones de conformidad<\/li>\n<li>Reducci\u00f3n del tiempo de producci\u00f3n<\/li>\n<\/ul>\n<\/div><\/div><\/div><\/section>\n<section class='av_toggle_section av-ljei7g2t-095061af8d9ff264c6d5c2b414026fcb' ><div role=\"tablist\" class=\"single_toggle\" data-tags=\"{Todo} \"  ><h4 id='toggle-toggle-id-2' data-fake-id='#toggle-id-2' class='toggler  av-title-above '  role='tab' tabindex='0' aria-controls='toggle-id-2' data-slide-speed=\"200\" data-title=\"Tipos\" data-title-open=\"\" data-aria_collapsed=\"Click to expand: Tipos\" data-aria_expanded=\"Click to collapse: Tipos\">Tipos<span class=\"toggle_icon\"><span class=\"vert_icon\"><\/span><span class=\"hor_icon\"><\/span><\/span><\/h4><div id='toggle-id-2' aria-labelledby='toggle-toggle-id-2' role='region' class='toggle_wrap  av-title-above'  ><div class='toggle_content invers-color ' ><li class=\"page_item page-item-9560\"><a href=\"https:\/\/www.mates.it\/es\/productos\/materiales-de_proceso\/bolsas-de-vacio\/tubolar\/\">Tubular<\/a><\/li>\n<li class=\"page_item page-item-9559\"><a href=\"https:\/\/www.mates.it\/es\/productos\/materiales-de_proceso\/bolsas-de-vacio\/plegado-multiple\/\">Plegado m\u00faltiple<\/a><\/li>\n<li class=\"page_item page-item-9558\"><a href=\"https:\/\/www.mates.it\/es\/productos\/materiales-de_proceso\/bolsas-de-vacio\/plana-plegado-simple\/\">Plana \/ Plegado simple<\/a><\/li>\n<li class=\"page_item page-item-9561\"><a href=\"https:\/\/www.mates.it\/es\/productos\/materiales-de_proceso\/bolsas-de-vacio\/siliconas\/\">Siliconas<\/a><\/li>\n\n<\/div><\/div><\/div><\/section>\n<\/div><\/div><\/p>\n<div  class='hr av-av_hr-91d7ccd583a503147498e120fee2ff9b hr-default  avia-builder-el-7  el_after_av_two_fifth  avia-builder-el-last '><span class='hr-inner '><span class=\"hr-inner-style\"><\/span><\/span><\/div>\n","protected":false},"excerpt":{"rendered":"<p>La conformaci\u00f3n al vac\u00edo del laminado es muy importante para la producci\u00f3n de componentes con elevadas prestaciones mec\u00e1nicas, alta resistencia a la tracci\u00f3n y el mejor efecto est\u00e9tico.<\/p>\n","protected":false},"author":1,"featured_media":7299,"parent":9393,"menu_order":1,"comment_status":"open","ping_status":"open","template":"","meta":{"footnotes":""},"class_list":["post-9494","page","type-page","status-publish","has-post-thumbnail","hentry"],"_links":{"self":[{"href":"https:\/\/www.mates.it\/es\/wp-json\/wp\/v2\/pages\/9494","targetHints":{"allow":["GET"]}}],"collection":[{"href":"https:\/\/www.mates.it\/es\/wp-json\/wp\/v2\/pages"}],"about":[{"href":"https:\/\/www.mates.it\/es\/wp-json\/wp\/v2\/types\/page"}],"author":[{"embeddable":true,"href":"https:\/\/www.mates.it\/es\/wp-json\/wp\/v2\/users\/1"}],"replies":[{"embeddable":true,"href":"https:\/\/www.mates.it\/es\/wp-json\/wp\/v2\/comments?post=9494"}],"version-history":[{"count":0,"href":"https:\/\/www.mates.it\/es\/wp-json\/wp\/v2\/pages\/9494\/revisions"}],"up":[{"embeddable":true,"href":"https:\/\/www.mates.it\/es\/wp-json\/wp\/v2\/pages\/9393"}],"wp:featuredmedia":[{"embeddable":true,"href":"https:\/\/www.mates.it\/es\/wp-json\/wp\/v2\/media\/7299"}],"wp:attachment":[{"href":"https:\/\/www.mates.it\/es\/wp-json\/wp\/v2\/media?parent=9494"}],"curies":[{"name":"wp","href":"https:\/\/api.w.org\/{rel}","templated":true}]}}