{"id":9498,"date":"2015-09-16T16:26:02","date_gmt":"2015-09-16T14:26:02","guid":{"rendered":"https:\/\/www.mates.it\/prodotti\/inserti-di-fissaggio\/perno-clavo\/"},"modified":"2023-10-14T14:55:09","modified_gmt":"2023-10-14T12:55:09","slug":"pernos-clavos","status":"publish","type":"page","link":"https:\/\/www.mates.it\/es\/productos\/fijaciones\/pernos-clavos\/","title":{"rendered":"Pernos \/ Clavos"},"content":{"rendered":"<\/p>\n\n<style type=\"text\/css\" data-created_by=\"avia_inline_auto\" id=\"style-css-av-av_image-a428f338dc358361a916fea87ddf3088\">\n.avia-image-container.av-av_image-a428f338dc358361a916fea87ddf3088 img.avia_image{\nbox-shadow:none;\n}\n.avia-image-container.av-av_image-a428f338dc358361a916fea87ddf3088 .av-image-caption-overlay-center{\ncolor:#ffffff;\n}\n<\/style>\n<div  class='avia-image-container av-av_image-a428f338dc358361a916fea87ddf3088 av-styling- avia-align-center  avia-builder-el-0  el_before_av_hr  avia-builder-el-first '  ><div class=\"avia-image-container-inner\"><div class=\"avia-image-overlay-wrap\"><img decoding=\"async\" fetchpriority=\"high\" class=\"wp-image- avia-img-lazy-loading-not- avia_image \" src=\"https:\/\/www.mates.it\/wp-content\/uploads\/2016\/06\/Perni-Chiodi.jpg\" alt=\"\" title=\"\"><\/div><\/div><\/div>\n<div  class='hr av-av_hr-91d7ccd583a503147498e120fee2ff9b hr-default  avia-builder-el-1  el_after_av_image  el_before_av_three_fifth '><span class='hr-inner '><span class=\"hr-inner-style\"><\/span><\/span><\/div>\n<div  class='flex_column av-av_three_fifth-7714eba142aeda1f8b5272a3c372b279 av_three_fifth  avia-builder-el-2  el_after_av_hr  el_before_av_two_fifth  first flex_column_div  '     ><p>\n<style type=\"text\/css\" data-created_by=\"avia_inline_auto\" id=\"style-css-av-ljhgn8gq-dc9cd02d4999da36c2efad34c60af7d9\">\n#top .av-special-heading.av-ljhgn8gq-dc9cd02d4999da36c2efad34c60af7d9{\npadding-bottom:10px;\n}\nbody .av-special-heading.av-ljhgn8gq-dc9cd02d4999da36c2efad34c60af7d9 .av-special-heading-tag .heading-char{\nfont-size:25px;\n}\n.av-special-heading.av-ljhgn8gq-dc9cd02d4999da36c2efad34c60af7d9 .av-subheading{\nfont-size:15px;\n}\n<\/style>\n<div  class='av-special-heading av-ljhgn8gq-dc9cd02d4999da36c2efad34c60af7d9 av-special-heading-h1  avia-builder-el-3  el_before_av_textblock  avia-builder-el-first  custom-h1-title'><h1 class='av-special-heading-tag '  >Pernos \/ Clavos<\/h1><div class=\"special-heading-border\"><div class=\"special-heading-inner-border\"><\/div><\/div><\/div><br \/>\n<section  class='av_textblock_section av-ljhglfnb-89b9d87a2cd4bd7a94a47493296691b6 '  ><div class='avia_textblock' ><p>Gama de pernos y clavos macho roscados o sin roscar, disponibles en diferentes combinaciones de di\u00e1metro y longitud de perno, tama\u00f1o de placa y tipo de acero (dulce &#8211; MS o inoxidable &#8211; SS). Los elementos de fijaci\u00f3n garantizan una uni\u00f3n s\u00f3lida entre los diferentes elementos que forman una estructura \u00fanica. Garantizan la transmisi\u00f3n de cargas entre los distintos componentes incrust\u00e1ndolos mediante fundici\u00f3n completa y uni\u00e9ndolos despu\u00e9s mediante el uso de adhesivos estructurales o termoformado integrado. Los insertos bigHead\u00ae pueden soldarse a superficies de m\u00faltiples formas, lo que los hace vers\u00e1tiles y capaces de satisfacer cualquier requisito. Pueden adherirse al componente o integrarse directamente en el proceso de producci\u00f3n.<\/p>\n<\/div><\/section><\/p><\/div><div  class='flex_column av-av_two_fifth-f1c518e9ff58e869f80c8f093487abc9 av_two_fifth  avia-builder-el-5  el_after_av_three_fifth  el_before_av_hr  flex_column_div  '     ><style type=\"text\/css\" data-created_by=\"avia_inline_auto\" id=\"style-css-av-ljhgn2lk-beec72b299b7f5eda91f1a97f38016aa\">\n#top .togglecontainer.av-ljhgn2lk-beec72b299b7f5eda91f1a97f38016aa h4.toggler{\nfont-size:14px;\n}\n#top .togglecontainer.av-ljhgn2lk-beec72b299b7f5eda91f1a97f38016aa h4.toggler.activeTitle{\ncolor:#ffffff;\nborder-color:#ffffff;\nbackground-color:#2682d3;\n}\n<\/style>\n<div  class='togglecontainer av-ljhgn2lk-beec72b299b7f5eda91f1a97f38016aa  avia-builder-el-6  avia-builder-el-no-sibling  accordion_product toggle_close_all hasCurrentStyle' >\n<section class='av_toggle_section av-ljhglwz0-f08c403d20e56fbf92702c73856a5b7c' ><div role=\"tablist\" class=\"single_toggle\" data-tags=\"{Todo} \"  ><h4 id='toggle-toggle-id-1' data-fake-id='#toggle-id-1' class='toggler  activeTitle av-title-above '  role='tab' tabindex='0' aria-controls='toggle-id-1' data-slide-speed=\"200\" data-title=\"Ventajas\" data-title-open=\"\" data-aria_collapsed=\"Click to expand: Ventajas\" data-aria_expanded=\"Click to collapse: Ventajas\">Ventajas<span class=\"toggle_icon\"><span class=\"vert_icon\"><\/span><span class=\"hor_icon\"><\/span><\/span><\/h4><div id='toggle-id-1' aria-labelledby='toggle-toggle-id-1' role='region' class='toggle_wrap  active_tc av-title-above' style='display:block;' ><div class='toggle_content invers-color ' ><ul class=\"customlist1\">\n<li>Combinaciones ilimitadas<\/li>\n<li>Integrables en cualquier proceso<\/li>\n<li>M\u00e1ximos valores de carga<\/li>\n<li>Reducci\u00f3n de las horas de trabajo<\/li>\n<\/ul>\n<\/div><\/div><\/div><\/section>\n<section class='av_toggle_section av-ljhgn1fv-577288744edddce1a5de1163c58a60f8' ><div role=\"tablist\" class=\"single_toggle\" data-tags=\"{Todo} \"  ><h4 id='toggle-toggle-id-2' data-fake-id='#toggle-id-2' class='toggler  av-title-above '  role='tab' tabindex='0' aria-controls='toggle-id-2' data-slide-speed=\"200\" data-title=\"Tipos\" data-title-open=\"\" data-aria_collapsed=\"Click to expand: Tipos\" data-aria_expanded=\"Click to collapse: Tipos\">Tipos<span class=\"toggle_icon\"><span class=\"vert_icon\"><\/span><span class=\"hor_icon\"><\/span><\/span><\/h4><div id='toggle-id-2' aria-labelledby='toggle-toggle-id-2' role='region' class='toggle_wrap  av-title-above'  ><div class='toggle_content invers-color ' ><ul class=\"customlist2\">\n<li><a href=\"https:\/\/fileserver.mates.it\/Prodotti\/6_Inserti\/Brochure\/Prodotti\/M1_SERIES_MALE_THREADED_STUDS.pdf\" target=\"_blank\" rel=\"noopener\">Pernos roscados<\/a><\/li>\n<li><a href=\"https:\/\/fileserver.mates.it\/Prodotti\/6_Inserti\/Brochure\/Prodotti\/M4_SERIES_MALE_UNTHREADED_STUDS.pdf\" target=\"_blank\" rel=\"noopener\">Pasador lisos<\/a><\/li>\n<li><a href=\"https:\/\/fileserver.mates.it\/Prodotti\/6_Inserti\/Brochure\/Prodotti\/M5_SERIES_MALE_UNTHREADED_NAILS.pdf\" target=\"_blank\" rel=\"noopener\">Clavos<\/a><\/li>\n<\/ul>\n<\/div><\/div><\/div><\/section>\n<\/div><\/div><div  class='hr av-av_hr-91d7ccd583a503147498e120fee2ff9b hr-default  avia-builder-el-7  el_after_av_two_fifth  avia-builder-el-last '><span class='hr-inner '><span class=\"hr-inner-style\"><\/span><\/span><\/div><\/p>\n","protected":false},"excerpt":{"rendered":"<p>Gama de pernos y clavos macho roscados o sin roscar, disponibles en diferentes combinaciones de di\u00e1metro y longitud de perno, tama\u00f1o de placa y grado de acero.<\/p>\n","protected":false},"author":1,"featured_media":7335,"parent":9399,"menu_order":1,"comment_status":"open","ping_status":"open","template":"","meta":{"footnotes":""},"class_list":["post-9498","page","type-page","status-publish","has-post-thumbnail","hentry"],"_links":{"self":[{"href":"https:\/\/www.mates.it\/es\/wp-json\/wp\/v2\/pages\/9498","targetHints":{"allow":["GET"]}}],"collection":[{"href":"https:\/\/www.mates.it\/es\/wp-json\/wp\/v2\/pages"}],"about":[{"href":"https:\/\/www.mates.it\/es\/wp-json\/wp\/v2\/types\/page"}],"author":[{"embeddable":true,"href":"https:\/\/www.mates.it\/es\/wp-json\/wp\/v2\/users\/1"}],"replies":[{"embeddable":true,"href":"https:\/\/www.mates.it\/es\/wp-json\/wp\/v2\/comments?post=9498"}],"version-history":[{"count":0,"href":"https:\/\/www.mates.it\/es\/wp-json\/wp\/v2\/pages\/9498\/revisions"}],"up":[{"embeddable":true,"href":"https:\/\/www.mates.it\/es\/wp-json\/wp\/v2\/pages\/9399"}],"wp:featuredmedia":[{"embeddable":true,"href":"https:\/\/www.mates.it\/es\/wp-json\/wp\/v2\/media\/7335"}],"wp:attachment":[{"href":"https:\/\/www.mates.it\/es\/wp-json\/wp\/v2\/media?parent=9498"}],"curies":[{"name":"wp","href":"https:\/\/api.w.org\/{rel}","templated":true}]}}