{"id":9504,"date":"2015-09-16T16:26:07","date_gmt":"2015-09-16T14:26:07","guid":{"rendered":"https:\/\/www.mates.it\/prodotti\/inserti-di-fissaggio\/tuerca-collar\/"},"modified":"2023-10-14T14:52:22","modified_gmt":"2023-10-14T12:52:22","slug":"tuercas-collares","status":"publish","type":"page","link":"https:\/\/www.mates.it\/es\/productos\/fijaciones\/tuercas-collares\/","title":{"rendered":"Tuercas \/ Collares"},"content":{"rendered":"<\/p>\n\n<style type=\"text\/css\" data-created_by=\"avia_inline_auto\" id=\"style-css-av-av_image-c48e74ff6a74b14a8d86a117920aa830\">\n.avia-image-container.av-av_image-c48e74ff6a74b14a8d86a117920aa830 img.avia_image{\nbox-shadow:none;\n}\n.avia-image-container.av-av_image-c48e74ff6a74b14a8d86a117920aa830 .av-image-caption-overlay-center{\ncolor:#ffffff;\n}\n<\/style>\n<div  class='avia-image-container av-av_image-c48e74ff6a74b14a8d86a117920aa830 av-styling- avia-align-center  avia-builder-el-0  el_before_av_hr  avia-builder-el-first '  ><div class=\"avia-image-container-inner\"><div class=\"avia-image-overlay-wrap\"><img decoding=\"async\" fetchpriority=\"high\" class=\"wp-image- avia-img-lazy-loading-not- avia_image \" src=\"https:\/\/www.mates.it\/wp-content\/uploads\/2016\/06\/Dadi-Collari.jpg\" alt=\"\" title=\"\"><\/div><\/div><\/div>\n<div  class='hr av-av_hr-91d7ccd583a503147498e120fee2ff9b hr-default  avia-builder-el-1  el_after_av_image  el_before_av_three_fifth '><span class='hr-inner '><span class=\"hr-inner-style\"><\/span><\/span><\/div>\n<div  class='flex_column av-av_three_fifth-7714eba142aeda1f8b5272a3c372b279 av_three_fifth  avia-builder-el-2  el_after_av_hr  el_before_av_two_fifth  first flex_column_div  '     ><p>\n<style type=\"text\/css\" data-created_by=\"avia_inline_auto\" id=\"style-css-av-ljhhdxp8-7ea28ef3ad209fea688c97c84f447336\">\n#top .av-special-heading.av-ljhhdxp8-7ea28ef3ad209fea688c97c84f447336{\npadding-bottom:10px;\n}\nbody .av-special-heading.av-ljhhdxp8-7ea28ef3ad209fea688c97c84f447336 .av-special-heading-tag .heading-char{\nfont-size:25px;\n}\n.av-special-heading.av-ljhhdxp8-7ea28ef3ad209fea688c97c84f447336 .av-subheading{\nfont-size:15px;\n}\n<\/style>\n<div  class='av-special-heading av-ljhhdxp8-7ea28ef3ad209fea688c97c84f447336 av-special-heading-h1  avia-builder-el-3  el_before_av_textblock  avia-builder-el-first  custom-h1-title'><h1 class='av-special-heading-tag '  >Tuercas \/ Collares<\/h1><div class=\"special-heading-border\"><div class=\"special-heading-inner-border\"><\/div><\/div><\/div><br \/>\n<section  class='av_textblock_section av-ljhhe86d-606bea4d126901d51aee2c110d22d9c1 '  ><div class='avia_textblock' ><p>Las tuercas hembra roscadas y los collarines est\u00e1n disponibles en diferentes combinaciones de di\u00e1metro del casquillo\/tuerca, longitud del casquillo\/tuerca, tama\u00f1o de la placa y tipo de acero (dulce &#8211; MS o inoxidable &#8211; SS). Los elementos de fijaci\u00f3n aseguran una uni\u00f3n s\u00f3lida entre los distintos elementos que componen una \u00fanica estructura; son capaces de garantizar la transmisi\u00f3n de cargas entre los distintos componentes incorpor\u00e1ndolos mediante fundici\u00f3n completa y uni\u00e9ndolos despu\u00e9s mediante el uso de adhesivos estructurales o termoformado integrado. Los insertos bigHead\u00ae pueden soldarse a superficies de m\u00faltiples formas, lo que los hace vers\u00e1tiles y capaces de satisfacer cualquier requisito. Pueden adherirse al componente o integrarse directamente en el proceso de producci\u00f3n.<\/p>\n<\/div><\/section><\/p><\/div><div  class='flex_column av-av_two_fifth-f1c518e9ff58e869f80c8f093487abc9 av_two_fifth  avia-builder-el-5  el_after_av_three_fifth  el_before_av_hr  flex_column_div  '     ><style type=\"text\/css\" data-created_by=\"avia_inline_auto\" id=\"style-css-av-ljhhf62w-101bf99ddb26ce9a6a5156c538e3d47c\">\n#top .togglecontainer.av-ljhhf62w-101bf99ddb26ce9a6a5156c538e3d47c h4.toggler{\nfont-size:14px;\n}\n#top .togglecontainer.av-ljhhf62w-101bf99ddb26ce9a6a5156c538e3d47c h4.toggler.activeTitle{\ncolor:#ffffff;\nborder-color:#ffffff;\nbackground-color:#2682d3;\n}\n<\/style>\n<div  class='togglecontainer av-ljhhf62w-101bf99ddb26ce9a6a5156c538e3d47c  avia-builder-el-6  avia-builder-el-no-sibling  accordion_product toggle_close_all hasCurrentStyle' >\n<section class='av_toggle_section av-ljhhemge-c9757ec26ad2f4afe7ff5930a5bfc87f' ><div role=\"tablist\" class=\"single_toggle\" data-tags=\"{Todo} \"  ><h4 id='toggle-toggle-id-1' data-fake-id='#toggle-id-1' class='toggler  activeTitle av-title-above '  role='tab' tabindex='0' aria-controls='toggle-id-1' data-slide-speed=\"200\" data-title=\"Ventajas\" data-title-open=\"\" data-aria_collapsed=\"Click to expand: Ventajas\" data-aria_expanded=\"Click to collapse: Ventajas\">Ventajas<span class=\"toggle_icon\"><span class=\"vert_icon\"><\/span><span class=\"hor_icon\"><\/span><\/span><\/h4><div id='toggle-id-1' aria-labelledby='toggle-toggle-id-1' role='region' class='toggle_wrap  active_tc av-title-above' style='display:block;' ><div class='toggle_content invers-color ' ><ul class=\"customlist1\">\n<li>Combinaciones ilimitadas<\/li>\n<li>Integrables en cualquier proceso<\/li>\n<li>M\u00e1ximos valores de carga<\/li>\n<li>Reducci\u00f3n de las horas de trabajo<\/li>\n<\/ul>\n<\/div><\/div><\/div><\/section>\n<section class='av_toggle_section av-ljhhezlf-da0732314972cf5cc01e46277cfbad78' ><div role=\"tablist\" class=\"single_toggle\" data-tags=\"{Todo} \"  ><h4 id='toggle-toggle-id-2' data-fake-id='#toggle-id-2' class='toggler  av-title-above '  role='tab' tabindex='0' aria-controls='toggle-id-2' data-slide-speed=\"200\" data-title=\"Tipos\" data-title-open=\"\" data-aria_collapsed=\"Click to expand: Tipos\" data-aria_expanded=\"Click to collapse: Tipos\">Tipos<span class=\"toggle_icon\"><span class=\"vert_icon\"><\/span><span class=\"hor_icon\"><\/span><\/span><\/h4><div id='toggle-id-2' aria-labelledby='toggle-toggle-id-2' role='region' class='toggle_wrap  av-title-above'  ><div class='toggle_content invers-color ' ><ul class=\"customlist2\">\n<li><a href=\"https:\/\/fileserver.mates.it\/Prodotti\/6_Inserti\/Brochure\/Prodotti\/F1_SERIES_FEMALE_NUTS.pdf\" target=\"_blank\" rel=\"noopener\">Tuercas<\/a><\/li>\n<li><a href=\"https:\/\/fileserver.mates.it\/Prodotti\/6_Inserti\/Brochure\/Prodotti\/F2_SERIES_FEMALE_THREADED_COLLARS.pdf\" target=\"_blank\" rel=\"noopener\">Collares<\/a><\/li>\n<\/ul>\n<\/div><\/div><\/div><\/section>\n<\/div><\/div><div  class='hr av-av_hr-91d7ccd583a503147498e120fee2ff9b hr-default  avia-builder-el-7  el_after_av_two_fifth  avia-builder-el-last '><span class='hr-inner '><span class=\"hr-inner-style\"><\/span><\/span><\/div><\/p>\n","protected":false},"excerpt":{"rendered":"<p>Est\u00e1n disponibles en diferentes combinaciones de di\u00e1metro de casquillo\/tuerca, longitud de casquillo\/tuerca, tama\u00f1o de placa y grado de acero.<\/p>\n","protected":false},"author":1,"featured_media":7323,"parent":9399,"menu_order":2,"comment_status":"open","ping_status":"open","template":"","meta":{"footnotes":""},"class_list":["post-9504","page","type-page","status-publish","has-post-thumbnail","hentry"],"_links":{"self":[{"href":"https:\/\/www.mates.it\/es\/wp-json\/wp\/v2\/pages\/9504","targetHints":{"allow":["GET"]}}],"collection":[{"href":"https:\/\/www.mates.it\/es\/wp-json\/wp\/v2\/pages"}],"about":[{"href":"https:\/\/www.mates.it\/es\/wp-json\/wp\/v2\/types\/page"}],"author":[{"embeddable":true,"href":"https:\/\/www.mates.it\/es\/wp-json\/wp\/v2\/users\/1"}],"replies":[{"embeddable":true,"href":"https:\/\/www.mates.it\/es\/wp-json\/wp\/v2\/comments?post=9504"}],"version-history":[{"count":0,"href":"https:\/\/www.mates.it\/es\/wp-json\/wp\/v2\/pages\/9504\/revisions"}],"up":[{"embeddable":true,"href":"https:\/\/www.mates.it\/es\/wp-json\/wp\/v2\/pages\/9399"}],"wp:featuredmedia":[{"embeddable":true,"href":"https:\/\/www.mates.it\/es\/wp-json\/wp\/v2\/media\/7323"}],"wp:attachment":[{"href":"https:\/\/www.mates.it\/es\/wp-json\/wp\/v2\/media?parent=9504"}],"curies":[{"name":"wp","href":"https:\/\/api.w.org\/{rel}","templated":true}]}}