{"id":9506,"date":"2015-09-16T16:26:24","date_gmt":"2015-09-16T14:26:24","guid":{"rendered":"https:\/\/www.mates.it\/prodotti\/inserti-di-fissaggio\/productos-especiales\/"},"modified":"2023-06-29T21:29:27","modified_gmt":"2023-06-29T19:29:27","slug":"productos-especiales","status":"publish","type":"page","link":"https:\/\/www.mates.it\/es\/productos\/fijaciones\/productos-especiales\/","title":{"rendered":"Productos especiales"},"content":{"rendered":"\n<style type=\"text\/css\" data-created_by=\"avia_inline_auto\" id=\"style-css-av-av_image-93869d6d6f16b5e513ed55d10dbc15a9\">\n.avia-image-container.av-av_image-93869d6d6f16b5e513ed55d10dbc15a9 img.avia_image{\nbox-shadow:none;\n}\n.avia-image-container.av-av_image-93869d6d6f16b5e513ed55d10dbc15a9 .av-image-caption-overlay-center{\ncolor:#ffffff;\n}\n<\/style>\n<div  class='avia-image-container av-av_image-93869d6d6f16b5e513ed55d10dbc15a9 av-styling- avia-align-center  avia-builder-el-0  el_before_av_hr  avia-builder-el-first '  ><div class=\"avia-image-container-inner\"><div class=\"avia-image-overlay-wrap\"><img decoding=\"async\" fetchpriority=\"high\" class=\"wp-image- avia-img-lazy-loading-not- avia_image \" src=\"https:\/\/www.mates.it\/wp-content\/uploads\/2016\/06\/Prodotti-speciali.jpg\" alt=\"\" title=\"\"><\/div><\/div><\/div>\n<div  class='hr av-av_hr-91d7ccd583a503147498e120fee2ff9b hr-default  avia-builder-el-1  el_after_av_image  el_before_av_three_fifth '><span class='hr-inner '><span class=\"hr-inner-style\"><\/span><\/span><\/div>\n<div  class='flex_column av-av_three_fifth-7714eba142aeda1f8b5272a3c372b279 av_three_fifth  avia-builder-el-2  el_after_av_hr  el_before_av_two_fifth  first flex_column_div  '     ><p>\n<style type=\"text\/css\" data-created_by=\"avia_inline_auto\" id=\"style-css-av-ljhjhguj-bbec5b8909f8d071efddc7b08eca2804\">\n#top .av-special-heading.av-ljhjhguj-bbec5b8909f8d071efddc7b08eca2804{\npadding-bottom:10px;\n}\nbody .av-special-heading.av-ljhjhguj-bbec5b8909f8d071efddc7b08eca2804 .av-special-heading-tag .heading-char{\nfont-size:25px;\n}\n.av-special-heading.av-ljhjhguj-bbec5b8909f8d071efddc7b08eca2804 .av-subheading{\nfont-size:15px;\n}\n<\/style>\n<div  class='av-special-heading av-ljhjhguj-bbec5b8909f8d071efddc7b08eca2804 av-special-heading-h1  avia-builder-el-3  el_before_av_textblock  avia-builder-el-first  custom-h1-title'><h1 class='av-special-heading-tag '  >Productos especiales<\/h1><div class=\"special-heading-border\"><div class=\"special-heading-inner-border\"><\/div><\/div><\/div><br \/>\n<section  class='av_textblock_section av-ljhjga5o-61b8b7b276d2a6ef8f8f18fc088e6234 '  ><div class='avia_textblock' ><p>Crear la mejor soluci\u00f3n para cada reto de dise\u00f1o con la certeza de que la fijaci\u00f3n no ser\u00e1 un problema. Cuando se trabaja con nuevos materiales compuestos, cada detalle debe ser el mejor, tanto desde el punto de vista estructural como est\u00e9tico. Aqu\u00ed es donde entran en juego los productos especiales, creados por bigHead\u00ae seg\u00fan las especificaciones exclusivas del cliente, cuando se trata de sobrepasar los l\u00edmites de lo posible. Hasta la fecha, se han fabricado m\u00e1s de 80.000 productos especiales para clientes. Al dise\u00f1ar y producir todo en un mismo lugar, es posible tener un control total sobre toda la l\u00ednea, con un plazo de entrega muy r\u00e1pido y la posibilidad de generar planos y prototipos. La cantidad m\u00ednima de pedido para la mayor\u00eda de las piezas especiales de bigHead\u00ae es muy baja, de s\u00f3lo 500 unidades.<\/p>\n<\/div><\/section><\/p><\/div><div  class='flex_column av-av_two_fifth-f1c518e9ff58e869f80c8f093487abc9 av_two_fifth  avia-builder-el-5  el_after_av_three_fifth  el_before_av_hr  flex_column_div  '     ><style type=\"text\/css\" data-created_by=\"avia_inline_auto\" id=\"style-css-av-ljhjh4k8-07e48011c2c16f033f3a47d4b5d8d7f2\">\n#top .togglecontainer.av-ljhjh4k8-07e48011c2c16f033f3a47d4b5d8d7f2 h4.toggler{\nfont-size:14px;\n}\n#top .togglecontainer.av-ljhjh4k8-07e48011c2c16f033f3a47d4b5d8d7f2 h4.toggler.activeTitle{\ncolor:#ffffff;\nborder-color:#ffffff;\nbackground-color:#2682d3;\n}\n<\/style>\n<div  class='togglecontainer av-ljhjh4k8-07e48011c2c16f033f3a47d4b5d8d7f2  avia-builder-el-6  avia-builder-el-no-sibling  accordion_product toggle_close_all hasCurrentStyle' >\n<section class='av_toggle_section av-ljhjgnxl-473c3bec22ea33b575f1febdeb410ae9' ><div role=\"tablist\" class=\"single_toggle\" data-tags=\"{Todo} \"  ><h4 id='toggle-toggle-id-1' data-fake-id='#toggle-id-1' class='toggler  activeTitle av-title-above '  role='tab' tabindex='0' aria-controls='toggle-id-1' data-slide-speed=\"200\" data-title=\"Ventajas\" data-title-open=\"\" data-aria_collapsed=\"Click to expand: Ventajas\" data-aria_expanded=\"Click to collapse: Ventajas\">Ventajas<span class=\"toggle_icon\"><span class=\"vert_icon\"><\/span><span class=\"hor_icon\"><\/span><\/span><\/h4><div id='toggle-id-1' aria-labelledby='toggle-toggle-id-1' role='region' class='toggle_wrap  active_tc av-title-above' style='display:block;' ><div class='toggle_content invers-color ' ><ul class=\"customlist1\">\n<li>Combinaciones ilimitadas<\/li>\n<li>Integrable en cualquier proceso<\/li>\n<li>M\u00e1ximos valores de carga<\/li>\n<li>Reducci\u00f3n de las horas de trabajo<\/li>\n<\/ul>\n<\/div><\/div><\/div><\/section>\n<section class='av_toggle_section av-ljhjh3uo-05263168e081bca3a9614038ad9b2ac2' ><div role=\"tablist\" class=\"single_toggle\" data-tags=\"{Todo} \"  ><h4 id='toggle-toggle-id-2' data-fake-id='#toggle-id-2' class='toggler  av-title-above '  role='tab' tabindex='0' aria-controls='toggle-id-2' data-slide-speed=\"200\" data-title=\"Tipos\" data-title-open=\"\" data-aria_collapsed=\"Click to expand: Tipos\" data-aria_expanded=\"Click to collapse: Tipos\">Tipos<span class=\"toggle_icon\"><span class=\"vert_icon\"><\/span><span class=\"hor_icon\"><\/span><\/span><\/h4><div id='toggle-id-2' aria-labelledby='toggle-toggle-id-2' role='region' class='toggle_wrap  av-title-above'  ><div class='toggle_content invers-color ' ><ul class=\"customlist2\">\n<li><a href=\"https:\/\/fileserver.mates.it\/Prodotti\/6_Inserti\/Brochure\/special_bighead_eng.pdf\" target=\"_blank\" rel=\"noopener\">Insertos especiales<\/a><\/li>\n<li><a href=\"https:\/\/fileserver.mates.it\/Prodotti\/6_Inserti\/Brochure\/Prodotti\/Accessories.pdf\" target=\"_blank\" rel=\"noopener\">Accesorios<\/a><\/li>\n<\/ul>\n<\/div><\/div><\/div><\/section>\n<\/div><\/div><div  class='hr av-av_hr-91d7ccd583a503147498e120fee2ff9b hr-default  avia-builder-el-7  el_after_av_two_fifth  avia-builder-el-last '><span class='hr-inner '><span class=\"hr-inner-style\"><\/span><\/span><\/div><\/p>\n","protected":false},"excerpt":{"rendered":"<p>Cree la mejor soluci\u00f3n para cada reto con la certeza de que la fijaci\u00f3n no ser\u00e1 un problema. Cuando se trabaja con nuevos materiales compuestos, cada detalle debe ser el mejor.<\/p>\n","protected":false},"author":1,"featured_media":7327,"parent":9399,"menu_order":5,"comment_status":"open","ping_status":"open","template":"","meta":{"footnotes":""},"class_list":["post-9506","page","type-page","status-publish","has-post-thumbnail","hentry"],"_links":{"self":[{"href":"https:\/\/www.mates.it\/es\/wp-json\/wp\/v2\/pages\/9506","targetHints":{"allow":["GET"]}}],"collection":[{"href":"https:\/\/www.mates.it\/es\/wp-json\/wp\/v2\/pages"}],"about":[{"href":"https:\/\/www.mates.it\/es\/wp-json\/wp\/v2\/types\/page"}],"author":[{"embeddable":true,"href":"https:\/\/www.mates.it\/es\/wp-json\/wp\/v2\/users\/1"}],"replies":[{"embeddable":true,"href":"https:\/\/www.mates.it\/es\/wp-json\/wp\/v2\/comments?post=9506"}],"version-history":[{"count":0,"href":"https:\/\/www.mates.it\/es\/wp-json\/wp\/v2\/pages\/9506\/revisions"}],"up":[{"embeddable":true,"href":"https:\/\/www.mates.it\/es\/wp-json\/wp\/v2\/pages\/9399"}],"wp:featuredmedia":[{"embeddable":true,"href":"https:\/\/www.mates.it\/es\/wp-json\/wp\/v2\/media\/7327"}],"wp:attachment":[{"href":"https:\/\/www.mates.it\/es\/wp-json\/wp\/v2\/media?parent=9506"}],"curies":[{"name":"wp","href":"https:\/\/api.w.org\/{rel}","templated":true}]}}