{"id":9508,"date":"2015-09-16T16:26:23","date_gmt":"2015-09-16T14:26:23","guid":{"rendered":"https:\/\/www.mates.it\/prodotti\/strumenti-attrezzature\/medicion-control\/"},"modified":"2026-04-26T17:41:18","modified_gmt":"2026-04-26T15:41:18","slug":"medicion-control","status":"publish","type":"page","link":"https:\/\/www.mates.it\/es\/productos\/herramientas-utensilios\/medicion-control\/","title":{"rendered":"Medici\u00f3n \/ Control"},"content":{"rendered":"\n<style type=\"text\/css\" data-created_by=\"avia_inline_auto\" id=\"style-css-av-av_image-365c6b6350967d80fa09f7a0b6c039e8\">\n.avia-image-container.av-av_image-365c6b6350967d80fa09f7a0b6c039e8 img.avia_image{\nbox-shadow:none;\n}\n.avia-image-container.av-av_image-365c6b6350967d80fa09f7a0b6c039e8 .av-image-caption-overlay-center{\ncolor:#ffffff;\n}\n<\/style>\n<div  class='avia-image-container av-av_image-365c6b6350967d80fa09f7a0b6c039e8 av-styling- avia-align-center  avia-builder-el-0  el_before_av_hr  avia-builder-el-first '  ><div class=\"avia-image-container-inner\"><div class=\"avia-image-overlay-wrap\"><img decoding=\"async\" fetchpriority=\"high\" class=\"wp-image- avia-img-lazy-loading-not- avia_image \" src=\"https:\/\/www.mates.it\/wp-content\/uploads\/2016\/06\/Misura-Controllo.jpg\" alt=\"\" title=\"\"><\/div><\/div><\/div>\n<div  class='hr av-av_hr-91d7ccd583a503147498e120fee2ff9b hr-default  avia-builder-el-1  el_after_av_image  el_before_av_three_fifth '><span class='hr-inner '><span class=\"hr-inner-style\"><\/span><\/span><\/div>\n<div  class='flex_column av-av_three_fifth-7714eba142aeda1f8b5272a3c372b279 av_three_fifth  avia-builder-el-2  el_after_av_hr  el_before_av_two_fifth  first flex_column_div  '     ><p>\n<style type=\"text\/css\" data-created_by=\"avia_inline_auto\" id=\"style-css-av-ljhlgw03-2c64c78ffe2c73890e4f6b05745624f6\">\n#top .av-special-heading.av-ljhlgw03-2c64c78ffe2c73890e4f6b05745624f6{\npadding-bottom:10px;\n}\nbody .av-special-heading.av-ljhlgw03-2c64c78ffe2c73890e4f6b05745624f6 .av-special-heading-tag .heading-char{\nfont-size:25px;\n}\n.av-special-heading.av-ljhlgw03-2c64c78ffe2c73890e4f6b05745624f6 .av-subheading{\nfont-size:15px;\n}\n<\/style>\n<div  class='av-special-heading av-ljhlgw03-2c64c78ffe2c73890e4f6b05745624f6 av-special-heading-h1  avia-builder-el-3  el_before_av_textblock  avia-builder-el-first  custom-h1-title'><h1 class='av-special-heading-tag '  >Medici\u00f3n \/ Control<\/h1><div class=\"special-heading-border\"><div class=\"special-heading-inner-border\"><\/div><\/div><\/div><br \/>\n<section  class='av_textblock_section av-ljhlfw83-3dbc17cccd47bb5ed9c4264c38f2ec2c '  ><div class='avia_textblock' ><p>En la producci\u00f3n de alta tecnolog\u00eda es esencial vigilar de cerca ciertos par\u00e1metros que pueden variar, desde la relaci\u00f3n de mezcla de la matriz hasta la temperatura de postcurado del molde. Siempre hemos comercializado los mejores instrumentos de control del mercado, cuidadosamente seleccionados y situados en esta categor\u00eda, en constante expansi\u00f3n y evoluci\u00f3n. Todos los productos de esta categor\u00eda se someten a controles peri\u00f3dicos y constantes en nuestro laboratorio para verificar que cumplen las caracter\u00edsticas t\u00e9cnicas garantizadas por el fabricante. S\u00f3lo as\u00ed podemos mantener nuestros actuales niveles de seguridad y fiabilidad, en beneficio del usuario final.<\/p>\n<\/div><\/section><\/p><\/div>\n<div  class='flex_column av-av_two_fifth-f1c518e9ff58e869f80c8f093487abc9 av_two_fifth  avia-builder-el-5  el_after_av_three_fifth  el_before_av_hr  flex_column_div  '     ><style type=\"text\/css\" data-created_by=\"avia_inline_auto\" id=\"style-css-av-ljhlgq80-4588b8f4f4d3f1f96551b835c990aab4\">\n#top .togglecontainer.av-ljhlgq80-4588b8f4f4d3f1f96551b835c990aab4 h4.toggler{\nfont-size:14px;\n}\n#top .togglecontainer.av-ljhlgq80-4588b8f4f4d3f1f96551b835c990aab4 h4.toggler.activeTitle{\ncolor:#ffffff;\nborder-color:#ffffff;\nbackground-color:#2682d3;\n}\n<\/style>\n<div  class='togglecontainer av-ljhlgq80-4588b8f4f4d3f1f96551b835c990aab4  avia-builder-el-6  avia-builder-el-no-sibling  accordion_product toggle_close_all hasCurrentStyle' >\n<section class='av_toggle_section av-ljhlg7mr-39e9bdb9664710dca5702038a2d35c45' ><div role=\"tablist\" class=\"single_toggle\" data-tags=\"{Todo} \"  ><h4 id='toggle-toggle-id-1' data-fake-id='#toggle-id-1' class='toggler  activeTitle av-title-above '  role='tab' tabindex='0' aria-controls='toggle-id-1' data-slide-speed=\"200\" data-title=\"Ventajas\" data-title-open=\"\" data-aria_collapsed=\"Click to expand: Ventajas\" data-aria_expanded=\"Click to collapse: Ventajas\">Ventajas<span class=\"toggle_icon\"><span class=\"vert_icon\"><\/span><span class=\"hor_icon\"><\/span><\/span><\/h4><div id='toggle-id-1' aria-labelledby='toggle-toggle-id-1' role='region' class='toggle_wrap  active_tc av-title-above' style='display:block;' ><div class='toggle_content invers-color ' ><ul class=\"customlist1\">\n<li>M\u00e1xima fiabilidad<\/li>\n<li>Precisi\u00f3n garantizada<\/li>\n<li>Art\u00edculos seleccionados<\/li>\n<li>Espec\u00edficos para cada proceso<\/li>\n<\/ul>\n<\/div><\/div><\/div><\/section>\n<section class='av_toggle_section av-ljhlgp0a-1468f0f1d9ede45583fff1c40652f6f5' ><div role=\"tablist\" class=\"single_toggle\" data-tags=\"{Todo} \"  ><h4 id='toggle-toggle-id-2' data-fake-id='#toggle-id-2' class='toggler  av-title-above '  role='tab' tabindex='0' aria-controls='toggle-id-2' data-slide-speed=\"200\" data-title=\"Tipos\" data-title-open=\"\" data-aria_collapsed=\"Click to expand: Tipos\" data-aria_expanded=\"Click to collapse: Tipos\">Tipos<span class=\"toggle_icon\"><span class=\"vert_icon\"><\/span><span class=\"hor_icon\"><\/span><\/span><\/h4><div id='toggle-id-2' aria-labelledby='toggle-toggle-id-2' role='region' class='toggle_wrap  av-title-above'  ><div class='toggle_content invers-color ' ><ul class=\"customlist2\">\n<li><a href=\"https:\/\/fileserver.mates.it\/Prodotti\/7_Attrezzature\/TDS\/Mates\/Misura_Controllo\/DN63_VUOTO_DS.pdf\" target=\"_blank\" rel=\"noopener\">Vacu\u00f3metro DN 63<\/a><\/li>\n<li><a href=\"https:\/\/fileserver.mates.it\/Prodotti\/7_Attrezzature\/TDS\/Mates\/Misura_Controllo\/DN150_VUOTO_DS.pdf\" target=\"_blank\" rel=\"noopener\">Vacu\u00f3metro DN 150<\/a><\/li>\n<li><a href=\"https:\/\/fileserver.mates.it\/Prodotti\/7_Attrezzature\/TDS\/DVP\/VRF-VRV.pdf\" target=\"_blank\" rel=\"noopener\">Reguladores de presi\u00f3n<\/a><\/li>\n<li><a href=\"https:\/\/fileserver.mates.it\/Prodotti\/7_Attrezzature\/TDS\/TE%20Wire\/AccuClave.pdf\" target=\"_blank\" rel=\"noopener\">Termopares<\/a><\/li>\n<\/ul>\n<\/div><\/div><\/div><\/section>\n<\/div><\/div><div  class='hr av-av_hr-91d7ccd583a503147498e120fee2ff9b hr-default  avia-builder-el-7  el_after_av_two_fifth  avia-builder-el-last '><span class='hr-inner '><span class=\"hr-inner-style\"><\/span><\/span><\/div><\/p>\n","protected":false},"excerpt":{"rendered":"<p>En el procesamiento de alta tecnolog\u00eda, es esencial vigilar de cerca ciertos par\u00e1metros, que pueden variar desde la proporci\u00f3n de mezcla hasta la temperatura.<\/p>\n","protected":false},"author":1,"featured_media":7351,"parent":9395,"menu_order":1,"comment_status":"open","ping_status":"open","template":"","meta":{"footnotes":""},"class_list":["post-9508","page","type-page","status-publish","has-post-thumbnail","hentry"],"_links":{"self":[{"href":"https:\/\/www.mates.it\/es\/wp-json\/wp\/v2\/pages\/9508","targetHints":{"allow":["GET"]}}],"collection":[{"href":"https:\/\/www.mates.it\/es\/wp-json\/wp\/v2\/pages"}],"about":[{"href":"https:\/\/www.mates.it\/es\/wp-json\/wp\/v2\/types\/page"}],"author":[{"embeddable":true,"href":"https:\/\/www.mates.it\/es\/wp-json\/wp\/v2\/users\/1"}],"replies":[{"embeddable":true,"href":"https:\/\/www.mates.it\/es\/wp-json\/wp\/v2\/comments?post=9508"}],"version-history":[{"count":1,"href":"https:\/\/www.mates.it\/es\/wp-json\/wp\/v2\/pages\/9508\/revisions"}],"predecessor-version":[{"id":21298,"href":"https:\/\/www.mates.it\/es\/wp-json\/wp\/v2\/pages\/9508\/revisions\/21298"}],"up":[{"embeddable":true,"href":"https:\/\/www.mates.it\/es\/wp-json\/wp\/v2\/pages\/9395"}],"wp:featuredmedia":[{"embeddable":true,"href":"https:\/\/www.mates.it\/es\/wp-json\/wp\/v2\/media\/7351"}],"wp:attachment":[{"href":"https:\/\/www.mates.it\/es\/wp-json\/wp\/v2\/media?parent=9508"}],"curies":[{"name":"wp","href":"https:\/\/api.w.org\/{rel}","templated":true}]}}