{"id":9510,"date":"2015-09-16T16:26:37","date_gmt":"2015-09-16T14:26:37","guid":{"rendered":"https:\/\/www.mates.it\/prodotti\/strumenti-attrezzature\/macchinari-impianti\/autoclaves-hornos\/"},"modified":"2023-07-01T14:50:48","modified_gmt":"2023-07-01T12:50:48","slug":"autoclaves-hornos","status":"publish","type":"page","link":"https:\/\/www.mates.it\/es\/productos\/herramientas-utensilios\/maquinaria-instalaciones\/autoclaves-hornos\/","title":{"rendered":"Autoclaves \/ Hornos"},"content":{"rendered":"<div  class='flex_column av-av_three_fifth-7714eba142aeda1f8b5272a3c372b279 av_three_fifth  avia-builder-el-0  el_before_av_two_fifth  avia-builder-el-first  first flex_column_div  '     ><p>\n<style type=\"text\/css\" data-created_by=\"avia_inline_auto\" id=\"style-css-av-ljk04g58-9c6c5e7ca4bb6b417c2311b2c0c7dd4c\">\n#top .av-special-heading.av-ljk04g58-9c6c5e7ca4bb6b417c2311b2c0c7dd4c{\npadding-bottom:10px;\n}\nbody .av-special-heading.av-ljk04g58-9c6c5e7ca4bb6b417c2311b2c0c7dd4c .av-special-heading-tag .heading-char{\nfont-size:25px;\n}\n.av-special-heading.av-ljk04g58-9c6c5e7ca4bb6b417c2311b2c0c7dd4c .av-subheading{\nfont-size:15px;\n}\n<\/style>\n<div  class='av-special-heading av-ljk04g58-9c6c5e7ca4bb6b417c2311b2c0c7dd4c av-special-heading-h1  avia-builder-el-1  el_before_av_textblock  avia-builder-el-first  custom-h1-title'><h1 class='av-special-heading-tag '  >Autoclaves \/ Hornos<\/h1><div class=\"special-heading-border\"><div class=\"special-heading-inner-border\"><\/div><\/div><\/div><br \/>\n<section  class='av_textblock_section av-ljk02y3j-c6316d08c80a4118c399f690efc15ceb '  ><div class='avia_textblock' ><p>Nuestra colaboraci\u00f3n hist\u00f3rica con los m\u00e1s importantes fabricantes de autoclaves y hornos industriales, y el volumen de contratos de instalaci\u00f3n cerrados mensualmente con estos fabricantes, nos permite acceder a listas de precios dif\u00edciles de ofrecer para pedidos est\u00e1ndar. Los autoclaves son una herramienta espec\u00edfica para la polimerizaci\u00f3n de materiales termopl\u00e1sticos; este proceso permite aumentar las caracter\u00edsticas mec\u00e1nicas y la calidad est\u00e9tica de los componentes pl\u00e1sticos en m\u00e1s de un 30-40% en comparaci\u00f3n con los materiales sometidos a m\u00e9todos de polimerizaci\u00f3n tradicionales. Con la ayuda de hornos industriales, es posible realizar correctamente los ciclos de postcurado definidos por el fabricante de la resina, obteniendo las mejores caracter\u00edsticas mec\u00e1nicas y est\u00e9ticas de cada componente individual.<\/p>\n<div style=\"width: 100%;\"><\/div>\n<\/div><\/section><\/p><\/div><div  class='flex_column av-av_two_fifth-f1c518e9ff58e869f80c8f093487abc9 av_two_fifth  avia-builder-el-3  el_after_av_three_fifth  el_before_av_hr  flex_column_div  '     ><style type=\"text\/css\" data-created_by=\"avia_inline_auto\" id=\"style-css-av-ljk041yq-f8fcfd36e4117c47c93bf65a95a9f855\">\n#top .togglecontainer.av-ljk041yq-f8fcfd36e4117c47c93bf65a95a9f855 h4.toggler{\nfont-size:14px;\n}\n#top .togglecontainer.av-ljk041yq-f8fcfd36e4117c47c93bf65a95a9f855 h4.toggler.activeTitle{\ncolor:#ffffff;\nborder-color:#ffffff;\nbackground-color:#2682d3;\n}\n<\/style>\n<div  class='togglecontainer av-ljk041yq-f8fcfd36e4117c47c93bf65a95a9f855  avia-builder-el-4  avia-builder-el-no-sibling  accordion_product toggle_close_all hasCurrentStyle' >\n<section class='av_toggle_section av-ljk03rjw-3fec706196b260fcaa25c6d857b65182' ><div role=\"tablist\" class=\"single_toggle\" data-tags=\"{Todo} \"  ><h4 id='toggle-toggle-id-1' data-fake-id='#toggle-id-1' class='toggler  activeTitle av-title-above '  role='tab' tabindex='0' aria-controls='toggle-id-1' data-slide-speed=\"200\" data-title=\"Ventajas\" data-title-open=\"\" data-aria_collapsed=\"Click to expand: Ventajas\" data-aria_expanded=\"Click to collapse: Ventajas\">Ventajas<span class=\"toggle_icon\"><span class=\"vert_icon\"><\/span><span class=\"hor_icon\"><\/span><\/span><\/h4><div id='toggle-id-1' aria-labelledby='toggle-toggle-id-1' role='region' class='toggle_wrap  active_tc av-title-above' style='display:block;' ><div class='toggle_content invers-color ' ><ul>\n<li>Acceso a listas de precios favorables<\/li>\n<li>Garant\u00eda de los productos<\/li>\n<li>Mantenimiento programado<\/li>\n<\/ul>\n<\/div><\/div><\/div><\/section>\n<section class='av_toggle_section av-ljk040r1-0f9d7f0e7cbed70609753860084b7e02' ><div role=\"tablist\" class=\"single_toggle\" data-tags=\"{Todo} \"  ><h4 id='toggle-toggle-id-2' data-fake-id='#toggle-id-2' class='toggler  av-title-above '  role='tab' tabindex='0' aria-controls='toggle-id-2' data-slide-speed=\"200\" data-title=\"Tipos\" data-title-open=\"\" data-aria_collapsed=\"Click to expand: Tipos\" data-aria_expanded=\"Click to collapse: Tipos\">Tipos<span class=\"toggle_icon\"><span class=\"vert_icon\"><\/span><span class=\"hor_icon\"><\/span><\/span><\/h4><div id='toggle-id-2' aria-labelledby='toggle-toggle-id-2' role='region' class='toggle_wrap  av-title-above'  ><div class='toggle_content invers-color ' ><ul class=\"customlist2\">\n<li>Autoclaves<\/li>\n<li>Hornos industriales<\/li>\n<\/ul>\n<\/div><\/div><\/div><\/section>\n<\/div><\/div><div  class='hr av-av_hr-91d7ccd583a503147498e120fee2ff9b hr-default  avia-builder-el-5  el_after_av_two_fifth  avia-builder-el-last '><span class='hr-inner '><span class=\"hr-inner-style\"><\/span><\/span><\/div><\/p>\n","protected":false},"excerpt":{"rendered":"<p>Nuestra larga colaboraci\u00f3n con los m\u00e1s importantes fabricantes de autoclaves y hornos industriales nos permite acceder a listas de precios dif\u00edciles de ofrecer para pedidos est\u00e1ndar.<\/p>\n","protected":false},"author":1,"featured_media":0,"parent":9584,"menu_order":2,"comment_status":"open","ping_status":"open","template":"","meta":{"footnotes":""},"class_list":["post-9510","page","type-page","status-publish","hentry"],"_links":{"self":[{"href":"https:\/\/www.mates.it\/es\/wp-json\/wp\/v2\/pages\/9510","targetHints":{"allow":["GET"]}}],"collection":[{"href":"https:\/\/www.mates.it\/es\/wp-json\/wp\/v2\/pages"}],"about":[{"href":"https:\/\/www.mates.it\/es\/wp-json\/wp\/v2\/types\/page"}],"author":[{"embeddable":true,"href":"https:\/\/www.mates.it\/es\/wp-json\/wp\/v2\/users\/1"}],"replies":[{"embeddable":true,"href":"https:\/\/www.mates.it\/es\/wp-json\/wp\/v2\/comments?post=9510"}],"version-history":[{"count":0,"href":"https:\/\/www.mates.it\/es\/wp-json\/wp\/v2\/pages\/9510\/revisions"}],"up":[{"embeddable":true,"href":"https:\/\/www.mates.it\/es\/wp-json\/wp\/v2\/pages\/9584"}],"wp:attachment":[{"href":"https:\/\/www.mates.it\/es\/wp-json\/wp\/v2\/media?parent=9510"}],"curies":[{"name":"wp","href":"https:\/\/api.w.org\/{rel}","templated":true}]}}