{"id":9511,"date":"2015-09-16T16:26:33","date_gmt":"2015-09-16T14:26:33","guid":{"rendered":"https:\/\/www.mates.it\/prodotti\/strumenti-attrezzature\/macchinari-impianti\/tecnologias-de-vacio\/"},"modified":"2023-07-01T00:30:54","modified_gmt":"2023-06-30T22:30:54","slug":"tecnologias-de-vacio","status":"publish","type":"page","link":"https:\/\/www.mates.it\/es\/productos\/herramientas-utensilios\/maquinaria-instalaciones\/tecnologias-de-vacio\/","title":{"rendered":"Tecnolog\u00edas de vac\u00edo"},"content":{"rendered":"<div  class='flex_column av-av_one_full-7714eba142aeda1f8b5272a3c372b279 av_one_full  avia-builder-el-0  el_before_av_hr  avia-builder-el-first  first flex_column_div  '     ><p>\n<style type=\"text\/css\" data-created_by=\"avia_inline_auto\" id=\"style-css-av-ljj5b6m9-1e25b815e6a3a35f9c9ac5ea249194be\">\n#top .av-special-heading.av-ljj5b6m9-1e25b815e6a3a35f9c9ac5ea249194be{\npadding-bottom:10px;\n}\nbody .av-special-heading.av-ljj5b6m9-1e25b815e6a3a35f9c9ac5ea249194be .av-special-heading-tag .heading-char{\nfont-size:25px;\n}\n.av-special-heading.av-ljj5b6m9-1e25b815e6a3a35f9c9ac5ea249194be .av-subheading{\nfont-size:15px;\n}\n<\/style>\n<div  class='av-special-heading av-ljj5b6m9-1e25b815e6a3a35f9c9ac5ea249194be av-special-heading-h1  avia-builder-el-1  el_before_av_textblock  avia-builder-el-first  custom-h1-title'><h1 class='av-special-heading-tag '  >Tecnolog\u00edas de vac\u00edo<\/h1><div class=\"special-heading-border\"><div class=\"special-heading-inner-border\"><\/div><\/div><\/div><br \/>\n<section  class='av_textblock_section av-ljj5aj8w-a741ab232692af193b9f7408086d2afc '  ><div class='avia_textblock' ><p>Para obtener piezas compuestas de alta carga, suelen adoptarse procesos que requieren un vac\u00edo constante y duradero. La bomba de vac\u00edo debe garantizar un alto nivel de vac\u00edo para conseguir la presi\u00f3n superficial correcta que act\u00faa sobre el laminado. Por este motivo, junto con la empresa l\u00edder del sector, DVP, hemos desarrollado una serie de bombas dise\u00f1adas para el sector de los composites que sirven para crear un circuito de vac\u00edo v\u00e1lido, sin p\u00e9rdidas y con presiones controladas y constantes. Adem\u00e1s de la l\u00ednea de bombas de vac\u00edo, tambi\u00e9n hemos decidido a\u00f1adir una l\u00ednea de grupos de bombeo compuestos por una o m\u00e1s bombas de vac\u00edo lubricadas completas de motor el\u00e9ctrico y filtro separador de aceite de escape y un dep\u00f3sito horizontal de acero soldado estanco al vac\u00edo completo de v\u00e1lvula de purga de condensados.<\/p>\n<div style=\"width: 100%;\"><\/div>\n<\/div><\/section><\/p><\/div><div  class='hr av-av_hr-91d7ccd583a503147498e120fee2ff9b hr-default  avia-builder-el-3  el_after_av_one_full  el_before_av_three_fifth '><span class='hr-inner '><span class=\"hr-inner-style\"><\/span><\/span><\/div><\/p>\n<div  class='flex_column av-av_three_fifth-7714eba142aeda1f8b5272a3c372b279 av_three_fifth  avia-builder-el-4  el_after_av_hr  el_before_av_two_fifth  first flex_column_div  '     ><section  class='av_textblock_section av-ljj5bhrm-3255da21a5c5851db097d9fd903de0ff '  ><div class='avia_textblock' ><h6>BOMBAS DE VAC\u00cdO<\/h6>\n<p>Las bombas de vac\u00edo de la serie LC-C, espec\u00edficas para la producci\u00f3n de composites avanzados, se utilizan cuando se requiere una presi\u00f3n final m\u00e1s elevada y las piezas internas pueden entrar en contacto con vapores de disolventes agresivos. Pueden funcionar de forma continua, dentro de determinados rangos de presi\u00f3n o conectadas a recipientes que deben evacuarse, cuyo volumen es proporcional a la capacidad de la bomba. No se recomienda el uso prolongado a presi\u00f3n atmosf\u00e9rica. La lubricaci\u00f3n permite aspirar vapor de agua; para evitar que se condense, existe un dispositivo denominado \u00ablastre\u00bb, que introduce aire durante la fase de compresi\u00f3n y modifica la presi\u00f3n de saturaci\u00f3n del vapor, impidiendo la condensaci\u00f3n.<\/p>\n<\/div><\/section><\/div><div  class='flex_column av-av_two_fifth-f1c518e9ff58e869f80c8f093487abc9 av_two_fifth  avia-builder-el-6  el_after_av_three_fifth  el_before_av_hr  flex_column_div  '     ><style type=\"text\/css\" data-created_by=\"avia_inline_auto\" id=\"style-css-av-ljj5bz6n-76928ba644bd426318fede3a209b5daf\">\n#top .togglecontainer.av-ljj5bz6n-76928ba644bd426318fede3a209b5daf h4.toggler{\nfont-size:14px;\n}\n#top .togglecontainer.av-ljj5bz6n-76928ba644bd426318fede3a209b5daf h4.toggler.activeTitle{\ncolor:#ffffff;\nborder-color:#ffffff;\nbackground-color:#2682d3;\n}\n<\/style>\n<div  class='togglecontainer av-ljj5bz6n-76928ba644bd426318fede3a209b5daf  avia-builder-el-7  avia-builder-el-no-sibling  accordion_product toggle_close_all hasCurrentStyle' >\n<section class='av_toggle_section av-ljj5bwbz-784ee78807780df496dfb1862acbb947' ><div role=\"tablist\" class=\"single_toggle\" data-tags=\"{Todo} \"  ><h4 id='toggle-toggle-id-1' data-fake-id='#toggle-id-1' class='toggler  activeTitle av-title-above '  role='tab' tabindex='0' aria-controls='toggle-id-1' data-slide-speed=\"200\" data-title=\"Ventajas\" data-title-open=\"\" data-aria_collapsed=\"Click to expand: Ventajas\" data-aria_expanded=\"Click to collapse: Ventajas\">Ventajas<span class=\"toggle_icon\"><span class=\"vert_icon\"><\/span><span class=\"hor_icon\"><\/span><\/span><\/h4><div id='toggle-id-1' aria-labelledby='toggle-toggle-id-1' role='region' class='toggle_wrap  active_tc av-title-above' style='display:block;' ><div class='toggle_content invers-color ' ><ul class=\"customlist1\">\n<li>M\u00e1xima calidad<\/li>\n<li>Amplia elecci\u00f3n<\/li>\n<li>Compatibilidad de productos<\/li>\n<li>Art\u00edculos seleccionados<\/li>\n<li>Alta tecnolog\u00eda<\/li>\n<\/ul>\n<\/div><\/div><\/div><\/section>\n<section class='av_toggle_section av-ljj5byed-8bd2fe5ee8c58357d8f8d5cae5a5328b' ><div role=\"tablist\" class=\"single_toggle\" data-tags=\"{Todo} \"  ><h4 id='toggle-toggle-id-2' data-fake-id='#toggle-id-2' class='toggler  av-title-above '  role='tab' tabindex='0' aria-controls='toggle-id-2' data-slide-speed=\"200\" data-title=\"Tipos\" data-title-open=\"\" data-aria_collapsed=\"Click to expand: Tipos\" data-aria_expanded=\"Click to collapse: Tipos\">Tipos<span class=\"toggle_icon\"><span class=\"vert_icon\"><\/span><span class=\"hor_icon\"><\/span><\/span><\/h4><div id='toggle-id-2' aria-labelledby='toggle-toggle-id-2' role='region' class='toggle_wrap  av-title-above'  ><div class='toggle_content invers-color ' ><ul>\n<li><a href=\"https:\/\/fileserver.mates.it\/Prodotti\/7_Attrezzature\/TDS\/DVP\/Pompe%20da%20vuoto\/LC20-C.pdf\" target=\"_blank\" rel=\"noopener\">LC20-C<\/a><\/li>\n<li><a href=\"https:\/\/fileserver.mates.it\/Prodotti\/7_Attrezzature\/TDS\/DVP\/Pompe%20da%20vuoto\/LC25-C.pdf\" target=\"_blank\" rel=\"noopener\">LC25-C<\/a><\/li>\n<li><a href=\"https:\/\/fileserver.mates.it\/Prodotti\/7_Attrezzature\/TDS\/DVP\/Pompe%20da%20vuoto\/LC40-C_LC60-C.pdf\" target=\"_blank\" rel=\"noopener\">LC40\/60-C<\/a><\/li>\n<li><a href=\"https:\/\/fileserver.mates.it\/Prodotti\/7_Attrezzature\/TDS\/DVP\/Pompe%20da%20vuoto\/LC106-C_LC151-C.pdf\" target=\"_blank\" rel=\"noopener\">LC106\/151-C<\/a><\/li>\n<\/ul>\n<\/div><\/div><\/div><\/section>\n<\/div><\/div><div  class='hr av-av_hr-91d7ccd583a503147498e120fee2ff9b hr-default  avia-builder-el-8  el_after_av_two_fifth  el_before_av_three_fifth '><span class='hr-inner '><span class=\"hr-inner-style\"><\/span><\/span><\/div><\/p>\n<div  class='flex_column av-av_three_fifth-62182491de0c8640dccef865bfe8b366 av_three_fifth  avia-builder-el-9  el_after_av_hr  el_before_av_two_fifth  first flex_column_div  '     ><section  class='av_textblock_section av-ljj5dh4e-28e66a5fab852d65aadf0e4f8b5fbad4 '  ><div class='avia_textblock' ><h6>SISTEMAS DE VAC\u00cdO<\/h6>\n<p>Las unidades de bombeo de vac\u00edo CPA se utilizan principalmente en plantas centralizadas como fuentes de vac\u00edo en las que el dep\u00f3sito tiene una funci\u00f3n de seguridad en caso de corte del suministro el\u00e9ctrico. Estos grupos est\u00e1n formados por varios componentes: una o varias bombas de vac\u00edo lubricadas con motor el\u00e9ctrico y filtro desaceitador de escape; un dep\u00f3sito de vac\u00edo horizontal de acero soldado con v\u00e1lvula de purga de condensados; un filtro de cartucho tipo FCM para proteger la bomba de las impurezas presentes en el sistema; un cuadro el\u00e9ctrico de control (alimentaci\u00f3n est\u00e1ndar 400 V 50-60 Hz) con bloqueo del interruptor general, pulsador de emergencia, protecci\u00f3n del amper\u00edmetro, sensor de presi\u00f3n y PLC, que permite arrancar y hacer funcionar la bomba en modo manual o autom\u00e1tico, gestionando todas las operaciones de ajuste y control de los par\u00e1metros de funcionamiento.<\/p>\n<\/div><\/section><\/div><div  class='flex_column av-av_two_fifth-f1c518e9ff58e869f80c8f093487abc9 av_two_fifth  avia-builder-el-11  el_after_av_three_fifth  el_before_av_hr  flex_column_div  '     ><style type=\"text\/css\" data-created_by=\"avia_inline_auto\" id=\"style-css-av-ljj5ejo2-d3c236c00250c22bb2b160fe15c23fee\">\n#top .togglecontainer.av-ljj5ejo2-d3c236c00250c22bb2b160fe15c23fee h4.toggler{\nfont-size:14px;\n}\n#top .togglecontainer.av-ljj5ejo2-d3c236c00250c22bb2b160fe15c23fee h4.toggler.activeTitle{\ncolor:#ffffff;\nborder-color:#ffffff;\nbackground-color:#2682d3;\n}\n<\/style>\n<div  class='togglecontainer av-ljj5ejo2-d3c236c00250c22bb2b160fe15c23fee  avia-builder-el-12  avia-builder-el-no-sibling  accordion_product toggle_close_all hasCurrentStyle' >\n<section class='av_toggle_section av-ljj5egme-400ffa19e23045b2b3be2e025e4a560c' ><div role=\"tablist\" class=\"single_toggle\" data-tags=\"{Todo} \"  ><h4 id='toggle-toggle-id-3' data-fake-id='#toggle-id-3' class='toggler  activeTitle av-title-above '  role='tab' tabindex='0' aria-controls='toggle-id-3' data-slide-speed=\"200\" data-title=\"Ventajas\" data-title-open=\"\" data-aria_collapsed=\"Click to expand: Ventajas\" data-aria_expanded=\"Click to collapse: Ventajas\">Ventajas<span class=\"toggle_icon\"><span class=\"vert_icon\"><\/span><span class=\"hor_icon\"><\/span><\/span><\/h4><div id='toggle-id-3' aria-labelledby='toggle-toggle-id-3' role='region' class='toggle_wrap  active_tc av-title-above' style='display:block;' ><div class='toggle_content invers-color ' ><ul class=\"customlist1\">\n<li>Gran versatilidad<\/li>\n<li>Posibilidad de diferentes combinaciones<\/li>\n<li>Compatibilidad de productos<\/li>\n<li>Componentes siempre en stock<\/li>\n<li>Alto contenido tecnol\u00f3gico<\/li>\n<\/ul>\n<\/div><\/div><\/div><\/section>\n<section class='av_toggle_section av-ljj5eish-e981c40659f15e87239c8ead06f3d9a9' ><div role=\"tablist\" class=\"single_toggle\" data-tags=\"{Todo} \"  ><h4 id='toggle-toggle-id-4' data-fake-id='#toggle-id-4' class='toggler  av-title-above '  role='tab' tabindex='0' aria-controls='toggle-id-4' data-slide-speed=\"200\" data-title=\"Tipos\" data-title-open=\"\" data-aria_collapsed=\"Click to expand: Tipos\" data-aria_expanded=\"Click to collapse: Tipos\">Tipos<span class=\"toggle_icon\"><span class=\"vert_icon\"><\/span><span class=\"hor_icon\"><\/span><\/span><\/h4><div id='toggle-id-4' aria-labelledby='toggle-toggle-id-4' role='region' class='toggle_wrap  av-title-above'  ><div class='toggle_content invers-color ' ><ul>\n<li><a href=\"https:\/\/fileserver.mates.it\/Prodotti\/7_Attrezzature\/TDS\/DVP\/Gruppi%20pompanti\/cpa_simplex.pdf\" target=\"_blank\" rel=\"noopener\">CPA \u2013 Simplex<\/a><\/li>\n<li><a href=\"https:\/\/fileserver.mates.it\/Prodotti\/7_Attrezzature\/TDS\/DVP\/Gruppi%20pompanti\/cpa_duplex.pdf\" target=\"_blank\" rel=\"noopener\">CPA \u2013 Duplex<\/a><\/li>\n<li><a href=\"https:\/\/fileserver.mates.it\/Prodotti\/7_Attrezzature\/TDS\/DVP\/Gruppi%20pompanti\/cpa_triplex.pdf\" target=\"_blank\" rel=\"noopener\">CPA \u2013 Triplex<\/a><\/li>\n<\/ul>\n<\/div><\/div><\/div><\/section>\n<\/div><\/div><div  class='hr av-av_hr-91d7ccd583a503147498e120fee2ff9b hr-default  avia-builder-el-13  el_after_av_two_fifth  el_before_av_one_full '><span class='hr-inner '><span class=\"hr-inner-style\"><\/span><\/span><\/div><\/p>\n<div  class='flex_column av-av_one_full-7714eba142aeda1f8b5272a3c372b279 av_one_full  avia-builder-el-14  el_after_av_hr  avia-builder-el-last  first flex_column_div  '     ><p><div  class='avia-button-wrap av-av_button-872ae3bcf02ad664fc58d8cc8e0bd901-wrap avia-button-left  avia-builder-el-15  el_before_av_button  avia-builder-el-first '><a href=\"https:\/\/fileserver.mates.it\/Prodotti\/7_Attrezzature\/Brochure\/DVP\/EXE_folder_prodotti_DVP_ITA.pdf\" class=\"avia-button av-av_button-872ae3bcf02ad664fc58d8cc8e0bd901 av-link-btn avia-icon_select-yes-left-icon avia-size-small avia-position-left avia-color-theme-color\" target=\"_blank\" rel=\"noopener noreferrer\" aria-label=\"  DVP \u00ae Product selector\"><span class='avia_button_icon avia_button_icon_left avia-iconfont avia-font-entypo-fontello' data-av_icon='\ue82d' data-av_iconfont='entypo-fontello' ><\/span><span class='avia_iconbox_title' >  DVP \u00ae Product selector<\/span><\/a><\/div><br \/>\n<div  class='avia-button-wrap av-av_button-38de061ebbbd87351447892cf78fa022-wrap avia-button-left  avia-builder-el-16  el_after_av_button  avia-builder-el-last '><a href=\"https:\/\/fileserver.mates.it\/Prodotti\/7_Attrezzature\/Brochure\/DVP\/tecnologie_DVP.pdf\" class=\"avia-button av-av_button-38de061ebbbd87351447892cf78fa022 av-link-btn avia-icon_select-yes-left-icon avia-size-small avia-position-left avia-color-theme-color\" target=\"_blank\" rel=\"noopener noreferrer\" aria-label=\"  DVP \u00ae Technologies\"><span class='avia_button_icon avia_button_icon_left avia-iconfont avia-font-entypo-fontello' data-av_icon='\ue82d' data-av_iconfont='entypo-fontello' ><\/span><span class='avia_iconbox_title' >  DVP \u00ae Technologies<\/span><\/a><\/div><\/p><\/div>\n","protected":false},"excerpt":{"rendered":"<p>Para obtener productos compuestos de alta carga, suelen adoptarse procesos que requieren un vac\u00edo constante y duradero, sin la menor p\u00e9rdida.<\/p>\n","protected":false},"author":1,"featured_media":0,"parent":9584,"menu_order":1,"comment_status":"open","ping_status":"open","template":"","meta":{"footnotes":""},"class_list":["post-9511","page","type-page","status-publish","hentry"],"_links":{"self":[{"href":"https:\/\/www.mates.it\/es\/wp-json\/wp\/v2\/pages\/9511","targetHints":{"allow":["GET"]}}],"collection":[{"href":"https:\/\/www.mates.it\/es\/wp-json\/wp\/v2\/pages"}],"about":[{"href":"https:\/\/www.mates.it\/es\/wp-json\/wp\/v2\/types\/page"}],"author":[{"embeddable":true,"href":"https:\/\/www.mates.it\/es\/wp-json\/wp\/v2\/users\/1"}],"replies":[{"embeddable":true,"href":"https:\/\/www.mates.it\/es\/wp-json\/wp\/v2\/comments?post=9511"}],"version-history":[{"count":0,"href":"https:\/\/www.mates.it\/es\/wp-json\/wp\/v2\/pages\/9511\/revisions"}],"up":[{"embeddable":true,"href":"https:\/\/www.mates.it\/es\/wp-json\/wp\/v2\/pages\/9584"}],"wp:attachment":[{"href":"https:\/\/www.mates.it\/es\/wp-json\/wp\/v2\/media?parent=9511"}],"curies":[{"name":"wp","href":"https:\/\/api.w.org\/{rel}","templated":true}]}}