{"id":9512,"date":"2015-09-16T15:26:24","date_gmt":"2015-09-16T13:26:24","guid":{"rendered":"https:\/\/www.mates.it\/prodotti\/resine-adesivi-chimici\/auxiliares-resinas-e\/"},"modified":"2023-06-26T16:31:49","modified_gmt":"2023-06-26T14:31:49","slug":"auxiliares-resinas-e","status":"publish","type":"page","link":"https:\/\/www.mates.it\/es\/productos\/resinas-adhesivos-quimicos\/auxiliares-resinas-e\/","title":{"rendered":"Auxiliares &#8211; Resinas"},"content":{"rendered":"\n<style type=\"text\/css\" data-created_by=\"avia_inline_auto\" id=\"style-css-av-av_image-17415c1989a9c74f674df224b5ceb4e8\">\n.avia-image-container.av-av_image-17415c1989a9c74f674df224b5ceb4e8 img.avia_image{\nbox-shadow:none;\n}\n.avia-image-container.av-av_image-17415c1989a9c74f674df224b5ceb4e8 .av-image-caption-overlay-center{\ncolor:#ffffff;\n}\n<\/style>\n<div  class='avia-image-container av-av_image-17415c1989a9c74f674df224b5ceb4e8 av-styling- avia-align-center  avia-builder-el-0  el_before_av_hr  avia-builder-el-first '  ><div class=\"avia-image-container-inner\"><div class=\"avia-image-overlay-wrap\"><img decoding=\"async\" fetchpriority=\"high\" class=\"wp-image- avia-img-lazy-loading-not- avia_image \" src=\"https:\/\/www.mates.it\/wp-content\/uploads\/2016\/09\/Lay-up-manuale.jpg\" alt=\"\" title=\"\"><\/div><\/div><\/div>\n<div  class='hr av-av_hr-91d7ccd583a503147498e120fee2ff9b hr-default  avia-builder-el-1  el_after_av_image  el_before_av_three_fifth '><span class='hr-inner '><span class=\"hr-inner-style\"><\/span><\/span><\/div>\n<div  class='flex_column av-av_three_fifth-7714eba142aeda1f8b5272a3c372b279 av_three_fifth  avia-builder-el-2  el_after_av_hr  el_before_av_two_fifth  first flex_column_div  '     ><p>\n<style type=\"text\/css\" data-created_by=\"avia_inline_auto\" id=\"style-css-av-ljcyhelx-8c72d745ff0c120ebb6ec94481697ee5\">\n#top .av-special-heading.av-ljcyhelx-8c72d745ff0c120ebb6ec94481697ee5{\npadding-bottom:10px;\n}\nbody .av-special-heading.av-ljcyhelx-8c72d745ff0c120ebb6ec94481697ee5 .av-special-heading-tag .heading-char{\nfont-size:25px;\n}\n.av-special-heading.av-ljcyhelx-8c72d745ff0c120ebb6ec94481697ee5 .av-subheading{\nfont-size:15px;\n}\n<\/style>\n<div  class='av-special-heading av-ljcyhelx-8c72d745ff0c120ebb6ec94481697ee5 av-special-heading-h1  avia-builder-el-3  el_before_av_textblock  avia-builder-el-first  custom-h1-title'><h1 class='av-special-heading-tag '  >Auxiliares &#8211; Resinas<\/h1><div class=\"special-heading-border\"><div class=\"special-heading-inner-border\"><\/div><\/div><\/div><br \/>\n<section  class='av_textblock_section av-ljcyh9aa-73ba5ec138a0c0fadb264a915101b5cd '  ><div class='avia_textblock' ><p>Una completa gama de herramientas seleccionadas para la impregnaci\u00f3n de tejidos t\u00e9cnicos de bajo, medio o alto gramaje como esp\u00e1tulas, brochas, rodillos y rompeburbujas. La correcta impregnaci\u00f3n de un tejido puede garantizar la ausencia de burbujas de aire interlaminares, que posteriormente podr\u00edan comprometer la estabilidad del producto. Tambi\u00e9n es adecuado para la aplicaci\u00f3n de pinturas y gelcoats. Las mejores herramientas de impregnaci\u00f3n del mercado est\u00e1n disponibles para nuestros clientes, cuidadosamente seleccionadas y colocadas en esta categor\u00eda en constante expansi\u00f3n y evoluci\u00f3n.<\/p>\n<\/div><\/section><\/p><\/div><div  class='flex_column av-av_two_fifth-f1c518e9ff58e869f80c8f093487abc9 av_two_fifth  avia-builder-el-5  el_after_av_three_fifth  el_before_av_hr  flex_column_div  '     ><style type=\"text\/css\" data-created_by=\"avia_inline_auto\" id=\"style-css-av-ljcyj672-9027f974655c3be47a59d8124c426af3\">\n#top .togglecontainer.av-ljcyj672-9027f974655c3be47a59d8124c426af3 h4.toggler{\nfont-size:14px;\n}\n#top .togglecontainer.av-ljcyj672-9027f974655c3be47a59d8124c426af3 h4.toggler.activeTitle{\ncolor:#ffffff;\nborder-color:#ffffff;\nbackground-color:#2682d3;\n}\n<\/style>\n<div  class='togglecontainer av-ljcyj672-9027f974655c3be47a59d8124c426af3  avia-builder-el-6  avia-builder-el-no-sibling  accordion_product toggle_close_all hasCurrentStyle' >\n<section class='av_toggle_section av-ljcyi2mz-a79d75ede3b510ba5b3e98c364b91ddb' ><div role=\"tablist\" class=\"single_toggle\" data-tags=\"{Todo} \"  ><h4 id='toggle-toggle-id-1' data-fake-id='#toggle-id-1' class='toggler  activeTitle av-title-above '  role='tab' tabindex='0' aria-controls='toggle-id-1' data-slide-speed=\"200\" data-title=\"Ventajas\" data-title-open=\"\" data-aria_collapsed=\"Click to expand: Ventajas\" data-aria_expanded=\"Click to collapse: Ventajas\">Ventajas<span class=\"toggle_icon\"><span class=\"vert_icon\"><\/span><span class=\"hor_icon\"><\/span><\/span><\/h4><div id='toggle-id-1' aria-labelledby='toggle-toggle-id-1' role='region' class='toggle_wrap  active_tc av-title-above' style='display:block;' ><div class='toggle_content invers-color ' ><ul class=\"customlist1\">\n<li>Espec\u00edfico para cada proceso<\/li>\n<li>Precios extremadamente competitivos<\/li>\n<li>Suministro r\u00e1pido<\/li>\n<li>Art\u00edculos seleccionados<\/li>\n<\/ul>\n<\/div><\/div><\/div><\/section>\n<section class='av_toggle_section av-ljcyj3xi-dee86bcb1bad7d01caba2c36b5837aff' ><div role=\"tablist\" class=\"single_toggle\" data-tags=\"{Todo} \"  ><h4 id='toggle-toggle-id-2' data-fake-id='#toggle-id-2' class='toggler  av-title-above '  role='tab' tabindex='0' aria-controls='toggle-id-2' data-slide-speed=\"200\" data-title=\"Tipos\" data-title-open=\"\" data-aria_collapsed=\"Click to expand: Tipos\" data-aria_expanded=\"Click to collapse: Tipos\">Tipos<span class=\"toggle_icon\"><span class=\"vert_icon\"><\/span><span class=\"hor_icon\"><\/span><\/span><\/h4><div id='toggle-id-2' aria-labelledby='toggle-toggle-id-2' role='region' class='toggle_wrap  av-title-above'  ><div class='toggle_content invers-color ' ><ul class=\"customlist2\">\n<li><a href=\"https:\/\/fileserver.mates.it\/Prodotti\/2_Matrici\/Brochure\/Mates\/Ausiliari_Resine\/Spatole.pdf\" target=\"_blank\" rel=\"noopener\">Esp\u00e1tulas<\/a><\/li>\n<li><a href=\"https:\/\/fileserver.mates.it\/Prodotti\/2_Matrici\/Brochure\/Mates\/Ausiliari_Resine\/Frangibolle.pdf\" target=\"_blank\" rel=\"noopener\">Rompe burbujas<\/a><\/li>\n<li><a href=\"https:\/\/fileserver.mates.it\/Prodotti\/2_Matrici\/Brochure\/Mates\/Ausiliari_Resine\/Rulli.pdf\" target=\"_blank\" rel=\"noopener\">Rodillos<\/a><\/li>\n<li><a href=\"https:\/\/fileserver.mates.it\/Prodotti\/2_Matrici\/Brochure\/Mates\/Ausiliari_Resine\/Pennelli.pdf\" target=\"_blank\" rel=\"noopener\">Cepillos<\/a><\/li>\n<\/ul>\n<\/div><\/div><\/div><\/section>\n<\/div><\/div><div  class='hr av-av_hr-91d7ccd583a503147498e120fee2ff9b hr-default  avia-builder-el-7  el_after_av_two_fifth  avia-builder-el-last '><span class='hr-inner '><span class=\"hr-inner-style\"><\/span><\/span><\/div><\/p>\n","protected":false},"excerpt":{"rendered":"<p>Una completa gama de herramientas seleccionadas para la impregnaci\u00f3n de tejidos t\u00e9cnicos de bajo, medio o alto gramaje como esp\u00e1tulas, brochas, rodillos y rompeburbujas.<\/p>\n","protected":false},"author":1,"featured_media":7399,"parent":9387,"menu_order":5,"comment_status":"open","ping_status":"open","template":"","meta":{"footnotes":""},"class_list":["post-9512","page","type-page","status-publish","has-post-thumbnail","hentry"],"_links":{"self":[{"href":"https:\/\/www.mates.it\/es\/wp-json\/wp\/v2\/pages\/9512","targetHints":{"allow":["GET"]}}],"collection":[{"href":"https:\/\/www.mates.it\/es\/wp-json\/wp\/v2\/pages"}],"about":[{"href":"https:\/\/www.mates.it\/es\/wp-json\/wp\/v2\/types\/page"}],"author":[{"embeddable":true,"href":"https:\/\/www.mates.it\/es\/wp-json\/wp\/v2\/users\/1"}],"replies":[{"embeddable":true,"href":"https:\/\/www.mates.it\/es\/wp-json\/wp\/v2\/comments?post=9512"}],"version-history":[{"count":0,"href":"https:\/\/www.mates.it\/es\/wp-json\/wp\/v2\/pages\/9512\/revisions"}],"up":[{"embeddable":true,"href":"https:\/\/www.mates.it\/es\/wp-json\/wp\/v2\/pages\/9387"}],"wp:featuredmedia":[{"embeddable":true,"href":"https:\/\/www.mates.it\/es\/wp-json\/wp\/v2\/media\/7399"}],"wp:attachment":[{"href":"https:\/\/www.mates.it\/es\/wp-json\/wp\/v2\/media?parent=9512"}],"curies":[{"name":"wp","href":"https:\/\/api.w.org\/{rel}","templated":true}]}}