{"id":9513,"date":"2015-09-16T16:26:43","date_gmt":"2015-09-16T14:26:43","guid":{"rendered":"https:\/\/www.mates.it\/prodotti\/strumenti-attrezzature\/sistemas-de-seguridad\/"},"modified":"2023-10-14T14:45:21","modified_gmt":"2023-10-14T12:45:21","slug":"equipos-de-proteccion","status":"publish","type":"page","link":"https:\/\/www.mates.it\/es\/productos\/herramientas-utensilios\/equipos-de-proteccion\/","title":{"rendered":"Equipos de protecci\u00f3n"},"content":{"rendered":"<\/p>\n\n<style type=\"text\/css\" data-created_by=\"avia_inline_auto\" id=\"style-css-av-av_image-3658c65c1efacdae89f42f97cb5ffebf\">\n.avia-image-container.av-av_image-3658c65c1efacdae89f42f97cb5ffebf img.avia_image{\nbox-shadow:none;\n}\n.avia-image-container.av-av_image-3658c65c1efacdae89f42f97cb5ffebf .av-image-caption-overlay-center{\ncolor:#ffffff;\n}\n<\/style>\n<div  class='avia-image-container av-av_image-3658c65c1efacdae89f42f97cb5ffebf av-styling- avia-align-center  avia-builder-el-0  el_before_av_hr  avia-builder-el-first '  ><div class=\"avia-image-container-inner\"><div class=\"avia-image-overlay-wrap\"><img decoding=\"async\" fetchpriority=\"high\" class=\"wp-image- avia-img-lazy-loading-not- avia_image \" src=\"https:\/\/www.mates.it\/wp-content\/uploads\/2016\/06\/Dispositivi-di-sicurezza.jpg\" alt=\"\" title=\"\"><\/div><\/div><\/div>\n<div  class='hr av-av_hr-91d7ccd583a503147498e120fee2ff9b hr-default  avia-builder-el-1  el_after_av_image  el_before_av_three_fifth '><span class='hr-inner '><span class=\"hr-inner-style\"><\/span><\/span><\/div>\n<div  class='flex_column av-av_three_fifth-7714eba142aeda1f8b5272a3c372b279 av_three_fifth  avia-builder-el-2  el_after_av_hr  el_before_av_two_fifth  first flex_column_div  '     ><p>\n<style type=\"text\/css\" data-created_by=\"avia_inline_auto\" id=\"style-css-av-ljkg8l13-d6e1da6b0bac42de757dc334c07ed8b3\">\n#top .av-special-heading.av-ljkg8l13-d6e1da6b0bac42de757dc334c07ed8b3{\npadding-bottom:10px;\n}\nbody .av-special-heading.av-ljkg8l13-d6e1da6b0bac42de757dc334c07ed8b3 .av-special-heading-tag .heading-char{\nfont-size:25px;\n}\n.av-special-heading.av-ljkg8l13-d6e1da6b0bac42de757dc334c07ed8b3 .av-subheading{\nfont-size:15px;\n}\n<\/style>\n<div  class='av-special-heading av-ljkg8l13-d6e1da6b0bac42de757dc334c07ed8b3 av-special-heading-h1  avia-builder-el-3  el_before_av_textblock  avia-builder-el-first  custom-h1-title'><h1 class='av-special-heading-tag '  >Equipos de protecci\u00f3n<\/h1><div class=\"special-heading-border\"><div class=\"special-heading-inner-border\"><\/div><\/div><\/div><br \/>\n<section  class='av_textblock_section av-ljkg8vc2-622e26a84aa6a2f1f5ca3f38855a9591 '  ><div class='avia_textblock' ><p>Los equipos de protecci\u00f3n personal (EPI) son productos que tienen la funci\u00f3n de salvaguardar a la persona que los usa o en todo caso los lleva consigo, de los riesgos para la salud y la seguridad. Adem\u00e1s, por ley, deben llevar el marcado CE, que indica el cumplimiento de los requisitos esenciales de seguridad y salud establecidos por las normas comunitarias. Uno de los mayores problemas es determinar cu\u00e1ndo se debe reemplazar el equipo de protecci\u00f3n personal. Algunos dispositivos tienen una fecha de caducidad, otros son desechables, a\u00fan otros requieren un control constante por parte del trabajador del estado de desgaste para reemplazarlo si ya no es adecuado. Por ejemplo: un dispositivo respiratorio debe ser reemplazado cuando el operador nota una dificultad particular para respirar; por otro lado, ser\u00e1 necesario reemplazar las gafas cuando el operador detecte que las im\u00e1genes ya no son perfectamente n\u00edtidas.<\/p>\n<div style=\"width: 100%;\"><\/div>\n<\/div><\/section><\/p><\/div><div  class='flex_column av-av_two_fifth-f1c518e9ff58e869f80c8f093487abc9 av_two_fifth  avia-builder-el-5  el_after_av_three_fifth  el_before_av_hr  flex_column_div  '     ><style type=\"text\/css\" data-created_by=\"avia_inline_auto\" id=\"style-css-av-ljkgamgf-9f3b220fcb817f7a3a6299bb5d99972f\">\n#top .togglecontainer.av-ljkgamgf-9f3b220fcb817f7a3a6299bb5d99972f h4.toggler{\nfont-size:14px;\n}\n#top .togglecontainer.av-ljkgamgf-9f3b220fcb817f7a3a6299bb5d99972f h4.toggler.activeTitle{\ncolor:#ffffff;\nborder-color:#ffffff;\nbackground-color:#2682d3;\n}\n<\/style>\n<div  class='togglecontainer av-ljkgamgf-9f3b220fcb817f7a3a6299bb5d99972f  avia-builder-el-6  avia-builder-el-no-sibling  accordion_product toggle_close_all hasCurrentStyle' >\n<section class='av_toggle_section av-ljkg99bj-79dc424ea9fd7697bebc49aea599d350' ><div role=\"tablist\" class=\"single_toggle\" data-tags=\"{Todo} \"  ><h4 id='toggle-toggle-id-1' data-fake-id='#toggle-id-1' class='toggler  activeTitle av-title-above '  role='tab' tabindex='0' aria-controls='toggle-id-1' data-slide-speed=\"200\" data-title=\"Ventajas\" data-title-open=\"\" data-aria_collapsed=\"Click to expand: Ventajas\" data-aria_expanded=\"Click to collapse: Ventajas\">Ventajas<span class=\"toggle_icon\"><span class=\"vert_icon\"><\/span><span class=\"hor_icon\"><\/span><\/span><\/h4><div id='toggle-id-1' aria-labelledby='toggle-toggle-id-1' role='region' class='toggle_wrap  active_tc av-title-above' style='display:block;' ><div class='toggle_content invers-color ' ><ul>\n<li>Amplia variedad de art\u00edculos<\/li>\n<li>Productores certificados<\/li>\n<li>Listas de precios con descuento<\/li>\n<li>Adecuado para cada necesidad<\/li>\n<\/ul>\n<\/div><\/div><\/div><\/section>\n<section class='av_toggle_section av-ljkgakn4-07c90d242c937c2c6fcb5512b172179f' ><div role=\"tablist\" class=\"single_toggle\" data-tags=\"{Todo} \"  ><h4 id='toggle-toggle-id-2' data-fake-id='#toggle-id-2' class='toggler  av-title-above '  role='tab' tabindex='0' aria-controls='toggle-id-2' data-slide-speed=\"200\" data-title=\"Tipos\" data-title-open=\"\" data-aria_collapsed=\"Click to expand: Tipos\" data-aria_expanded=\"Click to collapse: Tipos\">Tipos<span class=\"toggle_icon\"><span class=\"vert_icon\"><\/span><span class=\"hor_icon\"><\/span><\/span><\/h4><div id='toggle-id-2' aria-labelledby='toggle-toggle-id-2' role='region' class='toggle_wrap  av-title-above'  ><div class='toggle_content invers-color ' ><ul class=\"customlist2\">\n<li><a href=\"https:\/\/fileserver.mates.it\/Prodotti\/7_Attrezzature\/TDS\/3M\/vie_respiratorie_dpi.pdf\" target=\"_blank\" rel=\"noopener\">Protecci\u00f3n respiratoria<\/a><\/li>\n<li><a href=\"https:\/\/fileserver.mates.it\/Prodotti\/7_Attrezzature\/TDS\/3M\/abbigliamento_dpi.pdf\" target=\"_blank\" rel=\"noopener\">Trajes de trabajo<\/a><\/li>\n<li><a href=\"https:\/\/fileserver.mates.it\/Prodotti\/7_Attrezzature\/TDS\/3M\/vista_dpi.pdf\" target=\"_blank\" rel=\"noopener\">Protecci\u00f3n para los ojos<\/a><\/li>\n<li><a href=\"https:\/\/fileserver.mates.it\/Prodotti\/7_Attrezzature\/TDS\/3M\/udito_dpi.pdf\" target=\"_blank\" rel=\"noopener\">Protecci\u00f3n auditiva<\/a><\/li>\n<li><a href=\"https:\/\/fileserver.mates.it\/Prodotti\/7_Attrezzature\/TDS\/3M\/altri_dpi.pdf\" target=\"_blank\" rel=\"noopener\">Otros EPI<\/a><\/li>\n<\/ul>\n<\/div><\/div><\/div><\/section>\n<\/div><\/div><div  class='hr av-av_hr-91d7ccd583a503147498e120fee2ff9b hr-default  avia-builder-el-7  el_after_av_two_fifth  avia-builder-el-last '><span class='hr-inner '><span class=\"hr-inner-style\"><\/span><\/span><\/div><\/p>\n","protected":false},"excerpt":{"rendered":"<p>Los equipos de protecci\u00f3n personal (EPI) son productos que tienen la funci\u00f3n de salvaguardar a la persona que los usa o en todo caso los lleva consigo de riesgos para la salud y la seguridad.<\/p>\n","protected":false},"author":1,"featured_media":7355,"parent":9395,"menu_order":4,"comment_status":"open","ping_status":"open","template":"","meta":{"footnotes":""},"class_list":["post-9513","page","type-page","status-publish","has-post-thumbnail","hentry"],"_links":{"self":[{"href":"https:\/\/www.mates.it\/es\/wp-json\/wp\/v2\/pages\/9513","targetHints":{"allow":["GET"]}}],"collection":[{"href":"https:\/\/www.mates.it\/es\/wp-json\/wp\/v2\/pages"}],"about":[{"href":"https:\/\/www.mates.it\/es\/wp-json\/wp\/v2\/types\/page"}],"author":[{"embeddable":true,"href":"https:\/\/www.mates.it\/es\/wp-json\/wp\/v2\/users\/1"}],"replies":[{"embeddable":true,"href":"https:\/\/www.mates.it\/es\/wp-json\/wp\/v2\/comments?post=9513"}],"version-history":[{"count":0,"href":"https:\/\/www.mates.it\/es\/wp-json\/wp\/v2\/pages\/9513\/revisions"}],"up":[{"embeddable":true,"href":"https:\/\/www.mates.it\/es\/wp-json\/wp\/v2\/pages\/9395"}],"wp:featuredmedia":[{"embeddable":true,"href":"https:\/\/www.mates.it\/es\/wp-json\/wp\/v2\/media\/7355"}],"wp:attachment":[{"href":"https:\/\/www.mates.it\/es\/wp-json\/wp\/v2\/media?parent=9513"}],"curies":[{"name":"wp","href":"https:\/\/api.w.org\/{rel}","templated":true}]}}