{"id":9515,"date":"2015-09-16T16:26:30","date_gmt":"2015-09-16T14:26:30","guid":{"rendered":"https:\/\/www.mates.it\/prodotti\/strumenti-attrezzature\/tubos-ataques\/"},"modified":"2023-12-13T23:54:08","modified_gmt":"2023-12-13T22:54:08","slug":"tubos-ataques","status":"publish","type":"page","link":"https:\/\/www.mates.it\/es\/productos\/herramientas-utensilios\/tubos-ataques\/","title":{"rendered":"Tubos \/ Ataques"},"content":{"rendered":"\n<style type=\"text\/css\" data-created_by=\"avia_inline_auto\" id=\"style-css-av-lq4db7t1-990a43ddcd43e38e3ea14545e1b17095\">\n.avia-image-container.av-lq4db7t1-990a43ddcd43e38e3ea14545e1b17095 img.avia_image{\nbox-shadow:none;\n}\n.avia-image-container.av-lq4db7t1-990a43ddcd43e38e3ea14545e1b17095 .av-image-caption-overlay-center{\ncolor:#ffffff;\n}\n<\/style>\n<div  class='avia-image-container av-lq4db7t1-990a43ddcd43e38e3ea14545e1b17095 av-styling- avia-align-center  avia-builder-el-0  el_before_av_hr  avia-builder-el-first '  ><div class=\"avia-image-container-inner\"><div class=\"avia-image-overlay-wrap\"><img decoding=\"async\" fetchpriority=\"high\" class='wp-image-20445 avia-img-lazy-loading-not-20445 avia_image ' src=\"https:\/\/www.mates.it\/wp-content\/uploads\/Tubi-Raccordi-Attacchi-2.jpg\" alt='Tubi-Raccordi-Attacchi' title='Tubi-Raccordi-Attacchi'  height=\"190\" width=\"1000\" srcset=\"https:\/\/www.mates.it\/wp-content\/uploads\/Tubi-Raccordi-Attacchi-2.jpg 1000w, https:\/\/www.mates.it\/wp-content\/uploads\/Tubi-Raccordi-Attacchi-2-300x57.jpg 300w, https:\/\/www.mates.it\/wp-content\/uploads\/Tubi-Raccordi-Attacchi-2-768x146.jpg 768w, https:\/\/www.mates.it\/wp-content\/uploads\/Tubi-Raccordi-Attacchi-2-705x134.jpg 705w\" sizes=\"(max-width: 1000px) 100vw, 1000px\" \/><\/div><\/div><\/div>\n<div  class='hr av-av_hr-91d7ccd583a503147498e120fee2ff9b hr-default  avia-builder-el-1  el_after_av_image  el_before_av_three_fifth '><span class='hr-inner '><span class=\"hr-inner-style\"><\/span><\/span><\/div>\n<div  class='flex_column av-av_three_fifth-7714eba142aeda1f8b5272a3c372b279 av_three_fifth  avia-builder-el-2  el_after_av_hr  el_before_av_two_fifth  first flex_column_div  '     ><p>\n<style type=\"text\/css\" data-created_by=\"avia_inline_auto\" id=\"style-css-av-ljhlvjq7-484b6e8aa98afe12dac5b980abbe65bb\">\n#top .av-special-heading.av-ljhlvjq7-484b6e8aa98afe12dac5b980abbe65bb{\npadding-bottom:10px;\n}\nbody .av-special-heading.av-ljhlvjq7-484b6e8aa98afe12dac5b980abbe65bb .av-special-heading-tag .heading-char{\nfont-size:25px;\n}\n.av-special-heading.av-ljhlvjq7-484b6e8aa98afe12dac5b980abbe65bb .av-subheading{\nfont-size:15px;\n}\n<\/style>\n<div  class='av-special-heading av-ljhlvjq7-484b6e8aa98afe12dac5b980abbe65bb av-special-heading-h1  avia-builder-el-3  el_before_av_textblock  avia-builder-el-first  custom-h1-title'><h1 class='av-special-heading-tag '  >Tubos \/ Ataques<\/h1><div class=\"special-heading-border\"><div class=\"special-heading-inner-border\"><\/div><\/div><\/div><br \/>\n<section  class='av_textblock_section av-ljhlx3gw-b5ed3efb7cfc33d12e8bf2d892baa455 '  ><div class='avia_textblock' ><p>Amplia selecci\u00f3n de tubos premontados o simples, en medidas est\u00e1ndar y fabricados en diferentes materiales. \u00datil para la creaci\u00f3n de un circuito de vac\u00edo o para la propagaci\u00f3n de fluidos, resistente a diferentes presiones y temperaturas, utilizable en los procesos m\u00e1s comunes para la producci\u00f3n de composites avanzados. Tambi\u00e9n se incluyen en esta categor\u00eda todas las conexiones tubo &#8211; tubo, tubo &#8211; bolsa y tubo &#8211; bomba; una serie de acoplamientos r\u00e1pidos, acoplamientos roscados, acoplamientos de succi\u00f3n y acoplamientos generales, conectores y grifos perfectamente compatibles entre s\u00ed. Para la creaci\u00f3n de un circuito de vac\u00edo v\u00e1lido, hemos elegido la \u00faltima tecnolog\u00eda para permitir una f\u00e1cil conexi\u00f3n (y desconexi\u00f3n) entre la fuente de vac\u00edo y la bolsa. Tambi\u00e9n est\u00e1n disponibles accesorios, conectores y grifos para la difusi\u00f3n de resina en procesos de moldeo por inyecci\u00f3n o en molde cerrado.<\/p>\n<\/div><\/section><\/p><\/div>\n<div  class='flex_column av-av_two_fifth-f1c518e9ff58e869f80c8f093487abc9 av_two_fifth  avia-builder-el-5  el_after_av_three_fifth  el_before_av_hr  flex_column_div  '     ><style type=\"text\/css\" data-created_by=\"avia_inline_auto\" id=\"style-css-av-ljhlxjeg-26c3dd2dedce499e11e0287a10c8574b\">\n#top .togglecontainer.av-ljhlxjeg-26c3dd2dedce499e11e0287a10c8574b h4.toggler{\nfont-size:14px;\n}\n#top .togglecontainer.av-ljhlxjeg-26c3dd2dedce499e11e0287a10c8574b h4.toggler.activeTitle{\ncolor:#ffffff;\nborder-color:#ffffff;\nbackground-color:#2682d3;\n}\n<\/style>\n<div  class='togglecontainer av-ljhlxjeg-26c3dd2dedce499e11e0287a10c8574b  avia-builder-el-6  avia-builder-el-no-sibling  accordion_product toggle_close_all hasCurrentStyle' >\n<section class='av_toggle_section av-ljhlxgmy-ed5839d8802f4de3b7b93adeff90eaa8' ><div role=\"tablist\" class=\"single_toggle\" data-tags=\"{Todo} \"  ><h4 id='toggle-toggle-id-1' data-fake-id='#toggle-id-1' class='toggler  activeTitle av-title-above '  role='tab' tabindex='0' aria-controls='toggle-id-1' data-slide-speed=\"200\" data-title=\"Ventajas\" data-title-open=\"\" data-aria_collapsed=\"Click to expand: Ventajas\" data-aria_expanded=\"Click to collapse: Ventajas\">Ventajas<span class=\"toggle_icon\"><span class=\"vert_icon\"><\/span><span class=\"hor_icon\"><\/span><\/span><\/h4><div id='toggle-id-1' aria-labelledby='toggle-toggle-id-1' role='region' class='toggle_wrap  active_tc av-title-above' style='display:block;' ><div class='toggle_content invers-color ' ><ul class=\"customlist1\">\n<li>Siempre en stock<\/li>\n<li>Compatibilidad del producto<\/li>\n<li>Control de calidad de la OEI<\/li>\n<li>Art\u00edculos probados<\/li>\n<\/ul>\n<\/div><\/div><\/div><\/section>\n<section class='av_toggle_section av-ljhlxigl-015104833431e3930e45fadf33f42a93' ><div role=\"tablist\" class=\"single_toggle\" data-tags=\"{Todo} \"  ><h4 id='toggle-toggle-id-2' data-fake-id='#toggle-id-2' class='toggler  av-title-above '  role='tab' tabindex='0' aria-controls='toggle-id-2' data-slide-speed=\"200\" data-title=\"Tipos\" data-title-open=\"\" data-aria_collapsed=\"Click to expand: Tipos\" data-aria_expanded=\"Click to collapse: Tipos\">Tipos<span class=\"toggle_icon\"><span class=\"vert_icon\"><\/span><span class=\"hor_icon\"><\/span><\/span><\/h4><div id='toggle-id-2' aria-labelledby='toggle-toggle-id-2' role='region' class='toggle_wrap  av-title-above'  ><div class='toggle_content invers-color ' ><li class=\"page_item page-item-9574\"><a href=\"https:\/\/www.mates.it\/es\/productos\/herramientas-utensilios\/tubos-ataques\/tubos\/\">Tubos<\/a><\/li>\n<li class=\"page_item page-item-9576\"><a href=\"https:\/\/www.mates.it\/es\/productos\/herramientas-utensilios\/tubos-ataques\/tomas-valvulas\/\">Tomas \/ V\u00e1lvulas<\/a><\/li>\n<li class=\"page_item page-item-9575\"><a href=\"https:\/\/www.mates.it\/es\/productos\/herramientas-utensilios\/tubos-ataques\/conectores-y-grifos\/\">Acoplamientos \/ Grifos<\/a><\/li>\n\n<\/div><\/div><\/div><\/section>\n<\/div><\/div>\n<div  class='hr av-av_hr-91d7ccd583a503147498e120fee2ff9b hr-default  avia-builder-el-7  el_after_av_two_fifth  avia-builder-el-last '><span class='hr-inner '><span class=\"hr-inner-style\"><\/span><\/span><\/div>\n","protected":false},"excerpt":{"rendered":"<p>Una amplia gama de tubos \u00fatiles para crear un circuito de vac\u00edo o para la propagaci\u00f3n de fluidos, que se pueden utilizar en los procesos m\u00e1s comunes para la producci\u00f3n de compuestos avanzados.<\/p>\n","protected":false},"author":1,"featured_media":7347,"parent":9395,"menu_order":2,"comment_status":"open","ping_status":"open","template":"","meta":{"footnotes":""},"class_list":["post-9515","page","type-page","status-publish","has-post-thumbnail","hentry"],"_links":{"self":[{"href":"https:\/\/www.mates.it\/es\/wp-json\/wp\/v2\/pages\/9515","targetHints":{"allow":["GET"]}}],"collection":[{"href":"https:\/\/www.mates.it\/es\/wp-json\/wp\/v2\/pages"}],"about":[{"href":"https:\/\/www.mates.it\/es\/wp-json\/wp\/v2\/types\/page"}],"author":[{"embeddable":true,"href":"https:\/\/www.mates.it\/es\/wp-json\/wp\/v2\/users\/1"}],"replies":[{"embeddable":true,"href":"https:\/\/www.mates.it\/es\/wp-json\/wp\/v2\/comments?post=9515"}],"version-history":[{"count":0,"href":"https:\/\/www.mates.it\/es\/wp-json\/wp\/v2\/pages\/9515\/revisions"}],"up":[{"embeddable":true,"href":"https:\/\/www.mates.it\/es\/wp-json\/wp\/v2\/pages\/9395"}],"wp:featuredmedia":[{"embeddable":true,"href":"https:\/\/www.mates.it\/es\/wp-json\/wp\/v2\/media\/7347"}],"wp:attachment":[{"href":"https:\/\/www.mates.it\/es\/wp-json\/wp\/v2\/media?parent=9515"}],"curies":[{"name":"wp","href":"https:\/\/api.w.org\/{rel}","templated":true}]}}